{"id":11698,"date":"2026-04-27T22:40:10","date_gmt":"2026-04-27T20:40:10","guid":{"rendered":"https:\/\/www.biokari.sk\/produkt\/wtn-vitamin-pre-pocas-tehtotenstva-a-dojcenie-30-davok\/"},"modified":"2026-04-27T22:50:25","modified_gmt":"2026-04-27T20:50:25","slug":"wtn-vitamin-pre-pocas-tehtotenstva-a-dojcenie-30-davok","status":"publish","type":"product","link":"https:\/\/www.biokari.sk\/hu\/termek\/wtn-vitamin-pre-pocas-tehtotenstva-a-dojcenie-30-davok\/","title":{"rendered":"WTN Vitam\u00edn pre po\u010das tehtotenstva a doj\u010denie 30 d\u00e1vok"},"content":{"rendered":"<p><strong>WTN Baba-Mama Multivitam\u00edn<\/strong>&nbsp;je komplexn\u00fd v\u00fd\u017eivov\u00fd doplnok vyvinut\u00fd pre \u017eeny v obdob\u00ed pl\u00e1novania tehotenstva, po\u010das tehotenstva aj po p\u00f4rode po\u010das doj\u010denia. Obsahuje akt\u00edvne formy vitam\u00ednov, organicky viazan\u00e9 miner\u00e1lne l\u00e1tky, stopov\u00e9 prvky, chol\u00edn, myo-inozitol a DHA z mikrorias. Denn\u00e1 d\u00e1vka je rozdelen\u00e1 do viacer\u00fdch \u010dast\u00ed, \u010d\u00edm sa podporuje rovnomern\u00fd pr\u00edjem \u017eiv\u00edn po\u010das d\u0148a.<\/p>\n\n\n\n<p><strong>Hlavn\u00e9 vlastnosti produktu:<\/strong>&nbsp;obsahuje akt\u00edvne formy vitam\u00ednov skupiny B, fol\u00e1t vo forme L-5-MTHF, vitam\u00edn B12 vo forme metylkobalam\u00ednu a adenozylkobalam\u00ednu, vitam\u00edn K2 vo forme MK-7 all-trans, vitam\u00edn D3, pr\u00edrodn\u00e9 formy vitam\u00ednu E, organicky viazan\u00fd zinok, me\u010f a hor\u010d\u00edk, DHA z mikrorias, chol\u00edn a \u010fal\u0161ie d\u00f4le\u017eit\u00e9 mikronutrienty.<\/p>\n\n\n\n<p><strong>Akt\u00edvne l\u00e1tky v dennej d\u00e1vke:<\/strong>&nbsp;vitam\u00edn A 454 mcg RE (56 % NRV), vitam\u00edn B1 8 mg (728 % NRV), vitam\u00edn B2 6 mg (428 % NRV), vitam\u00edn B3 18 mg (113 % NRV), vitam\u00edn B5 80 mg (1334 % NRV), vitam\u00edn B6 12 mg (857 % NRV), biot\u00edn 600 mcg (1200 % NRV), kyselina listov\u00e1 (L-5-MTHF) 700 mcg (350 % NRV), vitam\u00edn B12 180 mcg (7200 % NRV), vitam\u00edn C 484 mg (605 % NRV), vitam\u00edn D3 100 mcg \/ 4000 IU (2000 % NRV), vitam\u00edn E 15,8 mg alfa-TE (132 % NRV), vitam\u00edn K2 100 mcg (134 % NRV), zinok 15 mg (150 % NRV), j\u00f3d 230 mcg (153 % NRV), chr\u00f3m 100 mcg (250 % NRV), hor\u010d\u00edk 264 mg (71 % NRV), molybd\u00e9n 75 mcg (150 % NRV), me\u010f 1,5 mg (150 % NRV), sel\u00e9n 150 mcg (273 % NRV), b\u00f3r 2 mg, krem\u00edk 15 mg, DHA 170 mg, chol\u00edn 353 mg, myo-inozitol 150 mg.<\/p>\n\n\n\n<p><strong>\u00d6sszet\u00e9tel:<\/strong>&nbsp;kapsuly a tekut\u00e1 forma obsahuj\u00fa chol\u00edn bitartar\u00e1t, hor\u010d\u00edk bisglycin\u00e1t, hor\u010d\u00edk askorb\u00e1t, extrakt z mikrorias (DHA), organick\u00fa morsk\u00fa riasu, chr\u00f3mov\u00e9 kvasnice, sel\u00e9nometion\u00edn, zinok bisglycin\u00e1t, me\u010f bisglycin\u00e1t, vitam\u00edny skupiny B, vitam\u00edn C, vitam\u00edn D3, vitam\u00edn K2 MK-7, pr\u00edrodn\u00e9 tokoferoly, tokotrienoly, myo-inozitol, extrakt z prasli\u010dky ro\u013enej, acerolu, guavu, cviklu, \u0161pen\u00e1t a \u010fal\u0161ie pomocn\u00e9 zlo\u017eky potrebn\u00e9 pre stabilitu produktu.<\/p>\n\n\n\n<p><strong>Aj\u00e1nlott adagol\u00e1s:<\/strong>&nbsp;po\u010das ra\u0148ajok 2 kapsuly, po ra\u0148ajk\u00e1ch 6 d\u00e1vok tekutiny pod jazyk, po obede 2 kapsuly, po\u010das ve\u010dere alebo bezprostredne po ve\u010deri 4 kapsuly. Pred pou\u017eit\u00edm tekutej formy pretrepa\u0165. Tekutinu podr\u017ea\u0165 pod jazykom pribli\u017ene 30 sek\u00fand a n\u00e1sledne prehltn\u00fa\u0165.<\/p>\n\n\n\n<p><strong>Figyelmeztet\u00e9s:<\/strong>&nbsp;V\u00fd\u017eivov\u00fd doplnok nie je n\u00e1hradou pestrej a vyv\u00e1\u017eenej stravy ani zdrav\u00e9ho \u017eivotn\u00e9ho \u0161t\u00fdlu. Neprekra\u010dujte odpor\u00fa\u010dan\u00fa denn\u00fa d\u00e1vku. Uchov\u00e1vajte mimo dosahu det\u00ed. Uchov\u00e1vajte na suchom, chladnom a tmavom mieste. V pr\u00edpade precitlivenosti na niektor\u00fa zo zlo\u017eiek produkt neu\u017e\u00edvajte. Pri u\u017e\u00edvan\u00ed liekov alebo in\u00fdch doplnkov v\u00fd\u017eivy sa odpor\u00fa\u010da konzult\u00e1cia s lek\u00e1rom alebo lek\u00e1rnikom. Po otvoren\u00ed spotrebujte do 3 mesiacov.<\/p>\n\n\n\n<p><strong>Csomagol\u00e1s:<\/strong>&nbsp;50 ml tekut\u00e1 forma + kapsulov\u00fd program na 30 dn\u00ed.<\/p>","protected":false},"excerpt":{"rendered":"<p>WTN Baba-Mama Multivitam\u00edn\u00a0je komplexn\u00fd v\u00fd\u017eivov\u00fd doplnok vyvinut\u00fd pre \u017eeny v obdob\u00ed pl\u00e1novania tehotenstva, po\u010das tehotenstva aj po p\u00f4rode po\u010das doj\u010denia&#8230; <a href=\"#tab-description\" class=\"more-link\">B\u0151vebben<\/a><\/p>","protected":false},"featured_media":11700,"comment_status":"open","ping_status":"closed","template":"","meta":{"inline_featured_image":false},"product_brand":[289],"product_cat":[391,69],"product_tag":[],"class_list":{"0":"post-11698","1":"product","2":"type-product","3":"status-publish","4":"has-post-thumbnail","6":"product_brand-wtn","7":"product_cat-pre-zeny","8":"product_cat-vyzivove-doplnky","10":"first","11":"onbackorder","12":"taxable","13":"shipping-taxable","14":"purchasable","15":"product-type-simple"},"aioseo_notices":[],"_links":{"self":[{"href":"https:\/\/www.biokari.sk\/hu\/wp-json\/wp\/v2\/product\/11698","targetHints":{"allow":["GET"]}}],"collection":[{"href":"https:\/\/www.biokari.sk\/hu\/wp-json\/wp\/v2\/product"}],"about":[{"href":"https:\/\/www.biokari.sk\/hu\/wp-json\/wp\/v2\/types\/product"}],"replies":[{"embeddable":true,"href":"https:\/\/www.biokari.sk\/hu\/wp-json\/wp\/v2\/comments?post=11698"}],"wp:featuredmedia":[{"embeddable":true,"href":"https:\/\/www.biokari.sk\/hu\/wp-json\/wp\/v2\/media\/11700"}],"wp:attachment":[{"href":"https:\/\/www.biokari.sk\/hu\/wp-json\/wp\/v2\/media?parent=11698"}],"wp:term":[{"taxonomy":"product_brand","embeddable":true,"href":"https:\/\/www.biokari.sk\/hu\/wp-json\/wp\/v2\/product_brand?post=11698"},{"taxonomy":"product_cat","embeddable":true,"href":"https:\/\/www.biokari.sk\/hu\/wp-json\/wp\/v2\/product_cat?post=11698"},{"taxonomy":"product_tag","embeddable":true,"href":"https:\/\/www.biokari.sk\/hu\/wp-json\/wp\/v2\/product_tag?post=11698"}],"curies":[{"name":"wp","href":"https:\/\/api.w.org\/{rel}","templated":true}]}}