{"id":11704,"date":"2026-04-27T22:58:55","date_gmt":"2026-04-27T20:58:55","guid":{"rendered":"https:\/\/www.biokari.sk\/produkt\/wtn-vitamin-e-kvapky-50ml\/"},"modified":"2026-04-28T19:01:56","modified_gmt":"2026-04-28T17:01:56","slug":"wtn-vitamin-e-kvapky-50ml","status":"publish","type":"product","link":"https:\/\/www.biokari.sk\/hu\/termek\/wtn-vitamin-e-kvapky-50ml\/","title":{"rendered":"WTN Vitam\u00edn E kvapky 50ml"},"content":{"rendered":"<p><strong>WTN E-vitamin Spektrum kvapky<\/strong>&nbsp;obsahuj\u00fa kompletn\u00e9 spektrum prirodzen\u00e9ho vitam\u00ednu E v tekutej forme. Praktick\u00e1 tekut\u00e1 forma umo\u017e\u0148uje jednoduch\u00e9 d\u00e1vkovanie a pohodln\u00e9 zaradenie do ka\u017edodennej \u017eivotospr\u00e1vy. Produkt obsahuje v\u0161etk\u00fdch osem prirodzene sa vyskytuj\u00facich foriem vitam\u00ednu E \u2013 \u0161tyri tokoferoly a \u0161tyri tokotrienoly \u2013 v zlo\u017een\u00ed podobnom tomu, ak\u00e9 sa nach\u00e1dza v pr\u00edrodn\u00fdch zdrojoch.<\/p>\n\n\n\n<p><strong>Vitam\u00edn E<\/strong>&nbsp;nie je jedna l\u00e1tka, ale skupina \u00f4smich r\u00f4znych zl\u00fa\u010den\u00edn: alfa, beta, gama a delta tokoferoly, ako aj alfa, beta, gama a delta tokotrienoly. V pr\u00edrode sa tieto formy nach\u00e1dzaj\u00fa spolo\u010dne, preto plnospektr\u00e1lna formula poskytuje komplexnej\u0161ie doplnenie.<\/p>\n\n\n\n<p><strong>Hlavn\u00e9 vlastnosti produktu:<\/strong>&nbsp;obsahuje v\u0161etk\u00fdch 8 foriem vitam\u00ednu E, tokotrienoly z\u00edskan\u00e9 z udr\u017eate\u013en\u00e9ho zdroja \u2013 plodu \u010dervenej palmy, tokoferoly pr\u00edrodn\u00e9ho p\u00f4vodu zo s\u00f3jov\u00e9ho oleja bez alerg\u00e9nov, doplnen\u00e9 o sezam\u00edn zo sezamu. Presn\u00e9 mno\u017estv\u00e1 jednotliv\u00fdch foriem vitam\u00ednu E s\u00fa transparentne uveden\u00e9 na etikete.<\/p>\n\n\n\n<p><strong>Akt\u00edvne l\u00e1tky v 1 d\u00e1vke (3 stla\u010denia pumpi\u010dky):<\/strong>&nbsp;celkov\u00e9 izom\u00e9ry vitam\u00ednu E 230 mg, \u010do zodpoved\u00e1 44,6 mg alfa-TE (370 % NRV). Z toho tokoferoly 200 mg (41 mg alfa-TE), D-alfa-tokoferol 25,4 mg, D-beta-tokoferol 4,4 mg, D-gama-tokoferol 117,4 mg, D-delta-tokoferol 52,8 mg. Tokotrienoly spolu 30 mg, z toho D-alfa-tokotrienol 11,6 mg, D-beta-tokotrienol 1,2 mg, D-gama-tokotrienol 13,5 mg, D-delta-tokotrienol 3,7 mg. Sezam\u00edn 5 mg.<\/p>\n\n\n\n<p><strong>\u00d6sszet\u00e9tel:<\/strong>&nbsp;MCT olej, zmes tokoferolov, zmes tokotrienolov, \u010disten\u00e1 voda, etylalkohol, extrakt zo sezamov\u00fdch semien.<\/p>\n\n\n\n<p><strong>Aj\u00e1nlott adagol\u00e1s:<\/strong>&nbsp;3 stla\u010denia pumpi\u010dky denne aplikova\u0165 pod jazyk. Tekutinu podr\u017ete pod jazykom pribli\u017ene 30 sek\u00fand a n\u00e1sledne prehltnite. Pred pou\u017eit\u00edm pretrepa\u0165. Pumpi\u010dku stl\u00e1\u010dajte pevn\u00fdm a rozhodn\u00fdm pohybom. U\u017e\u00edvajte ide\u00e1lne 30 min\u00fat pred hlavn\u00fdm jedlom, pri citlivom tr\u00e1ven\u00ed po\u010das jedla alebo po jedle.<\/p>\n\n\n\n<p><strong>Figyelmeztet\u00e9s:<\/strong>&nbsp;V\u00fd\u017eivov\u00fd doplnok nenahr\u00e1dza pestr\u00fa a vyv\u00e1\u017een\u00fa stravu ani zdrav\u00fd \u017eivotn\u00fd \u0161t\u00fdl. Neprekra\u010dujte odpor\u00fa\u010dan\u00fa denn\u00fa d\u00e1vku. Uchov\u00e1vajte mimo dosahu det\u00ed, na suchom, chladnom a tmavom mieste. Nevhodn\u00e9 pre osoby precitliven\u00e9 na niektor\u00fa zo zlo\u017eiek produktu. Pri u\u017e\u00edvan\u00ed viacer\u00fdch v\u00fd\u017eivov\u00fdch doplnkov sa odpor\u00fa\u010da konzult\u00e1cia s odborn\u00edkom. Odpor\u00fa\u010da sa oddeli\u0165 u\u017e\u00edvanie od k\u00e1vy aspo\u0148 o 30 min\u00fat pred alebo 2 hodiny po konzum\u00e1cii. Neodpor\u00fa\u010da sa u\u017e\u00edva\u0165 spolu s mlie\u010dnymi v\u00fdrobkami.<\/p>\n\n\n\n<p><strong>Csomagol\u00e1s:<\/strong>&nbsp;50 ml<\/p>","protected":false},"excerpt":{"rendered":"<p>WTN E-vitamin Spektrum kvapky\u00a0obsahuj\u00fa kompletn\u00e9 spektrum prirodzen\u00e9ho vitam\u00ednu E v tekutej forme&#8230; <a href=\"#tab-description\" class=\"more-link\">B\u0151vebben<\/a><\/p>","protected":false},"featured_media":11706,"comment_status":"open","ping_status":"closed","template":"","meta":{"inline_featured_image":false},"product_brand":[289],"product_cat":[389,69,140,142],"product_tag":[],"class_list":{"0":"post-11704","1":"product","2":"type-product","3":"status-publish","4":"has-post-thumbnail","6":"product_brand-wtn","7":"product_cat-kvapky","8":"product_cat-vyzivove-doplnky","9":"product_cat-posilnenie-imunity","10":"product_cat-srdcovo-cievny-system","12":"first","13":"instock","14":"taxable","15":"shipping-taxable","16":"purchasable","17":"product-type-simple"},"aioseo_notices":[],"_links":{"self":[{"href":"https:\/\/www.biokari.sk\/hu\/wp-json\/wp\/v2\/product\/11704","targetHints":{"allow":["GET"]}}],"collection":[{"href":"https:\/\/www.biokari.sk\/hu\/wp-json\/wp\/v2\/product"}],"about":[{"href":"https:\/\/www.biokari.sk\/hu\/wp-json\/wp\/v2\/types\/product"}],"replies":[{"embeddable":true,"href":"https:\/\/www.biokari.sk\/hu\/wp-json\/wp\/v2\/comments?post=11704"}],"wp:featuredmedia":[{"embeddable":true,"href":"https:\/\/www.biokari.sk\/hu\/wp-json\/wp\/v2\/media\/11706"}],"wp:attachment":[{"href":"https:\/\/www.biokari.sk\/hu\/wp-json\/wp\/v2\/media?parent=11704"}],"wp:term":[{"taxonomy":"product_brand","embeddable":true,"href":"https:\/\/www.biokari.sk\/hu\/wp-json\/wp\/v2\/product_brand?post=11704"},{"taxonomy":"product_cat","embeddable":true,"href":"https:\/\/www.biokari.sk\/hu\/wp-json\/wp\/v2\/product_cat?post=11704"},{"taxonomy":"product_tag","embeddable":true,"href":"https:\/\/www.biokari.sk\/hu\/wp-json\/wp\/v2\/product_tag?post=11704"}],"curies":[{"name":"wp","href":"https:\/\/api.w.org\/{rel}","templated":true}]}}