{"id":11717,"date":"2026-04-29T21:59:09","date_gmt":"2026-04-29T19:59:09","guid":{"rendered":"https:\/\/www.biokari.sk\/produkt\/wtn-vapnik-komplex-kapsuly-60ks\/"},"modified":"2026-05-04T19:03:09","modified_gmt":"2026-05-04T17:03:09","slug":"wtn-vapnik-komplex-kapsuly-60ks","status":"publish","type":"product","link":"https:\/\/www.biokari.sk\/hu\/termek\/wtn-vapnik-komplex-kapsuly-60ks\/","title":{"rendered":"WTN V\u00e1pn\u00edk komplex kapsuly 60ks"},"content":{"rendered":"<p><strong>WTN Kalcium Komplex<\/strong>&nbsp;je modern\u00fd v\u00fd\u017eivov\u00fd doplnok obsahuj\u00faci&nbsp;<strong>dve dobre vyu\u017eite\u013en\u00e9 organick\u00e9 formy v\u00e1pnika<\/strong>&nbsp;\u2013&nbsp;<strong>kalcium-bisglycin\u00e1t<\/strong>&nbsp;a&nbsp;<strong>kalcium-mal\u00e1t<\/strong>. Tieto formy s\u00fa \u0161etrn\u00e9 k tr\u00e1viacemu syst\u00e9mu a vyzna\u010duj\u00fa sa dobrou vstrebate\u013enos\u0165ou, preto s\u00fa vhodn\u00e9 na ka\u017edodenn\u00e9 doplnenie pr\u00edjmu v\u00e1pnika.<\/p>\n\n\n\n<p>Kalcium-bisglycin\u00e1t je chel\u00e1tov\u00e1 forma, v ktorej je v\u00e1pnik viazan\u00fd na aminokyselinu glyc\u00edn. T\u00e1to v\u00e4zba vytv\u00e1ra stabiln\u00fa a dobre rozpustn\u00fa zl\u00fa\u010deninu, ktor\u00e1 je vo v\u0161eobecnosti lep\u0161ie tolerovan\u00e1 ako tradi\u010dn\u00e9 anorganick\u00e9 formy v\u00e1pnika, ako napr\u00edklad uhli\u010ditan v\u00e1penat\u00fd alebo fosfore\u010dnan v\u00e1penat\u00fd.&nbsp;<strong>Kalcium-mal\u00e1t<\/strong>&nbsp;je organick\u00e1 forma viazan\u00e1 na kyselinu jabl\u010dn\u00fa (mal\u00e1t), ktor\u00e1 sa prirodzene podie\u013ea na energetickom metabolizme buniek.<\/p>\n\n\n\n<p><strong>V\u00e1pnik patr\u00ed medzi najd\u00f4le\u017eitej\u0161ie miner\u00e1lne l\u00e1tky v \u013eudskom tele.<\/strong>&nbsp;Je z\u00e1kladnou stavebnou zlo\u017ekou kost\u00ed a zubov, z\u00e1rove\u0148 sa podie\u013ea na prenose nervov\u00fdch impulzov, norm\u00e1lnej \u010dinnosti svalov a mnoh\u00fdch \u010fal\u0161\u00edch fyziologick\u00fdch procesoch.<\/p>\n\n\n\n<p><strong>V\u00e1pnik prispieva:<\/strong>&nbsp;k udr\u017eaniu zdrav\u00fdch kost\u00ed a zubov, k spr\u00e1vnemu fungovaniu svalov, k norm\u00e1lnej zr\u00e1\u017eanlivosti krvi, k spr\u00e1vnej funkcii tr\u00e1viacich enz\u00fdmov, k norm\u00e1lnemu energetick\u00e9mu metabolizmu a k procesu delenia a \u0161pecializ\u00e1cie buniek.<\/p>\n\n\n\n<p><strong>Kedy je vhodn\u00e9 dba\u0165 na dostato\u010dn\u00fd pr\u00edjem v\u00e1pnika?<\/strong>&nbsp;Najm\u00e4 pri n\u00edzkej konzum\u00e1cii mlie\u010dnych v\u00fdrobkov, v obdob\u00ed rastu, pri zv\u00fd\u0161enej fyzickej z\u00e1\u0165a\u017ei, v obdob\u00ed menopauzy, vo vy\u0161\u0161om veku, pri nadmernom pr\u00edjme fosforu (spracovan\u00e9 potraviny, sladen\u00e9 n\u00e1poje) alebo pri zv\u00fd\u0161en\u00fdch strat\u00e1ch v\u00e1pnika.<\/p>\n\n\n\n<p><strong>Hat\u00f3anyagok 1 kapszul\u00e1ban:<\/strong>&nbsp;V\u00e1pnik 150 mg (<strong>18,8 % NRV<\/strong>).<br><strong>Akt\u00edvne l\u00e1tky v 2 kapsul\u00e1ch:<\/strong>&nbsp;V\u00e1pnik 300 mg (<strong>37,5 % NRV<\/strong>).<\/p>\n\n\n\n<p><strong>\u00d6sszet\u00e9tel:<\/strong>&nbsp;kalcium-bisglycin\u00e1t, kalcium-mal\u00e1t, \u017eelat\u00edna (kapsula).<\/p>\n\n\n\n<p><strong>Aj\u00e1nlott adagol\u00e1s:<\/strong>&nbsp;1\u20132 kapsuly denne. Odpor\u00fa\u010da sa u\u017e\u00edva\u0165 oddelene od jedla a in\u00fdch v\u00fd\u017eivov\u00fdch doplnkov. Vhodn\u00e9 je dodr\u017ea\u0165 \u010dasov\u00fd odstup aspo\u0148 2 hodiny od doplnkov obsahuj\u00facich hor\u010d\u00edk, zinok alebo \u017eelezo.<\/p>\n\n\n\n<p><strong>Tov\u00e1bbi inform\u00e1ci\u00f3k:<\/strong>&nbsp;Produkt neobsahuje zbyto\u010dn\u00e9 technologick\u00e9 pr\u00eddavn\u00e9 l\u00e1tky. Je vhodn\u00fd ako doplnok stravy pri zv\u00fd\u0161enej potrebe v\u00e1pnika alebo pri nedostato\u010dnom pr\u00edjme v\u00e1pnika zo stravy. Odpor\u00fa\u010da sa k\u00farov\u00e9 u\u017e\u00edvanie po\u010das 2\u20133 mesiacov, n\u00e1sledne zaradi\u0165 prest\u00e1vku pod\u013ea individu\u00e1lnej potreby.<\/p>\n\n\n\n<p><strong>T\u00e1rol\u00e1s:<\/strong>&nbsp;Uchov\u00e1vajte v suchu, chlade a tme pri teplote do 25 \u00b0C. Chr\u00e1\u0148te pred vlhkos\u0165ou a priamym slne\u010dn\u00fdm \u017eiaren\u00edm.<\/p>\n\n\n\n<p><strong>Figyelmeztet\u00e9s:<\/strong>&nbsp;V\u00fd\u017eivov\u00fd doplnok nenahr\u00e1dza pestr\u00fa a vyv\u00e1\u017een\u00fa stravu ani zdrav\u00fd \u017eivotn\u00fd \u0161t\u00fdl. Neprekra\u010dujte odpor\u00fa\u010dan\u00fa denn\u00fa d\u00e1vku. Uchov\u00e1vajte mimo dosahu det\u00ed. Nevhodn\u00e9 pre osoby precitliven\u00e9 na niektor\u00fa zo zlo\u017eiek produktu. V\u00e1pnik m\u00f4\u017ee ovplyvni\u0165 vstreb\u00e1vanie niektor\u00fdch miner\u00e1lov a liekov, preto sa pri s\u00fa\u010dasnom u\u017e\u00edvan\u00ed liekov odpor\u00fa\u010da konzult\u00e1cia s lek\u00e1rom.<\/p>\n\n\n\n<p><strong>Csomagol\u00e1s:<\/strong>\u00a0<strong>60 kaps\u00fal<\/strong><\/p>","protected":false},"excerpt":{"rendered":"<p>WTN Kalcium Komplex\u00a0je modern\u00fd v\u00fd\u017eivov\u00fd doplnok obsahuj\u00faci\u00a0dve dobre vyu\u017eite\u013en\u00e9 organick\u00e9 formy v\u00e1pnika\u00a0\u2013\u00a0kalcium-bisglycin\u00e1t\u00a0a\u00a0kalcium-mal\u00e1t&#8230; <a href=\"#tab-description\" class=\"more-link\">B\u0151vebben<\/a><\/p>","protected":false},"featured_media":11719,"comment_status":"open","ping_status":"closed","template":"","meta":{"inline_featured_image":false},"product_brand":[289],"product_cat":[390,69,146],"product_tag":[],"class_list":{"0":"post-11717","1":"product","2":"type-product","3":"status-publish","4":"has-post-thumbnail","6":"product_brand-wtn","7":"product_cat-kapsuly-klby-a-reuma","8":"product_cat-vyzivove-doplnky","9":"product_cat-klby-a-reuma","11":"first","12":"instock","13":"taxable","14":"shipping-taxable","15":"purchasable","16":"product-type-simple"},"aioseo_notices":[],"_links":{"self":[{"href":"https:\/\/www.biokari.sk\/hu\/wp-json\/wp\/v2\/product\/11717","targetHints":{"allow":["GET"]}}],"collection":[{"href":"https:\/\/www.biokari.sk\/hu\/wp-json\/wp\/v2\/product"}],"about":[{"href":"https:\/\/www.biokari.sk\/hu\/wp-json\/wp\/v2\/types\/product"}],"replies":[{"embeddable":true,"href":"https:\/\/www.biokari.sk\/hu\/wp-json\/wp\/v2\/comments?post=11717"}],"wp:featuredmedia":[{"embeddable":true,"href":"https:\/\/www.biokari.sk\/hu\/wp-json\/wp\/v2\/media\/11719"}],"wp:attachment":[{"href":"https:\/\/www.biokari.sk\/hu\/wp-json\/wp\/v2\/media?parent=11717"}],"wp:term":[{"taxonomy":"product_brand","embeddable":true,"href":"https:\/\/www.biokari.sk\/hu\/wp-json\/wp\/v2\/product_brand?post=11717"},{"taxonomy":"product_cat","embeddable":true,"href":"https:\/\/www.biokari.sk\/hu\/wp-json\/wp\/v2\/product_cat?post=11717"},{"taxonomy":"product_tag","embeddable":true,"href":"https:\/\/www.biokari.sk\/hu\/wp-json\/wp\/v2\/product_tag?post=11717"}],"curies":[{"name":"wp","href":"https:\/\/api.w.org\/{rel}","templated":true}]}}