{"id":11720,"date":"2026-04-29T22:10:32","date_gmt":"2026-04-29T20:10:32","guid":{"rendered":"https:\/\/www.biokari.sk\/produkt\/wtn-spray-proti-spaleniu-od-slnka-100ml\/"},"modified":"2026-04-29T22:52:50","modified_gmt":"2026-04-29T20:52:50","slug":"wtn-spray-proti-spaleniu-od-slnka-100ml","status":"publish","type":"product","link":"https:\/\/www.biokari.sk\/hu\/termek\/wtn-spray-proti-spaleniu-od-slnka-100ml\/","title":{"rendered":"WTN Spray proti sp\u00e1leniu od slnka 100ml"},"content":{"rendered":"<p><strong>Chladiaci a upokojuj\u00faci sprej po opa\u013eovan\u00ed<\/strong>&nbsp;je ur\u010den\u00fd na starostlivos\u0165 o poko\u017eku vystaven\u00fa slnku a citliv\u00fa poko\u017eku. Podporuje komfort poko\u017eky, pom\u00e1ha zmierni\u0165 pocit nap\u00e4tia a podporuje jej prirodzen\u00fd regenera\u010dn\u00fd proces po pobyte na slnku.<\/p>\n\n\n\n<p>Pr\u00edpravok je vyroben\u00fd z&nbsp;<strong>pr\u00edrodn\u00fdch zlo\u017eiek, vitam\u00ednov a organick\u00fdch esenci\u00e1lnych olejov<\/strong>. Jeho&nbsp;<strong>bezalkoholov\u00e9 zlo\u017eenie bez konzerva\u010dn\u00fdch l\u00e1tok<\/strong>&nbsp;\u0161etrne o\u0161etruje podr\u00e1\u017eden\u00fa poko\u017eku a pom\u00e1ha predch\u00e1dza\u0165 vysu\u0161eniu po opa\u013eovan\u00ed.<\/p>\n\n\n\n<p>Jedine\u010dnos\u0165 spreja spo\u010d\u00edva v starostlivo vybranej kombin\u00e1cii \u00fa\u010dinn\u00fdch l\u00e1tok, ktor\u00e9 podporuj\u00fa prirodzen\u00fa obnovu poko\u017eky a poskytuj\u00fa osvie\u017euj\u00faci pocit po pobyte na slnku.<\/p>\n\n\n\n<p><strong>Hlavn\u00e9 vlastnosti produktu:<\/strong>&nbsp;jemn\u00e9 a poko\u017eke \u0161etrn\u00e9 zlo\u017eenie, hydrata\u010dn\u00fd \u00fa\u010dinok v\u010faka aloe vera a kyseline hyalur\u00f3novej, obsah vitam\u00ednu E a vitam\u00ednu A, praktick\u00e1 forma spreja pre jednoduch\u00fa aplik\u00e1ciu, vhodn\u00fd na pou\u017eitie po opa\u013eovan\u00ed aj po\u010das d\u0148a pod\u013ea potreby.<\/p>\n\n\n\n<p><strong>\u00d6sszetev\u0151k (INCI):<\/strong>&nbsp;Aqua, Aloe Barbadensis Leaf Juice, Organic Glycerin, Polyglyceryl-10 Caprylate, Organic Citrus Limon Peel Oil, Organic Lavandula Angustifolia Flower Oil, Sodium Hyaluronate, Mixed Tocopherols, Retinyl Palmitate, Glyceryl Oleate, Citral*, Citronellol*, Coumarin*, Eugenol*, Geraniol*, Limonene*, Linalool*.<br>* prirodzen\u00e1 s\u00fa\u010das\u0165 rastlinn\u00fdch esenci\u00e1lnych olejov.<\/p>\n\n\n\n<p><strong>Alkalmaz\u00e1s:<\/strong>&nbsp;Po opa\u013eovan\u00ed naneste&nbsp;<strong>1\u20133 stla\u010denia pumpi\u010dky<\/strong>&nbsp;na o\u0161etrovan\u00fa poko\u017eku a nechajte uschn\u00fa\u0165. Mo\u017eno pou\u017e\u00edva\u0165 aj viackr\u00e1t denne pod\u013ea potreby.<\/p>\n\n\n\n<p><strong>D\u00f4le\u017eit\u00e9:<\/strong>&nbsp;Pred pou\u017eit\u00edm d\u00f4kladne pretrepte.<\/p>\n\n\n\n<p><strong>T\u00e1rol\u00e1s:<\/strong>&nbsp;Uchov\u00e1vajte na suchom, chladnom a tmavom mieste pri teplote do 25 \u00b0C. Chr\u00e1\u0148te pred priamym slne\u010dn\u00fdm \u017eiaren\u00edm a mrazom.<\/p>\n\n\n\n<p><strong>Figyelmeztet\u00e9s:<\/strong>&nbsp;Zabr\u00e1\u0148te kontaktu s o\u010dami. V pr\u00edpade zasiahnutia o\u010d\u00ed okam\u017eite vypl\u00e1chnite vodou. Ak sa objavia pr\u00edznaky podr\u00e1\u017edenia alebo alergickej reakcie, pr\u00edpravok zmyte ve\u013ek\u00fdm mno\u017estvom vody a presta\u0148te ho pou\u017e\u00edva\u0165. Len na vonkaj\u0161ie pou\u017eitie. Uchov\u00e1vajte mimo dosahu det\u00ed.<\/p>\n\n\n\n<p><strong>Csomagol\u00e1s:<\/strong>\u00a0<strong>100 ml<\/strong><\/p>","protected":false},"excerpt":{"rendered":"<p>Chladiaci a upokojuj\u00faci sprej po opa\u013eovan\u00ed je ur\u010den\u00fd na starostlivos\u0165 o poko\u017eku vystaven\u00fa slnku a citliv\u00fa poko\u017eku. Podporuje komfort poko\u017eky&#8230; <a href=\"#tab-description\" class=\"more-link\">B\u0151vebben<\/a><\/p>","protected":false},"featured_media":11722,"comment_status":"open","ping_status":"closed","template":"","meta":{"inline_featured_image":false},"product_brand":[289],"product_cat":[392,249],"product_tag":[309,313],"class_list":{"0":"post-11720","1":"product","2":"type-product","3":"status-publish","4":"has-post-thumbnail","6":"product_brand-wtn","7":"product_cat-krem","8":"product_cat-kozmeticke-vyrobky","9":"product_tag-novinky","10":"product_tag-top-ostatne","12":"first","13":"instock","14":"taxable","15":"shipping-taxable","16":"purchasable","17":"product-type-simple"},"aioseo_notices":[],"_links":{"self":[{"href":"https:\/\/www.biokari.sk\/hu\/wp-json\/wp\/v2\/product\/11720","targetHints":{"allow":["GET"]}}],"collection":[{"href":"https:\/\/www.biokari.sk\/hu\/wp-json\/wp\/v2\/product"}],"about":[{"href":"https:\/\/www.biokari.sk\/hu\/wp-json\/wp\/v2\/types\/product"}],"replies":[{"embeddable":true,"href":"https:\/\/www.biokari.sk\/hu\/wp-json\/wp\/v2\/comments?post=11720"}],"wp:featuredmedia":[{"embeddable":true,"href":"https:\/\/www.biokari.sk\/hu\/wp-json\/wp\/v2\/media\/11722"}],"wp:attachment":[{"href":"https:\/\/www.biokari.sk\/hu\/wp-json\/wp\/v2\/media?parent=11720"}],"wp:term":[{"taxonomy":"product_brand","embeddable":true,"href":"https:\/\/www.biokari.sk\/hu\/wp-json\/wp\/v2\/product_brand?post=11720"},{"taxonomy":"product_cat","embeddable":true,"href":"https:\/\/www.biokari.sk\/hu\/wp-json\/wp\/v2\/product_cat?post=11720"},{"taxonomy":"product_tag","embeddable":true,"href":"https:\/\/www.biokari.sk\/hu\/wp-json\/wp\/v2\/product_tag?post=11720"}],"curies":[{"name":"wp","href":"https:\/\/api.w.org\/{rel}","templated":true}]}}