{"id":11725,"date":"2026-04-30T22:12:07","date_gmt":"2026-04-30T20:12:07","guid":{"rendered":"https:\/\/www.biokari.sk\/produkt\/wtn-q10-ultra-kapsuly-60ks\/"},"modified":"2026-04-30T22:16:06","modified_gmt":"2026-04-30T20:16:06","slug":"wtn-q10-ultra-kapsuly-60ks","status":"publish","type":"product","link":"https:\/\/www.biokari.sk\/hu\/termek\/wtn-q10-ultra-kapsuly-60ks\/","title":{"rendered":"WTN Q10 ultra kapsuly 60ks"},"content":{"rendered":"<p><strong>WTN Koenz\u00fdm Q10 \u2013 ubichinol forma<\/strong>&nbsp;je v\u00fd\u017eivov\u00fd doplnok obsahuj\u00faci biologicky akt\u00edvnu formu koenz\u00fdmu Q10 \u2013&nbsp;<strong>ubichinol<\/strong>, ktor\u00fd sa prirodzene vyskytuje v \u013eudskom tele. T\u00e1to forma je pripraven\u00e1 na okam\u017eit\u00e9 vyu\u017eitie v organizme bez potreby \u010fal\u0161ej premeny.<\/p>\n\n\n\n<p>Produkt je vyvinut\u00fd v \u0161peci\u00e1lnej ubichinolovej forme s vyu\u017eit\u00edm patentovanej technol\u00f3gie japonskej spolo\u010dnosti Kaneka, ktor\u00e1 zabezpe\u010duje stabilitu a kvalitu \u00fa\u010dinnej l\u00e1tky. V porovnan\u00ed s be\u017en\u00fdmi formami koenz\u00fdmu Q10 ide o formu, ktor\u00e1 sa v organizme prirodzene vyskytuje a je biologicky dostupn\u00e1.<\/p>\n\n\n\n<p><strong>\u00d6sszet\u00e9tel:<\/strong>&nbsp;repkov\u00fd olej, glyceryl ole\u00e1t (emulg\u00e1tor), ubichinol (Kaneka Ubiquinol\u2122), v\u010del\u00ed vosk (pomocn\u00fd emulg\u00e1tor), s\u00f3jov\u00fd lecit\u00edn (bez GMO), \u017eelat\u00edna (kapsula), glycer\u00edn (kapsula), karamel (farbivo kapsuly).<\/p>\n\n\n\n<p><strong>Akt\u00edvna l\u00e1tka v 1 kapsule:<\/strong>&nbsp;ubichinol (Kaneka Ubiquinol QH\u2122) 50 mg.<\/p>\n\n\n\n<p><strong>Aj\u00e1nlott adagol\u00e1s:<\/strong>&nbsp;1\u20132 kapsuly denne, u\u017e\u00edva\u0165 po\u010das jedla.<\/p>\n\n\n\n<p><strong>Tov\u00e1bbi inform\u00e1ci\u00f3k:<\/strong>&nbsp;Produkt neobsahuje lepok, lakt\u00f3zu, hormon\u00e1lne modul\u00e1tory ani pridan\u00e9 miner\u00e1lne l\u00e1tky. Vhodn\u00fd ako doplnok stravy na doplnenie koenz\u00fdmu Q10.<\/p>\n\n\n\n<p><strong>T\u00e1rol\u00e1s:<\/strong>&nbsp;Uchov\u00e1vajte na suchom, chladnom a tmavom mieste. Chr\u00e1\u0148te pred priamym slne\u010dn\u00fdm \u017eiaren\u00edm.<\/p>\n\n\n\n<p><strong>Figyelmeztet\u00e9s:<\/strong>&nbsp;V\u00fd\u017eivov\u00fd doplnok nenahr\u00e1dza pestr\u00fa a vyv\u00e1\u017een\u00fa stravu ani zdrav\u00fd \u017eivotn\u00fd \u0161t\u00fdl. Neprekra\u010dujte odpor\u00fa\u010dan\u00fa denn\u00fa d\u00e1vku. Uchov\u00e1vajte mimo dosahu det\u00ed. Nie je ur\u010den\u00e9 pre osoby precitliven\u00e9 na niektor\u00fa zo zlo\u017eiek. V s\u00falade s legislat\u00edvou E\u00da nie je mo\u017en\u00e9 tomuto produktu pripisova\u0165 lie\u010debn\u00e9 alebo prevent\u00edvne \u00fa\u010dinky na ochorenia.<\/p>\n\n\n\n<p><strong>K\u00fara:<\/strong>&nbsp;Odpor\u00fa\u010da sa u\u017e\u00edva\u0165 2\u20133 mesiace, n\u00e1sledne zaradi\u0165 1 mesiac prest\u00e1vku, pokia\u013e odborn\u00edk neur\u010d\u00ed inak.<\/p>\n\n\n\n<p><strong>Csomagol\u00e1s:<\/strong>&nbsp;<strong>60 kaps\u00fal<\/strong>.<\/p>","protected":false},"excerpt":{"rendered":"<p>WTN Koenz\u00fdm Q10 \u2013 ubichinol forma\u00a0je v\u00fd\u017eivov\u00fd doplnok obsahuj\u00faci biologicky akt\u00edvnu formu koenz\u00fdmu Q10 \u2013\u00a0ubichinol, ktor\u00fd sa prirodzene vyskytuje v \u013eudskom tele. T\u00e1to forma je pripraven\u00e1 na okam\u017eit\u00e9 vyu\u017eitie v organizme bez potreby \u010fal\u0161ej premeny&#8230;. <a href=\"#tab-description\" class=\"more-link\">B\u0151vebben<\/a><\/p>","protected":false},"featured_media":11727,"comment_status":"open","ping_status":"closed","template":"","meta":{"inline_featured_image":false},"product_brand":[289],"product_cat":[69,142],"product_tag":[309,311],"class_list":{"0":"post-11725","1":"product","2":"type-product","3":"status-publish","4":"has-post-thumbnail","6":"product_brand-wtn","7":"product_cat-vyzivove-doplnky","8":"product_cat-srdcovo-cievny-system","9":"product_tag-novinky","10":"product_tag-top-vyzivove-doplnky","12":"first","13":"onbackorder","14":"taxable","15":"shipping-taxable","16":"purchasable","17":"product-type-simple"},"aioseo_notices":[],"_links":{"self":[{"href":"https:\/\/www.biokari.sk\/hu\/wp-json\/wp\/v2\/product\/11725","targetHints":{"allow":["GET"]}}],"collection":[{"href":"https:\/\/www.biokari.sk\/hu\/wp-json\/wp\/v2\/product"}],"about":[{"href":"https:\/\/www.biokari.sk\/hu\/wp-json\/wp\/v2\/types\/product"}],"replies":[{"embeddable":true,"href":"https:\/\/www.biokari.sk\/hu\/wp-json\/wp\/v2\/comments?post=11725"}],"wp:featuredmedia":[{"embeddable":true,"href":"https:\/\/www.biokari.sk\/hu\/wp-json\/wp\/v2\/media\/11727"}],"wp:attachment":[{"href":"https:\/\/www.biokari.sk\/hu\/wp-json\/wp\/v2\/media?parent=11725"}],"wp:term":[{"taxonomy":"product_brand","embeddable":true,"href":"https:\/\/www.biokari.sk\/hu\/wp-json\/wp\/v2\/product_brand?post=11725"},{"taxonomy":"product_cat","embeddable":true,"href":"https:\/\/www.biokari.sk\/hu\/wp-json\/wp\/v2\/product_cat?post=11725"},{"taxonomy":"product_tag","embeddable":true,"href":"https:\/\/www.biokari.sk\/hu\/wp-json\/wp\/v2\/product_tag?post=11725"}],"curies":[{"name":"wp","href":"https:\/\/api.w.org\/{rel}","templated":true}]}}