{"id":11746,"date":"2026-05-01T21:55:54","date_gmt":"2026-05-01T19:55:54","guid":{"rendered":"https:\/\/www.biokari.sk\/produkt\/wtn-koren-ruze-komplex-kapsuly-60ks\/"},"modified":"2026-05-01T22:01:42","modified_gmt":"2026-05-01T20:01:42","slug":"wtn-koren-ruze-komplex-kapsuly-60ks","status":"publish","type":"product","link":"https:\/\/www.biokari.sk\/hu\/termek\/wtn-koren-ruze-komplex-kapsuly-60ks\/","title":{"rendered":"WTN K\u00f4re\u0148 ru\u017ee komplex kapsuly 60ks"},"content":{"rendered":"<p>Modern\u00fd \u017eivotn\u00fd \u0161t\u00fdl, psychick\u00e1 aj fyzick\u00e1 z\u00e1\u0165a\u017e m\u00f4\u017eu kl\u00e1s\u0165 zv\u00fd\u0161en\u00e9 n\u00e1roky na organizmus. WTN R\u00f3zsagy\u00f6k\u00e9r komplex obsahuje starostlivo vybran\u00e9 rastlinn\u00e9 extrakty, ktor\u00e9 s\u00fa tradi\u010dne vyu\u017e\u00edvan\u00e9 na podporu vitality a rovnov\u00e1hy organizmu a m\u00f4\u017eu prispie\u0165 k udr\u017eaniu celkovej pohody.<\/p>\n\n\n\n<p><p data-start=\"400\" data-end=\"653\" style=\"white-space: normal;\">Extrakt z rodioly ru\u017eovej (<em data-start=\"427\" data-end=\"443\">Rhodiola rosea<\/em>) je tradi\u010dne vyu\u017e\u00edvan\u00e1 rastlinn\u00e1 zlo\u017eka, ktor\u00e1 sa sp\u00e1ja s podporou celkovej vitality organizmu. Patr\u00ed medzi adaptog\u00e9nne rastliny, ktor\u00e9 sa tradi\u010dne pou\u017e\u00edvaj\u00fa v obdob\u00ed zv\u00fd\u0161enej psychickej alebo fyzickej z\u00e1\u0165a\u017ee.S\u00fa\u010das\u0165ou komplexu je aj extrakt zo sv\u00e4tej bazalky (<em data-start=\"706\" data-end=\"722\">Ocimum sanctum<\/em>), ktor\u00e1 m\u00e1 dlh\u00fa hist\u00f3riu vyu\u017eitia v ajurv\u00e9dskej trad\u00edcii, kde sa pou\u017e\u00edva v s\u00favislosti s podporou vn\u00fatorn\u00e9ho komfortu a rovnov\u00e1hy organizmu.Extrakt zo sib\u00edrskeho \u017een\u0161enu (<em data-start=\"895\" data-end=\"923\">Eleutherococcus senticosus<\/em>) je zn\u00e1my svoj\u00edm tradi\u010dn\u00fdm vyu\u017eit\u00edm v obdob\u00ed \u00fanavy a zv\u00fd\u0161enej z\u00e1\u0165a\u017ee, pri\u010dom sa \u010dasto sp\u00e1ja s podporou celkovej kond\u00edcie organizmu.Formula je doplnen\u00e1 o extrakty zo schizandry \u010d\u00ednskej a kordycepsu, ktor\u00e9 patria medzi tradi\u010dne pou\u017e\u00edvan\u00e9 rastlinn\u00e9 a pr\u00edrodn\u00e9 zlo\u017eky v r\u00f4znych kult\u00farach. Spolu vytv\u00e1raj\u00fa komplexn\u00fa rastlinn\u00fa kombin\u00e1ciu vhodn\u00fa na doplnenie vyv\u00e1\u017eenej stravy.<\/p><\/p>\n\n\n\n<p><strong>\u00d6sszet\u00e9tel:<\/strong>&nbsp;extrakt z rodioly ru\u017eovej, zlo\u017eka kapsuly (\u017eelat\u00edna), extrakt z kore\u0148a sib\u00edrskeho \u017een\u0161enu, extrakt zo schizandry \u010d\u00ednskej, extrakt z kordycepsu, extrakt zo sv\u00e4tej bazalky, ry\u017eov\u00fd extrakt, L-leuc\u00edn.<\/p>\n\n\n\n<p><strong>Hat\u00f3anyagok 1 kapszul\u00e1ban:<\/strong>&nbsp;extrakt z rodioly ru\u017eovej 200 mg (\u0161tandardizovan\u00fd na 3 % rosav\u00ednov a 1 % salidrozidu), extrakt zo sib\u00edrskeho \u017een\u0161enu 100 mg (1,5 % eleuterozidov), extrakt zo schizandry \u010d\u00ednskej 100 mg (5 % schizandr\u00ednu), extrakt z kordycepsu 100 mg (8 % cordycepovej kyseliny), extrakt zo sv\u00e4tej bazalky 100 mg (10 % kyseliny ursolovej).<\/p>\n\n\n\n<p><strong>Aj\u00e1nlott adagol\u00e1s:<\/strong>&nbsp;1 kapsula denne, ide\u00e1lne r\u00e1no alebo dopoludnia, medzi jedlami, zapite dostato\u010dn\u00fdm mno\u017estvom tekutiny.<\/p>\n\n\n\n<p><strong>Tov\u00e1bbi inform\u00e1ci\u00f3k:<\/strong>&nbsp;Odpor\u00fa\u010da sa u\u017e\u00edva\u0165 k\u00farovo \u2013 zvy\u010dajne 2\u20133 mesiace, n\u00e1sledne 1 mesiac prest\u00e1vka, pokia\u013e odborn\u00edk neur\u010d\u00ed inak. Pravideln\u00e1 kontrola v\u00fd\u017eivov\u00e9ho stavu organizmu je vhodn\u00e1.<\/p>\n\n\n\n<p><strong>T\u00e1rol\u00e1s:<\/strong>&nbsp;Uchov\u00e1vajte na suchom, chladnom a tmavom mieste do 25 \u00b0C.<\/p>\n\n\n\n<p><strong>Figyelmeztet\u00e9s:<\/strong>&nbsp;V\u00fd\u017eivov\u00fd doplnok nenahr\u00e1dza pestr\u00fa a vyv\u00e1\u017een\u00fa stravu ani zdrav\u00fd \u017eivotn\u00fd \u0161t\u00fdl. Neprekra\u010dujte odpor\u00fa\u010dan\u00fa denn\u00fa d\u00e1vku. Nevhodn\u00e9 pre deti do 12 rokov. Neodpor\u00fa\u010da sa po\u010das tehotenstva a doj\u010denia. Uchov\u00e1vajte mimo dosahu det\u00ed. Nepou\u017e\u00edvajte v pr\u00edpade precitlivenosti na niektor\u00fa zo zlo\u017eiek. Odpor\u00fa\u010da sa dodr\u017ea\u0165 \u010dasov\u00fd odstup od k\u00e1vy (min. 30 min\u00fat pred alebo 2 hodiny po u\u017eit\u00ed) a neu\u017e\u00edva\u0165 spolu s mlie\u010dnymi v\u00fdrobkami.<\/p>\n\n\n\n<p><strong>Csomagol\u00e1s:<\/strong>\u00a060 kaps\u00fal<\/p>","protected":false},"excerpt":{"rendered":"<p>Extrakt z rodioly ru\u017eovej (Rhodiola rosea) je tradi\u010dne vyu\u017e\u00edvan\u00e1 rastlinn\u00e1 zlo\u017eka, ktor\u00e1 sa sp\u00e1ja s podporou celkovej vitality organizmu. Patr\u00ed medzi adaptog\u00e9nne rastliny, ktor\u00e9 sa tradi\u010dne pou\u017e\u00edvaj\u00fa v obdob\u00ed zv\u00fd\u0161enej psychickej alebo fyzickej z\u00e1\u0165a\u017ee.<br \/>\nS\u00fa\u010das\u0165ou komplexu je aj extrakt zo sv\u00e4tej bazalky (Ocimum sanctum), ktor\u00e1 m\u00e1 dlh\u00fa hist\u00f3riu vyu\u017eitia v ajurv\u00e9dskej trad\u00edcii, kde sa pou\u017e\u00edva v s\u00favislosti s podporou vn\u00fatorn\u00e9ho komfortu a rovnov\u00e1hy organizmu.<br \/>\nExtrakt zo sib\u00edrskeho \u017een\u0161enu (Eleutherococcus senticosus) je zn\u00e1my svoj\u00edm tradi\u010dn\u00fdm vyu\u017eit\u00edm v obdob\u00ed \u00fanavy a zv\u00fd\u0161enej z\u00e1\u0165a\u017ee, pri\u010dom sa \u010dasto sp\u00e1ja s podporou celkovej kond\u00edcie organizmu.<br \/>\nFormula je doplnen\u00e1 o extrakty zo schizandry \u010d\u00ednskej a kordycepsu, ktor\u00e9 patria medzi tradi\u010dne pou\u017e\u00edvan\u00e9 rastlinn\u00e9 a pr\u00edrodn\u00e9 zlo\u017eky v r\u00f4znych kult\u00farach. Spolu vytv\u00e1raj\u00fa komplexn\u00fa rastlinn\u00fa kombin\u00e1ciu vhodn\u00fa na doplnenie vyv\u00e1\u017eenej stravy&#8230;. <a href=\"#tab-description\" class=\"more-link\">B\u0151vebben<\/a><\/p>","protected":false},"featured_media":11748,"comment_status":"open","ping_status":"closed","template":"","meta":{"inline_featured_image":false},"product_brand":[289],"product_cat":[394,69],"product_tag":[],"class_list":{"0":"post-11746","1":"product","2":"type-product","3":"status-publish","4":"has-post-thumbnail","6":"product_brand-wtn","7":"product_cat-na-nervy","8":"product_cat-vyzivove-doplnky","10":"first","11":"onbackorder","12":"taxable","13":"shipping-taxable","14":"purchasable","15":"product-type-simple"},"aioseo_notices":[],"_links":{"self":[{"href":"https:\/\/www.biokari.sk\/hu\/wp-json\/wp\/v2\/product\/11746","targetHints":{"allow":["GET"]}}],"collection":[{"href":"https:\/\/www.biokari.sk\/hu\/wp-json\/wp\/v2\/product"}],"about":[{"href":"https:\/\/www.biokari.sk\/hu\/wp-json\/wp\/v2\/types\/product"}],"replies":[{"embeddable":true,"href":"https:\/\/www.biokari.sk\/hu\/wp-json\/wp\/v2\/comments?post=11746"}],"wp:featuredmedia":[{"embeddable":true,"href":"https:\/\/www.biokari.sk\/hu\/wp-json\/wp\/v2\/media\/11748"}],"wp:attachment":[{"href":"https:\/\/www.biokari.sk\/hu\/wp-json\/wp\/v2\/media?parent=11746"}],"wp:term":[{"taxonomy":"product_brand","embeddable":true,"href":"https:\/\/www.biokari.sk\/hu\/wp-json\/wp\/v2\/product_brand?post=11746"},{"taxonomy":"product_cat","embeddable":true,"href":"https:\/\/www.biokari.sk\/hu\/wp-json\/wp\/v2\/product_cat?post=11746"},{"taxonomy":"product_tag","embeddable":true,"href":"https:\/\/www.biokari.sk\/hu\/wp-json\/wp\/v2\/product_tag?post=11746"}],"curies":[{"name":"wp","href":"https:\/\/api.w.org\/{rel}","templated":true}]}}