{"id":11750,"date":"2026-05-01T22:03:16","date_gmt":"2026-05-01T20:03:16","guid":{"rendered":"https:\/\/www.biokari.sk\/produkt\/wtn-krem-na-spanie-100ml\/"},"modified":"2026-05-01T22:15:52","modified_gmt":"2026-05-01T20:15:52","slug":"wtn-krem-na-spanie-100ml","status":"publish","type":"product","link":"https:\/\/www.biokari.sk\/hu\/termek\/wtn-krem-na-spanie-100ml\/","title":{"rendered":"WTN Kr\u00e9m na spanie 100ml"},"content":{"rendered":"<p>Po dlhom dni si zasl\u00fa\u017ei pozornos\u0165 nielen telo, ale aj poko\u017eka. WTN Alv\u00e1sbar\u00e1t kr\u00e9m s jemnou, prirodzenou v\u00f4\u0148ou levandule prispieva k pr\u00edjemn\u00e9mu ve\u010dern\u00e9mu ritu\u00e1lu, zatia\u013e \u010do sa star\u00e1 o poko\u017eku a pom\u00e1ha udr\u017eiava\u0165 jej komfort.<\/p>\n\n\n\n<p>Kr\u00e9m je vytvoren\u00fd s d\u00f4razom na \u010dist\u00e9 zlo\u017eenie \u2013 neobsahuje zbyto\u010dn\u00e9 pr\u00eddavn\u00e9 l\u00e1tky, farbiv\u00e1 ani syntetick\u00e9 parfumy. Obsahuje starostlivo vybran\u00e9 zlo\u017eky, ako aloe vera, mand\u013eov\u00fd a jojobov\u00fd olej, ktor\u00e9 podporuj\u00fa hydrat\u00e1ciu a prirodzen\u00fa rovnov\u00e1hu poko\u017eky. Levandu\u013eov\u00fd olej dod\u00e1va produktu charakteristick\u00fa jemn\u00fa v\u00f4\u0148u, ktor\u00e1 spr\u00edjem\u0148uje jeho pou\u017e\u00edvanie.<\/p>\n\n\n\n<p><strong>\u00d6sszetev\u0151k (INCI):<\/strong>&nbsp;Aqua, Aloe Barbadensis Leaf Juice, Magnesium Bisglycinate, Simmondsia Chinensis Seed Oil, Prunus Amygdalus Dulcis Oil, Cetearyl Alcohol, Glycerin, Glyceryl Stearate Citrate, Sambucus Nigra Flower Extract, Pentylene Glycol, Glyceryl Caprylate, Griffonia Simplicifolia Seed Extract, Mixed Tocopherols, Hydroxyacetophenone, Lavandula Angustifolia Oil, Xanthan Gum, Limonene*, Linalool*.<br>*prirodzen\u00e9 zlo\u017eky esenci\u00e1lnych olejov<\/p>\n\n\n\n<p><strong>Alkalmaz\u00e1s:<\/strong>&nbsp;Pred span\u00edm naneste 1 d\u00e1vku kr\u00e9mu na \u010dist\u00fa poko\u017eku. Aplikujte na miesta s ten\u0161ou poko\u017ekou, napr\u00edklad predlaktie, vn\u00fatorn\u00fa stranu stehien alebo podbru\u0161ko, a jemne vmas\u00edrujte.<\/p>\n\n\n\n<p><strong>T\u00e1rol\u00e1s:<\/strong>&nbsp;Uchov\u00e1vajte na suchom, chladnom a tmavom mieste.<\/p>\n\n\n\n<p><strong>Figyelmeztet\u00e9s:<\/strong>&nbsp;Zabr\u00e1\u0148te kontaktu s o\u010dami. Pred pou\u017eit\u00edm odpor\u00fa\u010dame poko\u017eku o\u010disti\u0165 od zvy\u0161kov in\u00fdch kozmetick\u00fdch pr\u00edpravkov. V pr\u00edpade precitlivenosti alebo alergickej reakcie produkt nepou\u017e\u00edvajte. Pred prv\u00fdm pou\u017eit\u00edm odpor\u00fa\u010dame vykona\u0165 test zn\u00e1\u0161anlivosti na malej ploche poko\u017eky (napr. za uchom). Uchov\u00e1vajte mimo dosahu det\u00ed. Nevhodn\u00e9 pre deti.<\/p>\n\n\n\n<p><strong>Csomagol\u00e1s:<\/strong>&nbsp;100 ml<\/p>","protected":false},"excerpt":{"rendered":"<p>Po dlhom dni si zasl\u00fa\u017ei pozornos\u0165 nielen telo, ale aj poko\u017eka. WTN Alv\u00e1sbar\u00e1t kr\u00e9m s jemnou, prirodzenou v\u00f4\u0148ou levandule prispieva k pr\u00edjemn\u00e9mu ve\u010dern\u00e9mu ritu\u00e1lu&#8230; <a href=\"#tab-description\" class=\"more-link\">B\u0151vebben<\/a><\/p>","protected":false},"featured_media":11752,"comment_status":"open","ping_status":"closed","template":"","meta":{"inline_featured_image":false},"product_brand":[289],"product_cat":[371,394,249],"product_tag":[],"class_list":{"0":"post-11750","1":"product","2":"type-product","3":"status-publish","4":"has-post-thumbnail","6":"product_brand-wtn","7":"product_cat-bilynkovy-krem","8":"product_cat-na-nervy","9":"product_cat-kozmeticke-vyrobky","11":"first","12":"onbackorder","13":"taxable","14":"shipping-taxable","15":"purchasable","16":"product-type-simple"},"aioseo_notices":[],"_links":{"self":[{"href":"https:\/\/www.biokari.sk\/hu\/wp-json\/wp\/v2\/product\/11750","targetHints":{"allow":["GET"]}}],"collection":[{"href":"https:\/\/www.biokari.sk\/hu\/wp-json\/wp\/v2\/product"}],"about":[{"href":"https:\/\/www.biokari.sk\/hu\/wp-json\/wp\/v2\/types\/product"}],"replies":[{"embeddable":true,"href":"https:\/\/www.biokari.sk\/hu\/wp-json\/wp\/v2\/comments?post=11750"}],"wp:featuredmedia":[{"embeddable":true,"href":"https:\/\/www.biokari.sk\/hu\/wp-json\/wp\/v2\/media\/11752"}],"wp:attachment":[{"href":"https:\/\/www.biokari.sk\/hu\/wp-json\/wp\/v2\/media?parent=11750"}],"wp:term":[{"taxonomy":"product_brand","embeddable":true,"href":"https:\/\/www.biokari.sk\/hu\/wp-json\/wp\/v2\/product_brand?post=11750"},{"taxonomy":"product_cat","embeddable":true,"href":"https:\/\/www.biokari.sk\/hu\/wp-json\/wp\/v2\/product_cat?post=11750"},{"taxonomy":"product_tag","embeddable":true,"href":"https:\/\/www.biokari.sk\/hu\/wp-json\/wp\/v2\/product_tag?post=11750"}],"curies":[{"name":"wp","href":"https:\/\/api.w.org\/{rel}","templated":true}]}}