{"id":11753,"date":"2026-05-01T22:17:17","date_gmt":"2026-05-01T20:17:17","guid":{"rendered":"https:\/\/www.biokari.sk\/produkt\/wtn-krem-pre-zenske-hormonalne-cykly-200ml\/"},"modified":"2026-05-01T22:21:04","modified_gmt":"2026-05-01T20:21:04","slug":"wtn-krem-pre-zenske-hormonalne-cykly-200ml","status":"publish","type":"product","link":"https:\/\/www.biokari.sk\/hu\/termek\/wtn-krem-pre-zenske-hormonalne-cykly-200ml\/","title":{"rendered":"WTN Kr\u00e9m pre \u017eensk\u00e9 hormon\u00e1ln\u00e9 cykly 200ml"},"content":{"rendered":"<p>Kr\u00e9m obsahuje okrem hlavnej akt\u00edvnej zlo\u017eky aj hydrata\u010dn\u00e9 ingrediencie, ako s\u00fa aloe vera a mand\u013eov\u00fd olej, ktor\u00e9 prispievaj\u00fa k udr\u017eaniu hydrat\u00e1cie a komfortu poko\u017eky.<\/p>\n\n\n\n<p><strong>Zameranie: extrakt z yam kore\u0148a<\/strong><br>Hlavnou zlo\u017ekou pr\u00edpravku je extrakt z yam kore\u0148a (<em>Dioscorea villosa<\/em>), ktor\u00fd je tradi\u010dne vyu\u017e\u00edvan\u00fd v r\u00f4znych \u017eivotn\u00fdch obdobiach \u017eien. T\u00e1to rastlinn\u00e1 zlo\u017eka obsahuje prirodzene sa vyskytuj\u00faci diosgen\u00edn, ktor\u00fd je v odbornej literat\u00fare \u010dasto spom\u00ednan\u00fd v s\u00favislosti s rastlinn\u00fdmi bioakt\u00edvnymi l\u00e1tkami.<\/p>\n\n\n\n<p><strong>\u010cist\u00e9 zlo\u017eenie:<\/strong>&nbsp;Kr\u00e9m neobsahuje umel\u00e9 farbiv\u00e1 ani pridan\u00e9 syntetick\u00e9 parfumy. Pou\u017eit\u00e9 rastlinn\u00e9 oleje poch\u00e1dzaj\u00fa z GMO-free zdrojov a zlo\u017eenie je navrhnut\u00e9 s d\u00f4razom na jednoduchos\u0165 a funk\u010dnos\u0165.<\/p>\n\n\n\n<p><strong>\u00d6sszetev\u0151k (INCI):<\/strong>&nbsp;Aqua, Aloe Barbadensis Leaf Juice, Glycerin, Cetearyl Alcohol, Sambucus Nigra Flower Extract, Simmondsia Chinensis Seed Oil, Prunus Amygdalus Dulcis Oil, Olea Europaea Fruit Oil, Glyceryl Stearate Citrate, Helianthus Annuus Seed Oil, Dioscorea Villosa Extract, Tocopherol, Glyceryl Linoleate, Beta-Sitosterol, Squalene, Glyceryl Caprylate, Ethylhexylglycerin, Xanthan Gum, Sodium Phytate.<\/p>\n\n\n\n<p><strong>Alkalmaz\u00e1s:<\/strong>&nbsp;Odpor\u00fa\u010dan\u00e1 d\u00e1vka je 5 stla\u010den\u00ed pumpy denne. Kr\u00e9m aplikujte na miesta s ten\u0161ou poko\u017ekou, napr\u00edklad predlaktie, oblas\u0165 pod prsiami, podbru\u0161ko alebo vn\u00fatorn\u00fa stranu stehien. V pr\u00edpade potreby je mo\u017en\u00e9 aplikova\u0165 aj na oblas\u0165 prsn\u00edkov. Najvhodnej\u0161ie je pou\u017eitie po sprchovan\u00ed. Po aplik\u00e1cii si pribli\u017ene 10 min\u00fat neum\u00fdvajte ruky.<\/p>\n\n\n\n<p>Pou\u017e\u00edvajte cyklicky:<br>Ak m\u00e1te men\u0161trua\u010dn\u00fd cyklus, aplikujte kr\u00e9m od 14. do 26. d\u0148a cyklu.<br>Ak u\u017e nem\u00e1te men\u0161tru\u00e1ciu, m\u00f4\u017eete za\u010da\u0165 kedyko\u013evek \u2013 pou\u017e\u00edvajte 2 t\u00fd\u017edne, potom urobte 2 t\u00fd\u017edne prest\u00e1vku.<br>Pou\u017e\u00edvajte raz denne.<\/p>\n\n\n\n<p><strong>T\u00e1rol\u00e1s:<\/strong>&nbsp;Uchov\u00e1vajte na suchom, chladnom a tmavom mieste.<\/p>\n\n\n\n<p><strong>Figyelmeztet\u00e9s:<\/strong>&nbsp;Neprekra\u010dujte odpor\u00fa\u010dan\u00e9 mno\u017estvo. Pred pou\u017eit\u00edm odpor\u00fa\u010dame poko\u017eku o\u010disti\u0165. Zabr\u00e1\u0148te kontaktu s o\u010dami a sliznicami. Nevhodn\u00e9 pre osoby do 18 rokov. Po\u010das tehotenstva a doj\u010denia sa o pou\u017eit\u00ed pora\u010fte s odborn\u00edkom. V pr\u00edpade alergie alebo precitlivenosti na niektor\u00fa zo zlo\u017eiek pr\u00edpravok nepou\u017e\u00edvajte. Pred prv\u00fdm pou\u017eit\u00edm odpor\u00fa\u010dame vykona\u0165 test zn\u00e1\u0161anlivosti na malej ploche poko\u017eky (napr. za uchom). Uchov\u00e1vajte mimo dosahu det\u00ed.<\/p>\n\n\n\n<p><strong>Tov\u00e1bbi inform\u00e1ci\u00f3k:<\/strong>&nbsp;V pr\u00edpade probl\u00e9mov s pumpi\u010dkou ju m\u00f4\u017eete opl\u00e1chnu\u0165 teplou vodou alebo prida\u0165 mal\u00e9 mno\u017estvo vody do produktu. Ak probl\u00e9m pretrv\u00e1va, v\u00fdrobca poskytuje mo\u017enos\u0165 v\u00fdmeny pumpi\u010dky.<\/p>\n\n\n\n<p><strong>Csomagol\u00e1s:<\/strong>&nbsp;200 ml<\/p>","protected":false},"excerpt":{"rendered":"<p>Kr\u00e9m obsahuje okrem hlavnej akt\u00edvnej zlo\u017eky aj hydrata\u010dn\u00e9 ingrediencie, ako s\u00fa aloe vera a mand\u013eov\u00fd olej, ktor\u00e9 prispievaj\u00fa k udr\u017eaniu hydrat\u00e1cie a komfortu poko\u017eky&#8230; <a href=\"#tab-description\" class=\"more-link\">B\u0151vebben<\/a><\/p>","protected":false},"featured_media":11755,"comment_status":"open","ping_status":"closed","template":"","meta":{"inline_featured_image":false},"product_brand":[289],"product_cat":[371,391,249],"product_tag":[],"class_list":{"0":"post-11753","1":"product","2":"type-product","3":"status-publish","4":"has-post-thumbnail","6":"product_brand-wtn","7":"product_cat-bilynkovy-krem","8":"product_cat-pre-zeny","9":"product_cat-kozmeticke-vyrobky","11":"first","12":"instock","13":"taxable","14":"shipping-taxable","15":"purchasable","16":"product-type-simple"},"aioseo_notices":[],"_links":{"self":[{"href":"https:\/\/www.biokari.sk\/hu\/wp-json\/wp\/v2\/product\/11753","targetHints":{"allow":["GET"]}}],"collection":[{"href":"https:\/\/www.biokari.sk\/hu\/wp-json\/wp\/v2\/product"}],"about":[{"href":"https:\/\/www.biokari.sk\/hu\/wp-json\/wp\/v2\/types\/product"}],"replies":[{"embeddable":true,"href":"https:\/\/www.biokari.sk\/hu\/wp-json\/wp\/v2\/comments?post=11753"}],"wp:featuredmedia":[{"embeddable":true,"href":"https:\/\/www.biokari.sk\/hu\/wp-json\/wp\/v2\/media\/11755"}],"wp:attachment":[{"href":"https:\/\/www.biokari.sk\/hu\/wp-json\/wp\/v2\/media?parent=11753"}],"wp:term":[{"taxonomy":"product_brand","embeddable":true,"href":"https:\/\/www.biokari.sk\/hu\/wp-json\/wp\/v2\/product_brand?post=11753"},{"taxonomy":"product_cat","embeddable":true,"href":"https:\/\/www.biokari.sk\/hu\/wp-json\/wp\/v2\/product_cat?post=11753"},{"taxonomy":"product_tag","embeddable":true,"href":"https:\/\/www.biokari.sk\/hu\/wp-json\/wp\/v2\/product_tag?post=11753"}],"curies":[{"name":"wp","href":"https:\/\/api.w.org\/{rel}","templated":true}]}}