{"id":11769,"date":"2026-05-01T22:45:32","date_gmt":"2026-05-01T20:45:32","guid":{"rendered":"https:\/\/www.biokari.sk\/produkt\/wtn-kvapky-vitamin-d3k2-vitamin-a-20ml\/"},"modified":"2026-05-03T19:01:37","modified_gmt":"2026-05-03T17:01:37","slug":"wtn-kvapky-vitamin-d3k2-vitamin-a-20ml","status":"publish","type":"product","link":"https:\/\/www.biokari.sk\/hu\/termek\/wtn-kvapky-vitamin-d3k2-vitamin-a-20ml\/","title":{"rendered":"WTN Kvapky Vitam\u00edn D3+K2 + vitam\u00edn A 20ml"},"content":{"rendered":"<p>D3-K2-A vitam\u00edn komplex je v\u00fd\u017eivov\u00fd doplnok obsahuj\u00faci kombin\u00e1ciu vitam\u00ednov rozpustn\u00fdch v tukoch \u2013 vitam\u00edn D3, vitam\u00edn K2, vitam\u00edn A a vitam\u00edn E. T\u00e1to kombin\u00e1cia je navrhnut\u00e1 tak, aby dop\u013a\u0148ala be\u017en\u00fd jed\u00e1lni\u010dek o d\u00f4le\u017eit\u00e9 mikronutrienty.<\/p>\n\n\n\n<p>Vitam\u00edn D prispieva k norm\u00e1lnemu vstreb\u00e1vaniu v\u00e1pnika a fosforu, k udr\u017eaniu norm\u00e1lneho stavu kost\u00ed a zubov a podporuje spr\u00e1vne fungovanie imunitn\u00e9ho syst\u00e9mu. Vitam\u00edn K prispieva k udr\u017eaniu norm\u00e1lneho stavu kost\u00ed a k norm\u00e1lnej zr\u00e1\u017eanlivosti krvi. Vitam\u00edn A prispieva k udr\u017eaniu norm\u00e1lneho zraku, poko\u017eky a imunitn\u00e9ho syst\u00e9mu. Vitam\u00edn E prispieva k ochrane buniek pred oxida\u010dn\u00fdm stresom.<\/p>\n\n\n\n<p>Produkt obsahuje vitam\u00edn K2 vo forme menachin\u00f3n-7 (MK-7) s vysok\u00fdm podielom trans formy. Vitam\u00edn A je pr\u00edtomn\u00fd vo forme retinyl-palmit\u00e1tu. Z\u00e1klad produktu tvor\u00ed MCT olej, ktor\u00fd umo\u017e\u0148uje jednoduch\u00e9 d\u00e1vkovanie a praktick\u00e9 u\u017e\u00edvanie.<\/p>\n\n\n\n<p><strong>\u00d6sszet\u00e9tel:<\/strong>&nbsp;MCT olej (z kokosov\u00e9ho a palmov\u00e9ho oleja), vitam\u00edn D3 (cholekalciferol), vitam\u00edn K2 (menachin\u00f3n-7, &gt;95 % trans forma), vitam\u00edn E (zmes tokoferolov), vitam\u00edn A (retinyl-palmit\u00e1t)<\/p>\n\n\n\n<p><strong>Aj\u00e1nlott adagol\u00e1s:<\/strong><br>Dospel\u00ed: 12 kvapiek denne<br>Deti (12\u201315 rokov): 6\u201310 kvapiek denne<br>Deti (1\u201312 rokov): 4\u20135 kvapiek denne<br>Doj\u010dat\u00e1 (do 1 roka): 3 kvapky denne<\/p>\n\n\n\n<p>Kvapky je mo\u017en\u00e9 u\u017e\u00edva\u0165 priamo alebo prida\u0165 do jedla \u010di n\u00e1poja.<\/p>\n\n\n\n<p><strong>T\u00e1rol\u00e1s:<\/strong>&nbsp;Uchov\u00e1vajte na suchom a chladnom mieste, mimo dosahu det\u00ed.<\/p>\n\n\n\n<p><strong>Figyelmeztet\u00e9s:<\/strong>&nbsp;V\u00fd\u017eivov\u00fd doplnok nenahr\u00e1dza pestr\u00fa a vyv\u00e1\u017een\u00fa stravu ani zdrav\u00fd \u017eivotn\u00fd \u0161t\u00fdl. Neprekra\u010dujte odpor\u00fa\u010dan\u00fa denn\u00fa d\u00e1vku. Neu\u017e\u00edvajte v pr\u00edpade precitlivenosti na niektor\u00fa zo zlo\u017eiek. V pr\u00edpade tehotenstva, doj\u010denia alebo u\u017e\u00edvania liekov sa odpor\u00fa\u010da konzult\u00e1cia s lek\u00e1rom.<\/p>\n\n\n\n<p>\u00dadaje uveden\u00e9 na webovej str\u00e1nke maj\u00fa informat\u00edvny charakter. Rozhoduj\u00face inform\u00e1cie s\u00fa v\u017edy uveden\u00e9 na obale v\u00fdrobku.<\/p>\n\n\n\n<p><strong>Csomagol\u00e1s:<\/strong>&nbsp;20 ml<\/p>","protected":false},"excerpt":{"rendered":"<p>D3-K2-A vitam\u00edn komplex je v\u00fd\u017eivov\u00fd doplnok obsahuj\u00faci kombin\u00e1ciu vitam\u00ednov rozpustn\u00fdch v tukoch \u2013 vitam\u00edn D3, vitam\u00edn K2&#8230; <a href=\"#tab-description\" class=\"more-link\">B\u0151vebben<\/a><\/p>","protected":false},"featured_media":11770,"comment_status":"open","ping_status":"closed","template":"","meta":{"inline_featured_image":false},"product_brand":[289],"product_cat":[389,69,140],"product_tag":[],"class_list":{"0":"post-11769","1":"product","2":"type-product","3":"status-publish","4":"has-post-thumbnail","6":"product_brand-wtn","7":"product_cat-kvapky","8":"product_cat-vyzivove-doplnky","9":"product_cat-posilnenie-imunity","11":"first","12":"instock","13":"taxable","14":"shipping-taxable","15":"purchasable","16":"product-type-simple"},"aioseo_notices":[],"_links":{"self":[{"href":"https:\/\/www.biokari.sk\/hu\/wp-json\/wp\/v2\/product\/11769","targetHints":{"allow":["GET"]}}],"collection":[{"href":"https:\/\/www.biokari.sk\/hu\/wp-json\/wp\/v2\/product"}],"about":[{"href":"https:\/\/www.biokari.sk\/hu\/wp-json\/wp\/v2\/types\/product"}],"replies":[{"embeddable":true,"href":"https:\/\/www.biokari.sk\/hu\/wp-json\/wp\/v2\/comments?post=11769"}],"wp:featuredmedia":[{"embeddable":true,"href":"https:\/\/www.biokari.sk\/hu\/wp-json\/wp\/v2\/media\/11770"}],"wp:attachment":[{"href":"https:\/\/www.biokari.sk\/hu\/wp-json\/wp\/v2\/media?parent=11769"}],"wp:term":[{"taxonomy":"product_brand","embeddable":true,"href":"https:\/\/www.biokari.sk\/hu\/wp-json\/wp\/v2\/product_brand?post=11769"},{"taxonomy":"product_cat","embeddable":true,"href":"https:\/\/www.biokari.sk\/hu\/wp-json\/wp\/v2\/product_cat?post=11769"},{"taxonomy":"product_tag","embeddable":true,"href":"https:\/\/www.biokari.sk\/hu\/wp-json\/wp\/v2\/product_tag?post=11769"}],"curies":[{"name":"wp","href":"https:\/\/api.w.org\/{rel}","templated":true}]}}