{"id":11780,"date":"2026-05-04T22:20:50","date_gmt":"2026-05-04T20:20:50","guid":{"rendered":"https:\/\/www.biokari.sk\/produkt\/prana-acerola-prasok-100g\/"},"modified":"2026-05-04T22:25:36","modified_gmt":"2026-05-04T20:25:36","slug":"prana-acerola-prasok-100g","status":"publish","type":"product","link":"https:\/\/www.biokari.sk\/hu\/termek\/prana-acerola-prasok-100g\/","title":{"rendered":"Prana Acerola pr\u00e1\u0161ok 100g"},"content":{"rendered":"<p data-start=\"161\" data-end=\"365\">BIO acerola pr\u00e1\u0161ok je v\u00fd\u017eivov\u00fd doplnok vyroben\u00fd z aceroly (Malpighia glabra), ktor\u00e1 patr\u00ed medzi prirodzene bohat\u00e9 zdroje vitam\u00ednu C. V\u010faka svojmu zlo\u017eeniu je vhodn\u00fd ako doplnok pestrej a vyv\u00e1\u017eenej stravy.<\/p>\n<p data-start=\"367\" data-end=\"630\">Vitam\u00edn C prispieva k norm\u00e1lnemu fungovaniu imunitn\u00e9ho syst\u00e9mu, k ochrane buniek pred oxida\u010dn\u00fdm stresom a k zn\u00ed\u017eeniu miery \u00fanavy a vy\u010derpania. Acerola pr\u00e1\u0161ok m\u00e1 univerz\u00e1lne vyu\u017eitie a je mo\u017en\u00e9 ho jednoducho prida\u0165 do smoothie, jogurtov, n\u00e1pojov alebo in\u00fdch jed\u00e1l.<\/p>\n<p data-start=\"632\" data-end=\"737\">Produkt je vhodn\u00fd pre vegetari\u00e1nov, neobsahuje pridan\u00fd cukor a poch\u00e1dza z ekologick\u00e9ho po\u013enohospod\u00e1rstva.<\/p>\n<p data-start=\"739\" data-end=\"806\"><strong data-start=\"739\" data-end=\"752\">\u00d6sszet\u00e9tel:<\/strong> acerola, maltodextr\u00edn, kyselina askorbov\u00e1 (vitam\u00edn C)<\/p>\n<p data-start=\"808\" data-end=\"870\"><strong data-start=\"808\" data-end=\"821\">Allerg\u00e9nek:<\/strong> M\u00f4\u017ee obsahova\u0165 stopy ara\u0161idov, orechov a sezamu.<\/p>\n<p data-start=\"872\" data-end=\"1101\"><strong data-start=\"872\" data-end=\"912\">Priemern\u00e9 v\u00fd\u017eivov\u00e9 hodnoty na 100 g:<\/strong><br data-start=\"912\" data-end=\"915\" \/>Energia: 1652 kJ \/ 389 kcal<br data-start=\"942\" data-end=\"945\" \/>Tuky: 0,1 g<br data-start=\"956\" data-end=\"959\" \/>z toho nas\u00fdten\u00e9 mastn\u00e9 kyseliny: 0,1 g<br data-start=\"997\" data-end=\"1000\" \/>Sacharidy: 96,5 g<br data-start=\"1017\" data-end=\"1020\" \/>z toho cukry: 12,95 g<br data-start=\"1041\" data-end=\"1044\" \/>Bielkoviny: 0,28 g<br data-start=\"1062\" data-end=\"1065\" \/>So\u013e: 0,01 g<br data-start=\"1076\" data-end=\"1079\" \/>Vitam\u00edn C: 25 400 mg<\/p>\n<p data-start=\"1103\" data-end=\"1215\"><strong data-start=\"1103\" data-end=\"1129\">Aj\u00e1nlott adagol\u00e1s:<\/strong> 1\u20132 \u010dajov\u00e9 ly\u017ei\u010dky denne (pribli\u017ene 2\u20134 g), rozmie\u0161an\u00e9 vo vode, smoothie alebo jedle.<\/p>\n<p data-start=\"1217\" data-end=\"1274\"><strong data-start=\"1217\" data-end=\"1233\">T\u00e1rol\u00e1s:<\/strong> Uchov\u00e1vajte na suchom a chladnom mieste.<\/p>\n<p data-start=\"1276\" data-end=\"1304\"><strong data-start=\"1276\" data-end=\"1295\">Krajina p\u00f4vodu:<\/strong> Braz\u00edlia<\/p>\n<p data-start=\"1306\" data-end=\"1399\"><strong data-start=\"1306\" data-end=\"1323\">Certifik\u00e1cia:<\/strong> Produkt je certifikovan\u00fd organiz\u00e1ciou <span class=\"hover:entity-accent entity-underline inline cursor-pointer align-baseline\"><span class=\"whitespace-normal\">Bio Garancia Kft.<\/span><\/span><\/p>\n<p data-start=\"1401\" data-end=\"1533\"><strong data-start=\"1401\" data-end=\"1417\">Figyelmeztet\u00e9s:<\/strong> V\u00fd\u017eivov\u00fd doplnok nenahr\u00e1dza pestr\u00fa a vyv\u00e1\u017een\u00fa stravu ani zdrav\u00fd \u017eivotn\u00fd \u0161t\u00fdl. Neprekra\u010dujte odpor\u00fa\u010dan\u00fa denn\u00fa d\u00e1vku.<\/p>\n<p data-start=\"1535\" data-end=\"1562\"><strong data-start=\"1535\" data-end=\"1556\">Csomag s\u00falya:<\/strong> 100 g<\/p>","protected":false},"excerpt":{"rendered":"<p>BIO acerola pr\u00e1\u0161ok je v\u00fd\u017eivov\u00fd doplnok vyroben\u00fd z aceroly (Malpighia glabra), ktor\u00e1 patr\u00ed medzi prirodzene bohat\u00e9 zdroje vitam\u00ednu C&#8230; <a href=\"#tab-description\" class=\"more-link\">B\u0151vebben<\/a><\/p>","protected":false},"featured_media":11783,"comment_status":"open","ping_status":"closed","template":"","meta":{"inline_featured_image":false},"product_brand":[282],"product_cat":[386,71],"product_tag":[],"class_list":{"0":"post-11780","1":"product","2":"type-product","3":"status-publish","4":"has-post-thumbnail","6":"product_brand-prana","7":"product_cat-superfood","8":"product_cat-potraviny","10":"first","11":"instock","12":"taxable","13":"shipping-taxable","14":"purchasable","15":"product-type-simple"},"aioseo_notices":[],"_links":{"self":[{"href":"https:\/\/www.biokari.sk\/hu\/wp-json\/wp\/v2\/product\/11780","targetHints":{"allow":["GET"]}}],"collection":[{"href":"https:\/\/www.biokari.sk\/hu\/wp-json\/wp\/v2\/product"}],"about":[{"href":"https:\/\/www.biokari.sk\/hu\/wp-json\/wp\/v2\/types\/product"}],"replies":[{"embeddable":true,"href":"https:\/\/www.biokari.sk\/hu\/wp-json\/wp\/v2\/comments?post=11780"}],"wp:featuredmedia":[{"embeddable":true,"href":"https:\/\/www.biokari.sk\/hu\/wp-json\/wp\/v2\/media\/11783"}],"wp:attachment":[{"href":"https:\/\/www.biokari.sk\/hu\/wp-json\/wp\/v2\/media?parent=11780"}],"wp:term":[{"taxonomy":"product_brand","embeddable":true,"href":"https:\/\/www.biokari.sk\/hu\/wp-json\/wp\/v2\/product_brand?post=11780"},{"taxonomy":"product_cat","embeddable":true,"href":"https:\/\/www.biokari.sk\/hu\/wp-json\/wp\/v2\/product_cat?post=11780"},{"taxonomy":"product_tag","embeddable":true,"href":"https:\/\/www.biokari.sk\/hu\/wp-json\/wp\/v2\/product_tag?post=11780"}],"curies":[{"name":"wp","href":"https:\/\/api.w.org\/{rel}","templated":true}]}}