{"id":11787,"date":"2026-05-04T22:32:05","date_gmt":"2026-05-04T20:32:05","guid":{"rendered":"https:\/\/www.biokari.sk\/produkt\/prana-bambucke-maslo-100g\/"},"modified":"2026-05-04T22:35:52","modified_gmt":"2026-05-04T20:35:52","slug":"prana-bambucke-maslo-100g","status":"publish","type":"product","link":"https:\/\/www.biokari.sk\/hu\/termek\/prana-bambucke-maslo-100g\/","title":{"rendered":"Prana Bambuck\u00e9 maslo 100g"},"content":{"rendered":"<p>BIO bambuck\u00e9 maslo je 100 % pr\u00edrodn\u00e9 rastlinn\u00e9 maslo z\u00edskavan\u00e9 z orechov stromu karit\u00e9 (Butyrospermum Parkii). V\u010faka svojmu prirodzen\u00e9mu zlo\u017eeniu je vhodn\u00e9 na ka\u017edodenn\u00fa starostlivos\u0165 o poko\u017eku a vlasy.<\/p>\n\n\n\n<p>Obsahuje prirodzene sa vyskytuj\u00face mastn\u00e9 kyseliny a vitam\u00edny, ako s\u00fa vitam\u00edn A a E, ktor\u00e9 prispievaj\u00fa k udr\u017eiavaniu hydrat\u00e1cie a ochrane poko\u017eky. Je vhodn\u00e9 najm\u00e4 na such\u00fa a citliv\u00fa poko\u017eku, ako aj na starostlivos\u0165 o vlasy.<\/p>\n\n\n\n<p>Bambuck\u00e9 maslo m\u00e1 univerz\u00e1lne vyu\u017eitie \u2013 m\u00f4\u017ee sa aplikova\u0165 priamo na poko\u017eku, pery, nechty alebo vlasy, pr\u00edpadne pou\u017ei\u0165 ako s\u00fa\u010das\u0165 dom\u00e1cich kozmetick\u00fdch pr\u00edpravkov.<\/p>\n\n\n\n<p>Produkt je vhodn\u00fd pre veg\u00e1nov a vegetari\u00e1nov.<\/p>\n\n\n\n<p><strong>\u00d6sszetev\u0151k (INCI):<\/strong>&nbsp;Butyrospermum Parkii Butter<\/p>\n\n\n\n<p><strong>Allerg\u00e9nek:<\/strong>&nbsp;M\u00f4\u017ee obsahova\u0165 stopy ara\u0161idov, orechov a sezamu.<\/p>\n\n\n\n<p><strong>Alkalmaz\u00e1s:<\/strong>&nbsp;Naneste primeran\u00e9 mno\u017estvo na poko\u017eku, vlasy alebo nechty a jemne vmas\u00edrujte. Ur\u010den\u00e9 len na vonkaj\u0161ie pou\u017eitie.<\/p>\n\n\n\n<p><strong>T\u00e1rol\u00e1s:<\/strong>&nbsp;Uchov\u00e1vajte na suchom a chladnom mieste, chr\u00e1\u0148te pred priamym slne\u010dn\u00fdm \u017eiaren\u00edm.<\/p>\n\n\n\n<p><strong>Certifik\u00e1cia:<\/strong>&nbsp;Produkt je certifikovan\u00fd organiz\u00e1ciou&nbsp;Bio Garancia Kft.<\/p>\n\n\n\n<p><strong>Figyelmeztet\u00e9s:<\/strong>&nbsp;Len na vonkaj\u0161ie pou\u017eitie. Zabr\u00e1\u0148te kontaktu s o\u010dami. V pr\u00edpade precitlivenosti na niektor\u00fa zo zlo\u017eiek v\u00fdrobok nepou\u017e\u00edvajte.<\/p>\n\n\n\n<p><strong>Csomag s\u00falya:<\/strong>&nbsp;100 g<\/p>","protected":false},"excerpt":{"rendered":"<p>BIO bambuck\u00e9 maslo je 100 % pr\u00edrodn\u00e9 rastlinn\u00e9 maslo z\u00edskavan\u00e9 z orechov stromu karit\u00e9 (Butyrospermum Parkii). V\u010faka svojmu prirodzen\u00e9mu zlo\u017eeniu je vhodn\u00e9 na ka\u017edodenn\u00fa starostlivos\u0165 o poko\u017eku a vlasy&#8230; <a href=\"#tab-description\" class=\"more-link\">B\u0151vebben<\/a><\/p>","protected":false},"featured_media":11789,"comment_status":"open","ping_status":"closed","template":"","meta":{"inline_featured_image":false},"product_brand":[282],"product_cat":[408,249],"product_tag":[],"class_list":{"0":"post-11787","1":"product","2":"type-product","3":"status-publish","4":"has-post-thumbnail","6":"product_brand-prana","7":"product_cat-maslo-oleje","8":"product_cat-kozmeticke-vyrobky","10":"first","11":"instock","12":"taxable","13":"shipping-taxable","14":"purchasable","15":"product-type-simple"},"aioseo_notices":[],"_links":{"self":[{"href":"https:\/\/www.biokari.sk\/hu\/wp-json\/wp\/v2\/product\/11787","targetHints":{"allow":["GET"]}}],"collection":[{"href":"https:\/\/www.biokari.sk\/hu\/wp-json\/wp\/v2\/product"}],"about":[{"href":"https:\/\/www.biokari.sk\/hu\/wp-json\/wp\/v2\/types\/product"}],"replies":[{"embeddable":true,"href":"https:\/\/www.biokari.sk\/hu\/wp-json\/wp\/v2\/comments?post=11787"}],"wp:featuredmedia":[{"embeddable":true,"href":"https:\/\/www.biokari.sk\/hu\/wp-json\/wp\/v2\/media\/11789"}],"wp:attachment":[{"href":"https:\/\/www.biokari.sk\/hu\/wp-json\/wp\/v2\/media?parent=11787"}],"wp:term":[{"taxonomy":"product_brand","embeddable":true,"href":"https:\/\/www.biokari.sk\/hu\/wp-json\/wp\/v2\/product_brand?post=11787"},{"taxonomy":"product_cat","embeddable":true,"href":"https:\/\/www.biokari.sk\/hu\/wp-json\/wp\/v2\/product_cat?post=11787"},{"taxonomy":"product_tag","embeddable":true,"href":"https:\/\/www.biokari.sk\/hu\/wp-json\/wp\/v2\/product_tag?post=11787"}],"curies":[{"name":"wp","href":"https:\/\/api.w.org\/{rel}","templated":true}]}}