{"id":11807,"date":"2026-05-06T22:56:16","date_gmt":"2026-05-06T20:56:16","guid":{"rendered":"https:\/\/www.biokari.sk\/produkt\/prana-bio-cierny-maca-prasok-250g\/"},"modified":"2026-05-06T23:00:13","modified_gmt":"2026-05-06T21:00:13","slug":"prana-bio-cierny-maca-prasok-250g","status":"publish","type":"product","link":"https:\/\/www.biokari.sk\/hu\/termek\/prana-bio-cierny-maca-prasok-250g\/","title":{"rendered":"Prana Bio \u010diern\u00fd maca pr\u00e1\u0161ok 250g"},"content":{"rendered":"<p data-start=\"177\" data-end=\"470\">BIO \u010dierna maca pr\u00e1\u0161ok je pr\u00edrodn\u00fd v\u00fd\u017eivov\u00fd doplnok vyroben\u00fd zo 100 % organick\u00e9ho kore\u0148a maca (Lepidium meyenii), poch\u00e1dzaj\u00faceho z Peru. Maca patr\u00ed medzi tradi\u010dne pou\u017e\u00edvan\u00e9 rastliny v oblasti v\u00fd\u017eivy a je prirodzen\u00fdm zdrojom vitam\u00ednov, miner\u00e1lnych l\u00e1tok a \u010fal\u0161\u00edch biologicky akt\u00edvnych zl\u00fa\u010den\u00edn.<\/p>\n<p data-start=\"472\" data-end=\"651\">V\u010faka svojej jemnej, mierne zemitnej chuti je vhodn\u00e1 na ka\u017edodenn\u00e9 pou\u017eitie ako s\u00fa\u010das\u0165 pestrej a vyv\u00e1\u017eenej stravy. Jednoducho sa prid\u00e1va do smoothie, n\u00e1pojov, ka\u0161\u00ed alebo jogurtov.<\/p>\n<p data-start=\"653\" data-end=\"699\">Produkt je vhodn\u00fd pre vegetari\u00e1nov aj veg\u00e1nov.<\/p>\n<p data-start=\"701\" data-end=\"762\"><strong data-start=\"701\" data-end=\"714\">\u00d6sszet\u00e9tel:<\/strong> 100 % BIO \u010dierna maca pr\u00e1\u0161ok (Lepidium meyenii)<\/p>\n<p data-start=\"764\" data-end=\"826\"><strong data-start=\"764\" data-end=\"777\">Allerg\u00e9nek:<\/strong> M\u00f4\u017ee obsahova\u0165 stopy ara\u0161idov, orechov a sezamu.<\/p>\n<p data-start=\"828\" data-end=\"1036\"><strong data-start=\"828\" data-end=\"868\">Priemern\u00e9 v\u00fd\u017eivov\u00e9 hodnoty na 100 g:<\/strong><br data-start=\"868\" data-end=\"871\" \/>Energia: 1647 kJ \/ 389 kcal<br data-start=\"898\" data-end=\"901\" \/>Tuky: 3,6 g<br data-start=\"912\" data-end=\"915\" \/>z toho nas\u00fdten\u00e9 mastn\u00e9 kyseliny: &lt;0,01 g<br data-start=\"955\" data-end=\"958\" \/>Sacharidy: 71,4 g<br data-start=\"975\" data-end=\"978\" \/>z toho cukry: 32,1 g<br data-start=\"998\" data-end=\"1001\" \/>Bielkoviny: 14,3 g<br data-start=\"1019\" data-end=\"1022\" \/>So\u013e: &lt;0,01 g<\/p>\n<p data-start=\"1038\" data-end=\"1153\"><strong data-start=\"1038\" data-end=\"1064\">Aj\u00e1nlott adagol\u00e1s:<\/strong> 1 \u010dajov\u00e1 ly\u017ei\u010dka denne (pribli\u017ene 3\u20135 g), rozmie\u0161an\u00e1 vo vode, smoothie alebo inom jedle.<\/p>\n<p data-start=\"1155\" data-end=\"1212\"><strong data-start=\"1155\" data-end=\"1171\">T\u00e1rol\u00e1s:<\/strong> Uchov\u00e1vajte na suchom a chladnom mieste.<\/p>\n<p data-start=\"1214\" data-end=\"1238\"><strong data-start=\"1214\" data-end=\"1233\">Krajina p\u00f4vodu:<\/strong> Peru<\/p>\n<p data-start=\"1335\" data-end=\"1468\"><strong data-start=\"1335\" data-end=\"1351\">Figyelmeztet\u00e9s:<\/strong> V\u00fd\u017eivov\u00fd doplnok. Nenahr\u00e1dza pestr\u00fa a vyv\u00e1\u017een\u00fa stravu ani zdrav\u00fd \u017eivotn\u00fd \u0161t\u00fdl. Neprekra\u010dujte odpor\u00fa\u010dan\u00fa denn\u00fa d\u00e1vku.<\/p>\n<p data-start=\"1470\" data-end=\"1497\"><strong data-start=\"1470\" data-end=\"1491\">Csomag s\u00falya:<\/strong> 250g<\/p>\n\n\n<p><\/p>","protected":false},"excerpt":{"rendered":"<p>BIO \u010dierna maca pr\u00e1\u0161ok je pr\u00edrodn\u00fd v\u00fd\u017eivov\u00fd doplnok vyroben\u00fd zo 100 % organick\u00e9ho kore\u0148a maca (Lepidium meyenii), poch\u00e1dzaj\u00faceho z Peru&#8230; <a href=\"#tab-description\" class=\"more-link\">B\u0151vebben<\/a><\/p>","protected":false},"featured_media":11809,"comment_status":"open","ping_status":"closed","template":"","meta":{"inline_featured_image":false},"product_brand":[282],"product_cat":[386,71],"product_tag":[],"class_list":{"0":"post-11807","1":"product","2":"type-product","3":"status-publish","4":"has-post-thumbnail","6":"product_brand-prana","7":"product_cat-superfood","8":"product_cat-potraviny","10":"first","11":"instock","12":"taxable","13":"shipping-taxable","14":"purchasable","15":"product-type-simple"},"aioseo_notices":[],"_links":{"self":[{"href":"https:\/\/www.biokari.sk\/hu\/wp-json\/wp\/v2\/product\/11807","targetHints":{"allow":["GET"]}}],"collection":[{"href":"https:\/\/www.biokari.sk\/hu\/wp-json\/wp\/v2\/product"}],"about":[{"href":"https:\/\/www.biokari.sk\/hu\/wp-json\/wp\/v2\/types\/product"}],"replies":[{"embeddable":true,"href":"https:\/\/www.biokari.sk\/hu\/wp-json\/wp\/v2\/comments?post=11807"}],"wp:featuredmedia":[{"embeddable":true,"href":"https:\/\/www.biokari.sk\/hu\/wp-json\/wp\/v2\/media\/11809"}],"wp:attachment":[{"href":"https:\/\/www.biokari.sk\/hu\/wp-json\/wp\/v2\/media?parent=11807"}],"wp:term":[{"taxonomy":"product_brand","embeddable":true,"href":"https:\/\/www.biokari.sk\/hu\/wp-json\/wp\/v2\/product_brand?post=11807"},{"taxonomy":"product_cat","embeddable":true,"href":"https:\/\/www.biokari.sk\/hu\/wp-json\/wp\/v2\/product_cat?post=11807"},{"taxonomy":"product_tag","embeddable":true,"href":"https:\/\/www.biokari.sk\/hu\/wp-json\/wp\/v2\/product_tag?post=11807"}],"curies":[{"name":"wp","href":"https:\/\/api.w.org\/{rel}","templated":true}]}}