{"id":8737,"date":"2025-07-01T14:36:13","date_gmt":"2025-07-01T12:36:13","guid":{"rendered":"https:\/\/www.biokari.sk\/produkt\/gyorgytea-cajova-zmes-valeriana-50g\/"},"modified":"2026-04-28T19:01:53","modified_gmt":"2026-04-28T17:01:53","slug":"gyorgytea-cajova-zmes-valeriana-50g","status":"publish","type":"product","link":"https:\/\/www.biokari.sk\/hu\/termek\/gyorgytea-cajova-zmes-valeriana-50g\/","title":{"rendered":"Gy\u00f6rgytea \u010cajov\u00e1 zmes &#8211; Valeriana 50g"},"content":{"rendered":"<p data-start=\"0\" data-end=\"323\">Pre nich je ur\u010den\u00e1 <strong data-start=\"145\" data-end=\"190\">\u010dajov\u00e1 zmes s valeri\u00e1nou od Gyuri b\u00e1csiho<\/strong> \u2013 <strong data-start=\"193\" data-end=\"224\">uk\u013eud\u0148uj\u00faci a usp\u00e1vac\u00ed \u010daj.<\/strong><br data-start=\"224\" data-end=\"227\" \/><strong data-start=\"227\" data-end=\"264\" data-is-only-node=\"\">Valeri\u00e1na lek\u00e1rska (macskagy\u00f6k\u00e9r)<\/strong> patr\u00ed medzi <strong data-start=\"277\" data-end=\"323\">naj\u00fa\u010dinnej\u0161ie pr\u00edrodn\u00e9 upokojuj\u00face byliny.<\/strong><\/p>\n<p data-start=\"325\" data-end=\"448\"><strong data-start=\"325\" data-end=\"338\">\u00d6sszet\u00e9tel:<\/strong> list medovky lek\u00e1rskej, list \u010diernych r\u00edbezl\u00ed, kore\u0148 valeri\u00e1ny lek\u00e1rskej (19 %), \u0161i\u0161tice chme\u013eu, kvet lipy.<\/p>\n<p data-start=\"450\" data-end=\"694\"><strong data-start=\"450\" data-end=\"463\">El\u0151k\u00e9sz\u00edt\u00e9s: <\/strong>Jednu zarovnan\u00fa <strong data-start=\"482\" data-end=\"509\">polievkov\u00fa ly\u017eicu (3 g)<\/strong> \u010dajovej zmesi zalejte <strong data-start=\"532\" data-end=\"555\">2,5 dl forr\u00f3 v\u00edz<\/strong>, nechajte <strong data-start=\"566\" data-end=\"586\">l\u00fahova\u0165 30 min\u00fat<\/strong>, potom sce\u010fte. <strong data-start=\"602\" data-end=\"632\" data-is-only-node=\"\">Nepou\u017e\u00edvajte kovov\u00e9 sitko.<\/strong><br data-start=\"632\" data-end=\"635\" \/>(Dlh\u0161\u00ed \u010das l\u00fahovania je d\u00f4le\u017eit\u00fd kv\u00f4li kore\u0148ovej zlo\u017eke.)<\/p>\n<p data-start=\"696\" data-end=\"853\"><strong data-start=\"696\" data-end=\"709\">Haszn\u00e1lat: <\/strong>Pite <strong data-start=\"717\" data-end=\"743\">pol hodiny pred span\u00edm<\/strong>, najlep\u0161ie <strong data-start=\"755\" data-end=\"770\">bez pr\u00edsad.<\/strong><br data-start=\"770\" data-end=\"773\" \/>Odpor\u00fa\u010dan\u00e1 d\u00e1vka: <strong data-start=\"791\" data-end=\"808\" data-is-only-node=\"\">1 cs\u00e9sze naponta<\/strong>, \u010daj mo\u017eno pi\u0165 <strong data-start=\"824\" data-end=\"853\">dlhodobo, bez obmedzenia.<\/strong><\/p>\n<p data-start=\"855\" data-end=\"989\"><strong data-start=\"855\" data-end=\"871\">Figyelmeztet\u00e9s: <\/strong>Nevhodn\u00e9 po\u010das <strong data-start=\"889\" data-end=\"915\">terhess\u00e9g \u00e9s szoptat\u00e1s<\/strong>, pri <strong data-start=\"921\" data-end=\"959\">u\u017e\u00edvan\u00ed antidepres\u00edv alebo sedat\u00edv<\/strong> a <strong data-start=\"962\" data-end=\"987\">pre deti do 12 rokov.<\/strong><\/p>\n<p data-start=\"991\" data-end=\"1009\" data-is-last-node=\"\" data-is-only-node=\"\"><strong data-start=\"991\" data-end=\"1004\">S\u00faly:<\/strong> 50 g<\/p>","protected":false},"excerpt":{"rendered":"<p>Pre nich je ur\u010den\u00e1 \u010dajov\u00e1 zmes s valeri\u00e1nou od Gyuri b\u00e1csiho \u2013 uk\u013eud\u0148uj\u00faci a usp\u00e1vac\u00ed \u010daj.Valeri\u00e1na lek\u00e1rska (macskagy\u00f6k\u00e9r) patr\u00ed medzi naj\u00fa\u010dinnej\u0161ie pr\u00edrodn\u00e9 upokojuj\u00face byliny. Zlo\u017eenie: list medovky lek\u00e1rskej, list \u010diernych r\u00edbezl\u00ed, kore\u0148 valeri\u00e1ny lek\u00e1rskej (19 %), \u0161i\u0161tice chme\u013eu, kvet lipy. Pr\u00edprava: Jednu zarovnan\u00fa polievkov\u00fa ly\u017eicu (3 g) \u010dajovej zmesi zalejte 2,5 dl vriacej vody, nechajte [&hellip;]<\/p>","protected":false},"featured_media":10297,"comment_status":"open","ping_status":"closed","template":"","meta":{"inline_featured_image":false},"product_brand":[274],"product_cat":[148],"product_tag":[],"class_list":{"0":"post-8737","1":"product","2":"type-product","3":"status-publish","4":"has-post-thumbnail","6":"product_brand-gyorgytea","7":"product_cat-liecive-rastliny","9":"first","10":"instock","11":"taxable","12":"shipping-taxable","13":"purchasable","14":"product-type-simple"},"aioseo_notices":[],"_links":{"self":[{"href":"https:\/\/www.biokari.sk\/hu\/wp-json\/wp\/v2\/product\/8737","targetHints":{"allow":["GET"]}}],"collection":[{"href":"https:\/\/www.biokari.sk\/hu\/wp-json\/wp\/v2\/product"}],"about":[{"href":"https:\/\/www.biokari.sk\/hu\/wp-json\/wp\/v2\/types\/product"}],"replies":[{"embeddable":true,"href":"https:\/\/www.biokari.sk\/hu\/wp-json\/wp\/v2\/comments?post=8737"}],"wp:featuredmedia":[{"embeddable":true,"href":"https:\/\/www.biokari.sk\/hu\/wp-json\/wp\/v2\/media\/10297"}],"wp:attachment":[{"href":"https:\/\/www.biokari.sk\/hu\/wp-json\/wp\/v2\/media?parent=8737"}],"wp:term":[{"taxonomy":"product_brand","embeddable":true,"href":"https:\/\/www.biokari.sk\/hu\/wp-json\/wp\/v2\/product_brand?post=8737"},{"taxonomy":"product_cat","embeddable":true,"href":"https:\/\/www.biokari.sk\/hu\/wp-json\/wp\/v2\/product_cat?post=8737"},{"taxonomy":"product_tag","embeddable":true,"href":"https:\/\/www.biokari.sk\/hu\/wp-json\/wp\/v2\/product_tag?post=8737"}],"curies":[{"name":"wp","href":"https:\/\/api.w.org\/{rel}","templated":true}]}}