{"id":8739,"date":"2025-07-01T14:36:13","date_gmt":"2025-07-01T12:36:13","guid":{"rendered":"https:\/\/www.biokari.sk\/produkt\/gal-horcik-bisglicynat-kapsuly-90ks\/"},"modified":"2026-01-27T13:30:02","modified_gmt":"2026-01-27T12:30:02","slug":"gal-horcik-bisglicynat-kapsuly-90ks","status":"publish","type":"product","link":"https:\/\/www.biokari.sk\/hu\/termek\/gal-horcik-bisglicynat-kapsuly-90ks\/","title":{"rendered":"Gal Hor\u010d\u00edk bisglicyn\u00e1t kapsuly 90ks"},"content":{"rendered":"<p data-start=\"0\" data-end=\"934\"><strong data-start=\"0\" data-end=\"49\">Hor\u010d\u00edk je jedn\u00fdm z najd\u00f4le\u017eitej\u0161\u00edch miner\u00e1lov<\/strong>, no jeho dostato\u010dn\u00fd pr\u00edjem zo stravy je \u010dasto problematick\u00fd. <strong data-start=\"111\" data-end=\"160\">Stres, \u0161port, vysok\u00fd obsah fyt\u00ednovej kyseliny<\/strong> v potravin\u00e1ch (napr\u00edklad semen\u00e1, celozrnn\u00e9 obilniny, otruby), ako aj <strong data-start=\"230\" data-end=\"244\">k\u00e1va a \u010daj<\/strong> m\u00f4\u017eu ur\u00fdchli\u0165 jeho vylu\u010dovanie z tela. Preto je <strong data-start=\"293\" data-end=\"331\">nedostatok hor\u010d\u00edka ve\u013emi roz\u0161\u00edren\u00fd<\/strong> a jeho dop\u013a\u0148anie je d\u00f4le\u017eit\u00e9 takmer pre ka\u017ed\u00e9ho. Nad\u00e1cia Life Extension Foundation ozna\u010dila hor\u010d\u00edk za <strong data-start=\"434\" data-end=\"455\">\u201enov\u00fd vitam\u00edn D3\u201c<\/strong>, preto\u017ee jeho v\u00fdznam a nedostatok s\u00fa rovnako \u010dast\u00e9 ako pri vitam\u00edne D3. <strong data-start=\"528\" data-end=\"567\">Vstrebate\u013enos\u0165 hor\u010d\u00edkov\u00fdch doplnkov<\/strong> sa v\u0161ak v\u00fdrazne l\u00ed\u0161i a v\u00e4\u010d\u0161ina z nich m\u00f4\u017ee sp\u00f4sobova\u0165 <strong data-start=\"622\" data-end=\"672\">hna\u010dku, riedku stolicu alebo tr\u00e1viace \u0165a\u017ekosti<\/strong>, najm\u00e4 preto, \u017ee via\u017eu \u017eal\u00fado\u010dn\u00fa kyselinu, ktorej tvorba je u\u017e aj tak \u010dasto n\u00edzka. Naopak, <strong data-start=\"764\" data-end=\"786\" data-is-only-node=\"\">hor\u010d\u00edk-bisglycin\u00e1t<\/strong> je forma, ktor\u00e1 sa <strong data-start=\"806\" data-end=\"829\">najlep\u0161ie vstreb\u00e1va<\/strong> a z\u00e1rove\u0148 je <strong data-start=\"843\" data-end=\"880\">naj\u0161etrnej\u0161ia k tr\u00e1viacemu traktu<\/strong>, preto sa odpor\u00fa\u010da aj pre \u013eud\u00ed s citliv\u00fdm \u017eal\u00fadkom.<\/p>\n<p data-start=\"936\" data-end=\"1539\">Hor\u010d\u00edk-bisglycin\u00e1t je <strong data-start=\"958\" data-end=\"997\">so\u013e hor\u010d\u00edka a aminokyseliny glyc\u00ednu<\/strong>, tak\u017ee okrem samotn\u00e9ho hor\u010d\u00edka poskytuje telu aj <strong data-start=\"1047\" data-end=\"1057\">glyc\u00edn<\/strong>, ktor\u00fd m\u00e1 mno\u017estvo priazniv\u00fdch \u00fa\u010dinkov \u2013 zvy\u0161uje \u00fa\u010dinnos\u0165 inzul\u00ednu, pom\u00e1ha stabilizova\u0165 hladinu cukru v krvi, podporuje tvorbu kolag\u00e9nu, zlep\u0161uje <strong data-start=\"1204\" data-end=\"1239\">elasticitu a hydrat\u00e1ciu poko\u017eky<\/strong>, prispieva k <strong data-start=\"1253\" data-end=\"1278\">detoxik\u00e1cii organizmu<\/strong> a <strong data-start=\"1281\" data-end=\"1306\">kvalitnej\u0161iemu sp\u00e1nku<\/strong>. Bisglycin\u00e1tov\u00e1 forma je <strong data-start=\"1332\" data-end=\"1351\">\u201efully reacted\u201c<\/strong>, \u010do znamen\u00e1, \u017ee v nej hor\u010d\u00edk skuto\u010dne chemicky reagoval s glyc\u00ednom \u2013 na rozdiel od lacn\u00fdch, <strong data-start=\"1444\" data-end=\"1476\">\u010diasto\u010dne reagovan\u00fdch foriem<\/strong>, ktor\u00e9 s\u00fa na trhu be\u017en\u00e9 a \u010dasto sp\u00f4sobuj\u00fa tr\u00e1viace probl\u00e9my.<\/p>\n<p data-start=\"1541\" data-end=\"1864\"><strong data-start=\"1541\" data-end=\"1551\">Hor\u010d\u00edk<\/strong> podporuje <strong data-start=\"1562\" data-end=\"1596\">svalov\u00fa pr\u00e1cu a \u0161portov\u00fd v\u00fdkon<\/strong>, pom\u00e1ha predch\u00e1dza\u0165 <strong data-start=\"1617\" data-end=\"1635\">svalov\u00fdm k\u0155\u010dom<\/strong>, ur\u00fdch\u013euje <strong data-start=\"1647\" data-end=\"1669\">regener\u00e1ciu svalov<\/strong>, posil\u0148uje <strong data-start=\"1681\" data-end=\"1700\">imunitn\u00fd syst\u00e9m<\/strong>, chr\u00e1ni <strong data-start=\"1709\" data-end=\"1726\">srdce a cievy<\/strong>, pom\u00e1ha predch\u00e1dza\u0165 kalcifik\u00e1cii, p\u00f4sob\u00ed <strong data-start=\"1768\" data-end=\"1784\">proti stresu<\/strong>, podporuje <strong data-start=\"1796\" data-end=\"1814\" data-is-only-node=\"\">pokojn\u00fd sp\u00e1nok<\/strong> a zlep\u0161uje <strong data-start=\"1826\" data-end=\"1861\">s\u00fastredenie a ment\u00e1lnu svie\u017eos\u0165<\/strong>.<\/p>\n<p data-start=\"1866\" data-end=\"2037\">Odpor\u00fa\u010da sa u\u017e\u00edva\u0165 <strong data-start=\"1885\" data-end=\"1906\">2\u20134 kapsuly denne<\/strong>. Najlep\u0161ie je u\u017ei\u0165 <strong data-start=\"1926\" data-end=\"1959\">1\u20132 kapsuly ve\u010der pred span\u00edm<\/strong>, \u010do m\u00f4\u017ee pom\u00f4c\u0165 aj pri <strong data-start=\"1983\" data-end=\"2005\">no\u010dnom p\u00e1len\u00ed z\u00e1hy<\/strong> a <strong data-start=\"2008\" data-end=\"2034\">zlep\u0161i\u0165 kvalitu sp\u00e1nku<\/strong>.<\/p>\n<p data-start=\"2039\" data-end=\"2253\"><strong data-start=\"2039\" data-end=\"2052\">\u00d6sszet\u00e9tel:<\/strong> 100 % \u201efully reacted\u201c hor\u010d\u00edk-bisglycin\u00e1t, \u017eelat\u00edna (obal kapsuly). Ka\u017ed\u00e1 kapsula obsahuje <strong data-start=\"2143\" data-end=\"2174\">820 mg hor\u010d\u00edka-bisglycin\u00e1tu<\/strong>, z toho <strong data-start=\"2183\" data-end=\"2215\">100 mg element\u00e1rneho hor\u010d\u00edka<\/strong> s vysokou biologickou dostupnos\u0165ou.<\/p>\n<p data-start=\"2255\" data-end=\"2384\"><strong data-start=\"2255\" data-end=\"2286\">\u00da\u010dinn\u00e9 l\u00e1tky v 2 kapsul\u00e1ch:<\/strong> \u201eFully reacted\u201c hor\u010d\u00edk-bisglycin\u00e1t \u2013 1620 mg, z toho <strong data-start=\"2340\" data-end=\"2381\">element\u00e1rny hor\u010d\u00edk: 200 mg (NRV 53 %)<\/strong>.<\/p>\n<p data-start=\"2386\" data-end=\"2883\"><strong data-start=\"2386\" data-end=\"2428\">Pre koho je hor\u010d\u00edk-bisglycin\u00e1t vhodn\u00fd?<\/strong> Pre osoby so <strong data-start=\"2442\" data-end=\"2463\">citliv\u00fdm \u017eal\u00fadkom<\/strong>, pre t\u00fdch, ktor\u00ed preferuj\u00fa <strong data-start=\"2491\" data-end=\"2510\">kapsulov\u00fa formu<\/strong> pred pr\u00e1\u0161kovou, pre \u013eud\u00ed trpiacich <strong data-start=\"2546\" data-end=\"2592\">stresom, svalovou \u00fanavou alebo nespavos\u0165ou<\/strong>, pre ka\u017ed\u00e9ho, kto chce \u0161etrne a efekt\u00edvne dop\u013a\u0148a\u0165 hor\u010d\u00edk. Ve\u010der sa odpor\u00fa\u010da bisglycin\u00e1tov\u00e1 forma (1\u20132 kapsuly pred span\u00edm), cez de\u0148 \u2013 pod\u013ea potreby C-vitam\u00ednu \u2013 <strong data-start=\"2754\" data-end=\"2767\">lakt\u00e1tov\u00e1<\/strong> vagy <strong data-start=\"2774\" data-end=\"2805\">askorb\u00e1tov\u00e1 forma (Magne-C)<\/strong>, aby sa dosiahol celkov\u00fd pr\u00edjem <strong data-start=\"2838\" data-end=\"2880\">250\u2013400 mg element\u00e1rneho hor\u010d\u00edka denne<\/strong>.<\/p>\n<p data-start=\"2885\" data-end=\"3297\" data-is-last-node=\"\" data-is-only-node=\"\"><strong data-start=\"2885\" data-end=\"2897\">Csomagol\u00e1s:<\/strong> 90 kaps\u00fal.<br \/>\n<strong data-start=\"2909\" data-end=\"2925\">T\u00e1rol\u00e1s:<\/strong> Uchov\u00e1vajte na suchom a chladnom mieste, mimo dosahu det\u00ed.<\/p>\n<p data-start=\"2885\" data-end=\"3297\" data-is-last-node=\"\" data-is-only-node=\"\"><strong data-start=\"2985\" data-end=\"3001\">Figyelmeztet\u00e9s:<\/strong> Neprekra\u010dujte odpor\u00fa\u010dan\u00fa denn\u00fa d\u00e1vku. V\u00fd\u017eivov\u00fd doplnok nenahr\u00e1dza pestr\u00fa a vyv\u00e1\u017een\u00fa stravu ani zdrav\u00fd \u017eivotn\u00fd \u0161t\u00fdl. <em data-start=\"3118\" data-end=\"3297\" data-is-last-node=\"\">(V\u00fd\u017eivov\u00e9 doplnky pod\u013ea platnej eur\u00f3pskej legislat\u00edvy predstavuj\u00fa potraviny ur\u010den\u00e9 na doplnenie be\u017enej stravy. Nejde o lieky a nie s\u00fa ur\u010den\u00e9 na lie\u010dbu alebo prevenciu ochoren\u00ed.)<\/em><\/p>","protected":false},"excerpt":{"rendered":"<p>Hor\u010d\u00edk je jedn\u00fdm z najd\u00f4le\u017eitej\u0161\u00edch miner\u00e1lov, no jeho dostato\u010dn\u00fd pr\u00edjem zo stravy je \u010dasto problematick\u00fd. Stres, \u0161port, vysok\u00fd obsah fyt\u00ednovej kyseliny v potravin\u00e1ch (napr\u00edklad semen\u00e1, celozrnn\u00e9 obilniny, otruby), ako aj k\u00e1va a \u010daj m\u00f4\u017eu ur\u00fdchli\u0165 jeho vylu\u010dovanie z tela. Preto je nedostatok hor\u010d\u00edka ve\u013emi roz\u0161\u00edren\u00fd a jeho dop\u013a\u0148anie je d\u00f4le\u017eit\u00e9 takmer pre ka\u017ed\u00e9ho. Nad\u00e1cia Life [&hellip;]<\/p>","protected":false},"featured_media":10267,"comment_status":"open","ping_status":"closed","template":"","meta":{"inline_featured_image":false},"product_brand":[113],"product_cat":[69,146,140,142],"product_tag":[],"class_list":{"0":"post-8739","1":"product","2":"type-product","3":"status-publish","4":"has-post-thumbnail","6":"product_brand-gal","7":"product_cat-vyzivove-doplnky","8":"product_cat-klby-a-reuma","9":"product_cat-posilnenie-imunity","10":"product_cat-srdcovo-cievny-system","12":"first","13":"onbackorder","14":"taxable","15":"shipping-taxable","16":"purchasable","17":"product-type-simple"},"aioseo_notices":[],"_links":{"self":[{"href":"https:\/\/www.biokari.sk\/hu\/wp-json\/wp\/v2\/product\/8739","targetHints":{"allow":["GET"]}}],"collection":[{"href":"https:\/\/www.biokari.sk\/hu\/wp-json\/wp\/v2\/product"}],"about":[{"href":"https:\/\/www.biokari.sk\/hu\/wp-json\/wp\/v2\/types\/product"}],"replies":[{"embeddable":true,"href":"https:\/\/www.biokari.sk\/hu\/wp-json\/wp\/v2\/comments?post=8739"}],"wp:featuredmedia":[{"embeddable":true,"href":"https:\/\/www.biokari.sk\/hu\/wp-json\/wp\/v2\/media\/10267"}],"wp:attachment":[{"href":"https:\/\/www.biokari.sk\/hu\/wp-json\/wp\/v2\/media?parent=8739"}],"wp:term":[{"taxonomy":"product_brand","embeddable":true,"href":"https:\/\/www.biokari.sk\/hu\/wp-json\/wp\/v2\/product_brand?post=8739"},{"taxonomy":"product_cat","embeddable":true,"href":"https:\/\/www.biokari.sk\/hu\/wp-json\/wp\/v2\/product_cat?post=8739"},{"taxonomy":"product_tag","embeddable":true,"href":"https:\/\/www.biokari.sk\/hu\/wp-json\/wp\/v2\/product_tag?post=8739"}],"curies":[{"name":"wp","href":"https:\/\/api.w.org\/{rel}","templated":true}]}}