{"id":8751,"date":"2025-07-01T14:36:15","date_gmt":"2025-07-01T12:36:15","guid":{"rendered":"https:\/\/www.biokari.sk\/produkt\/nordvital-zelezo-bisglicinaty-28mg-60ks\/"},"modified":"2026-04-27T19:02:03","modified_gmt":"2026-04-27T17:02:03","slug":"nordvital-zelezo-bisglicinaty-28mg-60ks","status":"publish","type":"product","link":"https:\/\/www.biokari.sk\/hu\/termek\/nordvital-zelezo-bisglicinaty-28mg-60ks\/","title":{"rendered":"Nordvital \u017delezo bisglicin\u00e1ty 28mg 60ks"},"content":{"rendered":"<p data-start=\"0\" data-end=\"320\"><strong data-start=\"0\" data-end=\"39\">Komplex \u017eelezn\u00fd pr\u00edpravok Nordvital<\/strong> obsahuje v\u0161etky zlo\u017eky v <strong data-start=\"65\" data-end=\"105\">bioakt\u00edvnej, \u013eahko vyu\u017eite\u013enej forme<\/strong>. \u017delezo sa nach\u00e1dza vo forme <strong data-start=\"135\" data-end=\"170\">organick\u00e9ho \u017eelezo-bisglycin\u00e1tu<\/strong>, ktor\u00fd okrem samotn\u00e9ho \u017eeleza poskytuje aj cenn\u00e9 aminokyseliny glyc\u00ednu. Pre synergick\u00fd \u00fa\u010dinok je pr\u00edpravok doplnen\u00fd o <strong data-start=\"289\" data-end=\"317\">vitam\u00edny B6, B9, B12 a C<\/strong>.<\/p>\n<p data-start=\"322\" data-end=\"380\"><strong data-start=\"322\" data-end=\"337\">Adagol\u00e1s: <\/strong>U\u017e\u00edvajte <strong data-start=\"349\" data-end=\"378\">1 kapsulu denne po jedle.<\/strong><\/p>\n<p data-start=\"382\" data-end=\"628\"><strong data-start=\"382\" data-end=\"419\">Obsah \u00fa\u010dinn\u00fdch l\u00e1tok v 1 kapsule:<\/strong><br data-start=\"419\" data-end=\"422\" \/>\u017delezo (\u017eelezo-bisglycin\u00e1t) \u2013 28 mg<br data-start=\"457\" data-end=\"460\" \/>Vitam\u00edn C (magn\u00e9zium-L-askorb\u00e1t) \u2013 100 mg<br data-start=\"501\" data-end=\"504\" \/>Vitam\u00edn B6 (pyridoxal-5-fosf\u00e1t) \u2013 2 mg<br data-start=\"542\" data-end=\"545\" \/>Vitam\u00edn B9 (v\u00e1pnik-L-metyl-fol\u00e1t) \u2013 400 \u03bcg<br data-start=\"587\" data-end=\"590\" \/>Vitam\u00edn B12 (metylkobalam\u00edn) \u2013 50 \u03bcg<\/p>\n<p data-start=\"630\" data-end=\"876\"><strong data-start=\"630\" data-end=\"643\">\u00d6sszet\u00e9tel: <\/strong>Plnivo (mikrokry\u0161talick\u00e1 celul\u00f3za), \u017eelezo-bisglycin\u00e1t, magn\u00e9zium-L-askorb\u00e1t, hydroxypropylmetylcelul\u00f3za (veg\u00e1nska kapsula), protihrudkuj\u00faca l\u00e1tka (aminokyselina leuc\u00edn), pyridoxal-5-fosf\u00e1t, v\u00e1pnik-L-metyl-fol\u00e1t, metylkobalam\u00edn.<\/p>\n<p data-start=\"878\" data-end=\"941\"><strong data-start=\"878\" data-end=\"939\">Vhodn\u00e9 pre veg\u00e1nov a vegetari\u00e1nov. Bez lepku a bez cukru.<\/strong><\/p>\n<h3 data-start=\"948\" data-end=\"992\"><strong data-start=\"952\" data-end=\"992\">\u010eal\u0161ie inform\u00e1cie o \u00fa\u010dinn\u00fdch l\u00e1tkach<\/strong><\/h3>\n<p data-start=\"994\" data-end=\"1409\"><strong data-start=\"994\" data-end=\"1054\">Bioakt\u00edvny \u017eelezo-bisglycin\u00e1t pre optim\u00e1lne vstreb\u00e1vanie<\/strong><br data-start=\"1054\" data-end=\"1057\" \/>\u017delezo je nevyhnutn\u00e9 pre transport kysl\u00edka do v\u0161etk\u00fdch \u010dast\u00ed tela. Forma <strong data-start=\"1130\" data-end=\"1153\">\u017eelezo-bisglycin\u00e1tu<\/strong>, pou\u017eit\u00e1 v produkte Nordvital, sa vyzna\u010duje <strong data-start=\"1198\" data-end=\"1234\">vysokou biologickou dostupnos\u0165ou<\/strong>, \u010do zais\u0165uje efekt\u00edvnu tvorbu \u010derven\u00fdch krviniek a udr\u017eiavanie energetickej hladiny. V\u010faka organickej forme m\u00f4\u017ee by\u0165 \u017eelezo lep\u0161ie zn\u00e1\u0161an\u00e9 a menej za\u0165a\u017euje tr\u00e1viaci syst\u00e9m.<\/p>\n<p data-start=\"1411\" data-end=\"1713\"><strong data-start=\"1411\" data-end=\"1443\">Vitam\u00edn C na podporu imunity<\/strong><br data-start=\"1443\" data-end=\"1446\" \/>Vitam\u00edn C je zn\u00e1my antioxidant, ktor\u00fd <strong data-start=\"1484\" data-end=\"1523\">chr\u00e1ni bunky pred oxida\u010dn\u00fdm stresom<\/strong>, podporuje <strong data-start=\"1535\" data-end=\"1573\">spr\u00e1vnu funkciu imunitn\u00e9ho syst\u00e9mu<\/strong>, tvorbu kolag\u00e9nu a zlep\u0161uje <strong data-start=\"1602\" data-end=\"1632\">vyu\u017eite\u013enos\u0165 \u017eeleza v tele<\/strong>. Vo forme <strong data-start=\"1643\" data-end=\"1668\">magn\u00e9zium-L-askorb\u00e1tu<\/strong> je stabiln\u00fd a \u0161etrn\u00fd k tr\u00e1viacemu syst\u00e9mu.<\/p>\n<p data-start=\"1715\" data-end=\"2046\"><strong data-start=\"1715\" data-end=\"1756\">Vitam\u00edn B6 pre efekt\u00edvny metabolizmus<\/strong><br data-start=\"1756\" data-end=\"1759\" \/>Vitam\u00edn B6 je d\u00f4le\u017eit\u00fd pre <strong data-start=\"1786\" data-end=\"1812\">metabolizmus bielkov\u00edn<\/strong>, synt\u00e9zu <strong data-start=\"1822\" data-end=\"1843\">neurotransmiterov<\/strong> a <strong data-start=\"1846\" data-end=\"1866\">imunitn\u00e9 funkcie<\/strong>. Jeho dostato\u010dn\u00e1 hladina prispieva k vyrovnanej n\u00e1lade a k regul\u00e1cii energie. Forma <strong data-start=\"1951\" data-end=\"1974\">pyridoxal-5-fosf\u00e1tu<\/strong> je biologicky akt\u00edvna, \u010do znamen\u00e1, \u017ee ju telo dok\u00e1\u017ee okam\u017eite vyu\u017ei\u0165.<\/p>\n<p data-start=\"2048\" data-end=\"2343\"><strong data-start=\"2048\" data-end=\"2090\">Vitam\u00edn B9 (fol\u00e1t) pre bunkov\u00e9 delenie<\/strong><br data-start=\"2090\" data-end=\"2093\" \/>Fol\u00e1t hr\u00e1 k\u013e\u00fa\u010dov\u00fa \u00falohu v <strong data-start=\"2119\" data-end=\"2151\">synt\u00e9ze DNA, bunkovom delen\u00ed<\/strong> a <strong data-start=\"2154\" data-end=\"2170\">v\u00fdvine plodu<\/strong>. Pou\u017eit\u00e1 forma <strong data-start=\"2186\" data-end=\"2211\">v\u00e1pnik-L-metyl-fol\u00e1tu<\/strong> je pre organizmus priamo vyu\u017eite\u013en\u00e1 a odpor\u00fa\u010dan\u00e1 najm\u00e4 <strong data-start=\"2267\" data-end=\"2285\">tehotn\u00fdm \u017een\u00e1m<\/strong>, preto\u017ee podporuje zdrav\u00fd v\u00fdvoj nervovej s\u00fastavy plodu.<\/p>\n<p data-start=\"2345\" data-end=\"2655\"><strong data-start=\"2345\" data-end=\"2398\">Vitam\u00edn B12 pre spr\u00e1vnu \u010dinnos\u0165 nervov\u00e9ho syst\u00e9mu<\/strong><br data-start=\"2398\" data-end=\"2401\" \/>Vitam\u00edn B12 je nevyhnutn\u00fd pre <strong data-start=\"2431\" data-end=\"2460\">tvorbu \u010derven\u00fdch krviniek<\/strong> a spr\u00e1vne fungovanie <strong data-start=\"2482\" data-end=\"2502\">nervovej s\u00fastavy<\/strong>. Forma <strong data-start=\"2510\" data-end=\"2529\">metylkobalam\u00ednu<\/strong> je biologicky akt\u00edvna a priamo sa podie\u013ea na <strong data-start=\"2575\" data-end=\"2603\">metabolizme homocyste\u00ednu<\/strong>, ako aj na podpore pam\u00e4ti a kognit\u00edvnych funkci\u00ed.<\/p>\n<p data-start=\"2657\" data-end=\"2974\"><strong data-start=\"2657\" data-end=\"2689\">Pr\u00edrodn\u00e9 a veg\u00e1nske zlo\u017eenie<\/strong><br data-start=\"2689\" data-end=\"2692\" \/>Produkt <strong data-start=\"2700\" data-end=\"2740\">Nordvital \u017delezo-bisglycin\u00e1t + Fol\u00e1t<\/strong> je <strong data-start=\"2744\" data-end=\"2794\">veg\u00e1nsky, vegetari\u00e1nsky, bez lepku a bez cukru<\/strong>, tak\u017ee je vhodn\u00fd pre r\u00f4zne v\u00fd\u017eivov\u00e9 potreby. Pou\u017eit\u00e9 boli len <strong data-start=\"2857\" data-end=\"2895\">pr\u00edrodn\u00e9 zlo\u017eky s vysokou \u010distotou<\/strong>, bez zbyto\u010dn\u00fdch adit\u00edv, \u010do zaru\u010duje maxim\u00e1lnu bioakt\u00edvnos\u0165 a vstrebate\u013enos\u0165.<\/p>\n<p data-start=\"2976\" data-end=\"3284\"><strong data-start=\"2976\" data-end=\"3012\">Podpora zdrav\u00e9ho \u017eivotn\u00e9ho \u0161t\u00fdlu<\/strong><br data-start=\"3012\" data-end=\"3015\" \/>Tento v\u00fd\u017eivov\u00fd doplnok je ide\u00e1lnou vo\u013ebou pre ka\u017ed\u00e9ho, kto chce <strong data-start=\"3079\" data-end=\"3140\">prirodzene podpori\u0165 z\u00e1soby \u017eeleza a vitam\u00ednov v organizme<\/strong>. Pom\u00e1ha udr\u017eiava\u0165 <strong data-start=\"3159\" data-end=\"3207\">energiu, vitalitu a celkov\u00fa telesn\u00fa kond\u00edciu<\/strong>, najm\u00e4 pri akt\u00edvnom \u017eivotnom \u0161t\u00fdle, vyv\u00e1\u017eenej strave a pravidelnom pohybe.<\/p>\n<p data-start=\"3286\" data-end=\"3502\" data-is-last-node=\"\" data-is-only-node=\"\"><strong data-start=\"3286\" data-end=\"3298\">Csomagol\u00e1s:<\/strong> 60 kaps\u00fal<br data-start=\"3308\" data-end=\"3311\" \/><strong data-start=\"3311\" data-end=\"3327\">Figyelmeztet\u00e9s:<\/strong> Neprekra\u010dujte odpor\u00fa\u010dan\u00fa denn\u00fa d\u00e1vku! V\u00fd\u017eivov\u00fd doplnok nenahr\u00e1dza pestr\u00fa a vyv\u00e1\u017een\u00fa stravu ani zdrav\u00fd \u017eivotn\u00fd \u0161t\u00fdl. Uchov\u00e1vajte mimo dosahu det\u00ed, na suchom a chladnom mieste.<\/p>","protected":false},"excerpt":{"rendered":"<p>Komplex \u017eelezn\u00fd pr\u00edpravok Nordvital obsahuje v\u0161etky zlo\u017eky v bioakt\u00edvnej, \u013eahko vyu\u017eite\u013enej forme. \u017delezo sa nach\u00e1dza vo forme organick\u00e9ho \u017eelezo-bisglycin\u00e1tu, ktor\u00fd okrem samotn\u00e9ho \u017eeleza poskytuje aj cenn\u00e9 aminokyseliny glyc\u00ednu. Pre synergick\u00fd \u00fa\u010dinok je pr\u00edpravok doplnen\u00fd o vitam\u00edny B6, B9, B12 a C. D\u00e1vkovanie: U\u017e\u00edvajte 1 kapsulu denne po jedle. Obsah \u00fa\u010dinn\u00fdch l\u00e1tok v 1 kapsule:\u017delezo (\u017eelezo-bisglycin\u00e1t) [&hellip;]<\/p>","protected":false},"featured_media":10263,"comment_status":"open","ping_status":"closed","template":"","meta":{"inline_featured_image":false},"product_brand":[112],"product_cat":[69],"product_tag":[],"class_list":{"0":"post-8751","1":"product","2":"type-product","3":"status-publish","4":"has-post-thumbnail","6":"product_brand-nordvital","7":"product_cat-vyzivove-doplnky","9":"first","10":"instock","11":"taxable","12":"shipping-taxable","13":"purchasable","14":"product-type-simple"},"aioseo_notices":[],"_links":{"self":[{"href":"https:\/\/www.biokari.sk\/hu\/wp-json\/wp\/v2\/product\/8751","targetHints":{"allow":["GET"]}}],"collection":[{"href":"https:\/\/www.biokari.sk\/hu\/wp-json\/wp\/v2\/product"}],"about":[{"href":"https:\/\/www.biokari.sk\/hu\/wp-json\/wp\/v2\/types\/product"}],"replies":[{"embeddable":true,"href":"https:\/\/www.biokari.sk\/hu\/wp-json\/wp\/v2\/comments?post=8751"}],"wp:featuredmedia":[{"embeddable":true,"href":"https:\/\/www.biokari.sk\/hu\/wp-json\/wp\/v2\/media\/10263"}],"wp:attachment":[{"href":"https:\/\/www.biokari.sk\/hu\/wp-json\/wp\/v2\/media?parent=8751"}],"wp:term":[{"taxonomy":"product_brand","embeddable":true,"href":"https:\/\/www.biokari.sk\/hu\/wp-json\/wp\/v2\/product_brand?post=8751"},{"taxonomy":"product_cat","embeddable":true,"href":"https:\/\/www.biokari.sk\/hu\/wp-json\/wp\/v2\/product_cat?post=8751"},{"taxonomy":"product_tag","embeddable":true,"href":"https:\/\/www.biokari.sk\/hu\/wp-json\/wp\/v2\/product_tag?post=8751"}],"curies":[{"name":"wp","href":"https:\/\/api.w.org\/{rel}","templated":true}]}}