{"id":8753,"date":"2025-07-01T14:36:16","date_gmt":"2025-07-01T12:36:16","guid":{"rendered":"https:\/\/www.biokari.sk\/produkt\/nordvital-myo-inozitol-prasok-120g\/"},"modified":"2026-04-26T19:01:51","modified_gmt":"2026-04-26T17:01:51","slug":"nordvital-myo-inozitol-prasok-120g","status":"publish","type":"product","link":"https:\/\/www.biokari.sk\/hu\/termek\/nordvital-myo-inozitol-prasok-120g\/","title":{"rendered":"Nordvital Myo-Inozitol pr\u00e1\u0161ok 120g"},"content":{"rendered":"<p data-start=\"125\" data-end=\"179\"><strong data-start=\"125\" data-end=\"149\">Myo-inozitol 2000 mg<\/strong><br data-start=\"149\" data-end=\"152\" \/>100 % pr\u00e1\u0161kov\u00fd myo-inozitol<\/p>\n<p data-start=\"181\" data-end=\"546\">Myo-inozitol je <strong data-start=\"197\" data-end=\"223\">vitam\u00ednu podobn\u00e1 l\u00e1tka<\/strong> zo skupiny B-vitam\u00ednov, ktor\u00e1 sa <strong data-start=\"257\" data-end=\"300\">prirodzene nach\u00e1dza v \u013eudskom organizme<\/strong>. V nutri\u010dnej vede sa sp\u00e1ja najm\u00e4 so <strong data-start=\"337\" data-end=\"367\">spr\u00e1vnym fungovan\u00edm buniek<\/strong>, <strong data-start=\"369\" data-end=\"392\">sign\u00e1lnymi procesmi<\/strong> a <strong data-start=\"395\" data-end=\"421\">hormon\u00e1lnou rovnov\u00e1hou<\/strong>. Je ob\u013e\u00faben\u00fd medzi \u013eu\u010fmi, ktor\u00ed venuj\u00fa zv\u00fd\u0161en\u00fa pozornos\u0165 podpore <strong data-start=\"487\" data-end=\"511\">hormon\u00e1lneho zdravia<\/strong> a celkovej metabolickej rovnov\u00e1he.<\/p>\n<p data-start=\"548\" data-end=\"589\"><strong data-start=\"548\" data-end=\"561\">\u00d6sszet\u00e9tel:<\/strong> 100 % myo-inozitol (pr\u00e1\u0161ok)<\/p>\n<p data-start=\"591\" data-end=\"718\"><strong data-start=\"591\" data-end=\"617\">Aj\u00e1nlott adagol\u00e1s:<\/strong><br data-start=\"617\" data-end=\"620\" \/>Denne 2 g pr\u00e1\u0161ku (pribli\u017ene 1 \u010dajov\u00e1 ly\u017ei\u010dka) rozpusti\u0165 v poh\u00e1ri vody alebo inej tekutiny a vypi\u0165.<\/p>\n<p data-start=\"720\" data-end=\"995\"><strong data-start=\"720\" data-end=\"736\">Upozornenia:<\/strong><br data-start=\"736\" data-end=\"739\" \/>V\u00fd\u017eivov\u00fd doplnok sa nesmie pou\u017e\u00edva\u0165 ako n\u00e1hrada pestrej a vyv\u00e1\u017eenej stravy a zdrav\u00e9ho \u017eivotn\u00e9ho \u0161t\u00fdlu.<br data-start=\"841\" data-end=\"844\" \/>Ne l\u00e9pje t\u00fal az aj\u00e1nlott napi adagot.<br data-start=\"881\" data-end=\"884\" \/>Nevhodn\u00e9 pre osoby alergick\u00e9 alebo precitliven\u00e9 na ktor\u00fako\u013evek zlo\u017eku produktu.<br data-start=\"963\" data-end=\"966\" \/>Uchov\u00e1vajte mimo dosahu det\u00ed.<\/p>\n<p data-start=\"997\" data-end=\"1073\"><strong data-start=\"997\" data-end=\"1013\">T\u00e1rol\u00e1s:<\/strong><br data-start=\"1013\" data-end=\"1016\" \/>Uchov\u00e1vajte na suchom, tmavom mieste pri izbovej teplote.<\/p>\n<p data-start=\"1075\" data-end=\"1094\"><strong data-start=\"1075\" data-end=\"1088\">S\u00faly:<\/strong> 120 g<\/p>","protected":false},"excerpt":{"rendered":"<p> <a class=\"more-link\" href=\"#tab-description\">B\u0151vebben<\/a><\/p>","protected":false},"featured_media":8754,"comment_status":"open","ping_status":"closed","template":"","meta":{"inline_featured_image":false},"product_brand":[112],"product_cat":[69],"product_tag":[],"class_list":{"0":"post-8753","1":"product","2":"type-product","3":"status-publish","4":"has-post-thumbnail","6":"product_brand-nordvital","7":"product_cat-vyzivove-doplnky","9":"first","10":"instock","11":"taxable","12":"shipping-taxable","13":"purchasable","14":"product-type-simple"},"aioseo_notices":[],"_links":{"self":[{"href":"https:\/\/www.biokari.sk\/hu\/wp-json\/wp\/v2\/product\/8753","targetHints":{"allow":["GET"]}}],"collection":[{"href":"https:\/\/www.biokari.sk\/hu\/wp-json\/wp\/v2\/product"}],"about":[{"href":"https:\/\/www.biokari.sk\/hu\/wp-json\/wp\/v2\/types\/product"}],"replies":[{"embeddable":true,"href":"https:\/\/www.biokari.sk\/hu\/wp-json\/wp\/v2\/comments?post=8753"}],"wp:featuredmedia":[{"embeddable":true,"href":"https:\/\/www.biokari.sk\/hu\/wp-json\/wp\/v2\/media\/8754"}],"wp:attachment":[{"href":"https:\/\/www.biokari.sk\/hu\/wp-json\/wp\/v2\/media?parent=8753"}],"wp:term":[{"taxonomy":"product_brand","embeddable":true,"href":"https:\/\/www.biokari.sk\/hu\/wp-json\/wp\/v2\/product_brand?post=8753"},{"taxonomy":"product_cat","embeddable":true,"href":"https:\/\/www.biokari.sk\/hu\/wp-json\/wp\/v2\/product_cat?post=8753"},{"taxonomy":"product_tag","embeddable":true,"href":"https:\/\/www.biokari.sk\/hu\/wp-json\/wp\/v2\/product_tag?post=8753"}],"curies":[{"name":"wp","href":"https:\/\/api.w.org\/{rel}","templated":true}]}}