{"id":8769,"date":"2025-07-01T14:36:18","date_gmt":"2025-07-01T12:36:18","guid":{"rendered":"https:\/\/www.biokari.sk\/produkt\/nordvital-shilajit-kapsuly-60ks\/"},"modified":"2026-04-26T19:01:51","modified_gmt":"2026-04-26T17:01:51","slug":"nordvital-shilajit-kapsuly-60ks","status":"publish","type":"product","link":"https:\/\/www.biokari.sk\/hu\/termek\/nordvital-shilajit-kapsuly-60ks\/","title":{"rendered":"Nordvital Shilajit kapsuly 60ks"},"content":{"rendered":"<p data-start=\"189\" data-end=\"473\">Shilajit je <strong data-start=\"201\" data-end=\"228\">pr\u00edrodn\u00e1 \u017eivicov\u00e1 l\u00e1tka<\/strong>, ktor\u00e1 sa tradi\u010dne pou\u017e\u00edva v \u00e1jurv\u00e9de. Vznik\u00e1 <strong data-start=\"275\" data-end=\"316\">dlhodob\u00fdm rozkladom organick\u00fdch l\u00e1tok<\/strong> v horsk\u00fdch oblastiach, najm\u00e4 v Himal\u00e1jach. Obsahuje <strong data-start=\"369\" data-end=\"400\">fulvov\u00e9 a hum\u00ednov\u00e9 kyseliny<\/strong>, ktor\u00e9 s\u00fa prirodzenou s\u00fa\u010das\u0165ou p\u00f4dnych miner\u00e1lov a organick\u00fdch zl\u00fa\u010den\u00edn.<\/p>\n<p data-start=\"475\" data-end=\"580\"><strong data-start=\"475\" data-end=\"488\">\u00d6sszet\u00e9tel:<\/strong> shilajit extrakt, ry\u017eov\u00e1 m\u00faka, hydroxypropylmetylcelul\u00f3za (veg\u00e1nsky obal kapsuly), L-leuc\u00edn<\/p>\n<p data-start=\"582\" data-end=\"690\"><strong data-start=\"582\" data-end=\"620\">Obsah akt\u00edvnych l\u00e1tok v 1 kapsule:<\/strong><br data-start=\"620\" data-end=\"623\" \/>Shilajit extrakt 250 mg<br data-start=\"646\" data-end=\"649\" \/>z toho fulvov\u00e9 a hum\u00ednov\u00e9 kyseliny 125 mg<\/p>\n<p data-start=\"692\" data-end=\"750\"><strong data-start=\"692\" data-end=\"718\">Aj\u00e1nlott adagol\u00e1s:<\/strong><br data-start=\"718\" data-end=\"721\" \/>1 kapsula denne, zapi\u0165 vodou.<\/p>\n<p data-start=\"752\" data-end=\"1007\"><strong data-start=\"752\" data-end=\"768\">Upozornenia:<\/strong><br data-start=\"768\" data-end=\"771\" \/>V\u00fd\u017eivov\u00fd doplnok sa nesmie pou\u017e\u00edva\u0165 ako n\u00e1hrada pestrej, vyv\u00e1\u017eenej stravy a zdrav\u00e9ho \u017eivotn\u00e9ho \u0161t\u00fdlu.<br data-start=\"872\" data-end=\"875\" \/>Ne l\u00e9pje t\u00fal az aj\u00e1nlott napi adagot.<br data-start=\"912\" data-end=\"915\" \/>Nevhodn\u00e9 pre osoby alergick\u00e9 na ktor\u00fako\u013evek zlo\u017eku produktu.<br data-start=\"975\" data-end=\"978\" \/>Uchov\u00e1vajte mimo dosahu det\u00ed.<\/p>\n<p data-start=\"1009\" data-end=\"1073\"><strong data-start=\"1009\" data-end=\"1025\">T\u00e1rol\u00e1s: <\/strong>Na suchom, tmavom mieste pri izbovej teplote.<\/p>\n\n\n<p><strong>Balenie<\/strong>: 60 kaps\u00fal<\/p>","protected":false},"excerpt":{"rendered":"<p>Shilajit je pr\u00edrodn\u00e1 \u017eivicov\u00e1 l\u00e1tka, ktor\u00e1 sa tradi\u010dne pou\u017e\u00edva v \u00e1jurv\u00e9de. Vznik\u00e1 dlhodob\u00fdm rozkladom organick\u00fdch l\u00e1tok v horsk\u00fdch oblastiach, najm\u00e4 v Himal\u00e1jach. Obsahuje fulvov\u00e9 a hum\u00ednov\u00e9 kyseliny, ktor\u00e9 s\u00fa prirodzenou s\u00fa\u010das\u0165ou p\u00f4dnych miner\u00e1lov a organick\u00fdch zl\u00fa\u010den\u00edn. Zlo\u017eenie: shilajit extrakt, ry\u017eov\u00e1 m\u00faka, hydroxypropylmetylcelul\u00f3za (veg\u00e1nsky obal kapsuly), L-leuc\u00edn Obsah akt\u00edvnych l\u00e1tok v 1 kapsule:Shilajit extrakt 250 mgz [&hellip;]<\/p>","protected":false},"featured_media":10432,"comment_status":"open","ping_status":"closed","template":"","meta":{"inline_featured_image":false},"product_brand":[112],"product_cat":[69],"product_tag":[],"class_list":{"0":"post-8769","1":"product","2":"type-product","3":"status-publish","4":"has-post-thumbnail","6":"product_brand-nordvital","7":"product_cat-vyzivove-doplnky","9":"first","10":"instock","11":"taxable","12":"shipping-taxable","13":"purchasable","14":"product-type-simple"},"aioseo_notices":[],"_links":{"self":[{"href":"https:\/\/www.biokari.sk\/hu\/wp-json\/wp\/v2\/product\/8769","targetHints":{"allow":["GET"]}}],"collection":[{"href":"https:\/\/www.biokari.sk\/hu\/wp-json\/wp\/v2\/product"}],"about":[{"href":"https:\/\/www.biokari.sk\/hu\/wp-json\/wp\/v2\/types\/product"}],"replies":[{"embeddable":true,"href":"https:\/\/www.biokari.sk\/hu\/wp-json\/wp\/v2\/comments?post=8769"}],"wp:featuredmedia":[{"embeddable":true,"href":"https:\/\/www.biokari.sk\/hu\/wp-json\/wp\/v2\/media\/10432"}],"wp:attachment":[{"href":"https:\/\/www.biokari.sk\/hu\/wp-json\/wp\/v2\/media?parent=8769"}],"wp:term":[{"taxonomy":"product_brand","embeddable":true,"href":"https:\/\/www.biokari.sk\/hu\/wp-json\/wp\/v2\/product_brand?post=8769"},{"taxonomy":"product_cat","embeddable":true,"href":"https:\/\/www.biokari.sk\/hu\/wp-json\/wp\/v2\/product_cat?post=8769"},{"taxonomy":"product_tag","embeddable":true,"href":"https:\/\/www.biokari.sk\/hu\/wp-json\/wp\/v2\/product_tag?post=8769"}],"curies":[{"name":"wp","href":"https:\/\/api.w.org\/{rel}","templated":true}]}}