{"id":8771,"date":"2025-07-01T14:36:19","date_gmt":"2025-07-01T12:36:19","guid":{"rendered":"https:\/\/www.biokari.sk\/produkt\/nordvital-glicin-prasok-250g\/"},"modified":"2026-04-09T19:02:19","modified_gmt":"2026-04-09T17:02:19","slug":"nordvital-glicin-prasok-250g","status":"publish","type":"product","link":"https:\/\/www.biokari.sk\/hu\/termek\/nordvital-glicin-prasok-250g\/","title":{"rendered":"Nordvital Glicin pr\u00e1\u0161ok 250g"},"content":{"rendered":"<p data-start=\"32\" data-end=\"164\">Glyc\u00edn m\u00f4\u017ee <strong data-start=\"65\" data-end=\"91\">zlep\u0161i\u0165 kvalitu sp\u00e1nku<\/strong>, podpori\u0165 <strong data-start=\"102\" data-end=\"123\">pokojn\u00fd odpo\u010dinok<\/strong> a prispie\u0165 k <strong data-start=\"137\" data-end=\"161\">svie\u017eemu preb\u00fadzaniu<\/strong>.Pom\u00e1ha pri <strong data-start=\"218\" data-end=\"251\">budovan\u00ed a regener\u00e1cii svalov<\/strong>, \u010d\u00edm <strong data-start=\"257\" data-end=\"292\">ur\u00fdch\u013euje zotavenie po tr\u00e9ningu<\/strong> a podporuje celkov\u00fa fyzick\u00fa v\u00fdkonnos\u0165.\u00a0<strong data-start=\"335\" data-end=\"365\">Pozit\u00edvny vplyv na poko\u017eku<\/strong><br data-start=\"365\" data-end=\"368\" \/>Podporuje <strong data-start=\"378\" data-end=\"406\">zdrav\u00fa \u0161trukt\u00faru poko\u017eky<\/strong>, napom\u00e1ha jej <strong data-start=\"421\" data-end=\"457\">elasticite a mladistv\u00e9mu vzh\u013eadu<\/strong>.\u00a0<strong data-start=\"462\" data-end=\"491\">Ide\u00e1lny doplnok pri di\u00e9te<\/strong><br data-start=\"491\" data-end=\"494\" \/>Glyc\u00edn sa podie\u013ea na <strong data-start=\"515\" data-end=\"537\">metabolizme cukrov<\/strong> a m\u00f4\u017ee pom\u00e1ha\u0165 <strong data-start=\"553\" data-end=\"590\">udr\u017eiava\u0165 zdrav\u00fa telesn\u00fa hmotnos\u0165<\/strong>.<\/p>\n<p data-start=\"595\" data-end=\"629\"><strong data-start=\"595\" data-end=\"612\">Akt\u00edv \u00f6sszetev\u0151: <\/strong>Glyc\u00edn \u2013 3 g<\/p>\n<p data-start=\"631\" data-end=\"661\"><strong data-start=\"631\" data-end=\"644\">\u00d6sszet\u00e9tel: <\/strong>100 % glyc\u00edn<\/p>\n<p data-start=\"663\" data-end=\"801\"><strong data-start=\"663\" data-end=\"689\">Aj\u00e1nlott adagol\u00e1s:<\/strong><br data-start=\"689\" data-end=\"692\" \/>Denne <strong data-start=\"698\" data-end=\"713\">3 g glyc\u00ednu<\/strong> rozpusten\u00e9ho v tekutine. M\u00f4\u017ee sa u\u017e\u00edva\u0165 <strong data-start=\"754\" data-end=\"778\">kedyko\u013evek po\u010das d\u0148a<\/strong>, nez\u00e1visle od jedla.<\/p>\n<p data-start=\"803\" data-end=\"827\">Len pre <strong data-start=\"811\" data-end=\"824\">dospel\u00fdch<\/strong>.<\/p>\n<p data-start=\"829\" data-end=\"937\">Uchov\u00e1vajte <strong data-start=\"841\" data-end=\"916\">na suchom mieste, chr\u00e1nenom pred slne\u010dn\u00fdm \u017eiaren\u00edm, pri izbovej teplote<\/strong>, mimo dosahu det\u00ed.<\/p>\n<p data-start=\"939\" data-end=\"1079\"><strong data-start=\"939\" data-end=\"955\">Figyelmeztet\u00e9s: <\/strong>Neprekra\u010dujte odpor\u00fa\u010dan\u00fa denn\u00fa d\u00e1vku! V\u00fd\u017eivov\u00fd doplnok <strong data-start=\"1013\" data-end=\"1077\">nenahr\u00e1dza pestr\u00fa a vyv\u00e1\u017een\u00fa stravu ani zdrav\u00fd \u017eivotn\u00fd \u0161t\u00fdl.<\/strong><\/p>\n<p data-start=\"1081\" data-end=\"1172\" data-is-last-node=\"\" data-is-only-node=\"\"><strong data-start=\"1081\" data-end=\"1107\">Alerg\u00e9nov\u00e1 inform\u00e1cia: <\/strong>Vyroben\u00e9 v z\u00e1vode, ktor\u00fd sprac\u00fava <strong data-start=\"1144\" data-end=\"1172\" data-is-last-node=\"\">ara\u0161idy, orechy a sezam.<\/strong><\/p>\n\n\n<p><strong>S\u00faly: <\/strong>250g<\/p>\n\n\n\n<p><\/p>","protected":false},"excerpt":{"rendered":"<p>Podporte svoje zdravie glyc\u00ednom \u2013 priate\u013eom sp\u00e1nku, poko\u017eky a svalov.<\/p>\n<p>Glyc\u00edn je hlavn\u00e1 aminokyselina kolag\u00e9nu, ktor\u00fd je hlavn\u00fdm \u0161truktur\u00e1lnym prote\u00ednom v spojivov\u00fdch tkaniv\u00e1ch, ako s\u00fa kosti, ko\u017ea, v\u00e4zy, \u0161\u013eachy a chrupavky.<\/p>\n<p>Pom\u00e1ha budova\u0165 svalov\u00fa hmotu.<br \/>\nPodporovate\u013e sp\u00e1nku.<br \/>\nPozit\u00edvny vplyv na poko\u017e&#8230; <a class=\"more-link\" href=\"#tab-description\">B\u0151vebben<\/a><\/p>","protected":false},"featured_media":10337,"comment_status":"open","ping_status":"closed","template":"","meta":{"inline_featured_image":false},"product_brand":[112],"product_cat":[69,71,168],"product_tag":[],"class_list":{"0":"post-8771","1":"product","2":"type-product","3":"status-publish","4":"has-post-thumbnail","6":"product_brand-nordvital","7":"product_cat-vyzivove-doplnky","8":"product_cat-potraviny","9":"product_cat-nahradne-sladidla","11":"first","12":"instock","13":"taxable","14":"shipping-taxable","15":"purchasable","16":"product-type-simple"},"aioseo_notices":[],"_links":{"self":[{"href":"https:\/\/www.biokari.sk\/hu\/wp-json\/wp\/v2\/product\/8771","targetHints":{"allow":["GET"]}}],"collection":[{"href":"https:\/\/www.biokari.sk\/hu\/wp-json\/wp\/v2\/product"}],"about":[{"href":"https:\/\/www.biokari.sk\/hu\/wp-json\/wp\/v2\/types\/product"}],"replies":[{"embeddable":true,"href":"https:\/\/www.biokari.sk\/hu\/wp-json\/wp\/v2\/comments?post=8771"}],"wp:featuredmedia":[{"embeddable":true,"href":"https:\/\/www.biokari.sk\/hu\/wp-json\/wp\/v2\/media\/10337"}],"wp:attachment":[{"href":"https:\/\/www.biokari.sk\/hu\/wp-json\/wp\/v2\/media?parent=8771"}],"wp:term":[{"taxonomy":"product_brand","embeddable":true,"href":"https:\/\/www.biokari.sk\/hu\/wp-json\/wp\/v2\/product_brand?post=8771"},{"taxonomy":"product_cat","embeddable":true,"href":"https:\/\/www.biokari.sk\/hu\/wp-json\/wp\/v2\/product_cat?post=8771"},{"taxonomy":"product_tag","embeddable":true,"href":"https:\/\/www.biokari.sk\/hu\/wp-json\/wp\/v2\/product_tag?post=8771"}],"curies":[{"name":"wp","href":"https:\/\/api.w.org\/{rel}","templated":true}]}}