{"id":8785,"date":"2025-07-01T14:36:25","date_gmt":"2025-07-01T12:36:25","guid":{"rendered":"https:\/\/www.biokari.sk\/produkt\/gal-vitamin-e-komplex-95ml\/"},"modified":"2026-01-27T08:41:47","modified_gmt":"2026-01-27T07:41:47","slug":"gal-vitamin-e-komplex-95ml","status":"publish","type":"product","link":"https:\/\/www.biokari.sk\/hu\/termek\/gal-vitamin-e-komplex-95ml\/","title":{"rendered":"Gal Vitam\u00edn E &#8211; Komplex 95ml"},"content":{"rendered":"<p data-start=\"134\" data-end=\"669\">N\u00e1\u0161 produkt obsahuje v\u0161etky <strong data-start=\"207\" data-end=\"230\">4 formy tokoferolov<\/strong> z rodiny vitam\u00ednu E (alfa, beta, gamma a delta) v <strong data-start=\"281\" data-end=\"316\">bezs\u00f3jovom, rastlinnom extrakte<\/strong> rozpusten\u00e9 v <strong data-start=\"330\" data-end=\"361\">n\u00edzko-\u03a96 slne\u010dnicovom oleji<\/strong>. Takto z\u00edskavate <strong data-start=\"379\" data-end=\"414\">prirodzen\u00fd E-vitam\u00ednov\u00fd komplex<\/strong> aj bez kaps\u00fal. Vitam\u00edn E vo forme alfa-tokoferolu sa s\u00edce pou\u017e\u00edva naj\u010dastej\u0161ie, no v pr\u00edrode sa takmer nikdy nevyskytuje samostatne. V\u017edy sa nach\u00e1dza spolu s beta-, gamma- a delta-tokoferolmi, ktor\u00fdch v\u00fdznam je predmetom \u010doraz v\u00e4\u010d\u0161ieho mno\u017estva v\u00fdskumov.<\/p>\n<p data-start=\"671\" data-end=\"793\">N\u00e1\u0161 produkt obsahuje vitam\u00edn E ako <strong data-start=\"706\" data-end=\"738\">komplex 4 druhov tokoferolov<\/strong>, presne tak, ako sa prirodzene vyskytuj\u00fa v rastlin\u00e1ch.<\/p>\n<p data-start=\"795\" data-end=\"1218\"><strong data-start=\"795\" data-end=\"815\">Zlo\u017eenie a p\u00f4vod<\/strong><br data-start=\"815\" data-end=\"818\" \/>Ako nosi\u010d pou\u017e\u00edvame iba <strong data-start=\"842\" data-end=\"877\">vysoko-olejov\u00fd slne\u010dnicov\u00fd olej<\/strong>, lisovan\u00fd zo \u0161peci\u00e1lnej odrody (NON-GMO) slne\u010dnicov\u00fdch semien, ktor\u00e1 obsahuje <strong data-start=\"956\" data-end=\"994\">iba 1\u20132 % omega-6 mastn\u00fdch kysel\u00edn<\/strong> (v porovnan\u00ed s be\u017en\u00fdmi 20\u201330 %). V\u010faka tomu je olej stabilnej\u0161\u00ed a <strong data-start=\"1061\" data-end=\"1099\">nezhor\u0161uje pomer omega-6 \/ omega-3<\/strong> v organizme. Pou\u017eit\u00e9 tokoferoly poch\u00e1dzaj\u00fa z <strong data-start=\"1145\" data-end=\"1178\">NON-GMO rastlinn\u00fdch extraktov<\/strong> a <strong data-start=\"1181\" data-end=\"1217\">neobsahuj\u00fa s\u00f3ju ani in\u00e9 alerg\u00e9ny<\/strong>.<\/p>\n<p data-start=\"1220\" data-end=\"1358\"><strong data-start=\"1220\" data-end=\"1233\">\u00d6sszet\u00e9tel:<\/strong> vysoko-olejov\u00fd slne\u010dnicov\u00fd olej, rastlinn\u00fd extrakt bohat\u00fd na tokoferoly (<strong data-start=\"1307\" data-end=\"1337\">bez s\u00f3je a in\u00fdch alerg\u00e9nov<\/strong>).<br data-start=\"1339\" data-end=\"1342\" \/><strong data-start=\"1342\" data-end=\"1352\">K\u00f6tet:<\/strong> 95 ml<\/p>\n<p data-start=\"1360\" data-end=\"1507\"><strong data-start=\"1360\" data-end=\"1374\">D\u00e1vkovanie<\/strong><br data-start=\"1374\" data-end=\"1377\" \/>Odpor\u00fa\u010dame denne u\u017e\u00edva\u0165 <strong data-start=\"1401\" data-end=\"1415\">28 kvapiek<\/strong>, ide\u00e1lne po\u010das jedla, nakvapka\u0165 na ly\u017ei\u010dku alebo prida\u0165 do jedla. <strong data-start=\"1482\" data-end=\"1507\">Nekvapka\u0165 do tekut\u00edn.<\/strong><\/p>\n<p data-start=\"1509\" data-end=\"1690\"><strong data-start=\"1509\" data-end=\"1524\">\u00c9rtes\u00edt\u00e9s<\/strong><br data-start=\"1524\" data-end=\"1527\" \/>Neodpor\u00fa\u010da sa prekra\u010dova\u0165 odpor\u00fa\u010dan\u00fa denn\u00fa d\u00e1vku. V\u00fd\u017eivov\u00fd doplnok <strong data-start=\"1594\" data-end=\"1608\">nenahr\u00e1dza<\/strong> pestr\u00fa a vyv\u00e1\u017een\u00fa stravu a zdrav\u00fd \u017eivotn\u00fd \u0161t\u00fdl. Uchov\u00e1vajte <strong data-start=\"1669\" data-end=\"1689\">gyermekek el\u0151l elz\u00e1rva<\/strong>.<\/p>","protected":false},"excerpt":{"rendered":"<p>Vitam\u00edn E, 100 IU x 90 porci\u00ed<\/p>\n<p>Rastlinn\u00fd extrakt bez s\u00f3je obsahuj\u00faci v\u0161etky 4 \u010dleny rodiny vitam\u00ednov E sa rozpustil v slne\u010dnicovom oleji s n\u00edzkym obsahom ?6. Takto m\u00f4\u017eete z\u00edska\u0165 pr\u00edrodn\u00fd komplex vitam\u00ednu E bez kaps\u00fal. Alfa-tokoferol je \u0161iroko pou\u017e\u00edvan\u00fd ako vitam\u00edn E, ale v pr\u00edrode to nie je ve\u013emi be&#8230; <a class=\"more-link\" href=\"#tab-description\">B\u0151vebben<\/a><\/p>","protected":false},"featured_media":10455,"comment_status":"open","ping_status":"closed","template":"","meta":{"inline_featured_image":false},"product_brand":[113],"product_cat":[69],"product_tag":[],"class_list":{"0":"post-8785","1":"product","2":"type-product","3":"status-publish","4":"has-post-thumbnail","6":"product_brand-gal","7":"product_cat-vyzivove-doplnky","9":"first","10":"instock","11":"taxable","12":"shipping-taxable","13":"purchasable","14":"product-type-simple"},"aioseo_notices":[],"_links":{"self":[{"href":"https:\/\/www.biokari.sk\/hu\/wp-json\/wp\/v2\/product\/8785","targetHints":{"allow":["GET"]}}],"collection":[{"href":"https:\/\/www.biokari.sk\/hu\/wp-json\/wp\/v2\/product"}],"about":[{"href":"https:\/\/www.biokari.sk\/hu\/wp-json\/wp\/v2\/types\/product"}],"replies":[{"embeddable":true,"href":"https:\/\/www.biokari.sk\/hu\/wp-json\/wp\/v2\/comments?post=8785"}],"wp:featuredmedia":[{"embeddable":true,"href":"https:\/\/www.biokari.sk\/hu\/wp-json\/wp\/v2\/media\/10455"}],"wp:attachment":[{"href":"https:\/\/www.biokari.sk\/hu\/wp-json\/wp\/v2\/media?parent=8785"}],"wp:term":[{"taxonomy":"product_brand","embeddable":true,"href":"https:\/\/www.biokari.sk\/hu\/wp-json\/wp\/v2\/product_brand?post=8785"},{"taxonomy":"product_cat","embeddable":true,"href":"https:\/\/www.biokari.sk\/hu\/wp-json\/wp\/v2\/product_cat?post=8785"},{"taxonomy":"product_tag","embeddable":true,"href":"https:\/\/www.biokari.sk\/hu\/wp-json\/wp\/v2\/product_tag?post=8785"}],"curies":[{"name":"wp","href":"https:\/\/api.w.org\/{rel}","templated":true}]}}