{"id":8791,"date":"2025-07-01T14:36:26","date_gmt":"2025-07-01T12:36:26","guid":{"rendered":"https:\/\/www.biokari.sk\/produkt\/gal-vitamin-d3-kvapky-30ml\/"},"modified":"2026-04-14T19:01:24","modified_gmt":"2026-04-14T17:01:24","slug":"gal-vitamin-d3-kvapky-30ml","status":"publish","type":"product","link":"https:\/\/www.biokari.sk\/hu\/termek\/gal-vitamin-d3-kvapky-30ml\/","title":{"rendered":"Gal Vitam\u00edn D3 kvapky 30ml"},"content":{"rendered":"<p data-start=\"0\" data-end=\"683\">Pr\u00edrodn\u00fd vitam\u00edn D sme rozpustili v kokosovom olejovom extrakte, \u010d\u00edm sme umo\u017enili jeho jednoduch\u00e9 a presn\u00e9 d\u00e1vkovanie vo vysokej koncentr\u00e1cii aj bez pou\u017eitia kaps\u00fal. Produkt nem\u00e1 chu\u0165, mo\u017eno ho nakvapka\u0165 aj do jedla, a preto je vhodn\u00fd aj pre deti. St\u00e1le viac vedeck\u00fdch \u0161t\u00fadi\u00ed a odborn\u00edkov poukazuje na d\u00f4le\u017eitos\u0165 a \u0161irok\u00e9 spektrum priazniv\u00fdch \u00fa\u010dinkov vitam\u00ednu D, vr\u00e1tane jeho v\u00fdznamnej \u00falohy pri spr\u00e1vnom fungovan\u00ed imunitn\u00e9ho syst\u00e9mu. V na\u0161om v\u00fdrobku sa vitam\u00edn D3 nach\u00e1dza rozpusten\u00fd v MCT oleji z\u00edskanom z palmov\u00e9ho a kokosov\u00e9ho oleja s certifik\u00e1tom RSPO, ktor\u00fd zaru\u010duje optim\u00e1lnu vstrebate\u013enos\u0165 a stabilitu. Stabilitu produktu \u010falej podporuj\u00fa aj pr\u00edrodn\u00e9 tokoferoly (vitam\u00edn E).<\/p>\n<p data-start=\"685\" data-end=\"918\"><strong data-start=\"685\" data-end=\"700\">Adagol\u00e1s:<\/strong> Odpor\u00fa\u010dame u\u017e\u00edva\u0165 4 kvapky denne, nakvapka\u0165 na ly\u017ei\u010dku alebo prida\u0165 do jedla. Najvhodnej\u0161ie je u\u017e\u00edva\u0165 po\u010das prv\u00e9ho jedla d\u0148a. Nekvapkajte do tekut\u00edn! (Pre mal\u00e9 deti sa odpor\u00fa\u010da 1 kvapka na 10 kg telesnej hmotnosti).<\/p>\n<p data-start=\"920\" data-end=\"1100\">Ak sa chcete dozvedie\u0165 viac o vlastnostiach pou\u017eit\u00fdch surov\u00edn a o vedeck\u00fdch poznatkoch, ktor\u00e9 tieto vlastnosti potvrdzuj\u00fa, n\u00e1jdete podrobnosti v \u010dasti <em data-start=\"1071\" data-end=\"1090\">\u201eVedeck\u00e9 pozadie\u201c<\/em> ni\u017e\u0161ie.<\/p>\n<p data-start=\"1102\" data-end=\"1264\" data-is-last-node=\"\" data-is-only-node=\"\"><strong data-start=\"1102\" data-end=\"1118\">Figyelmeztet\u00e9s:<\/strong> Neprekra\u010dujte odpor\u00fa\u010dan\u00fa denn\u00fa d\u00e1vku. V\u00fd\u017eivov\u00fd doplnok nenahr\u00e1dza pestr\u00fa a vyv\u00e1\u017een\u00fa stravu ani zdrav\u00fd \u017eivotn\u00fd \u0161t\u00fdl. Uchov\u00e1vajte mimo dosahu det\u00ed.<\/p>\n<p data-start=\"1102\" data-end=\"1264\" data-is-last-node=\"\" data-is-only-node=\"\"><strong data-start=\"0\" data-end=\"13\" data-is-only-node=\"\">\u00d6sszet\u00e9tel:<\/strong> Organick\u00fd (bio) MCT olej (z bio palmov\u00e9ho a kokosov\u00e9ho oleja), cholekalciferol (vitam\u00edn D3), pr\u00edrodn\u00fd antioxidant: vitam\u00edn E (zmes tokoferolov).<\/p>\n<p data-start=\"1102\" data-end=\"1264\" data-is-last-node=\"\" data-is-only-node=\"\"><strong>K\u00f6tet:<\/strong> 30ml<\/p>","protected":false},"excerpt":{"rendered":"<p> <a class=\"more-link\" href=\"#tab-description\">B\u0151vebben<\/a><\/p>","protected":false},"featured_media":10253,"comment_status":"open","ping_status":"closed","template":"","meta":{"inline_featured_image":false},"product_brand":[113],"product_cat":[69,140],"product_tag":[],"class_list":{"0":"post-8791","1":"product","2":"type-product","3":"status-publish","4":"has-post-thumbnail","6":"product_brand-gal","7":"product_cat-vyzivove-doplnky","8":"product_cat-posilnenie-imunity","10":"first","11":"onbackorder","12":"taxable","13":"shipping-taxable","14":"purchasable","15":"product-type-simple"},"aioseo_notices":[],"_links":{"self":[{"href":"https:\/\/www.biokari.sk\/hu\/wp-json\/wp\/v2\/product\/8791","targetHints":{"allow":["GET"]}}],"collection":[{"href":"https:\/\/www.biokari.sk\/hu\/wp-json\/wp\/v2\/product"}],"about":[{"href":"https:\/\/www.biokari.sk\/hu\/wp-json\/wp\/v2\/types\/product"}],"replies":[{"embeddable":true,"href":"https:\/\/www.biokari.sk\/hu\/wp-json\/wp\/v2\/comments?post=8791"}],"wp:featuredmedia":[{"embeddable":true,"href":"https:\/\/www.biokari.sk\/hu\/wp-json\/wp\/v2\/media\/10253"}],"wp:attachment":[{"href":"https:\/\/www.biokari.sk\/hu\/wp-json\/wp\/v2\/media?parent=8791"}],"wp:term":[{"taxonomy":"product_brand","embeddable":true,"href":"https:\/\/www.biokari.sk\/hu\/wp-json\/wp\/v2\/product_brand?post=8791"},{"taxonomy":"product_cat","embeddable":true,"href":"https:\/\/www.biokari.sk\/hu\/wp-json\/wp\/v2\/product_cat?post=8791"},{"taxonomy":"product_tag","embeddable":true,"href":"https:\/\/www.biokari.sk\/hu\/wp-json\/wp\/v2\/product_tag?post=8791"}],"curies":[{"name":"wp","href":"https:\/\/api.w.org\/{rel}","templated":true}]}}