{"id":8797,"date":"2025-07-01T14:36:27","date_gmt":"2025-07-01T12:36:27","guid":{"rendered":"https:\/\/www.biokari.sk\/produkt\/gal-lososovy-olej-250ml\/"},"modified":"2026-01-27T08:41:48","modified_gmt":"2026-01-27T07:41:48","slug":"gal-lososovy-olej-250ml","status":"publish","type":"product","link":"https:\/\/www.biokari.sk\/hu\/termek\/gal-lososovy-olej-250ml\/","title":{"rendered":"Gal Lososov\u00fd olej 250ml"},"content":{"rendered":"<p data-start=\"141\" data-end=\"346\"><strong data-start=\"141\" data-end=\"227\">V\u00fd\u017eivov\u00fd doplnok s obsahom lososov\u00e9ho oleja, koenz\u00fdmu Q10 a pr\u00edrodn\u00fdch tokoferolov<\/strong><br data-start=\"227\" data-end=\"230\" \/>3300 mg \u03a93 + 100 mg Q10<br data-start=\"253\" data-end=\"256\" \/>\u010cist\u00fd a stabiln\u00fd zdroj <strong data-start=\"279\" data-end=\"324\">plnospektr\u00e1lnych omega-3 mastn\u00fdch kysel\u00edn<\/strong>. V s\u00falade s pr\u00edrodou.<\/p>\n<p data-start=\"348\" data-end=\"715\">V\u00fdrobok obsahuje omega-3 mastn\u00e9 kyseliny v <strong data-start=\"391\" data-end=\"429\">prirodzene dobre vyu\u017eite\u013enej forme<\/strong> (nie vo forme \u010dasto pou\u017e\u00edvan\u00fdch synteticky upraven\u00fdch etylesterov), a to <strong data-start=\"503\" data-end=\"520\">koncentrovane<\/strong>, doplnen\u00e9 o <strong data-start=\"533\" data-end=\"548\">koenz\u00fdm Q10<\/strong> z\u00edskan\u00fd rastlinnou ferment\u00e1ciou a pr\u00edrodn\u00e9 <strong data-start=\"592\" data-end=\"618\">tokoferoly (vitam\u00edn E)<\/strong>.<br data-start=\"619\" data-end=\"622\" \/>Zlo\u017eenie re\u0161pektuje prirodzen\u00e9 pomery tak, ako sa vyskytuj\u00fa v <strong data-start=\"684\" data-end=\"714\">plnohodnotn\u00fdch potravin\u00e1ch<\/strong>.<\/p>\n<p data-start=\"717\" data-end=\"1029\">V\u010faka vysok\u00e9mu obsahu pr\u00edrodn\u00fdch tokoferolov a <strong data-start=\"764\" data-end=\"798\">extraktu z rozmar\u00ednu bez g\u00e1fru<\/strong> je v\u00fdrobok mimoriadne stabiln\u00fd a vhodn\u00fd aj na <strong data-start=\"845\" data-end=\"896\">bezpe\u010dn\u00e9 u\u017e\u00edvanie pri zv\u00fd\u0161enom pr\u00edjme EPA a DHA<\/strong>.<br data-start=\"897\" data-end=\"900\" \/>Chu\u0165 je pr\u00edjemne jemn\u00e1 v\u010faka vysokej stabilite, pridaniu <strong data-start=\"957\" data-end=\"989\">pr\u00edrodn\u00e9ho citr\u00f3nov\u00e9ho oleja<\/strong> a kvalitnej zmesi <strong data-start=\"1008\" data-end=\"1028\">lososov\u00e9ho oleja<\/strong>.<\/p>\n<p data-start=\"1031\" data-end=\"1160\"><strong data-start=\"1031\" data-end=\"1056\">Odpor\u00fa\u010dan\u00e9 d\u00e1vkovanie<\/strong><br data-start=\"1056\" data-end=\"1059\" \/>1 polievkov\u00e1 ly\u017eica denne (~10 ml) po\u010das jedla, mo\u017eno pou\u017ei\u0165 aj na \u0161al\u00e1ty, hrianky alebo pod\u013ea chuti.<\/p>\n<p data-start=\"1162\" data-end=\"1329\"><strong data-start=\"1162\" data-end=\"1177\">\u00c9rtes\u00edt\u00e9s<\/strong><br data-start=\"1177\" data-end=\"1180\" \/>Neprekra\u010dova\u0165 odpor\u00fa\u010dan\u00fa denn\u00fa d\u00e1vku. V\u00fd\u017eivov\u00fd doplnok <strong data-start=\"1235\" data-end=\"1274\">nenahr\u00e1dza pestr\u00fa a vyv\u00e1\u017een\u00fa stravu<\/strong> a zdrav\u00fd \u017eivotn\u00fd \u0161t\u00fdl. Uchov\u00e1va\u0165 <strong data-start=\"1308\" data-end=\"1328\">gyermekek el\u0151l elz\u00e1rva<\/strong>.<\/p>\n<p data-start=\"1331\" data-end=\"1350\"><strong data-start=\"1331\" data-end=\"1343\">Csomagol\u00e1s:<\/strong> 250 ml<\/p>","protected":false},"excerpt":{"rendered":"<p>Koenz\u00fdm GALM10 lososov\u00fd olej, 3 300 mg Omega 3 + 100 mg Q10 \/ polievkov\u00e1 ly\u017eica<\/p>\n<p>Doplnok v\u00fd\u017eivy obsahuj\u00faci lososov\u00fd olej, koenz\u00fdm Q10 a pr\u00edrodn\u00e9 tokoferoly.<\/p>\n<p>3300mg ?3 + 100mg Q10. \u010cist\u00fd a stabiln\u00fd zdroj \u0161irok\u00e9ho spektra ?3-mastn\u00fdch kysel\u00edn. V s\u00falade s pr\u00edrodou.<\/p>\n<p>Produkt obsahuje cel\u00e9 spektrum ?3 ma&#8230; <a class=\"more-link\" href=\"#tab-description\">B\u0151vebben<\/a><\/p>","protected":false},"featured_media":10479,"comment_status":"open","ping_status":"closed","template":"","meta":{"inline_featured_image":false},"product_brand":[113],"product_cat":[69,142],"product_tag":[],"class_list":{"0":"post-8797","1":"product","2":"type-product","3":"status-publish","4":"has-post-thumbnail","6":"product_brand-gal","7":"product_cat-vyzivove-doplnky","8":"product_cat-srdcovo-cievny-system","10":"first","11":"onbackorder","12":"taxable","13":"shipping-taxable","14":"purchasable","15":"product-type-simple"},"aioseo_notices":[],"_links":{"self":[{"href":"https:\/\/www.biokari.sk\/hu\/wp-json\/wp\/v2\/product\/8797","targetHints":{"allow":["GET"]}}],"collection":[{"href":"https:\/\/www.biokari.sk\/hu\/wp-json\/wp\/v2\/product"}],"about":[{"href":"https:\/\/www.biokari.sk\/hu\/wp-json\/wp\/v2\/types\/product"}],"replies":[{"embeddable":true,"href":"https:\/\/www.biokari.sk\/hu\/wp-json\/wp\/v2\/comments?post=8797"}],"wp:featuredmedia":[{"embeddable":true,"href":"https:\/\/www.biokari.sk\/hu\/wp-json\/wp\/v2\/media\/10479"}],"wp:attachment":[{"href":"https:\/\/www.biokari.sk\/hu\/wp-json\/wp\/v2\/media?parent=8797"}],"wp:term":[{"taxonomy":"product_brand","embeddable":true,"href":"https:\/\/www.biokari.sk\/hu\/wp-json\/wp\/v2\/product_brand?post=8797"},{"taxonomy":"product_cat","embeddable":true,"href":"https:\/\/www.biokari.sk\/hu\/wp-json\/wp\/v2\/product_cat?post=8797"},{"taxonomy":"product_tag","embeddable":true,"href":"https:\/\/www.biokari.sk\/hu\/wp-json\/wp\/v2\/product_tag?post=8797"}],"curies":[{"name":"wp","href":"https:\/\/api.w.org\/{rel}","templated":true}]}}