{"id":8801,"date":"2025-07-01T14:36:28","date_gmt":"2025-07-01T12:36:28","guid":{"rendered":"https:\/\/www.biokari.sk\/produkt\/gal-ashwagandha-kapsuly-60ks\/"},"modified":"2026-01-27T08:41:48","modified_gmt":"2026-01-27T07:41:48","slug":"gal-ashwagandha-kapsuly-60ks","status":"publish","type":"product","link":"https:\/\/www.biokari.sk\/hu\/termek\/gal-ashwagandha-kapsuly-60ks\/","title":{"rendered":"Gal Ashwagandha kapsuly 60ks"},"content":{"rendered":"<p data-start=\"144\" data-end=\"475\"><strong data-start=\"144\" data-end=\"181\">GAL Sensoril\u00ae Ashwagandha kapsuly<\/strong> obsahuj\u00fa extrakt z rastliny <em data-start=\"210\" data-end=\"230\">Withania somnifera<\/em>, zn\u00e1mej aj ako <strong data-start=\"246\" data-end=\"264\">indick\u00fd \u017een\u0161en<\/strong>, ktor\u00e1 sa v <strong data-start=\"277\" data-end=\"301\">ajurv\u00e9dskej medic\u00edne<\/strong> pou\u017e\u00edva u\u017e st\u00e1ro\u010dia. Tento \u0161peci\u00e1lny extrakt sa od be\u017en\u00fdch odli\u0161uje t\u00fdm, \u017ee obsahuje nielen <strong data-start=\"394\" data-end=\"409\">withanolidy<\/strong>, ale aj <strong data-start=\"418\" data-end=\"436\">oligosacharidy<\/strong>, \u010d\u00edm poskytuje komplexnej\u0161ie \u00fa\u010dinky.<\/p>\n<p data-start=\"477\" data-end=\"667\">V\u00fdnimo\u010dnos\u0165 extraktu spo\u010d\u00edva aj v tom, \u017ee sa z\u00edskava <strong data-start=\"530\" data-end=\"558\">\u010distou vodnou extrakciou<\/strong>, pri\u010dom sa sprac\u00favaj\u00fa <strong data-start=\"581\" data-end=\"621\">nielen korene, ale aj listy rastliny<\/strong>, aby sa zachoval \u010do naj\u0161ir\u0161\u00ed \u00fa\u010dinn\u00fd profil.<\/p>\n<p data-start=\"669\" data-end=\"721\">\u00da\u010dinnos\u0165 pr\u00edpravku <strong data-start=\"688\" data-end=\"718\">potvrdzuj\u00fa klinick\u00e9 \u0161t\u00fadie<\/strong>.<\/p>\n<p data-start=\"723\" data-end=\"931\"><strong data-start=\"723\" data-end=\"752\">Hat\u00f3anyagok 1 kapszul\u00e1ban:<\/strong><br data-start=\"752\" data-end=\"755\" \/>Sensoril\u00ae ashwagandha extrakt (<em data-start=\"786\" data-end=\"806\">Withania somnifera<\/em>) \u2013 125 mg<br data-start=\"816\" data-end=\"819\" \/>z toho:<br data-start=\"826\" data-end=\"829\" \/>\u2013 oligosacharidy: min. 40 mg<br data-start=\"857\" data-end=\"860\" \/>\u2013 withanolid-glykozidy: min. 12,5 mg<br data-start=\"896\" data-end=\"899\" \/>\u2013 obsah withafer\u00ednu A: &lt; 0,5 %<\/p>\n<p data-start=\"933\" data-end=\"1050\"><strong data-start=\"933\" data-end=\"946\">\u00d6sszet\u00e9tel:<\/strong> Sensoril\u00ae extrakt z ashwagandhy, tapiokov\u00fd \u0161krob, mikrokry\u0161talick\u00e1 celul\u00f3za, \u017eelat\u00edna (obal kapsuly).<\/p>\n<p data-start=\"1052\" data-end=\"1218\"><strong data-start=\"1052\" data-end=\"1067\">Adagol\u00e1s:<\/strong> U\u017e\u00edvajte <strong data-start=\"1077\" data-end=\"1096\">2 kapsuly denne<\/strong> \u2013 jednu r\u00e1no <strong data-start=\"1110\" data-end=\"1145\">na pr\u00e1zdny \u017eal\u00fadok po prebuden\u00ed<\/strong> a druh\u00fa <strong data-start=\"1154\" data-end=\"1183\">pred obedom alebo ve\u010derou<\/strong>, taktie\u017e <strong data-start=\"1193\" data-end=\"1215\">na pr\u00e1zdny \u017eal\u00fadok<\/strong>.<\/p>\n<p data-start=\"1220\" data-end=\"1297\"><strong data-start=\"1220\" data-end=\"1236\">T\u00e1rol\u00e1s:<\/strong> Uchov\u00e1vajte na suchom a chladnom mieste, mimo dosahu det\u00ed.<\/p>\n<p data-start=\"1299\" data-end=\"1321\" data-is-last-node=\"\" data-is-only-node=\"\"><strong data-start=\"1299\" data-end=\"1311\">Csomagol\u00e1s:<\/strong> 60 kaps\u00fal<\/p>","protected":false},"excerpt":{"rendered":"<p>Je to tis\u00edcro\u010dn\u00e9 omladenie ajurv\u00e9dy, najprirodzenej\u0161ieho obnovite\u013ea hormon\u00e1lnej rovnov\u00e1hy.<\/p>\n<p>GAL Sensoril\u00aeAshwagandha, sila \u201eindick\u00e9ho \u017een\u0161enu\u201c 30 porci\u00ed (60 kaps\u00fal)<\/p>\n<p>Renomovan\u00fd profesor v\u00fdskumu Dr. Shibnath Ghosal a jeho t\u00edm vyvinuli extrakt z ashwagandhy, tie\u017e zn\u00e1mej ako indick\u00fd \u017een\u0161en, ktor\u00fd sa u&#8230; <a class=\"more-link\" href=\"#tab-description\">B\u0151vebben<\/a><\/p>","protected":false},"featured_media":10265,"comment_status":"open","ping_status":"closed","template":"","meta":{"inline_featured_image":false},"product_brand":[113],"product_cat":[69],"product_tag":[],"class_list":{"0":"post-8801","1":"product","2":"type-product","3":"status-publish","4":"has-post-thumbnail","6":"product_brand-gal","7":"product_cat-vyzivove-doplnky","9":"first","10":"onbackorder","11":"taxable","12":"shipping-taxable","13":"purchasable","14":"product-type-simple"},"aioseo_notices":[],"_links":{"self":[{"href":"https:\/\/www.biokari.sk\/hu\/wp-json\/wp\/v2\/product\/8801","targetHints":{"allow":["GET"]}}],"collection":[{"href":"https:\/\/www.biokari.sk\/hu\/wp-json\/wp\/v2\/product"}],"about":[{"href":"https:\/\/www.biokari.sk\/hu\/wp-json\/wp\/v2\/types\/product"}],"replies":[{"embeddable":true,"href":"https:\/\/www.biokari.sk\/hu\/wp-json\/wp\/v2\/comments?post=8801"}],"wp:featuredmedia":[{"embeddable":true,"href":"https:\/\/www.biokari.sk\/hu\/wp-json\/wp\/v2\/media\/10265"}],"wp:attachment":[{"href":"https:\/\/www.biokari.sk\/hu\/wp-json\/wp\/v2\/media?parent=8801"}],"wp:term":[{"taxonomy":"product_brand","embeddable":true,"href":"https:\/\/www.biokari.sk\/hu\/wp-json\/wp\/v2\/product_brand?post=8801"},{"taxonomy":"product_cat","embeddable":true,"href":"https:\/\/www.biokari.sk\/hu\/wp-json\/wp\/v2\/product_cat?post=8801"},{"taxonomy":"product_tag","embeddable":true,"href":"https:\/\/www.biokari.sk\/hu\/wp-json\/wp\/v2\/product_tag?post=8801"}],"curies":[{"name":"wp","href":"https:\/\/api.w.org\/{rel}","templated":true}]}}