{"id":8827,"date":"2025-07-01T14:36:32","date_gmt":"2025-07-01T12:36:32","guid":{"rendered":"https:\/\/www.biokari.sk\/produkt\/gyorgytea-cajova-zmes-mysi-chovst-50g\/"},"modified":"2026-04-28T19:01:54","modified_gmt":"2026-04-28T17:01:54","slug":"gyorgytea-cajova-zmes-mysi-chovst-50g","status":"publish","type":"product","link":"https:\/\/www.biokari.sk\/hu\/termek\/gyorgytea-cajova-zmes-mysi-chovst-50g\/","title":{"rendered":"Gy\u00f6rgytea \u010cajov\u00e1 zmes &#8211; My\u0161\u00ed chovs\u0165 50g"},"content":{"rendered":"<p data-start=\"77\" data-end=\"204\"><strong data-start=\"77\" data-end=\"90\">\u00d6sszet\u00e9tel:<\/strong> list alchemilky oby\u010dajnej, v\u0148a\u0165 kapsi\u010dky pastierskej, v\u0148a\u0165 rebr\u00ed\u010dka oby\u010dajn\u00e9ho (15 %), kvety necht\u00edka lek\u00e1rskeho.<\/p>\n<p data-start=\"206\" data-end=\"371\"><strong data-start=\"206\" data-end=\"219\">El\u0151k\u00e9sz\u00edt\u00e9s:<\/strong> Jednu zarovnan\u00fa polievkov\u00fa ly\u017eicu (3 g) \u010dajovej zmesi zalejte 2,5 dl vriacej vody, nechajte l\u00fahova\u0165 15 min\u00fat a potom sce\u010fte. Nepou\u017e\u00edvajte kovov\u00e9 sitko.<\/p>\n<p data-start=\"373\" data-end=\"455\"><strong data-start=\"373\" data-end=\"393\">Sp\u00f4sob u\u017e\u00edvania:<\/strong> \u010caj pite po\u010das d\u0148a po mal\u00fdch d\u00fa\u0161koch, najlep\u0161ie bez pr\u00edchute.<\/p>\n<p data-start=\"457\" data-end=\"565\"><strong data-start=\"457\" data-end=\"481\">Odpor\u00fa\u010dan\u00e9 mno\u017estvo:<\/strong> 1 \u0161\u00e1lka denne po\u010das 6 mesiacov, po ktor\u00fdch je potrebn\u00e9 urobi\u0165 4-t\u00fd\u017ed\u0148ov\u00fa prest\u00e1vku.<\/p>\n<p data-start=\"567\" data-end=\"644\"><strong data-start=\"567\" data-end=\"583\">Upozornenia:<\/strong> Nevhodn\u00e9 pre tehotn\u00e9 a doj\u010diace \u017eeny a pre deti do 12 rokov.<\/p>\n<p data-start=\"646\" data-end=\"749\"><strong data-start=\"646\" data-end=\"662\">T\u00e1rol\u00e1s:<\/strong> Po otvoren\u00ed uchov\u00e1vajte mimo dosahu det\u00ed, na suchom a chladnom mieste, dobre uzavret\u00e9.<\/p>\n<p data-start=\"751\" data-end=\"769\"><strong data-start=\"751\" data-end=\"764\">S\u00faly:<\/strong> 50 g<\/p>\n<p>.<\/p>","protected":false},"excerpt":{"rendered":"<p>Ingrediencie:<br \/>\nlist l\u00fa\u010dneho l\u00edstia, v\u00fdhonok kapsi\u010dky pastierskej, v\u00fdhonok rebr\u00edka (15 %), necht\u00edk<\/p>\n<p>Ako to urob\u00edm?<br \/>\nZarovnan\u00fa polievkov\u00fa ly\u017eicu (3 g) \u010dajovn\u00edka povarte s 2,5 dl vody, po 15 min\u00fatach prefiltrujte. Nepou\u017e\u00edvajte kovov\u00fd filter.<\/p>\n<p>Kedy ho m\u00e1m konzumova\u0165?<br \/>\nPo\u010das d\u0148a ju pop\u00edjajte, najlep\u0161ie bez &#8230; <a class=\"more-link\" href=\"#tab-description\">B\u0151vebben<\/a><\/p>","protected":false},"featured_media":10401,"comment_status":"open","ping_status":"closed","template":"","meta":{"inline_featured_image":false},"product_brand":[274],"product_cat":[148],"product_tag":[],"class_list":{"0":"post-8827","1":"product","2":"type-product","3":"status-publish","4":"has-post-thumbnail","6":"product_brand-gyorgytea","7":"product_cat-liecive-rastliny","9":"first","10":"onbackorder","11":"taxable","12":"shipping-taxable","13":"purchasable","14":"product-type-simple"},"aioseo_notices":[],"_links":{"self":[{"href":"https:\/\/www.biokari.sk\/hu\/wp-json\/wp\/v2\/product\/8827","targetHints":{"allow":["GET"]}}],"collection":[{"href":"https:\/\/www.biokari.sk\/hu\/wp-json\/wp\/v2\/product"}],"about":[{"href":"https:\/\/www.biokari.sk\/hu\/wp-json\/wp\/v2\/types\/product"}],"replies":[{"embeddable":true,"href":"https:\/\/www.biokari.sk\/hu\/wp-json\/wp\/v2\/comments?post=8827"}],"wp:featuredmedia":[{"embeddable":true,"href":"https:\/\/www.biokari.sk\/hu\/wp-json\/wp\/v2\/media\/10401"}],"wp:attachment":[{"href":"https:\/\/www.biokari.sk\/hu\/wp-json\/wp\/v2\/media?parent=8827"}],"wp:term":[{"taxonomy":"product_brand","embeddable":true,"href":"https:\/\/www.biokari.sk\/hu\/wp-json\/wp\/v2\/product_brand?post=8827"},{"taxonomy":"product_cat","embeddable":true,"href":"https:\/\/www.biokari.sk\/hu\/wp-json\/wp\/v2\/product_cat?post=8827"},{"taxonomy":"product_tag","embeddable":true,"href":"https:\/\/www.biokari.sk\/hu\/wp-json\/wp\/v2\/product_tag?post=8827"}],"curies":[{"name":"wp","href":"https:\/\/api.w.org\/{rel}","templated":true}]}}