{"id":8831,"date":"2025-07-01T14:36:33","date_gmt":"2025-07-01T12:36:33","guid":{"rendered":"https:\/\/www.biokari.sk\/produkt\/gyorgytea-mata-dlholistva-50g\/"},"modified":"2026-04-01T19:02:31","modified_gmt":"2026-04-01T17:02:31","slug":"gyorgytea-mata-dlholistva-50g","status":"publish","type":"product","link":"https:\/\/www.biokari.sk\/hu\/termek\/gyorgytea-mata-dlholistva-50g\/","title":{"rendered":"Gy\u00f6rgytea M\u00e4ta dlholistv\u00e1 50g"},"content":{"rendered":"<p data-start=\"63\" data-end=\"125\"><strong data-start=\"63\" data-end=\"76\">\u00d6sszet\u00e9tel:<\/strong> v\u0148a\u0165 m\u00e4ty dlholistej (Menthae longifoliae herba)<\/p>\n<p data-start=\"127\" data-end=\"292\"><strong data-start=\"127\" data-end=\"140\">El\u0151k\u00e9sz\u00edt\u00e9s:<\/strong> Jednu zarovnan\u00fa polievkov\u00fa ly\u017eicu (3 g) \u010dajovej zmesi zalejte 2,5 dl vriacej vody, nechajte l\u00fahova\u0165 15 min\u00fat a potom sce\u010fte. Nepou\u017e\u00edvajte kovov\u00e9 sitko.<\/p>\n<p data-start=\"294\" data-end=\"365\"><strong data-start=\"294\" data-end=\"314\">Sp\u00f4sob u\u017e\u00edvania:<\/strong> Pite po\u010das d\u0148a kedyko\u013evek, najlep\u0161ie bez pr\u00edchute.<\/p>\n<p data-start=\"367\" data-end=\"478\"><strong data-start=\"367\" data-end=\"387\">U\u017e\u00edvanie u det\u00ed:<\/strong> Deti od 2 rokov m\u00f4\u017eu \u010daj pi\u0165 <strong data-start=\"417\" data-end=\"429\">zrieden\u00fd<\/strong> (1 \u010dajov\u00e1 ly\u017ei\u010dka \u010dajovej zmesi na 2,5 dl vody).<\/p>\n<p data-start=\"480\" data-end=\"583\"><strong data-start=\"480\" data-end=\"496\">T\u00e1rol\u00e1s:<\/strong> Po otvoren\u00ed uchov\u00e1vajte dobre uzavret\u00e9, na suchom a chladnom mieste, mimo dosahu det\u00ed.<\/p>\n<p data-start=\"585\" data-end=\"603\"><strong data-start=\"585\" data-end=\"598\">S\u00faly:<\/strong> 50 g<\/p>","protected":false},"excerpt":{"rendered":"<p>M\u00e4ta dlholist\u00e1<br \/>\n(Mentha longifolia)<\/p>\n<p>Priazniv\u00e9 \u00fa\u010dinky<\/p>\n<p>Skvel\u00fd posil\u0148ova\u010d imunity, nepostr\u00e1date\u013en\u00fd pri prechladnut\u00ed. \u00da\u010dinne eliminuje k\u0155\u010de, zlep\u0161uje tr\u00e1venie, p\u00f4sob\u00ed priaznivo pri ka\u0161li, v\u010faka jeho schopnosti zab\u00edja\u0165 bakt\u00e9rie sa pou\u017e\u00edva pri ochoreniach d\u00fdchac\u00edch a mo\u010dov\u00fdch ciest, pri z\u00e1paloch a na zmi&#8230; <a class=\"more-link\" href=\"#tab-description\">B\u0151vebben<\/a><\/p>","protected":false},"featured_media":0,"comment_status":"open","ping_status":"closed","template":"","meta":{"inline_featured_image":false},"product_brand":[274],"product_cat":[148,149],"product_tag":[],"class_list":{"0":"post-8831","1":"product","2":"type-product","3":"status-publish","5":"product_brand-gyorgytea","6":"product_cat-liecive-rastliny","7":"product_cat-liecive-rastliny-posilnenie-imunity","9":"first","10":"instock","11":"taxable","12":"shipping-taxable","13":"purchasable","14":"product-type-simple"},"aioseo_notices":[],"_links":{"self":[{"href":"https:\/\/www.biokari.sk\/hu\/wp-json\/wp\/v2\/product\/8831","targetHints":{"allow":["GET"]}}],"collection":[{"href":"https:\/\/www.biokari.sk\/hu\/wp-json\/wp\/v2\/product"}],"about":[{"href":"https:\/\/www.biokari.sk\/hu\/wp-json\/wp\/v2\/types\/product"}],"replies":[{"embeddable":true,"href":"https:\/\/www.biokari.sk\/hu\/wp-json\/wp\/v2\/comments?post=8831"}],"wp:attachment":[{"href":"https:\/\/www.biokari.sk\/hu\/wp-json\/wp\/v2\/media?parent=8831"}],"wp:term":[{"taxonomy":"product_brand","embeddable":true,"href":"https:\/\/www.biokari.sk\/hu\/wp-json\/wp\/v2\/product_brand?post=8831"},{"taxonomy":"product_cat","embeddable":true,"href":"https:\/\/www.biokari.sk\/hu\/wp-json\/wp\/v2\/product_cat?post=8831"},{"taxonomy":"product_tag","embeddable":true,"href":"https:\/\/www.biokari.sk\/hu\/wp-json\/wp\/v2\/product_tag?post=8831"}],"curies":[{"name":"wp","href":"https:\/\/api.w.org\/{rel}","templated":true}]}}