{"id":8837,"date":"2025-07-01T14:36:34","date_gmt":"2025-07-01T12:36:34","guid":{"rendered":"https:\/\/www.biokari.sk\/produkt\/gyorgytea-a-bukki-fuvesember-gyogynovenyei-kniha-1ks\/"},"modified":"2026-03-05T18:01:14","modified_gmt":"2026-03-05T17:01:14","slug":"gyorgytea-a-bukki-fuvesember-gyogynovenyei-kniha-1ks","status":"publish","type":"product","link":"https:\/\/www.biokari.sk\/hu\/termek\/gyorgytea-a-bukki-fuvesember-gyogynovenyei-kniha-1ks\/","title":{"rendered":"Gy\u00f6rgytea A b\u00fckki f\u00fcvesember gy\u00f3gyn\u00f6v\u00e9nyei k\u0148iha 1ks"},"content":{"rendered":"<p><strong>Gyuri b\u00e1csi, bylink\u00e1r z Bukov\u00fdch h\u00f4r, a jeho dc\u00e9ra a nasledovn\u00ed\u010dka Zsuzsa<\/strong> nap\u00edsali t\u00fato knihu, v ktorej <strong>zh\u0155\u0148aj\u00fa starobyl\u00e9 \u013eudov\u00e9 lie\u010dite\u013esk\u00e9 poznatky<\/strong>, ktor\u00e9 ich rodina <strong>odovzd\u00e1va z gener\u00e1cie na gener\u00e1ciu u\u017e cel\u00e9 st\u00e1ro\u010dia.<\/strong><\/p>\n\n\n\n<p><strong>Gyuri b\u00e1csi<\/strong> m\u00e1 86 rokov a \u017eije v <strong>B\u00fckkszentkereszti<\/strong>, malebnej horskej dedinke, kde <strong>zbiera lie\u010div\u00e9 rastliny v okolit\u00fdch hor\u00e1ch.<\/strong> Jeho meno sa stalo zn\u00e1mym po celej krajine v\u010faka jeho <strong>m\u00fadrosti, v\u00fdnimo\u010dnej osobnosti a sl\u00e1vnemu \u010daju proti cukrovke.<\/strong> Znalosti z\u00edskal e\u0161te ako die\u0165a od svojej <strong>starej mamy \u2013 bylink\u00e1rky.<\/strong> Pozn\u00e1 a pou\u017e\u00edva <strong>viac ako 150 druhov lie\u010div\u00fdch rastl\u00edn<\/strong>, z ktor\u00fdch mnoh\u00e9 vyu\u017e\u00edva <strong>na prevenciu a lie\u010dbu v\u00e1\u017enych ochoren\u00ed.<\/strong><\/p>\n\n\n\n<p>V tejto knihe <strong>otec a dc\u00e9ra<\/strong> podrobne opisuj\u00fa, <strong>ktor\u00e9 rastliny s\u00fa naj\u00fa\u010dinnej\u0161ie pri vysokom krvnom tlaku, cukrovke, tr\u00e1viacich \u0165a\u017ekostiach, cholesterole \u010di alergi\u00e1ch.<\/strong> Zhroma\u017e\u010fuj\u00fa a vysvet\u013euj\u00fa <strong>\u013eudov\u00e9 lie\u010dite\u013esk\u00e9 sk\u00fasenosti<\/strong>, na ktor\u00fdch medic\u00edna st\u00e1ro\u010dia st\u00e1la, a ktor\u00e9 dnes, \u017eia\u013e, <strong>postupne upadaj\u00fa do zabudnutia.<\/strong><\/p>\n\n\n\n<p>V <strong>\u00favodnej \u010dasti<\/strong> sa \u010ditate\u013e obozn\u00e1mi <strong>s hist\u00f3riou lie\u010dite\u013estva<\/strong> a s <strong>najzn\u00e1mej\u0161\u00edmi starovek\u00fdmi a stredovek\u00fdmi eur\u00f3pskymi i ma\u010farsk\u00fdmi lie\u010dite\u013emi.<\/strong> Nasleduje <strong>preh\u013ead naj\u010dastej\u0161\u00edch ochoren\u00ed<\/strong> a odpor\u00fa\u010dan\u00e9 <strong>rastlinn\u00e9 terapie.<\/strong><br>V \u010fal\u0161ej \u010dasti sa nach\u00e1dza <strong>preh\u013ead 68 lie\u010div\u00fdch rastl\u00edn<\/strong>, ktor\u00e9 sa <strong>vyskytuj\u00fa v Ma\u010farsku<\/strong>, spolu s <strong>praktick\u00fdmi radami o ich pou\u017eit\u00ed.<\/strong><\/p>\n\n\n\n<p>Najv\u00e4\u010d\u0161ou hodnotou knihy je, \u017ee kladie d\u00f4raz na <strong>prevenciu<\/strong> a pon\u00faka <strong>praktick\u00e9 rady<\/strong>, ako <strong>spr\u00e1vne pripravi\u0165 lie\u010div\u00e9 \u010daje<\/strong>, ak\u00e9 rastliny zvoli\u0165 <strong>na konkr\u00e9tne ochorenia<\/strong> a <strong>v akom mno\u017estve<\/strong> ich u\u017e\u00edva\u0165.<\/p>\n\n\n\n<p>Ide o <strong>jedine\u010dn\u00e9 dielo<\/strong>, preto\u017ee nehovor\u00ed o exotick\u00fdch rastlin\u00e1ch, ale o <strong>t\u00fdch, ktor\u00e9 rast\u00fa v Ma\u010farsku<\/strong>, a zh\u0155\u0148a <strong>najstar\u0161ie ma\u010farsk\u00e9 bylink\u00e1rske trad\u00edcie.<\/strong><br>Kniha je <strong>p\u00fatavo nap\u00edsan\u00e1, \u013eahko pochopite\u013en\u00e1 a kr\u00e1sne spracovan\u00e1<\/strong>, rados\u0165 ju <strong>\u010d\u00edta\u0165 aj darova\u0165.<\/strong><\/p>\n\n\n\n<p><strong>Foto:<\/strong> Wesniczky Zs\u00f3fia<br><strong>Vydavate\u013e:<\/strong> Szab\u00f3 Gy\u00f6rgy, 2008<\/p>","protected":false},"excerpt":{"rendered":"<p>S\u00fahrnn\u00e9 dielo str\u00fdka Gyuriho a jeho dc\u00e9ry Zsuzsy Lopes-Szab\u00f3, ktor\u00e9ho s\u00fa\u010das\u0165ou je aj zdraviu prospe\u0161n\u00fd kalend\u00e1r, ktor\u00fd poskytuje n\u00e1vod na konzum\u00e1ciu bylinkov\u00fdch \u010dajov na cel\u00fd rok.<\/p>\n<p>Vydavate\u013e, Gy\u00f6rgy Szab\u00f3, 2008&#8230; <a class=\"more-link\" href=\"#tab-description\">B\u0151vebben<\/a><\/p>","protected":false},"featured_media":10291,"comment_status":"open","ping_status":"closed","template":"","meta":{"inline_featured_image":false},"product_brand":[274],"product_cat":[148,19],"product_tag":[],"class_list":{"0":"post-8837","1":"product","2":"type-product","3":"status-publish","4":"has-post-thumbnail","6":"product_brand-gyorgytea","7":"product_cat-liecive-rastliny","8":"product_cat-ostatne","10":"first","11":"instock","12":"taxable","13":"shipping-taxable","14":"purchasable","15":"product-type-simple"},"aioseo_notices":[],"_links":{"self":[{"href":"https:\/\/www.biokari.sk\/hu\/wp-json\/wp\/v2\/product\/8837","targetHints":{"allow":["GET"]}}],"collection":[{"href":"https:\/\/www.biokari.sk\/hu\/wp-json\/wp\/v2\/product"}],"about":[{"href":"https:\/\/www.biokari.sk\/hu\/wp-json\/wp\/v2\/types\/product"}],"replies":[{"embeddable":true,"href":"https:\/\/www.biokari.sk\/hu\/wp-json\/wp\/v2\/comments?post=8837"}],"wp:featuredmedia":[{"embeddable":true,"href":"https:\/\/www.biokari.sk\/hu\/wp-json\/wp\/v2\/media\/10291"}],"wp:attachment":[{"href":"https:\/\/www.biokari.sk\/hu\/wp-json\/wp\/v2\/media?parent=8837"}],"wp:term":[{"taxonomy":"product_brand","embeddable":true,"href":"https:\/\/www.biokari.sk\/hu\/wp-json\/wp\/v2\/product_brand?post=8837"},{"taxonomy":"product_cat","embeddable":true,"href":"https:\/\/www.biokari.sk\/hu\/wp-json\/wp\/v2\/product_cat?post=8837"},{"taxonomy":"product_tag","embeddable":true,"href":"https:\/\/www.biokari.sk\/hu\/wp-json\/wp\/v2\/product_tag?post=8837"}],"curies":[{"name":"wp","href":"https:\/\/api.w.org\/{rel}","templated":true}]}}