{"id":8841,"date":"2025-07-01T14:36:35","date_gmt":"2025-07-01T12:36:35","guid":{"rendered":"https:\/\/www.biokari.sk\/produkt\/gyorgytea-cajova-zmes-repik-lekarsky-50g\/"},"modified":"2026-04-18T19:02:54","modified_gmt":"2026-04-18T17:02:54","slug":"gyorgytea-cajova-zmes-repik-lekarsky-50g","status":"publish","type":"product","link":"https:\/\/www.biokari.sk\/hu\/termek\/gyorgytea-cajova-zmes-repik-lekarsky-50g\/","title":{"rendered":"Gy\u00f6rgytea \u010cajov\u00e1 zmes &#8211; Rep\u00edk lek\u00e1rsky 50g"},"content":{"rendered":"<p data-start=\"406\" data-end=\"717\">Po\u010das zimn\u00e9ho obdobia mnoh\u00ed \u013eudia trpia <strong data-start=\"446\" data-end=\"472\">z\u00e1palmi mo\u010dov\u00fdch ciest<\/strong>. U \u017eien sa \u010dasto vyskytuje <strong data-start=\"500\" data-end=\"538\">z\u00e1pal mo\u010dov\u00e9ho mech\u00fara (cystit\u00edda)<\/strong>, ktor\u00fd b\u00fdva sprev\u00e1dzan\u00fd <strong data-start=\"563\" data-end=\"580\">z\u00e1palom po\u0161vy<\/strong> a m\u00f4\u017ee prejs\u0165 do <strong data-start=\"598\" data-end=\"618\">chronickej formy<\/strong>. Typick\u00fdmi pr\u00edznakmi s\u00fa <strong data-start=\"643\" data-end=\"690\">p\u00e1lenie, rezanie, \u010dast\u00e9 nutkanie na mo\u010denie<\/strong> a <strong data-start=\"693\" data-end=\"714\">bolestiv\u00e9 mo\u010denie<\/strong>.<\/p>\n<p data-start=\"719\" data-end=\"1502\">Gyuri b\u00e1csi vytvoril na tento probl\u00e9m <strong data-start=\"757\" data-end=\"832\">\u0161peci\u00e1lnu bylinn\u00fa zmes \u2013 Rep\u00edkov\u00fd \u010daj (\u010daj proti z\u00e1palu mo\u010dov\u00fdch ciest)<\/strong>, ktor\u00e1 obsahuje <strong data-start=\"849\" data-end=\"920\">rastliny zn\u00e1me svojimi protiz\u00e1palov\u00fdmi a antibakteri\u00e1lnymi \u00fa\u010dinkami<\/strong>. Spr\u00e1vne zvolen\u00fd pomer byl\u00edn <strong data-start=\"950\" data-end=\"982\">zosil\u0148uje ich lie\u010div\u00fd \u00fa\u010dinok<\/strong>. \u010caj sa odpor\u00fa\u010da pri <strong data-start=\"1004\" data-end=\"1063\">prechladnut\u00ed mo\u010dov\u00fdch ciest a infekci\u00e1ch mo\u010dov\u00fdch ciest<\/strong>, je vhodn\u00fd <strong data-start=\"1075\" data-end=\"1096\">pre \u017eeny aj mu\u017eov<\/strong>. Najlep\u0161ie je ho pi\u0165 <strong data-start=\"1118\" data-end=\"1165\">pred jedlom, bez pridan\u00e9ho cukru alebo medu<\/strong>. Mo\u017eno ho u\u017e\u00edva\u0165 <strong data-start=\"1183\" data-end=\"1242\">k\u00farovito \u2013 1 a\u017e 3 \u0161\u00e1lky denne a\u017e do vymiznutia \u0165a\u017ekost\u00ed<\/strong>. Na prevenciu sa odpor\u00fa\u010da <strong data-start=\"1269\" data-end=\"1289\">2 \u0161\u00e1lky t\u00fd\u017edenne<\/strong>. U mu\u017eov p\u00f4sob\u00ed aj <strong data-start=\"1309\" data-end=\"1346\">prevent\u00edvne proti z\u00e1palu prostaty<\/strong> (prostatit\u00edde) \u2013 <strong data-start=\"1364\" data-end=\"1384\">2 \u0161\u00e1lky t\u00fd\u017edenne<\/strong> s\u00fa posta\u010duj\u00face.<br data-start=\"1400\" data-end=\"1403\" \/><em data-start=\"1403\" data-end=\"1500\">Hoci zmes obsahuje aj rebr\u00ed\u010dek, m\u00f4\u017eu ju pi\u0165 aj mu\u017ei, preto\u017ee jeho podiel v zmesi je ve\u013emi mal\u00fd.<\/em><\/p>\n<p data-start=\"1504\" data-end=\"2750\"><strong data-start=\"1504\" data-end=\"1528\">O bylink\u00e1ch v zmesi:<\/strong><br data-start=\"1528\" data-end=\"1531\" \/><strong data-start=\"1531\" data-end=\"1564\">Rebr\u00ed\u010dek oby\u010dajn\u00fd (cickafark)<\/strong> m\u00e1 <strong data-start=\"1568\" data-end=\"1614\">siln\u00fd protiz\u00e1palov\u00fd a spazmolytick\u00fd \u00fa\u010dinok<\/strong>, v\u010faka \u010domu je <strong data-start=\"1630\" data-end=\"1680\">nepostr\u00e1date\u013en\u00fd pri ochoreniach mo\u010dov\u00fdch ciest<\/strong>.<br data-start=\"1681\" data-end=\"1684\" \/><strong data-start=\"1684\" data-end=\"1705\">Vrbovka malokvet\u00e1<\/strong> m\u00e1 <strong data-start=\"1709\" data-end=\"1743\">prirodzen\u00fd antibiotick\u00fd \u00fa\u010dinok<\/strong>, preto bola zaraden\u00e1 do zmesi.<br data-start=\"1774\" data-end=\"1777\" \/><strong data-start=\"1777\" data-end=\"1796\">Prasli\u010dka ro\u013en\u00e1<\/strong> potl\u00e1\u010da <strong data-start=\"1805\" data-end=\"1845\">rozmno\u017eovanie patog\u00e9nov v celom tele<\/strong> a pom\u00e1ha pri v\u0161etk\u00fdch <strong data-start=\"1868\" data-end=\"1897\">infekci\u00e1ch mo\u010dov\u00fdch ciest<\/strong>.<br data-start=\"1898\" data-end=\"1901\" \/><strong data-start=\"1901\" data-end=\"1919\">Bojtorj\u00e1n<\/strong> m\u00e1 <strong data-start=\"1923\" data-end=\"1965\">protiz\u00e1palov\u00e9 a antibakteri\u00e1lne \u00fa\u010dinky<\/strong> a je jednou z hlavn\u00fdch zlo\u017eiek \u010daju.<br data-start=\"2002\" data-end=\"2005\" \/><strong data-start=\"2005\" data-end=\"2051\">Kore\u0148 pich\u013eav\u00e9ho bedrn\u00edka (Ononis spinosa)<\/strong> m\u00e1 <strong data-start=\"2055\" data-end=\"2095\">mo\u010dopudn\u00e9 a protiz\u00e1palov\u00e9 vlastnosti<\/strong>, pom\u00e1ha pri <strong data-start=\"2108\" data-end=\"2157\">z\u00e1paloch mo\u010dov\u00e9ho mech\u00fara a mo\u010dov\u00fdch kame\u0148och<\/strong>.<br data-start=\"2158\" data-end=\"2161\" \/><strong data-start=\"2161\" data-end=\"2181\">Prvosienka jarn\u00e1<\/strong> a <strong data-start=\"2184\" data-end=\"2206\">\u013eubovn\u00edk bodkovan\u00fd<\/strong> boli pridan\u00e9 pre svoj <strong data-start=\"2229\" data-end=\"2253\">protiz\u00e1palov\u00fd \u00fa\u010dinok<\/strong>.<br data-start=\"2254\" data-end=\"2257\" \/><strong data-start=\"2257\" data-end=\"2295\">Porcinkov\u00e1 v\u0148a\u0165 (Herniaria glabra)<\/strong> sa tradi\u010dne pou\u017e\u00edva pri <strong data-start=\"2320\" data-end=\"2363\">ochoreniach obli\u010diek a mo\u010dov\u00e9ho mech\u00fara<\/strong> a pom\u00e1ha <strong data-start=\"2373\" data-end=\"2414\">zabra\u0148ova\u0165 tvorbe obli\u010dkov\u00fdch kame\u0148ov<\/strong>.<br data-start=\"2415\" data-end=\"2418\" \/><strong data-start=\"2418\" data-end=\"2433\">P\u00fdr plaziv\u00fd<\/strong> m\u00e1 <strong data-start=\"2437\" data-end=\"2476\">mo\u010dopudn\u00e9 a pre\u010dis\u0165uj\u00face vlastnosti<\/strong>, ktor\u00e9 pom\u00e1haj\u00fa <strong data-start=\"2493\" data-end=\"2525\">vyplavova\u0165 bakt\u00e9rie a tox\u00edny<\/strong> z mo\u010dov\u00fdch ciest.<br data-start=\"2543\" data-end=\"2546\" \/><strong data-start=\"2546\" data-end=\"2568\">Lipkavec syridlov\u00fd<\/strong> zlep\u0161uje <strong data-start=\"2578\" data-end=\"2598\">funkciu obli\u010diek<\/strong> a p\u00f4sob\u00ed <strong data-start=\"2608\" data-end=\"2640\">proti z\u00e1palom mo\u010dov\u00fdch ciest<\/strong>.<br data-start=\"2641\" data-end=\"2644\" \/><strong data-start=\"2644\" data-end=\"2681\">Fialka trojfarebn\u00e1 (violka po\u013en\u00e1)<\/strong> je s\u00edce menej pou\u017e\u00edvan\u00e1, ale m\u00e1 <strong data-start=\"2714\" data-end=\"2747\">vynikaj\u00faci krv\u010distiaci \u00fa\u010dinok<\/strong>.<\/p>\n<p data-start=\"2752\" data-end=\"3139\">Pre \u00faspe\u0161n\u00fa lie\u010dbu je <strong data-start=\"2774\" data-end=\"2814\">nevyhnutn\u00fd dostato\u010dn\u00fd pr\u00edjem tekut\u00edn<\/strong>, preto\u017ee v <strong data-start=\"2826\" data-end=\"2862\">mo\u010di, ktor\u00fd sa v mech\u00fare hromad\u00ed<\/strong>, sa <strong data-start=\"2867\" data-end=\"2897\">r\u00fdchlo rozmno\u017euj\u00fa bakt\u00e9rie<\/strong>, ktor\u00e9 sp\u00f4sobuj\u00fa z\u00e1pal. Odpor\u00fa\u010da sa <strong data-start=\"2934\" data-end=\"2971\">minim\u00e1lne 1,5 litra tekut\u00edn denne<\/strong> pre zabezpe\u010denie <strong data-start=\"2989\" data-end=\"3036\">priebe\u017en\u00e9ho vypr\u00e1zd\u0148ovania mo\u010dov\u00e9ho mech\u00fara<\/strong>. Po\u010das k\u00fary je vhodn\u00e9 <strong data-start=\"3059\" data-end=\"3091\">dopria\u0165 si tepl\u00fd so\u013en\u00fd k\u00fape\u013e<\/strong> a <strong data-start=\"3094\" data-end=\"3136\">vyh\u00fdba\u0165 sa siln\u00fdm korenin\u00e1m a alkoholu<\/strong>.<\/p>\n<p data-start=\"3141\" data-end=\"3314\"><strong data-start=\"3141\" data-end=\"3154\">El\u0151k\u00e9sz\u00edt\u00e9s:<\/strong> jednu zarovnan\u00fa polievkov\u00fa ly\u017eicu (3 g) \u010dajovej zmesi <strong data-start=\"3209\" data-end=\"3239\">zalia\u0165 2,5 dl vriacej vody<\/strong>, necha\u0165 <strong data-start=\"3248\" data-end=\"3268\">l\u00fahova\u0165 10 min\u00fat<\/strong>, potom scedi\u0165. <em data-start=\"3284\" data-end=\"3312\">Nepou\u017e\u00edvajte kovov\u00e9 sitko.<\/em><\/p>\n<p data-start=\"3316\" data-end=\"3445\"><strong data-start=\"3316\" data-end=\"3329\">Haszn\u00e1lat:<\/strong> pi\u0165 <strong data-start=\"3334\" data-end=\"3365\">1 a\u017e 3 \u0161\u00e1lky denne k\u00farovito<\/strong> a\u017e do vymiznutia \u0165a\u017ekost\u00ed. Na <strong data-start=\"3396\" data-end=\"3409\">prevenciu<\/strong> sa odpor\u00fa\u010da <strong data-start=\"3422\" data-end=\"3442\">2 \u0161\u00e1lky t\u00fd\u017edenne<\/strong>.<\/p>\n<p data-start=\"3447\" data-end=\"3534\"><strong data-start=\"3447\" data-end=\"3463\">Figyelmeztet\u00e9s:<\/strong> po\u010das <strong data-start=\"3470\" data-end=\"3509\">tehotenstva, doj\u010denia a do 18 rokov<\/strong> sa \u010daj <strong data-start=\"3517\" data-end=\"3531\">neodpor\u00fa\u010da<\/strong>.<\/p>\n<p data-start=\"3536\" data-end=\"3834\"><strong data-start=\"3536\" data-end=\"3549\">\u00d6sszet\u00e9tel:<\/strong> v\u0148a\u0165 rebr\u00ed\u010dka oby\u010dajn\u00e9ho, v\u0148a\u0165 vrbovky malokvetej, v\u0148a\u0165 prasli\u010dky ro\u013enej, v\u0148a\u0165 rep\u00edka lek\u00e1rskeho (7 %), kore\u0148 bedrn\u00edka pich\u013eav\u00e9ho, kvet prvosienky jarnej, v\u0148a\u0165 \u013eubovn\u00edka bodkovan\u00e9ho, v\u0148a\u0165 porcinkovej byliny, kore\u0148 p\u00fdru plaziv\u00e9ho, v\u0148a\u0165 lipkavca syridlov\u00e9ho, v\u0148a\u0165 fialky trojfarebnej.<\/p>\n<p data-start=\"3836\" data-end=\"3949\"><strong data-start=\"3836\" data-end=\"3852\">T\u00e1rol\u00e1s:<\/strong> po otvoren\u00ed uchov\u00e1vajte <strong data-start=\"3877\" data-end=\"3897\">gyermekek el\u0151l elz\u00e1rva<\/strong>, na <strong data-start=\"3902\" data-end=\"3930\">suchom a chladnom mieste<\/strong>, dobre uzavret\u00e9.<\/p>\n<p data-start=\"3951\" data-end=\"3971\"><strong data-start=\"3951\" data-end=\"3964\">S\u00faly:<\/strong> 50 g<\/p>","protected":false},"excerpt":{"rendered":"<p>\u0160peci\u00e1lna \u010dajov\u00e1 zmes Gyuri b\u00e1csiho na prechladnutie. \u010cajov\u00e1 zmes z rep\u00edka lek\u00e1rskeho (\u010caj na prechladnutie) obsahuje lie\u010div\u00e9 rastliny, ktor\u00e9 maj\u00fa skvel\u00e9 protiz\u00e1palov\u00e9 \u00fa\u010dinky.<\/p>\n<p>O nich sme p\u00edsali u\u017e v \u00favode. Lie\u010div\u00e9 \u00fa\u010dinky t\u00fdchto byl\u00edn sa prejavia iba vtedy, ak sa zmie\u0161aj\u00fa v spr\u00e1vnom pomere.<\/p>\n<p>Zlo\u017eeni&#8230; <a class=\"more-link\" href=\"#tab-description\">B\u0151vebben<\/a><\/p>","protected":false},"featured_media":10186,"comment_status":"open","ping_status":"closed","template":"","meta":{"inline_featured_image":false},"product_brand":[274],"product_cat":[148,153,149,152],"product_tag":[],"class_list":{"0":"post-8841","1":"product","2":"type-product","3":"status-publish","4":"has-post-thumbnail","6":"product_brand-gyorgytea","7":"product_cat-liecive-rastliny","8":"product_cat-dychacie-cesty-liecive-rastliny","9":"product_cat-liecive-rastliny-posilnenie-imunity","10":"product_cat-zaludok-a-crevna-cinnost-liecive-rastliny","12":"first","13":"instock","14":"taxable","15":"shipping-taxable","16":"purchasable","17":"product-type-simple"},"aioseo_notices":[],"_links":{"self":[{"href":"https:\/\/www.biokari.sk\/hu\/wp-json\/wp\/v2\/product\/8841","targetHints":{"allow":["GET"]}}],"collection":[{"href":"https:\/\/www.biokari.sk\/hu\/wp-json\/wp\/v2\/product"}],"about":[{"href":"https:\/\/www.biokari.sk\/hu\/wp-json\/wp\/v2\/types\/product"}],"replies":[{"embeddable":true,"href":"https:\/\/www.biokari.sk\/hu\/wp-json\/wp\/v2\/comments?post=8841"}],"wp:featuredmedia":[{"embeddable":true,"href":"https:\/\/www.biokari.sk\/hu\/wp-json\/wp\/v2\/media\/10186"}],"wp:attachment":[{"href":"https:\/\/www.biokari.sk\/hu\/wp-json\/wp\/v2\/media?parent=8841"}],"wp:term":[{"taxonomy":"product_brand","embeddable":true,"href":"https:\/\/www.biokari.sk\/hu\/wp-json\/wp\/v2\/product_brand?post=8841"},{"taxonomy":"product_cat","embeddable":true,"href":"https:\/\/www.biokari.sk\/hu\/wp-json\/wp\/v2\/product_cat?post=8841"},{"taxonomy":"product_tag","embeddable":true,"href":"https:\/\/www.biokari.sk\/hu\/wp-json\/wp\/v2\/product_tag?post=8841"}],"curies":[{"name":"wp","href":"https:\/\/api.w.org\/{rel}","templated":true}]}}