{"id":8845,"date":"2025-07-01T14:36:36","date_gmt":"2025-07-01T12:36:36","guid":{"rendered":"https:\/\/www.biokari.sk\/produkt\/gyorgytea-cajova-zmes-zihlava-50g\/"},"modified":"2026-04-01T19:02:31","modified_gmt":"2026-04-01T17:02:31","slug":"gyorgytea-cajova-zmes-zihlava-50g","status":"publish","type":"product","link":"https:\/\/www.biokari.sk\/hu\/termek\/gyorgytea-cajova-zmes-zihlava-50g\/","title":{"rendered":"Gy\u00f6rgytea \u010cajov\u00e1 zmes &#8211; \u017dihlava 50g"},"content":{"rendered":"<p data-start=\"350\" data-end=\"675\"><strong data-start=\"350\" data-end=\"390\">Gyuri b\u00e1csiho \u017eih\u013eavov\u00e1 bylinn\u00e1 zmes<\/strong>, zn\u00e1ma aj ako <strong data-start=\"405\" data-end=\"425\">\u201eO\u010dis\u0165uj\u00faci \u010daj\u201c<\/strong>, obsahuje <strong data-start=\"436\" data-end=\"498\">rastliny, ktor\u00e9 pom\u00e1haj\u00fa telu zbavova\u0165 sa \u0161kodliv\u00fdch l\u00e1tok<\/strong> \u00e9s t\u00e1mogat\u00e1s <strong data-start=\"511\" data-end=\"536\">detoxik\u00e1ciu organizmu<\/strong>. Je vhodn\u00e1 na <strong data-start=\"551\" data-end=\"567\">o\u010distn\u00e9 k\u00fary<\/strong>, na <strong data-start=\"572\" data-end=\"628\">podporu \u010dinnosti pe\u010dene, obli\u010diek a mo\u010dov\u00e9ho mech\u00fara<\/strong>, ako aj na <strong data-start=\"640\" data-end=\"672\">celkov\u00e9 posilnenie organizmu<\/strong>.<\/p>\n<p data-start=\"677\" data-end=\"890\"><strong data-start=\"677\" data-end=\"690\">\u00d6sszet\u00e9tel:<\/strong> list \u017eih\u013eavy dvojdomej (20 %), kvet bazy \u010diernej, list brezy previsnutej, list slezu lesn\u00e9ho, list \u010diernych r\u00edbezl\u00ed, kvitn\u00faca v\u0148a\u0165 hlohu oby\u010dajn\u00e9ho, list p\u00fapavy lek\u00e1rskej, v\u0148a\u0165 zem\u011bdymu lek\u00e1rskeho.<\/p>\n<p data-start=\"892\" data-end=\"1074\"><strong data-start=\"892\" data-end=\"909\">Kedy pi\u0165 \u010daj:<\/strong> najlep\u0161ie je ho <strong data-start=\"926\" data-end=\"975\">pi\u0165 pred jedlom, bez pr\u00edchute alebo sladidiel<\/strong>. Odpor\u00fa\u010da sa <strong data-start=\"989\" data-end=\"1022\">1 \u0161\u00e1lka denne po\u010das 6 t\u00fd\u017ed\u0148ov<\/strong>, po ktorej treba <strong data-start=\"1040\" data-end=\"1071\">urobi\u0165 4-t\u00fd\u017ed\u0148ov\u00fa prest\u00e1vku<\/strong>.<\/p>\n<p data-start=\"1076\" data-end=\"1181\"><strong data-start=\"1076\" data-end=\"1107\">Pre koho nie je \u010daj vhodn\u00fd:<\/strong> po\u010das <strong data-start=\"1114\" data-end=\"1160\">tehotenstva, doj\u010denia a u det\u00ed do 12 rokov<\/strong> sa <strong data-start=\"1164\" data-end=\"1178\">neodpor\u00fa\u010da<\/strong>.<\/p>\n<p data-start=\"1183\" data-end=\"1411\">\u201eMilujem pr\u00edrodu, od jari do jesene chod\u00edm po lesoch a l\u00fakach. Ver\u00edm, \u017ee v rastlin\u00e1ch sa n\u00e1jde liek na ka\u017ed\u00fa chorobu a \u017ee za svoje zdravie m\u00f4\u017eeme urobi\u0165 najviac my sami.\u201c<br data-start=\"1353\" data-end=\"1356\" \/>\u2014 <em data-start=\"1358\" data-end=\"1409\">Gy\u00f6rgy Szab\u00f3, nosite\u013e ocenenia Ma\u010farsk\u00e9 dedi\u010dstvo<\/em><\/p>\n<p data-start=\"1413\" data-end=\"2709\"><strong data-start=\"1413\" data-end=\"1437\">O bylink\u00e1ch v zmesi:<\/strong><br data-start=\"1437\" data-end=\"1440\" \/><strong data-start=\"1440\" data-end=\"1461\">Kvet bazy \u010diernej<\/strong> m\u00e1 <strong data-start=\"1465\" data-end=\"1521\">mo\u010dopudn\u00e9, tr\u00e1venie podporuj\u00face a upokojuj\u00face \u00fa\u010dinky<\/strong>, pom\u00e1ha pri <strong data-start=\"1534\" data-end=\"1566\">nachladnut\u00ed, ka\u0161li a chr\u00edpke<\/strong>, podporuje <strong data-start=\"1578\" data-end=\"1599\">pocenie a imunitu<\/strong>.<br data-start=\"1600\" data-end=\"1603\" \/><strong data-start=\"1603\" data-end=\"1617\">List brezy<\/strong> podporuje <strong data-start=\"1628\" data-end=\"1648\">funkciu obli\u010diek<\/strong>, p\u00f4sob\u00ed <strong data-start=\"1657\" data-end=\"1687\">mo\u010dopudne a krvne \u010distiaco<\/strong>, preto sa vyu\u017e\u00edva pri <strong data-start=\"1710\" data-end=\"1730\">o\u010distn\u00fdch k\u00farach<\/strong>.<br data-start=\"1731\" data-end=\"1734\" \/><strong data-start=\"1734\" data-end=\"1756\">List slezu lesn\u00e9ho<\/strong> m\u00e1 <strong data-start=\"1760\" data-end=\"1801\">upokojuj\u00face \u00fa\u010dinky na tr\u00e1viaci syst\u00e9m<\/strong>.<br data-start=\"1802\" data-end=\"1805\" \/><strong data-start=\"1805\" data-end=\"1821\">List \u017eih\u013eavy<\/strong> je jednou z <strong data-start=\"1834\" data-end=\"1908\">najlep\u0161\u00edch byl\u00edn na \u010distenie pe\u010dene, mo\u010dov\u00e9ho mech\u00fara a mo\u010dov\u00fdch ciest<\/strong>.<br data-start=\"1909\" data-end=\"1912\" \/><strong data-start=\"1912\" data-end=\"1937\">List \u010diernych r\u00edbezl\u00ed<\/strong> sa pou\u017e\u00edva pri <strong data-start=\"1953\" data-end=\"2014\">reume, vysokom krvnom tlaku a ochoreniach d\u00fdchac\u00edch ciest<\/strong>, <strong data-start=\"2016\" data-end=\"2043\">zni\u017euje kyselinu mo\u010dov\u00fa<\/strong>, pom\u00e1ha pri <strong data-start=\"2056\" data-end=\"2084\">z\u00e1paloch k\u013abov a art\u00e9ri\u00ed<\/strong>, <strong data-start=\"2086\" data-end=\"2122\">zlep\u0161uje krvn\u00fd obeh v kapil\u00e1rach<\/strong> a <strong data-start=\"2125\" data-end=\"2149\">p\u00f4sob\u00ed protiz\u00e1palovo<\/strong>.<br data-start=\"2150\" data-end=\"2153\" \/><strong data-start=\"2153\" data-end=\"2187\">Kvitn\u00faca v\u0148a\u0165 hlohu oby\u010dajn\u00e9ho<\/strong> m\u00e1 <strong data-start=\"2191\" data-end=\"2230\">vynikaj\u00faci \u010distiaci \u00fa\u010dinok na cievy<\/strong>, <strong data-start=\"2232\" data-end=\"2266\">posil\u0148uje srdce a srdcov\u00fd sval<\/strong>, zlep\u0161uje <strong data-start=\"2277\" data-end=\"2304\">pru\u017enos\u0165 cievnych stien<\/strong> a pom\u00e1ha <strong data-start=\"2314\" data-end=\"2367\">predch\u00e1dza\u0165 infarktu, mozgovej pr\u00edhode a tromb\u00f3ze<\/strong>.<br data-start=\"2368\" data-end=\"2371\" \/><strong data-start=\"2371\" data-end=\"2396\">List p\u00fapavy lek\u00e1rskej<\/strong> je <strong data-start=\"2400\" data-end=\"2430\">v\u00fdborn\u00fd posil\u0148ova\u010d \u017eal\u00fadka<\/strong>, podporuje <strong data-start=\"2442\" data-end=\"2460\">\u010dinnos\u0165 pe\u010dene<\/strong>, <strong data-start=\"2462\" data-end=\"2485\">zvy\u0161uje tvorbu \u017el\u010de<\/strong>, m\u00e1 <strong data-start=\"2490\" data-end=\"2530\">siln\u00e9 mo\u010dopudn\u00e9 a detoxika\u010dn\u00e9 \u00fa\u010dinky<\/strong>, <strong data-start=\"2532\" data-end=\"2558\">reguluje \u010dinnos\u0165 \u010driev<\/strong> a <strong data-start=\"2561\" data-end=\"2582\">odstra\u0148uje z\u00e1pchu<\/strong>.<br data-start=\"2583\" data-end=\"2586\" \/><strong data-start=\"2586\" data-end=\"2614\">V\u0148a\u0165 zem\u011bdymu lek\u00e1rskeho<\/strong> podporuje <strong data-start=\"2625\" data-end=\"2643\">\u010dinnos\u0165 pe\u010dene<\/strong> a <strong data-start=\"2646\" data-end=\"2666\">tr\u00e1viace procesy<\/strong>, \u010d\u00edm <strong data-start=\"2672\" data-end=\"2706\">napom\u00e1ha regener\u00e1cii organizmu<\/strong>.<\/p>\n<p data-start=\"2711\" data-end=\"2884\"><strong data-start=\"2711\" data-end=\"2724\">El\u0151k\u00e9sz\u00edt\u00e9s:<\/strong> jednu zarovnan\u00fa polievkov\u00fa ly\u017eicu (3 g) \u010dajovej zmesi <strong data-start=\"2779\" data-end=\"2809\">zalia\u0165 2,5 dl vriacej vody<\/strong>, necha\u0165 <strong data-start=\"2818\" data-end=\"2838\">l\u00fahova\u0165 15 min\u00fat<\/strong>, potom scedi\u0165. <em data-start=\"2854\" data-end=\"2882\">Nepou\u017e\u00edvajte kovov\u00e9 sitko.<\/em><\/p>\n<p data-start=\"2886\" data-end=\"3246\"><strong data-start=\"2886\" data-end=\"2899\">Haszn\u00e1lat:<\/strong> odpor\u00fa\u010da sa <strong data-start=\"2912\" data-end=\"2962\">o\u010distn\u00e1 k\u00fara dvakr\u00e1t ro\u010dne (v marci a okt\u00f3bri)<\/strong>, po\u010das <strong data-start=\"2970\" data-end=\"2985\">4\u20136 t\u00fd\u017ed\u0148ov<\/strong>, s <strong data-start=\"2989\" data-end=\"3015\">1 \u0161\u00e1lkou denne nala\u010dno<\/strong>, <strong data-start=\"3017\" data-end=\"3033\">bez pr\u00edchute<\/strong>. Po\u010das k\u00fary je vhodn\u00e9 <strong data-start=\"3056\" data-end=\"3076\">pi\u0165 ve\u013ea tekut\u00edn<\/strong>, najm\u00e4 <strong data-start=\"3084\" data-end=\"3098\">\u010dist\u00fa vodu<\/strong>. \u010caj je mo\u017en\u00e9 u\u017e\u00edva\u0165 aj <strong data-start=\"3123\" data-end=\"3164\">k\u00farovito na podporu \u010dinnosti obli\u010diek<\/strong>. Odpor\u00fa\u010da sa <strong data-start=\"3178\" data-end=\"3243\">6 t\u00fd\u017ed\u0148ov u\u017e\u00edvania, po ktor\u00fdch nasleduje 4-t\u00fd\u017ed\u0148ov\u00e1 prest\u00e1vka<\/strong>.<\/p>\n<p data-start=\"3248\" data-end=\"3342\"><strong data-start=\"3248\" data-end=\"3264\">Figyelmeztet\u00e9s:<\/strong> po\u010das <strong data-start=\"3271\" data-end=\"3317\">tehotenstva, doj\u010denia a u det\u00ed do 12 rokov<\/strong> sa \u010daj <strong data-start=\"3325\" data-end=\"3339\">neodpor\u00fa\u010da<\/strong>.<\/p>\n<p data-start=\"3344\" data-end=\"3457\"><strong data-start=\"3344\" data-end=\"3360\">T\u00e1rol\u00e1s:<\/strong> po otvoren\u00ed uchov\u00e1vajte <strong data-start=\"3385\" data-end=\"3405\">gyermekek el\u0151l elz\u00e1rva<\/strong>, na <strong data-start=\"3410\" data-end=\"3438\">suchom a chladnom mieste<\/strong>, dobre uzavret\u00e9.<\/p>\n<p data-start=\"3459\" data-end=\"3479\"><strong data-start=\"3459\" data-end=\"3472\">S\u00faly:<\/strong> 50 g<\/p>","protected":false},"excerpt":{"rendered":"<p>Na jar a na jese\u0148 sa odpor\u00fa\u010da \u010distiaca k\u00fara, s ktorou n\u00e1m lie\u010div\u00e9 rastliny skvele pom\u00f4\u017eu.<\/p>\n<p>\u010cajov\u00e1 zmes z p\u0155h\u013eavy dvojdomej (\u010cistiaci \u010daj) Gyuri b\u00e1csiho obsahuje lie\u010div\u00e9 rastliny, ktor\u00e9 organizmus o\u010distia. Zlo\u017eenie: bazov\u00fd kvet, listy p\u0155h\u013eavy dvojdomej, orech kr\u00e1\u013eovsk\u00fd, \u010dierne r\u00edbezle, kvety hlohu, l&#8230; <a class=\"more-link\" href=\"#tab-description\">B\u0151vebben<\/a><\/p>","protected":false},"featured_media":10190,"comment_status":"open","ping_status":"closed","template":"","meta":{"inline_featured_image":false},"product_brand":[274],"product_cat":[148,150,155,154,149,152],"product_tag":[],"class_list":{"0":"post-8845","1":"product","2":"type-product","3":"status-publish","4":"has-post-thumbnail","6":"product_brand-gyorgytea","7":"product_cat-liecive-rastliny","8":"product_cat-chudnutie-liecive-rastliny","9":"product_cat-klby-a-reuma-liecive-rastliny","10":"product_cat-krasa-liecive-rastliny","11":"product_cat-liecive-rastliny-posilnenie-imunity","12":"product_cat-zaludok-a-crevna-cinnost-liecive-rastliny","14":"first","15":"onbackorder","16":"taxable","17":"shipping-taxable","18":"purchasable","19":"product-type-simple"},"aioseo_notices":[],"_links":{"self":[{"href":"https:\/\/www.biokari.sk\/hu\/wp-json\/wp\/v2\/product\/8845","targetHints":{"allow":["GET"]}}],"collection":[{"href":"https:\/\/www.biokari.sk\/hu\/wp-json\/wp\/v2\/product"}],"about":[{"href":"https:\/\/www.biokari.sk\/hu\/wp-json\/wp\/v2\/types\/product"}],"replies":[{"embeddable":true,"href":"https:\/\/www.biokari.sk\/hu\/wp-json\/wp\/v2\/comments?post=8845"}],"wp:featuredmedia":[{"embeddable":true,"href":"https:\/\/www.biokari.sk\/hu\/wp-json\/wp\/v2\/media\/10190"}],"wp:attachment":[{"href":"https:\/\/www.biokari.sk\/hu\/wp-json\/wp\/v2\/media?parent=8845"}],"wp:term":[{"taxonomy":"product_brand","embeddable":true,"href":"https:\/\/www.biokari.sk\/hu\/wp-json\/wp\/v2\/product_brand?post=8845"},{"taxonomy":"product_cat","embeddable":true,"href":"https:\/\/www.biokari.sk\/hu\/wp-json\/wp\/v2\/product_cat?post=8845"},{"taxonomy":"product_tag","embeddable":true,"href":"https:\/\/www.biokari.sk\/hu\/wp-json\/wp\/v2\/product_tag?post=8845"}],"curies":[{"name":"wp","href":"https:\/\/api.w.org\/{rel}","templated":true}]}}