{"id":8849,"date":"2025-07-01T14:36:36","date_gmt":"2025-07-01T12:36:36","guid":{"rendered":"https:\/\/www.biokari.sk\/produkt\/gyorgytea-cajova-zmes-lipkavec-obycajny-50g\/"},"modified":"2026-04-20T19:01:58","modified_gmt":"2026-04-20T17:01:58","slug":"gyorgytea-cajova-zmes-lipkavec-obycajny-50g","status":"publish","type":"product","link":"https:\/\/www.biokari.sk\/hu\/termek\/gyorgytea-cajova-zmes-lipkavec-obycajny-50g\/","title":{"rendered":"Gy\u00f6rgytea \u010cajov\u00e1 zmes &#8211; Lipkavec oby\u010dajn\u00fd 50g"},"content":{"rendered":"<p data-start=\"70\" data-end=\"239\">\u010cajov\u00e1 zmes obsahuj\u00faca <strong data-start=\"93\" data-end=\"181\">v\u0148a\u0165 lipkavca oby\u010dajn\u00e9ho (70 %), v\u0148a\u0165 pamajor\u00e1nu oby\u010dajn\u00e9ho a list medovky lek\u00e1rskej<\/strong> m\u00f4\u017ee prispie\u0165 k <strong data-start=\"198\" data-end=\"236\">spr\u00e1vnemu fungovaniu \u0161t\u00edtnej \u017e\u013eazy<\/strong>.<\/p>\n<p data-start=\"241\" data-end=\"405\"><strong data-start=\"241\" data-end=\"254\">\u00d6sszet\u00e9tel:<\/strong> lipkavec oby\u010dajn\u00fd \u2013 kvitn\u00faca v\u0148a\u0165 (<em data-start=\"290\" data-end=\"304\">Galium verum<\/em>), pamajor\u00e1n oby\u010dajn\u00fd \u2013 v\u0148a\u0165 (<em data-start=\"334\" data-end=\"352\">Origanum vulgare<\/em>), medovka lek\u00e1rska \u2013 list (<em data-start=\"380\" data-end=\"401\">Melissa officinalis<\/em>).<\/p>\n<p data-start=\"407\" data-end=\"592\"><strong data-start=\"407\" data-end=\"424\">Kedy pi\u0165 \u010daj: <\/strong>Po\u010das d\u0148a pop\u00edjajte <strong data-start=\"447\" data-end=\"461\">po d\u00fa\u0161koch<\/strong>, najlep\u0161ie <strong data-start=\"473\" data-end=\"487\">bez pr\u00edsad<\/strong>. Pred prehltnut\u00edm <strong data-start=\"506\" data-end=\"542\">z\u00e1klonte hlavu a kloktajte \u010dajom<\/strong>. M\u00f4\u017eete ho pi\u0165 <strong data-start=\"558\" data-end=\"589\">dlhodobo, denne jednu \u0161\u00e1lku<\/strong>.<\/p>\n<p data-start=\"594\" data-end=\"788\"><strong data-start=\"594\" data-end=\"629\">Pre koho nie je v\u00fdrobok vhodn\u00fd:<\/strong><br data-start=\"629\" data-end=\"632\" \/><strong data-start=\"632\" data-end=\"666\">Nevhodn\u00e9 pre deti do 12 rokov.<\/strong><br data-start=\"666\" data-end=\"669\" \/><strong data-start=\"669\" data-end=\"696\">Tehotn\u00e9 a doj\u010diace \u017eeny<\/strong> by mali \u010daj u\u017e\u00edva\u0165 len po konzult\u00e1cii s lek\u00e1rom, ak im bola predp\u00edsan\u00e1 hormon\u00e1lna lie\u010dba.<\/p>\n<p data-start=\"790\" data-end=\"1123\"><strong data-start=\"790\" data-end=\"819\">O bylink\u00e1ch podrobnej\u0161ie:<\/strong><br data-start=\"819\" data-end=\"822\" \/>Hlavnou zlo\u017ekou zmesi je <strong data-start=\"847\" data-end=\"868\">lipkavec oby\u010dajn\u00fd<\/strong>, rastlina, ktor\u00e1 bola znovuobjaven\u00e1 v\u010faka M\u00e1rii Treben. Jej \u00fa\u010dinn\u00e9 l\u00e1tky <strong data-start=\"942\" data-end=\"975\">podporuj\u00fa cel\u00fd \u017e\u013eazov\u00fd syst\u00e9m<\/strong> tela. V \u013eudovom lie\u010dite\u013estve sa pou\u017e\u00edvala aj pri <strong data-start=\"1025\" data-end=\"1078\">prevencii a doplnkovej lie\u010dbe n\u00e1dorov\u00fdch ochoren\u00ed<\/strong>, \u010do potvrdzuj\u00fa aj nov\u0161ie vedeck\u00e9 poznatky.<\/p>\n<p data-start=\"1125\" data-end=\"1376\"><strong data-start=\"1125\" data-end=\"1147\">Pamajor\u00e1n oby\u010dajn\u00fd<\/strong> je zn\u00e1my u\u017e od staroveku najm\u00e4 ako <strong data-start=\"1183\" data-end=\"1215\">prostriedok na tlmenie ka\u0161\u013ea<\/strong>, ale v \u013eudovej medic\u00edne sa vyu\u017e\u00edva aj pri <strong data-start=\"1258\" data-end=\"1285\">hormon\u00e1lnych probl\u00e9moch<\/strong> \u2013 p\u00f4sob\u00ed na <strong data-start=\"1298\" data-end=\"1338\">\u010dinnos\u0165 hypof\u00fdzy (podmozgovej \u017e\u013eazy)<\/strong>, preto bol zaraden\u00fd do tejto zmesi.<\/p>\n<p data-start=\"1378\" data-end=\"1576\"><strong data-start=\"1378\" data-end=\"1398\">Medovka lek\u00e1rska<\/strong> je cenen\u00e1 bylinka s <strong data-start=\"1419\" data-end=\"1469\">antibakteri\u00e1lnymi a dezinfek\u010dn\u00fdmi vlastnos\u0165ami<\/strong>. Pom\u00e1ha <strong data-start=\"1478\" data-end=\"1513\">regulova\u0165 \u010dinnos\u0165 \u0161t\u00edtnej \u017e\u013eazy<\/strong> a zmier\u0148uje <strong data-start=\"1526\" data-end=\"1573\">nervozitu sp\u00f4soben\u00fa jej nadmernou aktivitou<\/strong>.<\/p>\n<p data-start=\"1578\" data-end=\"1759\"><strong data-start=\"1578\" data-end=\"1596\">Pr\u00edprava \u010daju:<\/strong><br data-start=\"1596\" data-end=\"1599\" \/>Jednu zarovnan\u00fa polievkov\u00fa ly\u017eicu (3 g) \u010dajoviny <strong data-start=\"1648\" data-end=\"1679\">zalejte 2,5 dl vriacej vody<\/strong>, nechajte <strong data-start=\"1690\" data-end=\"1710\">15 min\u00fat l\u00fahova\u0165<\/strong> a potom sce\u010fte. <strong data-start=\"1727\" data-end=\"1757\">Nepou\u017e\u00edvajte kovov\u00e9 sitko.<\/strong><\/p>\n<p data-start=\"1761\" data-end=\"2185\"><strong data-start=\"1761\" data-end=\"1774\">Haszn\u00e1lat: <\/strong>Po\u010das d\u0148a \u010daj <strong data-start=\"1791\" data-end=\"1815\">pop\u00edjajte po d\u00fa\u0161koch<\/strong>, najlep\u0161ie bez dochucovania. Pred prehltnut\u00edm <strong data-start=\"1862\" data-end=\"1892\">z\u00e1klonte hlavu a kloktajte<\/strong>.<br data-start=\"1893\" data-end=\"1896\" \/>Preto\u017ee cie\u013eom je podpora tvorby horm\u00f3nov \u0161t\u00edtnej \u017e\u013eazy, odpor\u00fa\u010da sa <strong data-start=\"1965\" data-end=\"1997\">postupn\u00e9 pop\u00edjanie po\u010das d\u0148a<\/strong>. Ak sa na \u0161t\u00edtnej \u017e\u013eaze nach\u00e1dza <strong data-start=\"2031\" data-end=\"2040\">uzl\u00edk<\/strong>, odpor\u00fa\u010da sa na noc <strong data-start=\"2061\" data-end=\"2102\">priklada\u0165 pou\u017eit\u00fa \u010dajovinu ako obklad<\/strong>, aby sa zn\u00ed\u017eil opuch. \u010caj je \u00fa\u010dinn\u00fd aj pri <strong data-start=\"2146\" data-end=\"2182\">strume (zv\u00e4\u010d\u0161enej \u0161t\u00edtnej \u017e\u013eaze)<\/strong>.<\/p>\n<p data-start=\"2187\" data-end=\"2339\"><strong data-start=\"2187\" data-end=\"2208\">Ne\u017eiaduce \u00fa\u010dinky:<\/strong><br data-start=\"2208\" data-end=\"2211\" \/>Nie s\u00fa zn\u00e1me.<br data-start=\"2224\" data-end=\"2227\" \/>Tehotn\u00fdm a doj\u010diacim \u017een\u00e1m sa odpor\u00fa\u010da u\u017e\u00edvanie len po konzult\u00e1cii s lek\u00e1rom.<br data-start=\"2304\" data-end=\"2307\" \/>Nevhodn\u00e9 pre deti do 12 rokov.<\/p>\n<p data-start=\"2341\" data-end=\"2452\"><strong data-start=\"2341\" data-end=\"2357\">T\u00e1rol\u00e1s: <\/strong>Po otvoren\u00ed uchov\u00e1vajte <strong data-start=\"2384\" data-end=\"2414\">na suchom, chladnom mieste<\/strong>, dobre uzavret\u00e9 a mimo dosahu det\u00ed.<\/p>\n<p data-start=\"2454\" data-end=\"2472\" data-is-last-node=\"\" data-is-only-node=\"\"><strong data-start=\"2454\" data-end=\"2467\">S\u00faly:<\/strong> 50 g<\/p>","protected":false},"excerpt":{"rendered":"<p>Ingrediencie:<br \/>\nkvitn\u00faci v\u00fdhonok galaj (Galii mollugonis herba)<\/p>\n<p>Ako to urob\u00edm?<br \/>\n\u010cajov\u00fa ly\u017ei\u010dku (1,5-2 g) \u010dajovn\u00edka povarte s 2,5 dl vody, po 10 min\u00fatach prefiltrujte. Nepou\u017e\u00edvajte kovov\u00fd filter.<\/p>\n<p>Kedy by ste mali jes\u0165?<br \/>\nKonzumujte r\u00e1no nala\u010dno, najlep\u0161ie bez dochucovadiel.<\/p>\n<p>Ako dlho m\u00f4\u017eem pi\u0165?<br \/>\nM\u00f4\u017ee sa &#8230; <a class=\"more-link\" href=\"#tab-description\">B\u0151vebben<\/a><\/p>","protected":false},"featured_media":10355,"comment_status":"open","ping_status":"closed","template":"","meta":{"inline_featured_image":false},"product_brand":[274],"product_cat":[148],"product_tag":[],"class_list":{"0":"post-8849","1":"product","2":"type-product","3":"status-publish","4":"has-post-thumbnail","6":"product_brand-gyorgytea","7":"product_cat-liecive-rastliny","9":"first","10":"instock","11":"taxable","12":"shipping-taxable","13":"purchasable","14":"product-type-simple"},"aioseo_notices":[],"_links":{"self":[{"href":"https:\/\/www.biokari.sk\/hu\/wp-json\/wp\/v2\/product\/8849","targetHints":{"allow":["GET"]}}],"collection":[{"href":"https:\/\/www.biokari.sk\/hu\/wp-json\/wp\/v2\/product"}],"about":[{"href":"https:\/\/www.biokari.sk\/hu\/wp-json\/wp\/v2\/types\/product"}],"replies":[{"embeddable":true,"href":"https:\/\/www.biokari.sk\/hu\/wp-json\/wp\/v2\/comments?post=8849"}],"wp:featuredmedia":[{"embeddable":true,"href":"https:\/\/www.biokari.sk\/hu\/wp-json\/wp\/v2\/media\/10355"}],"wp:attachment":[{"href":"https:\/\/www.biokari.sk\/hu\/wp-json\/wp\/v2\/media?parent=8849"}],"wp:term":[{"taxonomy":"product_brand","embeddable":true,"href":"https:\/\/www.biokari.sk\/hu\/wp-json\/wp\/v2\/product_brand?post=8849"},{"taxonomy":"product_cat","embeddable":true,"href":"https:\/\/www.biokari.sk\/hu\/wp-json\/wp\/v2\/product_cat?post=8849"},{"taxonomy":"product_tag","embeddable":true,"href":"https:\/\/www.biokari.sk\/hu\/wp-json\/wp\/v2\/product_tag?post=8849"}],"curies":[{"name":"wp","href":"https:\/\/api.w.org\/{rel}","templated":true}]}}