{"id":8851,"date":"2025-07-01T14:36:37","date_gmt":"2025-07-01T12:36:37","guid":{"rendered":"https:\/\/www.biokari.sk\/produkt\/gyorgytea-lubovnik-bodkovany-olej-50ml\/"},"modified":"2026-04-25T19:02:11","modified_gmt":"2026-04-25T17:02:11","slug":"gyorgytea-lubovnik-bodkovany-olej-50ml","status":"publish","type":"product","link":"https:\/\/www.biokari.sk\/hu\/termek\/gyorgytea-lubovnik-bodkovany-olej-50ml\/","title":{"rendered":"Gy\u00f6rgytea \u013dubovn\u00edk bodkovan\u00fd olej 50ml"},"content":{"rendered":"<p>\u013dubovn\u00edk bodkovan\u00fd patr\u00ed medzi <strong>najzn\u00e1mej\u0161ie lie\u010div\u00e9 rastliny<\/strong>. Vyu\u017e\u00edvanie tejto byliny m\u00e1 dlh\u00fa trad\u00edciu a zauj\u00edma ho aj modern\u00fd v\u00fdskum. Napriek jeho popularite je d\u00f4le\u017eit\u00e9 vedie\u0165, \u017ee <strong>pri vn\u00fatornom u\u017e\u00edvan\u00ed je potrebn\u00e1 opatrnos\u0165<\/strong>, no <strong>zvonka sa m\u00f4\u017ee bezpe\u010dne pou\u017e\u00edva\u0165<\/strong>.<\/p>\n\n\n\n<p>Zber\u00e1 sa <strong>kvitn\u00faca v\u0148a\u0165<\/strong>, ktor\u00e1 obsahuje najviac \u00fa\u010dinn\u00fdch l\u00e1tok. \u010cerstv\u00e1 rastlina sa <strong>maceruje<\/strong> v kukuri\u010dnom kl\u00ed\u010dkovom oleji nieko\u013eko t\u00fd\u017ed\u0148ov na svetle, \u010d\u00edm vznik\u00e1 \u010derven\u00fd olej, tradi\u010dne pou\u017e\u00edvan\u00fd v starostlivosti o poko\u017eku.<\/p>\n\n\n\n<p>\u013dubovn\u00edkov\u00fd olej sa tradi\u010dne pou\u017e\u00edva:<br>\u2022 na <strong>o\u0161etrovanie podr\u00e1\u017edenej poko\u017eky<\/strong> (vr\u00e1tane poko\u017eky nam\u00e1hanej slnkom)<br>\u2022 pri <strong>drobn\u00fdch poraneniach ko\u017ee<\/strong><br>\u2022 na <strong>poko\u017eku s nerovnomern\u00fdm povrchom<\/strong><br>\u2022 na <strong>such\u00fa a citliv\u00fa poko\u017eku<\/strong><br>\u2022 na <strong>upokojenie poko\u017eky po holen\u00ed<\/strong><\/p>\n\n\n\n<p><strong>\u00d6sszet\u00e9tel:<\/strong> kukuri\u010dn\u00fd kl\u00ed\u010dkov\u00fd olej, olej zo semien hrozna, extrakt z \u013eubovn\u00edka bodkovan\u00e9ho<\/p>\n\n\n\n<p><em>\u201eMilujem pr\u00edrodu. Od jari do jesene chodievam po l\u00fakach a lesoch. Ver\u00edm, \u017ee rastliny skr\u00fdvaj\u00fa rie\u0161enie na mnoho na\u0161ich \u0165a\u017ekost\u00ed a \u017ee pre svoje zdravie m\u00f4\u017eeme najviac urobi\u0165 pr\u00e1ve my sami.\u201c<\/em><br>Szab\u00f3 Gy\u00f6rgy \u2013 dr\u017eite\u013e ocenenia Ma\u010farsk\u00e9 dedi\u010dstvo<\/p>\n\n\n\n<p><strong>Pou\u017eitie<\/strong><br>Len na vonkaj\u0161ie pou\u017eitie. Naneste <strong>2\u20133\u00d7 denne<\/strong> v tenkej vrstve na postihnut\u00e9 miesto. Olej sa pomal\u0161ie vstreb\u00e1va, preto je vhodn\u00e9 jemne ho <strong>vmas\u00edrova\u0165<\/strong> a prebytok zotrie\u0165. Pri pou\u017eit\u00ed na noc je mo\u017en\u00e9 prekry\u0165 <strong>g\u00e1zou<\/strong> alebo tenkou text\u00edliou.<\/p>\n\n\n\n<p><strong>D\u00f4le\u017eit\u00e9 upozornenie<\/strong><br>Po aplik\u00e1cii <strong>nevystavujte poko\u017eku slne\u010dn\u00e9mu \u017eiareniu<\/strong>, preto\u017ee \u013eubovn\u00edk m\u00f4\u017ee sp\u00f4sobova\u0165 zv\u00fd\u0161en\u00fa citlivos\u0165 na svetlo.<br>Vyhnite sa kontaktu s o\u010dami a sliznicou.<\/p>\n\n\n\n<p><br>Minim\u00e1lna trvanlivos\u0165 do: uveden\u00e9 na obale<br>Skladovanie: Po otvoren\u00ed uchov\u00e1va\u0165 v suchu, pri izbovej teplote, dobre uzavret\u00e9.<br>Uchov\u00e1va\u0165 <strong>gyermekek el\u0151l elz\u00e1rva<\/strong>.<\/p>\n\n\n\n<p><strong>Csomagol\u00e1s:<\/strong> 50 ml<\/p>","protected":false},"excerpt":{"rendered":"<p>Alkalmaz\u00e1s:<\/p>\n<p>V\u00fdlu\u010dne na vonkaj\u0161ie pou\u017eitie! Dotknut\u00fa oblas\u0165 natrite tenkou vrstvou v\u00fd\u0165a\u017eku 2-3-kr\u00e1t po\u010das d\u0148a. Olej sa do poko\u017eky vstreb\u00e1va \u0165a\u017eko, preto je potrebn\u00e9 natrie\u0165 len jeho tenk\u00fa vrstvu a zvy\u0161n\u00fd olej utrie\u0165.<\/p>\n<p>\u00da\u010dinky:<\/p>\n<p>Na pop\u00e1leniny a sp\u00e1leniny: mierne sp\u00e1len\u00fa poko\u017eku natrite tenkou vrstvou ol&#8230; <a class=\"more-link\" href=\"#tab-description\">B\u0151vebben<\/a><\/p>","protected":false},"featured_media":10476,"comment_status":"open","ping_status":"closed","template":"","meta":{"inline_featured_image":false},"product_brand":[274],"product_cat":[249],"product_tag":[],"class_list":{"0":"post-8851","1":"product","2":"type-product","3":"status-publish","4":"has-post-thumbnail","6":"product_brand-gyorgytea","7":"product_cat-kozmeticke-vyrobky","9":"first","10":"instock","11":"taxable","12":"shipping-taxable","13":"purchasable","14":"product-type-simple"},"aioseo_notices":[],"_links":{"self":[{"href":"https:\/\/www.biokari.sk\/hu\/wp-json\/wp\/v2\/product\/8851","targetHints":{"allow":["GET"]}}],"collection":[{"href":"https:\/\/www.biokari.sk\/hu\/wp-json\/wp\/v2\/product"}],"about":[{"href":"https:\/\/www.biokari.sk\/hu\/wp-json\/wp\/v2\/types\/product"}],"replies":[{"embeddable":true,"href":"https:\/\/www.biokari.sk\/hu\/wp-json\/wp\/v2\/comments?post=8851"}],"wp:featuredmedia":[{"embeddable":true,"href":"https:\/\/www.biokari.sk\/hu\/wp-json\/wp\/v2\/media\/10476"}],"wp:attachment":[{"href":"https:\/\/www.biokari.sk\/hu\/wp-json\/wp\/v2\/media?parent=8851"}],"wp:term":[{"taxonomy":"product_brand","embeddable":true,"href":"https:\/\/www.biokari.sk\/hu\/wp-json\/wp\/v2\/product_brand?post=8851"},{"taxonomy":"product_cat","embeddable":true,"href":"https:\/\/www.biokari.sk\/hu\/wp-json\/wp\/v2\/product_cat?post=8851"},{"taxonomy":"product_tag","embeddable":true,"href":"https:\/\/www.biokari.sk\/hu\/wp-json\/wp\/v2\/product_tag?post=8851"}],"curies":[{"name":"wp","href":"https:\/\/api.w.org\/{rel}","templated":true}]}}