{"id":8873,"date":"2025-07-01T14:36:40","date_gmt":"2025-07-01T12:36:40","guid":{"rendered":"https:\/\/www.biokari.sk\/produkt\/gyorgytea-cajova-zmes-leto-50g\/"},"modified":"2026-03-17T18:01:39","modified_gmt":"2026-03-17T17:01:39","slug":"gyorgytea-cajova-zmes-leto-50g","status":"publish","type":"product","link":"https:\/\/www.biokari.sk\/hu\/termek\/gyorgytea-cajova-zmes-leto-50g\/","title":{"rendered":"Gy\u00f6rgytea &#8211; \u010cajov\u00e1 zmes &#8211; Leto 50g"},"content":{"rendered":"<p data-start=\"101\" data-end=\"249\"><strong data-start=\"101\" data-end=\"114\">\u00d6sszet\u00e9tel:<\/strong> list medovky lek\u00e1rskej, v\u0148a\u0165 rep\u00edka lek\u00e1rskeho, kvet bazy \u010diernej, kvet ag\u00e1tu bieleho, v\u0148a\u0165 rebr\u00ed\u010dka oby\u010dajn\u00e9ho, list \u0161alvie lek\u00e1rskej<\/p>\n<p data-start=\"251\" data-end=\"495\"><strong data-start=\"251\" data-end=\"263\">Pr\u00edprava<\/strong><br data-start=\"263\" data-end=\"266\" \/>Jednu zarovnan\u00fa polievkov\u00fa ly\u017eicu (3 g) \u010dajovej zmesi zalia\u0165 2,5 dl hor\u00facej vody, necha\u0165 l\u00fahova\u0165 15 min\u00fat, potom scedi\u0165. <strong data-start=\"387\" data-end=\"414\">Nepou\u017e\u00edva\u0165 kovov\u00e9 sito.<\/strong><br data-start=\"414\" data-end=\"417\" \/>R\u00fdchlo ochladi\u0165, napr\u00edklad pridan\u00edm \u013eadu alebo kr\u00e1tkym ochladen\u00edm v mrazni\u010dke.<\/p>\n<p data-start=\"497\" data-end=\"666\"><strong data-start=\"497\" data-end=\"509\">U\u017e\u00edvanie<\/strong><br data-start=\"509\" data-end=\"512\" \/>Pi\u0165 po\u010das d\u0148a, najlep\u0161ie <strong data-start=\"537\" data-end=\"557\">bez dochucovania<\/strong> alebo s mal\u00fdm mno\u017estvom medu.<br data-start=\"587\" data-end=\"590\" \/>Deti od 3 rokov m\u00f4\u017eu pi\u0165 <strong data-start=\"615\" data-end=\"627\">zrieden\u00fd<\/strong> \u010daj (1 \u010dajov\u00e1 ly\u017ei\u010dka na 2,5 dl vody).<\/p>\n<p data-start=\"668\" data-end=\"765\"><strong data-start=\"668\" data-end=\"683\">Skladovanie<\/strong><br data-start=\"683\" data-end=\"686\" \/>Po otvoren\u00ed uchov\u00e1va\u0165 <strong data-start=\"708\" data-end=\"728\">gyermekek el\u0151l elz\u00e1rva<\/strong>, v suchu, chlade a dobre uzatvoren\u00e9.<\/p>\n<p data-start=\"767\" data-end=\"784\"><strong data-start=\"767\" data-end=\"779\">Csomagol\u00e1s:<\/strong> 50 g<\/p>\n\n\n<p><\/p>","protected":false},"excerpt":{"rendered":"<p>\u010cajov\u00e1 zmes \u2013 Leto<br \/>\nHmotnos\u0165: 50g<br \/>\nZlo\u017eenie: medovka lek\u00e1rska, rep\u00edk lek\u00e1rsky, kvet bazy, biely ag\u00e1t, \u0161alvia lek\u00e1rska.<br \/>\nNepou\u017e\u00edvajte kuchynsk\u00e9 n\u00e1radie z kovu!<br \/>\nPou\u017eitie: Denne 1-2 \u0161\u00e1lky!<br \/>\nNepou\u017e\u00edvajte pre deti do 3 rokov!<br \/>\nSkladujte na suchom, chladnom mieste!<br \/>\nD\u00e1tum spotreby: vi\u010f na obale. Krajina p\u00f4vodu&#8230; <a class=\"more-link\" href=\"#tab-description\">B\u0151vebben<\/a><\/p>","protected":false},"featured_media":10484,"comment_status":"open","ping_status":"closed","template":"","meta":{"inline_featured_image":false},"product_brand":[274],"product_cat":[148],"product_tag":[],"class_list":{"0":"post-8873","1":"product","2":"type-product","3":"status-publish","4":"has-post-thumbnail","6":"product_brand-gyorgytea","7":"product_cat-liecive-rastliny","9":"first","10":"onbackorder","11":"taxable","12":"shipping-taxable","13":"purchasable","14":"product-type-simple"},"aioseo_notices":[],"_links":{"self":[{"href":"https:\/\/www.biokari.sk\/hu\/wp-json\/wp\/v2\/product\/8873","targetHints":{"allow":["GET"]}}],"collection":[{"href":"https:\/\/www.biokari.sk\/hu\/wp-json\/wp\/v2\/product"}],"about":[{"href":"https:\/\/www.biokari.sk\/hu\/wp-json\/wp\/v2\/types\/product"}],"replies":[{"embeddable":true,"href":"https:\/\/www.biokari.sk\/hu\/wp-json\/wp\/v2\/comments?post=8873"}],"wp:featuredmedia":[{"embeddable":true,"href":"https:\/\/www.biokari.sk\/hu\/wp-json\/wp\/v2\/media\/10484"}],"wp:attachment":[{"href":"https:\/\/www.biokari.sk\/hu\/wp-json\/wp\/v2\/media?parent=8873"}],"wp:term":[{"taxonomy":"product_brand","embeddable":true,"href":"https:\/\/www.biokari.sk\/hu\/wp-json\/wp\/v2\/product_brand?post=8873"},{"taxonomy":"product_cat","embeddable":true,"href":"https:\/\/www.biokari.sk\/hu\/wp-json\/wp\/v2\/product_cat?post=8873"},{"taxonomy":"product_tag","embeddable":true,"href":"https:\/\/www.biokari.sk\/hu\/wp-json\/wp\/v2\/product_tag?post=8873"}],"curies":[{"name":"wp","href":"https:\/\/api.w.org\/{rel}","templated":true}]}}