{"id":8883,"date":"2025-07-01T14:36:42","date_gmt":"2025-07-01T12:36:42","guid":{"rendered":"https:\/\/www.biokari.sk\/produkt\/dia-wellness-diabeticka-muka-na-pecenie-500g\/"},"modified":"2026-03-14T18:00:41","modified_gmt":"2026-03-14T17:00:41","slug":"dia-wellness-diabeticka-muka-na-pecenie-500g","status":"publish","type":"product","link":"https:\/\/www.biokari.sk\/hu\/termek\/dia-wellness-diabeticka-muka-na-pecenie-500g\/","title":{"rendered":"Dia-Wellness Diabetick\u00e1 m\u00faka na pe\u010denie 500g"},"content":{"rendered":"<p data-start=\"169\" data-end=\"417\">Dia-Wellness Pek\u00e1rska m\u00faka v 500 g balen\u00ed je univerz\u00e1lna m\u00faka vhodn\u00e1 na be\u017en\u00e9 kuchynsk\u00e9 pou\u017eitie \u2013 <strong data-start=\"268\" data-end=\"300\">mo\u017eno ju pou\u017e\u00edva\u0165 samostatne<\/strong>.<br data-start=\"301\" data-end=\"304\" \/>Je <strong data-start=\"307\" data-end=\"329\">bohat\u00e1 na vl\u00e1kninu<\/strong> a je <strong data-start=\"335\" data-end=\"356\">zdrojom bielkov\u00edn<\/strong>!<br data-start=\"357\" data-end=\"360\" \/>Bielkoviny prispievaj\u00fa k udr\u017eaniu norm\u00e1lneho stavu kost\u00ed.<\/p>\n<h4 data-start=\"424\" data-end=\"442\"><strong data-start=\"429\" data-end=\"442\">\u00d6sszet\u00e9tel:\u00a0<\/strong>p\u0161eni\u010dn\u00e1 m\u00faka, p\u0161eni\u010dn\u00fd bielkovinov\u00fd koncentr\u00e1t, vl\u00e1knina, ovsen\u00e1 m\u00faka, rezistentn\u00fd \u0161krob, mlie\u010dny bielkovinov\u00fd koncentr\u00e1t, p\u0161eni\u010dn\u00e9 otruby, rastlinn\u00fd olej (repkov\u00fd), kyselina mlie\u010dna, emulg\u00e1tor: E471, zahus\u0165ovadl\u00e1: guarov\u00e1 guma, pekt\u00edn, zlep\u0161uj\u00faca l\u00e1tka: kyselina askorbov\u00e1, enz\u00fdmy.<\/h4>\n<h4 data-start=\"733\" data-end=\"751\"><strong data-start=\"738\" data-end=\"751\">Allerg\u00e9nek:\u00a0<\/strong>Tartalmazza a  c\u00edmet. <strong data-start=\"761\" data-end=\"780\">glut\u00e9n a mlieko<\/strong>.<\/h4>\n<h4 data-start=\"788\" data-end=\"840\"><strong data-start=\"793\" data-end=\"840\">Priemern\u00e9 v\u00fd\u017eivov\u00e9 hodnoty v 100 g v\u00fdrobku:<\/strong><\/h4>\n<ul data-start=\"841\" data-end=\"1040\">\n<li data-start=\"841\" data-end=\"872\">\n<p data-start=\"843\" data-end=\"872\">Energia: 1401 kJ \/ 333 kcal<\/p>\n<\/li>\n<li data-start=\"873\" data-end=\"933\">\n<p data-start=\"875\" data-end=\"888\">Tuky: 2,1 g<\/p>\n<ul data-start=\"891\" data-end=\"933\">\n<li data-start=\"891\" data-end=\"933\">\n<p data-start=\"893\" data-end=\"933\">z toho nas\u00fdten\u00e9 mastn\u00e9 kyseliny: 0,4 g<\/p>\n<\/li>\n<\/ul>\n<\/li>\n<li data-start=\"934\" data-end=\"981\">\n<p data-start=\"936\" data-end=\"955\">Sacharidy: 56,0 g<\/p>\n<ul data-start=\"958\" data-end=\"981\">\n<li data-start=\"958\" data-end=\"981\">\n<p data-start=\"960\" data-end=\"981\">z toho cukry: 0,6 g<\/p>\n<\/li>\n<\/ul>\n<\/li>\n<li data-start=\"982\" data-end=\"1001\">\n<p data-start=\"984\" data-end=\"1001\">Vl\u00e1knina: 8,5 g<\/p>\n<\/li>\n<li data-start=\"1002\" data-end=\"1024\">\n<p data-start=\"1004\" data-end=\"1024\">Bielkoviny: 18,4 g<\/p>\n<\/li>\n<li data-start=\"1025\" data-end=\"1040\">\n<p data-start=\"1027\" data-end=\"1040\">So\u013e: 0,06 g<\/p>\n<\/li>\n<\/ul>\n<p data-start=\"1047\" data-end=\"1165\"><strong data-start=\"1047\" data-end=\"1060\">S\u00faly:<\/strong> 500 g<br data-start=\"1066\" data-end=\"1069\" \/><strong data-start=\"1069\" data-end=\"1088\">Krajina p\u00f4vodu:<\/strong> Ma\u010farsko<br data-start=\"1097\" data-end=\"1100\" \/><strong data-start=\"1100\" data-end=\"1114\">Vhodn\u00e9 na:<\/strong> pe\u010denie, varenie, univerz\u00e1lne kuchynsk\u00e9 pou\u017eitie<\/p>","protected":false},"excerpt":{"rendered":"<p>R\u00f6vid le\u00edr\u00e1s<\/p>\n<p>T\u00e1to m\u00fa\u010dna zmes so zn\u00ed\u017een\u00fdm obsahom sacharidov je ur\u010den\u00e1 pre diabetikov, osoby na reduk\u010dn\u00fdch di\u00e9ty a v\u0161etk\u00fdch, ktor\u00ed h\u013eadaj\u00fa v\u00fd\u017eivne bohat\u00fa alternat\u00edvu k be\u017enej m\u00fake. V\u010faka vysokej hladine vl\u00e1kniny a bielkov\u00edn podporuje ni\u017e\u0161\u00ed glykemick\u00fd index a stabiln\u00fd pr\u00edjem energie<\/p>\n<p>Zlo\u017eenie<\/p>\n<p>P\u0161&#8230; <a class=\"more-link\" href=\"#tab-description\">B\u0151vebben<\/a><\/p>","protected":false},"featured_media":10132,"comment_status":"open","ping_status":"closed","template":"","meta":{"inline_featured_image":false},"product_brand":[],"product_cat":[19],"product_tag":[],"class_list":{"0":"post-8883","1":"product","2":"type-product","3":"status-publish","4":"has-post-thumbnail","6":"product_cat-ostatne","8":"first","9":"instock","10":"taxable","11":"shipping-taxable","12":"purchasable","13":"product-type-simple"},"aioseo_notices":[],"_links":{"self":[{"href":"https:\/\/www.biokari.sk\/hu\/wp-json\/wp\/v2\/product\/8883","targetHints":{"allow":["GET"]}}],"collection":[{"href":"https:\/\/www.biokari.sk\/hu\/wp-json\/wp\/v2\/product"}],"about":[{"href":"https:\/\/www.biokari.sk\/hu\/wp-json\/wp\/v2\/types\/product"}],"replies":[{"embeddable":true,"href":"https:\/\/www.biokari.sk\/hu\/wp-json\/wp\/v2\/comments?post=8883"}],"wp:featuredmedia":[{"embeddable":true,"href":"https:\/\/www.biokari.sk\/hu\/wp-json\/wp\/v2\/media\/10132"}],"wp:attachment":[{"href":"https:\/\/www.biokari.sk\/hu\/wp-json\/wp\/v2\/media?parent=8883"}],"wp:term":[{"taxonomy":"product_brand","embeddable":true,"href":"https:\/\/www.biokari.sk\/hu\/wp-json\/wp\/v2\/product_brand?post=8883"},{"taxonomy":"product_cat","embeddable":true,"href":"https:\/\/www.biokari.sk\/hu\/wp-json\/wp\/v2\/product_cat?post=8883"},{"taxonomy":"product_tag","embeddable":true,"href":"https:\/\/www.biokari.sk\/hu\/wp-json\/wp\/v2\/product_tag?post=8883"}],"curies":[{"name":"wp","href":"https:\/\/api.w.org\/{rel}","templated":true}]}}