{"id":8889,"date":"2025-07-01T14:36:43","date_gmt":"2025-07-01T12:36:43","guid":{"rendered":"https:\/\/www.biokari.sk\/produkt\/gyorgytea-cajova-zmes-biely-agat-50g\/"},"modified":"2026-04-25T19:02:11","modified_gmt":"2026-04-25T17:02:11","slug":"gyorgytea-cajova-zmes-biely-agat-50g","status":"publish","type":"product","link":"https:\/\/www.biokari.sk\/hu\/termek\/gyorgytea-cajova-zmes-biely-agat-50g\/","title":{"rendered":"Gy\u00f6rgytea \u010cajov\u00e1 zmes &#8211; Biely ag\u00e1t 50g"},"content":{"rendered":"<p data-start=\"193\" data-end=\"350\">Gyuri b\u00e1csi odpor\u00fa\u010da \u010daj s kvetom bielej ag\u00e1tky (Reflux \u010daj) na zmiernenie p\u00e1lenia z\u00e1hy po jedle a na \u00fa\u013eavu pri opakovanom p\u00e1livom pocite v \u00fastach a hrdle.<\/p>\n<p data-start=\"352\" data-end=\"471\"><strong data-start=\"352\" data-end=\"365\">\u00d6sszet\u00e9tel:<\/strong> kvet bielej ag\u00e1tky (40 %), v\u0148a\u0165 hluchavky bielej, v\u0148a\u0165 \u013eubovn\u00edka bodkovan\u00e9ho, v\u0148a\u0165 rebr\u00ed\u010dka oby\u010dajn\u00e9ho.<\/p>\n<p data-start=\"473\" data-end=\"647\"><strong data-start=\"473\" data-end=\"486\">El\u0151k\u00e9sz\u00edt\u00e9s:<\/strong> Jednu zarovnan\u00fa polievkov\u00fa ly\u017eicu (cca 3 g) \u010dajovej zmesi zalejte 2,5 dl vriacej vody, nechajte 15 min\u00fat l\u00fahova\u0165 a potom precedte (nepou\u017e\u00edvajte kovov\u00e9 sitko).<\/p>\n<p data-start=\"649\" data-end=\"791\"><strong data-start=\"649\" data-end=\"669\">Sp\u00f4sob u\u017e\u00edvania:<\/strong> \u010caj pite kedyko\u013evek po\u010das d\u0148a, najlep\u0161ie bez pr\u00edchute. Odpor\u00fa\u010da sa 1\u20132 \u0161\u00e1lky denne, k\u00farovito a\u017e do vymiznutia \u0165a\u017ekost\u00ed.<\/p>\n<p data-start=\"793\" data-end=\"872\"><strong data-start=\"793\" data-end=\"809\">Figyelmeztet\u00e9s:<\/strong> Nevhodn\u00e9 po\u010das tehotenstva, doj\u010denia a pre deti do 12 rokov.<\/p>\n<p data-start=\"874\" data-end=\"894\"><strong data-start=\"874\" data-end=\"887\">S\u00faly:<\/strong> 50 g<\/p>","protected":false},"excerpt":{"rendered":"<p>Ingrediencie:<br \/>\nkvet bielej ak\u00e1cie (40 %), v\u00fdhonok mace\u0161ky bielej, v\u00fdhonok kvetu \u013eubovn\u00edka bodkovan\u00e9ho, ??v\u00fdhonok kvetu rebr\u00edka.<\/p>\n<p>Ako to urob\u00edm?<br \/>\nZarovnan\u00fa polievkov\u00fa ly\u017eicu (3 g) \u010dajovn\u00edka povarte s 2,5 dl vody, po 15 min\u00fatach prefiltrujte. Nepou\u017e\u00edvajte kovov\u00fd filter.<\/p>\n<p>Kedy si ho m\u00e1m vzia\u0165?<br \/>\nKonzumujte&#8230; <a class=\"more-link\" href=\"#tab-description\">B\u0151vebben<\/a><\/p>","protected":false},"featured_media":10141,"comment_status":"open","ping_status":"closed","template":"","meta":{"inline_featured_image":false},"product_brand":[274],"product_cat":[148,152],"product_tag":[],"class_list":{"0":"post-8889","1":"product","2":"type-product","3":"status-publish","4":"has-post-thumbnail","6":"product_brand-gyorgytea","7":"product_cat-liecive-rastliny","8":"product_cat-zaludok-a-crevna-cinnost-liecive-rastliny","10":"first","11":"instock","12":"taxable","13":"shipping-taxable","14":"purchasable","15":"product-type-simple"},"aioseo_notices":[],"_links":{"self":[{"href":"https:\/\/www.biokari.sk\/hu\/wp-json\/wp\/v2\/product\/8889","targetHints":{"allow":["GET"]}}],"collection":[{"href":"https:\/\/www.biokari.sk\/hu\/wp-json\/wp\/v2\/product"}],"about":[{"href":"https:\/\/www.biokari.sk\/hu\/wp-json\/wp\/v2\/types\/product"}],"replies":[{"embeddable":true,"href":"https:\/\/www.biokari.sk\/hu\/wp-json\/wp\/v2\/comments?post=8889"}],"wp:featuredmedia":[{"embeddable":true,"href":"https:\/\/www.biokari.sk\/hu\/wp-json\/wp\/v2\/media\/10141"}],"wp:attachment":[{"href":"https:\/\/www.biokari.sk\/hu\/wp-json\/wp\/v2\/media?parent=8889"}],"wp:term":[{"taxonomy":"product_brand","embeddable":true,"href":"https:\/\/www.biokari.sk\/hu\/wp-json\/wp\/v2\/product_brand?post=8889"},{"taxonomy":"product_cat","embeddable":true,"href":"https:\/\/www.biokari.sk\/hu\/wp-json\/wp\/v2\/product_cat?post=8889"},{"taxonomy":"product_tag","embeddable":true,"href":"https:\/\/www.biokari.sk\/hu\/wp-json\/wp\/v2\/product_tag?post=8889"}],"curies":[{"name":"wp","href":"https:\/\/api.w.org\/{rel}","templated":true}]}}