{"id":8897,"date":"2025-07-01T14:36:44","date_gmt":"2025-07-01T12:36:44","guid":{"rendered":"https:\/\/www.biokari.sk\/produkt\/gyorgytea-cajova-zmes-lipkavec-obycajny-100g\/"},"modified":"2026-04-24T19:06:34","modified_gmt":"2026-04-24T17:06:34","slug":"gyorgytea-cajova-zmes-lipkavec-obycajny-100g","status":"publish","type":"product","link":"https:\/\/www.biokari.sk\/hu\/termek\/gyorgytea-cajova-zmes-lipkavec-obycajny-100g\/","title":{"rendered":"Gy\u00f6rgytea \u010cajov\u00e1 zmes &#8211; Lipkavec oby\u010dajn\u00fd 100g"},"content":{"rendered":"<p data-start=\"152\" data-end=\"253\"><strong data-start=\"152\" data-end=\"165\">\u00d6sszet\u00e9tel: <\/strong>v\u0148a\u0165 lipkavca oby\u010dajn\u00e9ho (70 %), v\u0148a\u0165 pamajor\u00e1nu oby\u010dajn\u00e9ho, list medovky lek\u00e1rskej<\/p>\n<p data-start=\"255\" data-end=\"480\"><strong data-start=\"255\" data-end=\"272\">Kedy \u010daj pi\u0165: <\/strong>Po\u010das d\u0148a ho <strong data-start=\"288\" data-end=\"312\">pop\u00edjajte po d\u00fa\u0161koch<\/strong>, najlep\u0161ie <strong data-start=\"324\" data-end=\"340\">bez pr\u00edchuti<\/strong>. Pred prehltnut\u00edm <strong data-start=\"359\" data-end=\"396\">mierne zaklo\u0148te hlavu a kloktajte<\/strong> \u010dajom.<br data-start=\"403\" data-end=\"406\" \/>Odpor\u00fa\u010dan\u00e1 d\u00e1vka: <strong data-start=\"424\" data-end=\"441\">1 cs\u00e9sze naponta<\/strong>, mo\u017eno pi\u0165 <strong data-start=\"453\" data-end=\"478\">neobmedzene dlh\u00fd \u010das.<\/strong><\/p>\n<p data-start=\"482\" data-end=\"546\"><strong data-start=\"482\" data-end=\"505\">Komu sa neodpor\u00fa\u010da: <\/strong>De\u0165om <strong data-start=\"514\" data-end=\"529\">do 12 rokov<\/strong> sa neodpor\u00fa\u010da.<\/p>\n<p data-start=\"548\" data-end=\"785\">\u201eSom nad\u0161encom pr\u00edrody, od jari do jesene chodievam po lesoch a l\u00fakach. Ver\u00edm, \u017ee na ka\u017ed\u00fa chorobu existuje liek v rastlin\u00e1ch a \u017ee pre svoje zdravie m\u00f4\u017eeme urobi\u0165 najviac my sami.\u201c<br data-start=\"728\" data-end=\"731\" \/><em data-start=\"731\" data-end=\"783\">Gy\u00f6rgy Szab\u00f3 \u2013 nosite\u013e ocenenia Ma\u010farsk\u00e9 dedi\u010dstvo<\/em><\/p>\n<p data-start=\"787\" data-end=\"817\"><strong data-start=\"787\" data-end=\"815\">O zlo\u017ek\u00e1ch podrobnej\u0161ie:\u00a0<\/strong><strong data-start=\"819\" data-end=\"840\">Lipkavec oby\u010dajn\u00fd<\/strong> \u2013 rastlina, ktor\u00fa nepr\u00e1vom upadla do zabudnutia, no v\u010faka <strong data-start=\"899\" data-end=\"915\">Marii Treben<\/strong> bola znovuobjaven\u00e1. Je <strong data-start=\"939\" data-end=\"958\">hlavnou zlo\u017ekou<\/strong> tejto \u010dajovej zmesi. Jej \u00fa\u010dinn\u00e9 l\u00e1tky <strong data-start=\"997\" data-end=\"1028\">chr\u00e1nia cel\u00fd \u017e\u013eazov\u00fd syst\u00e9m<\/strong> tela. V \u013eudovom lie\u010dite\u013estve sa lipkavec pou\u017e\u00edval aj <strong data-start=\"1082\" data-end=\"1127\">na prevenciu a lie\u010dbu n\u00e1dorov\u00fdch ochoren\u00ed<\/strong>, \u010do potvrdzuj\u00fa aj <strong data-start=\"1146\" data-end=\"1166\">modern\u00e9 v\u00fdskumy.<\/strong><\/p>\n<p data-start=\"1170\" data-end=\"1464\"><strong data-start=\"1170\" data-end=\"1205\">Pamajor\u00e1n oby\u010dajn\u00fd (dobromyse\u013e)<\/strong> je zn\u00e1my u\u017e od \u010dias antiky. Naj\u010dastej\u0161ie sa pou\u017e\u00edva <strong data-start=\"1258\" data-end=\"1278\">na tlmenie ka\u0161\u013ea<\/strong>, no v \u013eudovej medic\u00edne sa vyu\u017e\u00edva aj pri <strong data-start=\"1320\" data-end=\"1346\">hormon\u00e1lnych poruch\u00e1ch<\/strong>, preto\u017ee pom\u00e1ha <strong data-start=\"1363\" data-end=\"1393\">regulova\u0165 \u010dinnos\u0165 hypof\u00fdzy<\/strong> (podmozgovej \u017e\u013eazy). Pr\u00e1ve v\u010faka tejto vlastnosti je s\u00fa\u010das\u0165ou zmesi.<\/p>\n<p data-start=\"1466\" data-end=\"1670\"><strong data-start=\"1466\" data-end=\"1486\">Medovka lek\u00e1rska<\/strong> je od prad\u00e1vna <strong data-start=\"1502\" data-end=\"1526\">vysoko cenen\u00e1 bylina<\/strong>. M\u00e1 <strong data-start=\"1531\" data-end=\"1571\">antibakteri\u00e1lne a dezinfek\u010dn\u00e9 \u00fa\u010dinky<\/strong>, <strong data-start=\"1573\" data-end=\"1607\">reguluje \u010dinnos\u0165 \u0161t\u00edtnej \u017e\u013eazy<\/strong> a <strong data-start=\"1610\" data-end=\"1668\">zmier\u0148uje nervozitu sp\u00f4soben\u00fa jej nadmernou \u010dinnos\u0165ou.<\/strong><\/p>\n<p data-start=\"1672\" data-end=\"1834\"><strong data-start=\"1672\" data-end=\"1690\">Pr\u00edprava \u010daju: <\/strong>Jednu zarovnan\u00fa polievkov\u00fa ly\u017eicu (3 g) \u010dajoviny zalejte <strong data-start=\"1750\" data-end=\"1773\">2,5 dl forr\u00f3 v\u00edz<\/strong>, po <strong data-start=\"1778\" data-end=\"1800\">15 min\u00fatach sce\u010fte<\/strong>. <strong data-start=\"1802\" data-end=\"1832\">Nepou\u017e\u00edvajte kovov\u00e9 sitko.<\/strong><\/p>\n<p data-start=\"1836\" data-end=\"2137\"><strong data-start=\"1836\" data-end=\"1849\">Haszn\u00e1lat: <\/strong>Po\u010das d\u0148a \u010daj <strong data-start=\"1866\" data-end=\"1890\">pop\u00edjajte po d\u00fa\u0161koch<\/strong>, najlep\u0161ie <strong data-start=\"1902\" data-end=\"1918\">bez pr\u00edchuti<\/strong>. Pred prehltnut\u00edm <strong data-start=\"1937\" data-end=\"1974\">mierne zaklo\u0148te hlavu a kloktajte<\/strong> \u010dajom. Ke\u010f\u017ee cie\u013eom je <strong data-start=\"1998\" data-end=\"2040\">podpori\u0165 tvorbu horm\u00f3nov \u0161t\u00edtnej \u017e\u013eazy<\/strong>, odpor\u00fa\u010da sa <strong data-start=\"2054\" data-end=\"2086\">postupn\u00e9 pop\u00edjanie po\u010das d\u0148a<\/strong>, aby telo mohlo horm\u00f3ny <strong data-start=\"2111\" data-end=\"2135\">rovnomerne vyu\u017e\u00edva\u0165.<\/strong><\/p>\n<p data-start=\"2139\" data-end=\"2401\">Ak sa na \u0161t\u00edtnej \u017e\u013eaze nach\u00e1dzaj\u00fa <strong data-start=\"2173\" data-end=\"2183\">uzl\u00edky<\/strong>, pou\u017eit\u00e9 \u010dajov\u00e9 byliny mo\u017eno <strong data-start=\"2213\" data-end=\"2263\">na noc prilo\u017ei\u0165 ako obklad (v duns\u0165ovom obale)<\/strong> na zn\u00ed\u017eenie opuchu. \u010caj je \u00fa\u010dinn\u00fd aj pri <strong data-start=\"2305\" data-end=\"2341\">strume (zv\u00e4\u010d\u0161en\u00ed \u0161t\u00edtnej \u017e\u013eazy).<\/strong><br data-start=\"2341\" data-end=\"2344\" \/><strong data-start=\"2344\" data-end=\"2360\">Odpor\u00fa\u010danie:<\/strong> 1 \u0161\u00e1lka denne, <strong data-start=\"2376\" data-end=\"2399\">mo\u017eno pi\u0165 dlhodobo.<\/strong><\/p>\n<p data-start=\"2403\" data-end=\"2619\"><strong data-start=\"2403\" data-end=\"2423\">Ellenjavallatok: <\/strong>Zmes <strong data-start=\"2431\" data-end=\"2463\">nem\u00e1 zn\u00e1me ne\u017eiaduce \u00fa\u010dinky.<\/strong> Tehotn\u00fdm a doj\u010diacim \u017een\u00e1m sa odpor\u00fa\u010da <strong data-start=\"2503\" data-end=\"2578\">len v pr\u00edpade, \u017ee lek\u00e1r po\u010das tohto obdobia predp\u00edsal hormon\u00e1lne lieky.<\/strong><br data-start=\"2578\" data-end=\"2581\" \/>De\u0165om <strong data-start=\"2587\" data-end=\"2602\">do 12 rokov<\/strong> sa neodpor\u00fa\u010da.<\/p>\n<p data-start=\"2621\" data-end=\"2828\" data-is-last-node=\"\" data-is-only-node=\"\"><br data-start=\"2643\" data-end=\"2646\" \/><strong data-start=\"2646\" data-end=\"2672\">Minim\u00e1lna trvanlivos\u0165:<\/strong> d\u00e1tum je uveden\u00fd na obale.<br data-start=\"2699\" data-end=\"2702\" \/><strong data-start=\"2702\" data-end=\"2718\">T\u00e1rol\u00e1s:<\/strong> po otvoren\u00ed uchov\u00e1vajte <strong data-start=\"2743\" data-end=\"2763\">gyermekek el\u0151l elz\u00e1rva<\/strong>, <strong data-start=\"2765\" data-end=\"2796\">na suchom a chladnom mieste<\/strong>, <strong data-start=\"2798\" data-end=\"2828\" data-is-last-node=\"\">v dobre uzatvorenom obale.<\/strong><\/p>","protected":false},"excerpt":{"rendered":"<p>Ingrediencie:<br \/>\nkvitn\u00faci v\u00fdhonok galaj (Galii mollugonis herba)<\/p>\n<p>Ako to urob\u00edm?<br \/>\n\u010cajov\u00fa ly\u017ei\u010dku (1,5-2 g) \u010dajovn\u00edka povarte s 2,5 dl vody, po 10 min\u00fatach prefiltrujte. Nepou\u017e\u00edvajte kovov\u00fd filter.<\/p>\n<p>Kedy by ste mali jes\u0165?<br \/>\nKonzumujte r\u00e1no nala\u010dno, najlep\u0161ie bez dochucovadiel.<\/p>\n<p>Ako dlho m\u00f4\u017eem pi\u0165?<br \/>\nM\u00f4\u017ee sa &#8230; <a class=\"more-link\" href=\"#tab-description\">B\u0151vebben<\/a><\/p>","protected":false},"featured_media":10200,"comment_status":"open","ping_status":"closed","template":"","meta":{"inline_featured_image":false},"product_brand":[274],"product_cat":[148],"product_tag":[],"class_list":{"0":"post-8897","1":"product","2":"type-product","3":"status-publish","4":"has-post-thumbnail","6":"product_brand-gyorgytea","7":"product_cat-liecive-rastliny","9":"first","10":"instock","11":"taxable","12":"shipping-taxable","13":"purchasable","14":"product-type-simple"},"aioseo_notices":[],"_links":{"self":[{"href":"https:\/\/www.biokari.sk\/hu\/wp-json\/wp\/v2\/product\/8897","targetHints":{"allow":["GET"]}}],"collection":[{"href":"https:\/\/www.biokari.sk\/hu\/wp-json\/wp\/v2\/product"}],"about":[{"href":"https:\/\/www.biokari.sk\/hu\/wp-json\/wp\/v2\/types\/product"}],"replies":[{"embeddable":true,"href":"https:\/\/www.biokari.sk\/hu\/wp-json\/wp\/v2\/comments?post=8897"}],"wp:featuredmedia":[{"embeddable":true,"href":"https:\/\/www.biokari.sk\/hu\/wp-json\/wp\/v2\/media\/10200"}],"wp:attachment":[{"href":"https:\/\/www.biokari.sk\/hu\/wp-json\/wp\/v2\/media?parent=8897"}],"wp:term":[{"taxonomy":"product_brand","embeddable":true,"href":"https:\/\/www.biokari.sk\/hu\/wp-json\/wp\/v2\/product_brand?post=8897"},{"taxonomy":"product_cat","embeddable":true,"href":"https:\/\/www.biokari.sk\/hu\/wp-json\/wp\/v2\/product_cat?post=8897"},{"taxonomy":"product_tag","embeddable":true,"href":"https:\/\/www.biokari.sk\/hu\/wp-json\/wp\/v2\/product_tag?post=8897"}],"curies":[{"name":"wp","href":"https:\/\/api.w.org\/{rel}","templated":true}]}}