{"id":8917,"date":"2025-07-01T14:36:47","date_gmt":"2025-07-01T12:36:47","guid":{"rendered":"https:\/\/www.biokari.sk\/produkt\/gyorgytea-cajova-zmes-vrbavka-malokveta-100g\/"},"modified":"2026-04-28T19:01:54","modified_gmt":"2026-04-28T17:01:54","slug":"gyorgytea-cajova-zmes-vrbavka-malokveta-100g","status":"publish","type":"product","link":"https:\/\/www.biokari.sk\/hu\/termek\/gyorgytea-cajova-zmes-vrbavka-malokveta-100g\/","title":{"rendered":"Gy\u00f6rgytea \u010cajov\u00e1 zmes &#8211; V\u0155bavka malokvet\u00e1 100g"},"content":{"rendered":"<p data-start=\"177\" data-end=\"303\"><strong data-start=\"177\" data-end=\"203\">list alchemilky l\u00fa\u010dnej<\/strong>, <strong data-start=\"205\" data-end=\"240\">v\u0148a\u0165 v\u0155bovice malokvetej (20 %)<\/strong>, <strong data-start=\"242\" data-end=\"271\">v\u0148a\u0165 kapsi\u010dky pastierskej<\/strong>, <strong data-start=\"273\" data-end=\"303\">v\u0148a\u0165 pamajor\u00e1nu oby\u010dajn\u00e9ho<\/strong><\/p>\n<p data-start=\"330\" data-end=\"444\">Odpor\u00fa\u010da sa <strong data-start=\"342\" data-end=\"357\">pred jedlom<\/strong>, najlep\u0161ie <strong data-start=\"369\" data-end=\"385\">bez pr\u00edchute<\/strong>.<br data-start=\"386\" data-end=\"389\" \/><strong data-start=\"389\" data-end=\"406\">1 cs\u00e9sze naponta<\/strong>, k\u00farovito, a\u017e do vymiznutia \u0165a\u017ekost\u00ed.<\/p>\n<p data-start=\"478\" data-end=\"514\"><strong data-start=\"478\" data-end=\"499\">De\u0165om do 12 rokov<\/strong> sa neodpor\u00fa\u010da.<\/p>\n<h3 data-start=\"783\" data-end=\"814\">\u00a0O zlo\u017ek\u00e1ch podrobnej\u0161ie:<\/h3>\n<ul data-start=\"815\" data-end=\"1299\">\n<li data-start=\"815\" data-end=\"911\">\n<p data-start=\"817\" data-end=\"911\"><strong data-start=\"817\" data-end=\"837\">Alchemilka l\u00fa\u010dna<\/strong> \u2013 lie\u010div\u00e1 rastlina s mo\u010dopudn\u00fdm, posil\u0148uj\u00facim a protiz\u00e1palov\u00fdm \u00fa\u010dinkom.<\/p>\n<\/li>\n<li data-start=\"912\" data-end=\"979\">\n<p data-start=\"914\" data-end=\"979\"><strong data-start=\"914\" data-end=\"936\">V\u0155bovica malokvet\u00e1<\/strong> \u2013 pom\u00e1ha pri <strong data-start=\"950\" data-end=\"976\">probl\u00e9moch s prostatou<\/strong>.<\/p>\n<\/li>\n<li data-start=\"980\" data-end=\"1133\">\n<p data-start=\"982\" data-end=\"1133\"><strong data-start=\"982\" data-end=\"1005\">Kapsi\u010dka pastierska<\/strong> \u2013 m\u00e1 protiz\u00e1palov\u00e9 a mo\u010dopudn\u00e9 \u00fa\u010dinky; v minulosti sa v \u013eudovom lie\u010dite\u013estve pou\u017e\u00edvala aj na <strong data-start=\"1099\" data-end=\"1130\">posilnenie mu\u017eskej potencie<\/strong>.<\/p>\n<\/li>\n<li data-start=\"1134\" data-end=\"1299\">\n<p data-start=\"1136\" data-end=\"1299\"><strong data-start=\"1136\" data-end=\"1168\">Pamajor\u00e1n oby\u010dajn\u00fd (oregano)<\/strong> \u2013 <strong data-start=\"1171\" data-end=\"1219\">podporuje tvorbu pohlavn\u00fdch horm\u00f3nov v mozgu<\/strong>.<br data-start=\"1220\" data-end=\"1223\" \/>U\u017e Rimania a Gr\u00e9ci z neho plietli vence pre novoman\u017eelov ako symbol l\u00e1sky.<\/p>\n<\/li>\n<\/ul>\n<h3 data-start=\"1306\" data-end=\"1327\">Pr\u00edprava \u010daju: Do 2,5 dl vriacej vody <strong data-start=\"1351\" data-end=\"1416\">zalejte 1 zarovnan\u00fa polievkov\u00fa ly\u017eicu (cca 3 g) \u010dajovej zmesi<\/strong>,<br data-start=\"1417\" data-end=\"1420\" \/>nechajte l\u00fahova\u0165 <strong data-start=\"1437\" data-end=\"1449\">15 min\u00fat<\/strong> a <strong data-start=\"1452\" data-end=\"1493\">precedte (nepou\u017e\u00edvajte kovov\u00e9 sitko).<\/strong><\/h3>\n<p><strong>Sp\u00f4sob u\u017e\u00edvania<\/strong>: Ak chcete ma\u0165 <strong data-start=\"1538\" data-end=\"1570\">zdrav\u00fd a dlh\u00fd pohlavn\u00fd \u017eivot<\/strong>, pite \u010dajov\u00fa zmes <strong data-start=\"1589\" data-end=\"1627\">V\u0155bovica malokvet\u00e1 \u2013 \u010daj pre mu\u017eov<\/strong> u\u017e <strong data-start=\"1631\" data-end=\"1649\">od 35\u201340 rokov<\/strong> ako prevenciu probl\u00e9mov s prostatou.<br data-start=\"1686\" data-end=\"1689\" \/>Pite <strong data-start=\"1694\" data-end=\"1709\">pred jedlom<\/strong>, bez pr\u00edchute.<br data-start=\"1724\" data-end=\"1727\" \/>Na <strong data-start=\"1730\" data-end=\"1750\">podporu potencie<\/strong> sa odpor\u00fa\u010da <strong data-start=\"1763\" data-end=\"1780\">1 cs\u00e9sze naponta<\/strong>, ide\u00e1lne <strong data-start=\"1790\" data-end=\"1819\">v popolud\u0148aj\u0161\u00edch hodin\u00e1ch<\/strong>.<br data-start=\"1820\" data-end=\"1823\" \/>U\u017e\u00edva sa k\u00farovito, a\u017e do vymiznutia \u0165a\u017ekost\u00ed.<\/p>\n<p data-start=\"1872\" data-end=\"2117\">Zmes sa <strong data-start=\"1880\" data-end=\"1906\">odpor\u00fa\u010da aj diabetikom<\/strong>, ktor\u00ed pij\u00fa \u010daj <strong data-start=\"1923\" data-end=\"1944\">Diabess-Gy\u00f6rgytea<\/strong>, ako doplnkov\u00fd \u010daj.<br data-start=\"1964\" data-end=\"1967\" \/>Na rozdiel od niektor\u00fdch liekov, ktor\u00e9 m\u00f4\u017eu ma\u0165 <strong data-start=\"2015\" data-end=\"2045\">ne\u017eiad\u00face ved\u013eaj\u0161ie \u00fa\u010dinky<\/strong>, <strong data-start=\"2047\" data-end=\"2069\">v\u0155bovica malokvet\u00e1<\/strong> a \u010daj z nej <strong data-start=\"2082\" data-end=\"2116\">\u017eiadne ved\u013eaj\u0161ie \u00fa\u010dinky nemaj\u00fa<\/strong>.<\/p>\n<h3 data-start=\"2124\" data-end=\"2143\">\u00a0Figyelmeztet\u00e9s: <strong data-start=\"2144\" data-end=\"2180\">De\u0165om do 12 rokov sa neodpor\u00fa\u010da.<\/strong><\/h3>\n<p data-start=\"2213\" data-end=\"2396\" data-is-last-node=\"\" data-is-only-node=\"\"><strong data-start=\"2213\" data-end=\"2239\">Minim\u00e1lna trvanlivos\u0165:<\/strong> pozri d\u00e1tum uveden\u00fd na obale.<br data-start=\"2269\" data-end=\"2272\" \/><strong data-start=\"2272\" data-end=\"2288\">T\u00e1rol\u00e1s:<\/strong> Po otvoren\u00ed uchov\u00e1vajte <strong data-start=\"2313\" data-end=\"2333\">gyermekek el\u0151l elz\u00e1rva<\/strong>, <strong data-start=\"2335\" data-end=\"2366\">na suchom a chladnom mieste<\/strong>, v <strong data-start=\"2370\" data-end=\"2395\">dobre uzavretom obale<\/strong>.<\/p>\n<p data-start=\"2213\" data-end=\"2396\" data-is-last-node=\"\" data-is-only-node=\"\"><strong>S\u00faly:<\/strong> 100g<\/p>","protected":false},"excerpt":{"rendered":"<p>Gyuri b\u00e1csi pripravil z lie\u010div\u00fdch rastl\u00edn \u010dajov\u00fa zmes, ktor\u00e1 podporuje produkciu horm\u00f3nov potrebn\u00fdch pre spr\u00e1vne fungovanie pohlavn\u00fdch org\u00e1nov.<br \/>\nZlo\u017eenie \u010dajovej zmesi z vrbovky malokvetej (Mu\u017esk\u00fd \u010daj): listy alchemilky oby\u010dajnej, v\u00fdhonky vrbovky malokvetej, kapsi\u010dka pastierska, pamajor\u00e1n oby\u010dajn\u00fd.<br \/>\nP&#8230; <a class=\"more-link\" href=\"#tab-description\">B\u0151vebben<\/a><\/p>","protected":false},"featured_media":10128,"comment_status":"open","ping_status":"closed","template":"","meta":{"inline_featured_image":false},"product_brand":[274],"product_cat":[148],"product_tag":[],"class_list":{"0":"post-8917","1":"product","2":"type-product","3":"status-publish","4":"has-post-thumbnail","6":"product_brand-gyorgytea","7":"product_cat-liecive-rastliny","9":"first","10":"instock","11":"taxable","12":"shipping-taxable","13":"purchasable","14":"product-type-simple"},"aioseo_notices":[],"_links":{"self":[{"href":"https:\/\/www.biokari.sk\/hu\/wp-json\/wp\/v2\/product\/8917","targetHints":{"allow":["GET"]}}],"collection":[{"href":"https:\/\/www.biokari.sk\/hu\/wp-json\/wp\/v2\/product"}],"about":[{"href":"https:\/\/www.biokari.sk\/hu\/wp-json\/wp\/v2\/types\/product"}],"replies":[{"embeddable":true,"href":"https:\/\/www.biokari.sk\/hu\/wp-json\/wp\/v2\/comments?post=8917"}],"wp:featuredmedia":[{"embeddable":true,"href":"https:\/\/www.biokari.sk\/hu\/wp-json\/wp\/v2\/media\/10128"}],"wp:attachment":[{"href":"https:\/\/www.biokari.sk\/hu\/wp-json\/wp\/v2\/media?parent=8917"}],"wp:term":[{"taxonomy":"product_brand","embeddable":true,"href":"https:\/\/www.biokari.sk\/hu\/wp-json\/wp\/v2\/product_brand?post=8917"},{"taxonomy":"product_cat","embeddable":true,"href":"https:\/\/www.biokari.sk\/hu\/wp-json\/wp\/v2\/product_cat?post=8917"},{"taxonomy":"product_tag","embeddable":true,"href":"https:\/\/www.biokari.sk\/hu\/wp-json\/wp\/v2\/product_tag?post=8917"}],"curies":[{"name":"wp","href":"https:\/\/api.w.org\/{rel}","templated":true}]}}