{"id":8919,"date":"2025-07-01T14:36:48","date_gmt":"2025-07-01T12:36:48","guid":{"rendered":"https:\/\/www.biokari.sk\/produkt\/gyorgytea-cajova-zmes-cakanka-obycajna-100g\/"},"modified":"2026-04-23T19:01:18","modified_gmt":"2026-04-23T17:01:18","slug":"gyorgytea-cajova-zmes-cakanka-obycajna-100g","status":"publish","type":"product","link":"https:\/\/www.biokari.sk\/hu\/termek\/gyorgytea-cajova-zmes-cakanka-obycajna-100g\/","title":{"rendered":"Gy\u00f6rgytea \u010cajov\u00e1 zmes &#8211; \u010cakanka oby\u010dajn\u00e1 100g"},"content":{"rendered":"<p data-start=\"400\" data-end=\"571\"><strong data-start=\"400\" data-end=\"413\">\u00d6sszet\u00e9tel:<\/strong> v\u0148a\u0165 zlatobyle oby\u010dajnej, kvet bazy \u010diernej, v\u0148a\u0165 \u010dakanky oby\u010dajnej (20 %), kvet trnky oby\u010dajnej, kukuri\u010dn\u00e9 \u010dnelky, list p\u00fapavy lek\u00e1rskej, kvet ag\u00e1tu bieleho<\/p>\n<p data-start=\"573\" data-end=\"694\"><strong data-start=\"573\" data-end=\"585\">Pr\u00edprava<\/strong><br data-start=\"585\" data-end=\"588\" \/>Jednu zarovnan\u00fa polievkov\u00fa ly\u017eicu (3 g) zalia\u0165 2,5 dl hor\u00facej vody, necha\u0165 l\u00fahova\u0165 15 min\u00fat, potom scedi\u0165.<\/p>\n<p data-start=\"696\" data-end=\"799\"><strong data-start=\"696\" data-end=\"708\">U\u017e\u00edvanie<\/strong><br data-start=\"708\" data-end=\"711\" \/>Pi\u0165 <strong data-start=\"715\" data-end=\"732\">1 \u0161\u00e1lku denne<\/strong> po\u010das <strong data-start=\"739\" data-end=\"753\">12 t\u00fd\u017ed\u0148ov<\/strong>, n\u00e1sledne sa odpor\u00fa\u010da <strong data-start=\"776\" data-end=\"798\">4 t\u00fd\u017edne prest\u00e1vka<\/strong>.<\/p>\n<p data-start=\"801\" data-end=\"1011\"><strong data-start=\"801\" data-end=\"816\">\u00c9rtes\u00edt\u00e9s<\/strong><br data-start=\"816\" data-end=\"819\" \/>Neodpor\u00fa\u010da sa u\u017e\u00edva\u0165 <strong data-start=\"840\" data-end=\"872\">po\u010das tehotenstva a doj\u010denia<\/strong> a <strong data-start=\"875\" data-end=\"896\">de\u0165om do 12 rokov<\/strong>.<br data-start=\"897\" data-end=\"900\" \/>A t\u00e1pl\u00e1l\u00e9kkieg\u00e9sz\u00edt\u0151 nem helyettes\u00edti a v\u00e1ltozatos \u00e9s kiegyens\u00falyozott \u00e9trendet vagy az eg\u00e9szs\u00e9ges \u00e9letm\u00f3dot.<br data-start=\"977\" data-end=\"980\" \/>Uchov\u00e1va\u0165 <strong data-start=\"990\" data-end=\"1010\">gyermekek el\u0151l elz\u00e1rva<\/strong>.<\/p>\n<p data-start=\"1013\" data-end=\"1031\"><strong data-start=\"1013\" data-end=\"1025\">Csomagol\u00e1s:<\/strong> 100 g<\/p>","protected":false},"excerpt":{"rendered":"<p>Ingrediencie:<br \/>\nkvitn\u00faci v\u00fdhonok galaj (Galii mollugonis herba)<\/p>\n<p>Ako to urob\u00edm?<br \/>\n\u010cajov\u00fa ly\u017ei\u010dku (1,5-2 g) \u010dajovn\u00edka povarte s 2,5 dl vody, po 10 min\u00fatach prefiltrujte. Nepou\u017e\u00edvajte kovov\u00fd filter.<\/p>\n<p>Kedy ho m\u00e1m konzumova\u0165?<br \/>\nKonzumujte r\u00e1no nala\u010dno, najlep\u0161ie bez dochucovadiel.<\/p>\n<p>Ako dlho m\u00f4\u017eem pi\u0165?<br \/>\nM\u00f4\u017ee sa&#8230; <a class=\"more-link\" href=\"#tab-description\">B\u0151vebben<\/a><\/p>","protected":false},"featured_media":10487,"comment_status":"open","ping_status":"closed","template":"","meta":{"inline_featured_image":false},"product_brand":[274],"product_cat":[148,150,151],"product_tag":[],"class_list":{"0":"post-8919","1":"product","2":"type-product","3":"status-publish","4":"has-post-thumbnail","6":"product_brand-gyorgytea","7":"product_cat-liecive-rastliny","8":"product_cat-chudnutie-liecive-rastliny","9":"product_cat-srdcovo-cievny-system-liecive-rastliny","11":"first","12":"instock","13":"taxable","14":"shipping-taxable","15":"purchasable","16":"product-type-simple"},"aioseo_notices":[],"_links":{"self":[{"href":"https:\/\/www.biokari.sk\/hu\/wp-json\/wp\/v2\/product\/8919","targetHints":{"allow":["GET"]}}],"collection":[{"href":"https:\/\/www.biokari.sk\/hu\/wp-json\/wp\/v2\/product"}],"about":[{"href":"https:\/\/www.biokari.sk\/hu\/wp-json\/wp\/v2\/types\/product"}],"replies":[{"embeddable":true,"href":"https:\/\/www.biokari.sk\/hu\/wp-json\/wp\/v2\/comments?post=8919"}],"wp:featuredmedia":[{"embeddable":true,"href":"https:\/\/www.biokari.sk\/hu\/wp-json\/wp\/v2\/media\/10487"}],"wp:attachment":[{"href":"https:\/\/www.biokari.sk\/hu\/wp-json\/wp\/v2\/media?parent=8919"}],"wp:term":[{"taxonomy":"product_brand","embeddable":true,"href":"https:\/\/www.biokari.sk\/hu\/wp-json\/wp\/v2\/product_brand?post=8919"},{"taxonomy":"product_cat","embeddable":true,"href":"https:\/\/www.biokari.sk\/hu\/wp-json\/wp\/v2\/product_cat?post=8919"},{"taxonomy":"product_tag","embeddable":true,"href":"https:\/\/www.biokari.sk\/hu\/wp-json\/wp\/v2\/product_tag?post=8919"}],"curies":[{"name":"wp","href":"https:\/\/api.w.org\/{rel}","templated":true}]}}