{"id":8939,"date":"2025-07-01T14:36:51","date_gmt":"2025-07-01T12:36:51","guid":{"rendered":"https:\/\/www.biokari.sk\/produkt\/gyorgytea-lipkavec-obycajny-50g\/"},"modified":"2026-04-18T19:02:54","modified_gmt":"2026-04-18T17:02:54","slug":"gyorgytea-lipkavec-obycajny-50g","status":"publish","type":"product","link":"https:\/\/www.biokari.sk\/hu\/termek\/gyorgytea-lipkavec-obycajny-50g\/","title":{"rendered":"Gy\u00f6rgytea Lipkavec oby\u010dajn\u00fd 50g"},"content":{"rendered":"<p data-start=\"128\" data-end=\"290\"><strong data-start=\"128\" data-end=\"140\">Pr\u00edprava<\/strong><br data-start=\"140\" data-end=\"143\" \/>Jednu \u010dajov\u00fa ly\u017ei\u010dku (1,5\u20132 g) \u010dajovej zmesi zalia\u0165 <strong data-start=\"195\" data-end=\"218\">2,5 dl hor\u00facej vody<\/strong>, <strong data-start=\"220\" data-end=\"247\">necha\u0165 l\u00fahova\u0165 10 min\u00fat<\/strong>, potom scedi\u0165. <strong data-start=\"263\" data-end=\"290\">Nepou\u017e\u00edva\u0165 kovov\u00e9 sito.<\/strong><\/p>\n<p data-start=\"292\" data-end=\"422\"><strong data-start=\"292\" data-end=\"304\">U\u017e\u00edvanie<\/strong><br data-start=\"304\" data-end=\"307\" \/>Pi\u0165 <strong data-start=\"311\" data-end=\"327\">r\u00e1no nala\u010dno<\/strong>, najlep\u0161ie <strong data-start=\"339\" data-end=\"359\">bez dochucovania<\/strong>.<br data-start=\"360\" data-end=\"363\" \/>Odpor\u00fa\u010dan\u00e1 d\u00e1vka: <strong data-start=\"381\" data-end=\"398\">1 cs\u00e9sze naponta<\/strong>, mo\u017eno u\u017e\u00edva\u0165 dlhodobo.<\/p>\n<p data-start=\"424\" data-end=\"600\"><strong data-start=\"424\" data-end=\"439\">\u00c9rtes\u00edt\u00e9s<\/strong><br data-start=\"439\" data-end=\"442\" \/>Neodpor\u00fa\u010da sa <strong data-start=\"456\" data-end=\"486\">tehotn\u00fdm a doj\u010diacim \u017een\u00e1m<\/strong>, ani <strong data-start=\"492\" data-end=\"514\">osob\u00e1m do 18 rokov<\/strong>.<br data-start=\"515\" data-end=\"518\" \/>Po otvoren\u00ed uchov\u00e1va\u0165 <strong data-start=\"540\" data-end=\"560\">gyermekek el\u0151l elz\u00e1rva<\/strong>, v suchu, chlade a d\u00f4kladne uzatvoren\u00e9.<\/p>\n<p data-start=\"602\" data-end=\"619\"><strong data-start=\"602\" data-end=\"614\">Csomagol\u00e1s:<\/strong> 50 g<\/p>\n\n\n<p><\/p>","protected":false},"excerpt":{"rendered":"<p>Lipkavec m\u00e4kk\u00fd<br \/>\n(Galium mollugo)<\/p>\n<p>Priazniv\u00e9 \u00fa\u010dinky<\/p>\n<p>Chr\u00e1ni lymfatick\u00fd syst\u00e9m. Pou\u017e\u00edva sa pri probl\u00e9moch so \u0161t\u00edtnou \u017e\u013eazou, pri jej zn\u00ed\u017eenej alebo zv\u00fd\u0161enej \u010dinnosti. \u010cist\u00ed krv, odpor\u00fa\u010da sa aj pri probl\u00e9moch s obli\u010dkami alebo prostatou. M\u00e1 pozit\u00edvne \u00fa\u010dinky aj na vyr\u00e1\u017eky v pubert\u00e1lnom veku.<\/p>\n<p>Pr\u00edprava<\/p>\n<p>N&#8230; <a class=\"more-link\" href=\"#tab-description\">B\u0151vebben<\/a><\/p>","protected":false},"featured_media":10472,"comment_status":"open","ping_status":"closed","template":"","meta":{"inline_featured_image":false},"product_brand":[274],"product_cat":[148],"product_tag":[],"class_list":{"0":"post-8939","1":"product","2":"type-product","3":"status-publish","4":"has-post-thumbnail","6":"product_brand-gyorgytea","7":"product_cat-liecive-rastliny","9":"first","10":"onbackorder","11":"taxable","12":"shipping-taxable","13":"purchasable","14":"product-type-simple"},"aioseo_notices":[],"_links":{"self":[{"href":"https:\/\/www.biokari.sk\/hu\/wp-json\/wp\/v2\/product\/8939","targetHints":{"allow":["GET"]}}],"collection":[{"href":"https:\/\/www.biokari.sk\/hu\/wp-json\/wp\/v2\/product"}],"about":[{"href":"https:\/\/www.biokari.sk\/hu\/wp-json\/wp\/v2\/types\/product"}],"replies":[{"embeddable":true,"href":"https:\/\/www.biokari.sk\/hu\/wp-json\/wp\/v2\/comments?post=8939"}],"wp:featuredmedia":[{"embeddable":true,"href":"https:\/\/www.biokari.sk\/hu\/wp-json\/wp\/v2\/media\/10472"}],"wp:attachment":[{"href":"https:\/\/www.biokari.sk\/hu\/wp-json\/wp\/v2\/media?parent=8939"}],"wp:term":[{"taxonomy":"product_brand","embeddable":true,"href":"https:\/\/www.biokari.sk\/hu\/wp-json\/wp\/v2\/product_brand?post=8939"},{"taxonomy":"product_cat","embeddable":true,"href":"https:\/\/www.biokari.sk\/hu\/wp-json\/wp\/v2\/product_cat?post=8939"},{"taxonomy":"product_tag","embeddable":true,"href":"https:\/\/www.biokari.sk\/hu\/wp-json\/wp\/v2\/product_tag?post=8939"}],"curies":[{"name":"wp","href":"https:\/\/api.w.org\/{rel}","templated":true}]}}