{"id":8947,"date":"2025-07-01T14:36:53","date_gmt":"2025-07-01T12:36:53","guid":{"rendered":"https:\/\/www.biokari.sk\/produkt\/gyorgytea-cajova-zmes-materina-duska-100g\/"},"modified":"2026-04-27T19:02:06","modified_gmt":"2026-04-27T17:02:06","slug":"gyorgytea-cajova-zmes-materina-duska-100g","status":"publish","type":"product","link":"https:\/\/www.biokari.sk\/hu\/termek\/gyorgytea-cajova-zmes-materina-duska-100g\/","title":{"rendered":"Gy\u00f6rgytea \u010cajov\u00e1 zmes &#8211; Materina d\u00fa\u0161ka 100g"},"content":{"rendered":"<p data-start=\"336\" data-end=\"874\">K\u00f6sz\u00f6n\u00f6m <strong data-start=\"342\" data-end=\"401\">dezinfek\u010dn\u00fdm a protiz\u00e1palov\u00fdm \u00fa\u010dinkom lie\u010div\u00fdch rastl\u00edn<\/strong> obsiahnut\u00fdch v \u010daji m\u00f4\u017ee t\u00e1to zmes <strong data-start=\"437\" data-end=\"475\">posilni\u0165 obranyschopnos\u0165 organizmu<\/strong> pri infek\u010dn\u00fdch ochoreniach, <strong data-start=\"504\" data-end=\"534\">najm\u00e4 pri chr\u00edpke a n\u00e1dche<\/strong>. \u00da\u010dinn\u00e9 l\u00e1tky <strong data-start=\"549\" data-end=\"575\">materinej d\u00fa\u0161ky po\u013enej<\/strong> maj\u00fa <strong data-start=\"581\" data-end=\"625\">dezinfek\u010dn\u00e9 a imunostimula\u010dn\u00e9 vlastnosti<\/strong>, ktor\u00e9 tvoria z\u00e1klad celej zmesi. Jej <strong data-start=\"664\" data-end=\"686\">prekrvuj\u00faci \u00fa\u010dinok<\/strong> zlep\u0161uje <strong data-start=\"696\" data-end=\"710\">krvn\u00fd obeh<\/strong> a je <strong data-start=\"716\" data-end=\"741\">vynikaj\u00faca pri an\u00e9mii<\/strong>. \u010caj sa odpor\u00fa\u010da pri <strong data-start=\"763\" data-end=\"809\">ka\u0161li, z\u00e1paloch priedu\u0161iek a \u00fastnej dutiny<\/strong>, kde prispieva k zmierneniu podr\u00e1\u017edenia a regener\u00e1cii slizn\u00edc.<\/p>\n<p data-start=\"876\" data-end=\"1038\"><strong data-start=\"876\" data-end=\"889\">\u00d6sszet\u00e9tel:<\/strong> materina d\u00fa\u0161ka po\u013en\u00e1 v\u0148a\u0165 (30 %), v\u0148a\u0165 oregana, v\u0148a\u0165 rep\u00edka lek\u00e1rskeho, v\u0148a\u0165 oregana oby\u010dajn\u00e9ho, list skorocelu kopijovit\u00e9ho, v\u0148a\u0165 m\u00e4ty klasnatej.<\/p>\n<p data-start=\"1040\" data-end=\"1186\"><strong data-start=\"1040\" data-end=\"1053\">El\u0151k\u00e9sz\u00edt\u00e9s:<\/strong> jednu zarovnan\u00fa polievkov\u00fa ly\u017eicu (3 g) \u010dajovej zmesi <strong data-start=\"1108\" data-end=\"1138\">zalia\u0165 2,5 dl vriacej vody<\/strong>, necha\u0165 <strong data-start=\"1147\" data-end=\"1169\">vyl\u00fahova\u0165 30 min\u00fat<\/strong>, potom scedi\u0165.<\/p>\n<p data-start=\"1188\" data-end=\"1331\"><strong data-start=\"1188\" data-end=\"1201\">Haszn\u00e1lat:<\/strong> na <strong data-start=\"1205\" data-end=\"1218\">prevenciu<\/strong> sa odpor\u00fa\u010da <strong data-start=\"1231\" data-end=\"1253\">2\u20133 \u0161\u00e1lky t\u00fd\u017edenne<\/strong>. Pri <strong data-start=\"1259\" data-end=\"1267\">k\u00fare<\/strong> je mo\u017en\u00e9 pi\u0165 <strong data-start=\"1281\" data-end=\"1298\">3 \u0161\u00e1lky denne<\/strong> a\u017e do <strong data-start=\"1305\" data-end=\"1328\">vymiznutia \u0165a\u017ekost\u00ed<\/strong>.<\/p>\n<p data-start=\"1333\" data-end=\"1458\"><strong data-start=\"1333\" data-end=\"1349\">Figyelmeztet\u00e9s:<\/strong> po\u010das <strong data-start=\"1356\" data-end=\"1396\">tehotenstva a doj\u010denia sa neodpor\u00fa\u010da<\/strong>. <strong data-start=\"1398\" data-end=\"1417\">Deti od 3 rokov<\/strong> m\u00f4\u017eu \u010daj u\u017e\u00edva\u0165 v primeranom mno\u017estve.<\/p>\n<p data-start=\"1460\" data-end=\"1481\"><strong data-start=\"1460\" data-end=\"1473\">S\u00faly:<\/strong> 100 g<\/p>","protected":false},"excerpt":{"rendered":"<p>V\u010faka dezinfek\u010dn\u00fdm a protiz\u00e1palov\u00fdm \u00fa\u010dinkom lie\u010div\u00fdch rastl\u00edn obsiahnut\u00fdch v \u010daji m\u00f4\u017ee t\u00e1to zmes posilni\u0165 obranyschopnos\u0165 organizmu pri infek\u010dn\u00fdch ochoreniach, najm\u00e4 pri chr\u00edpke a n\u00e1dche. \u00da\u010dinn\u00e9 l\u00e1tky materinej d\u00fa\u0161ky po\u013enej maj\u00fa dezinfek\u010dn\u00e9 a imunostimula\u010dn\u00e9 vlastnosti, ktor\u00e9 tvoria z\u00e1klad celej zmesi. Jej prekrvuj\u00faci \u00fa\u010dinok zlep\u0161uje krvn\u00fd obeh a je vynikaj\u00faca pri an\u00e9mii. \u010caj sa odpor\u00fa\u010da pri ka\u0161li, [&hellip;]<\/p>","protected":false},"featured_media":10184,"comment_status":"open","ping_status":"closed","template":"","meta":{"inline_featured_image":false},"product_brand":[274],"product_cat":[148,153,149],"product_tag":[],"class_list":{"0":"post-8947","1":"product","2":"type-product","3":"status-publish","4":"has-post-thumbnail","6":"product_brand-gyorgytea","7":"product_cat-liecive-rastliny","8":"product_cat-dychacie-cesty-liecive-rastliny","9":"product_cat-liecive-rastliny-posilnenie-imunity","11":"first","12":"instock","13":"taxable","14":"shipping-taxable","15":"purchasable","16":"product-type-simple"},"aioseo_notices":[],"_links":{"self":[{"href":"https:\/\/www.biokari.sk\/hu\/wp-json\/wp\/v2\/product\/8947","targetHints":{"allow":["GET"]}}],"collection":[{"href":"https:\/\/www.biokari.sk\/hu\/wp-json\/wp\/v2\/product"}],"about":[{"href":"https:\/\/www.biokari.sk\/hu\/wp-json\/wp\/v2\/types\/product"}],"replies":[{"embeddable":true,"href":"https:\/\/www.biokari.sk\/hu\/wp-json\/wp\/v2\/comments?post=8947"}],"wp:featuredmedia":[{"embeddable":true,"href":"https:\/\/www.biokari.sk\/hu\/wp-json\/wp\/v2\/media\/10184"}],"wp:attachment":[{"href":"https:\/\/www.biokari.sk\/hu\/wp-json\/wp\/v2\/media?parent=8947"}],"wp:term":[{"taxonomy":"product_brand","embeddable":true,"href":"https:\/\/www.biokari.sk\/hu\/wp-json\/wp\/v2\/product_brand?post=8947"},{"taxonomy":"product_cat","embeddable":true,"href":"https:\/\/www.biokari.sk\/hu\/wp-json\/wp\/v2\/product_cat?post=8947"},{"taxonomy":"product_tag","embeddable":true,"href":"https:\/\/www.biokari.sk\/hu\/wp-json\/wp\/v2\/product_tag?post=8947"}],"curies":[{"name":"wp","href":"https:\/\/api.w.org\/{rel}","templated":true}]}}