{"id":8952,"date":"2025-07-01T14:36:54","date_gmt":"2025-07-01T12:36:54","guid":{"rendered":"https:\/\/www.biokari.sk\/produkt\/dr-chen-kapsuly-na-imunitu-30ks\/"},"modified":"2026-04-17T19:01:47","modified_gmt":"2026-04-17T17:01:47","slug":"dr-chen-kapsuly-na-imunitu-30ks","status":"publish","type":"product","link":"https:\/\/www.biokari.sk\/hu\/termek\/dr-chen-kapsuly-na-imunitu-30ks\/","title":{"rendered":"Dr.Chen Kapsuly na Imunitu 30ks"},"content":{"rendered":"<p>Komplexn\u00fd pr\u00edpravok s 14 druhmi vitam\u00ednov a 5 lie\u010div\u00fdmi rastlinami na podporu zdrav\u00e9ho imunitn\u00e9ho syst\u00e9mu. Obsahuje vitam\u00edny, miner\u00e1lne l\u00e1tky, stopov\u00e9 prvky, extrakty z Ginkgo biloba a Panax ginseng a antioxidanty. Vitam\u00edny a miner\u00e1lne l\u00e1tky obsiahnut\u00e9 v produkte prispievaj\u00fa k pokrytiu ka\u017edodenn\u00fdch potrieb organizmu.<\/p>\n\n\n\n<p>Vitam\u00edny A, C, D3, B6, B12, zinok, me\u010f, \u017eelezo, sel\u00e9n a kyselina listov\u00e1 prispievaj\u00fa k norm\u00e1lnej funkcii imunitn\u00e9ho syst\u00e9mu. Biot\u00edn prispieva k spr\u00e1vnej \u010dinnosti nervov\u00e9ho syst\u00e9mu. Vitam\u00edny C, B2, B3, B5, B6, kyselina listov\u00e1 a \u017eelezo pom\u00e1haj\u00fa zni\u017eova\u0165 \u00fanavu a vy\u010derpanie. Vysok\u00fd obsah vitam\u00ednu D3 (2000 IU) podporuje imunitn\u00fd syst\u00e9m a zdrav\u00e9 kosti.<\/p>\n\n\n\n<p><strong>Aj\u00e1nlott adagol\u00e1s:<\/strong> Naponta 1 tabletta elegend\u0151 folyad\u00e9kkal.<\/p>\n\n\n\n<p><strong>Obsah \u00fa\u010dinn\u00fdch l\u00e1tok v 1 tablete:<\/strong> A-vitam\u00edn 350 \u00b5g, betakarot\u00e9n 1,26 mg, B1-vitam\u00edn 0,75 mg, B2-vitam\u00edn 1 mg, B3-vitam\u00edn 12 mg, B6-vitam\u00edn 1,1 mg, B12-vitam\u00edn 2 \u00b5g, B5-vitam\u00edn 4 mg, C-vitam\u00edn 50 mg, D3-vitam\u00edn 50 \u00b5g (2000 IU), kyselina listov\u00e1 125 \u00b5g, biot\u00edn 20 \u00b5g, E-vitam\u00edn 10 mg, K1-vitam\u00edn 12,5 \u00b5g, v\u00e1pnik 75 mg, hor\u010d\u00edk 50 mg, zinok 5 mg, \u017eelezo 2,5 mg, me\u010f 0,4 mg, mang\u00e1n 1 mg, j\u00f3d 60 \u00b5g, fosfor 50 mg, krem\u00edk 500 \u00b5g, b\u00f3r 75 \u00b5g, chr\u00f3m 50 \u00b5g, molybd\u00e9n 37,5 \u00b5g, sel\u00e9n 12,5 \u00b5g, extrakt z listov Ginkgo biloba 10 mg, extrakt z Panax ginseng 10 mg, lute\u00edn 0,25 mg, lykop\u00e9n 0,15 mg, olivov\u00e9 polyfenoly 1,5 mg, koenz\u00fdm Q10 3 mg. NRV = referen\u010dn\u00e1 v\u00fd\u017eivov\u00e1 hodnota pre dospel\u00fdch.<\/p>\n\n\n\n<p><strong>\u00d6sszet\u00e9tel:<\/strong> mikrokry\u0161talick\u00e1 celul\u00f3za (stabiliz\u00e1tor), pre\u017eelatinizovan\u00fd \u0161krob, fosfore\u010dnan v\u00e1penat\u00fd, maltodextr\u00edn, karboxymetylcelul\u00f3za (plnivo), oxid hore\u010dnat\u00fd, kyselina askorbov\u00e1 (vitam\u00edn C), hydroxypropylmetylcelul\u00f3za (zahus\u0165ovadlo), soli mastn\u00fdch kysel\u00edn hore\u010dnat\u00e9 (protihrudkuj\u00faca l\u00e1tka), uhli\u010ditan v\u00e1penat\u00fd, cholekalciferol (vitam\u00edn D3), D-\u03b1-tokoferyl-acet\u00e1t (vitam\u00edn E), extrakt z ol\u00edv, niac\u00edn (vitam\u00edn B3), extrakt Ginkgo biloba, extrakt Panax ginseng, fumar\u00e1t \u017eeleznat\u00fd, oxid zino\u010dnat\u00fd, chlorid chromit\u00fd, kyselina pantot\u00e9nov\u00e1 (vitam\u00edn B5), molybdan sodn\u00fd, s\u00edran mang\u00e1nat\u00fd, koenz\u00fdm Q10, lute\u00edn, retinyl-acet\u00e1t (vitam\u00edn A), lykop\u00e9n, pyridox\u00edn-hydrochlorid (vitam\u00edn B6), seleni\u010ditan sodn\u00fd, riboflav\u00edn (vitam\u00edn B2), oxid kremi\u010dit\u00fd, tiam\u00edn-nitran (vitam\u00edn B1), s\u00edran me\u010fnat\u00fd, kyselina borit\u00e1, fylochin\u00f3n (vitam\u00edn K1), kyanokobalam\u00edn (vitam\u00edn B12), kyselina listov\u00e1, jodid draseln\u00fd, biot\u00edn.<\/p>\n\n\n\n<p><strong>Csomagol\u00e1s:<\/strong> 30 tabliet<\/p>\n\n\n\n<p> Komplex 14 vitam\u00ednov, 5 byl\u00edn a antioxidantov<br>Podpora imunity, nervov\u00e9ho syst\u00e9mu a vitality<br>Obsahuje Ginkgo biloba, Panax ginseng a koenz\u00fdm Q10<\/p>","protected":false},"excerpt":{"rendered":"<p>&#8230; <a class=\"more-link\" href=\"#tab-description\">B\u0151vebben<\/a><\/p>","protected":false},"featured_media":10139,"comment_status":"open","ping_status":"closed","template":"","meta":{"inline_featured_image":false},"product_brand":[276],"product_cat":[69,140],"product_tag":[],"class_list":{"0":"post-8952","1":"product","2":"type-product","3":"status-publish","4":"has-post-thumbnail","6":"product_brand-dr-chen","7":"product_cat-vyzivove-doplnky","8":"product_cat-posilnenie-imunity","10":"first","11":"instock","12":"taxable","13":"shipping-taxable","14":"purchasable","15":"product-type-simple"},"aioseo_notices":[],"_links":{"self":[{"href":"https:\/\/www.biokari.sk\/hu\/wp-json\/wp\/v2\/product\/8952","targetHints":{"allow":["GET"]}}],"collection":[{"href":"https:\/\/www.biokari.sk\/hu\/wp-json\/wp\/v2\/product"}],"about":[{"href":"https:\/\/www.biokari.sk\/hu\/wp-json\/wp\/v2\/types\/product"}],"replies":[{"embeddable":true,"href":"https:\/\/www.biokari.sk\/hu\/wp-json\/wp\/v2\/comments?post=8952"}],"wp:featuredmedia":[{"embeddable":true,"href":"https:\/\/www.biokari.sk\/hu\/wp-json\/wp\/v2\/media\/10139"}],"wp:attachment":[{"href":"https:\/\/www.biokari.sk\/hu\/wp-json\/wp\/v2\/media?parent=8952"}],"wp:term":[{"taxonomy":"product_brand","embeddable":true,"href":"https:\/\/www.biokari.sk\/hu\/wp-json\/wp\/v2\/product_brand?post=8952"},{"taxonomy":"product_cat","embeddable":true,"href":"https:\/\/www.biokari.sk\/hu\/wp-json\/wp\/v2\/product_cat?post=8952"},{"taxonomy":"product_tag","embeddable":true,"href":"https:\/\/www.biokari.sk\/hu\/wp-json\/wp\/v2\/product_tag?post=8952"}],"curies":[{"name":"wp","href":"https:\/\/api.w.org\/{rel}","templated":true}]}}