{"id":8963,"date":"2025-07-01T14:36:56","date_gmt":"2025-07-01T12:36:56","guid":{"rendered":"https:\/\/www.biokari.sk\/produkt\/gyorgytea-list-lesnej-maliny-40g\/"},"modified":"2026-04-28T19:01:55","modified_gmt":"2026-04-28T17:01:55","slug":"gyorgytea-list-lesnej-maliny-40g","status":"publish","type":"product","link":"https:\/\/www.biokari.sk\/hu\/termek\/gyorgytea-list-lesnej-maliny-40g\/","title":{"rendered":"Gy\u00f6rgytea List lesnej maliny 40g"},"content":{"rendered":"<p data-start=\"163\" data-end=\"430\">Z listov lesnej maliny sa pripravuje lahodn\u00fd \u010daj s mo\u010dopudn\u00fdm \u00fa\u010dinkom. Prin\u00e1\u0161a \u00fa\u013eavu pri viacer\u00fdch \u0165a\u017ekostiach, napr\u00edklad pri \u010drevn\u00fdch k\u0155\u010doch, \u017eal\u00fado\u010dnom vrede. Zmier\u0148uje nevo\u013enos\u0165, podporuje tr\u00e1venie. V\u010faka s\u0165ahuj\u00facim \u00fa\u010dinkom je vhodn\u00fd aj pri hna\u010dke.<\/p>\n<p data-start=\"432\" data-end=\"581\">M\u00f4\u017eeme ho pod\u00e1va\u0165 de\u0165om pri bolestiach brucha. Pri bolestiach hrdla sa pou\u017e\u00edva na kloktanie, pri aft\u00e1ch a krv\u00e1can\u00ed \u010fasien na v\u00fdplach \u00fastnej dutiny.<\/p>\n<p data-start=\"583\" data-end=\"738\">Tonizuje myometrium (hladk\u00e9 svalstvo maternice), posil\u0148uje p\u00f4rodn\u00e9 s\u0165ahy a u\u013eah\u010duje p\u00f4rod. Zmier\u0148uje men\u0161trua\u010dn\u00e9 bolesti. Pri v\u00fdtoku sa odpor\u00fa\u010da v\u00fdplach.<\/p>\n<p data-start=\"740\" data-end=\"891\">M\u00e1 posil\u0148uj\u00face \u00fa\u010dinky na imunitn\u00fd syst\u00e9m a p\u00f4sob\u00ed aj ako prostriedok na zn\u00ed\u017eenie hor\u00fa\u010dky. Zvonka sa pou\u017e\u00edva pri ko\u017en\u00fdch infekci\u00e1ch a ochoreniach o\u010d\u00ed.<\/p>\n<p data-start=\"893\" data-end=\"949\"><strong data-start=\"893\" data-end=\"906\">\u00d6sszet\u00e9tel: <\/strong>list lesnej maliny (Rubi idaei folium)<\/p>\n<p data-start=\"951\" data-end=\"1025\"><strong data-start=\"951\" data-end=\"964\">Kedy pi\u0165?<\/strong><br data-start=\"964\" data-end=\"967\" \/>M\u00f4\u017eete pi\u0165 kedyko\u013evek po\u010das d\u0148a, najlep\u0161ie bez pr\u00edchute.<\/p>\n<p data-start=\"1027\" data-end=\"1087\"><strong data-start=\"1027\" data-end=\"1044\">Ako dlho pi\u0165?<\/strong><br data-start=\"1044\" data-end=\"1047\" \/>1\u20132 \u0161\u00e1lky denne, neobmedzene dlh\u00fd \u010das.<\/p>\n<p data-start=\"1089\" data-end=\"1200\"><strong data-start=\"1089\" data-end=\"1112\">Komu sa neodpor\u00fa\u010da?<\/strong><br data-start=\"1112\" data-end=\"1115\" \/>De\u0165om od 6 rokov pod\u00e1va\u0165 len zrieden\u00fd n\u00e1lev (1 \u010dajov\u00e1 ly\u017ei\u010dka \u010daju na 2,5 dl vody).<\/p>\n<p data-start=\"1202\" data-end=\"1354\"><strong data-start=\"1202\" data-end=\"1220\">Pr\u00edprava \u010daju: <\/strong>1 zarovnan\u00fa polievkov\u00fa ly\u017eicu (3 g) \u010dajovej zmesi zalia\u0165 2,5 dl vriacej vody, l\u00fahova\u0165 15 min\u00fat a scedi\u0165. Nepou\u017e\u00edva\u0165 kovov\u00e9 sitko.<\/p>\n<p data-start=\"1356\" data-end=\"1523\"><strong>Minim\u00e1lna trvanlivos\u0165:<\/strong> uveden\u00e1 na obale.<br data-start=\"1421\" data-end=\"1424\" \/><strong>T\u00e1rol\u00e1s:<\/strong> Po otvoren\u00ed uchov\u00e1va\u0165 mimo dosahu det\u00ed, na suchom a chladnom mieste, dobre uzavret\u00e9.<\/p>","protected":false},"excerpt":{"rendered":"<p>Z listov lesnej maliny sa pripravuje lahodn\u00fd \u010daj s mo\u010dopudn\u00fdm \u00fa\u010dinkom. Prin\u00e1\u0161a \u00fa\u013eavu pri viacer\u00fdch \u0165a\u017ekostiach, napr\u00edklad pri \u010drevn\u00fdch k\u0155\u010doch, \u017eal\u00fado\u010dnom vrede. Zmier\u0148uje nevo\u013enos\u0165, podporuje tr\u00e1venie. V\u010faka s\u0165ahuj\u00facim \u00fa\u010dinkom je vhodn\u00fd aj pri hna\u010dke. M\u00f4\u017eeme ho pod\u00e1va\u0165 de\u0165om pri bolestiach brucha. Pri bolestiach hrdla sa pou\u017e\u00edva na kloktanie, pri aft\u00e1ch a krv\u00e1can\u00ed \u010fasien na v\u00fdplach [&hellip;]<\/p>","protected":false},"featured_media":10099,"comment_status":"open","ping_status":"closed","template":"","meta":{"inline_featured_image":false},"product_brand":[],"product_cat":[148],"product_tag":[],"class_list":{"0":"post-8963","1":"product","2":"type-product","3":"status-publish","4":"has-post-thumbnail","6":"product_cat-liecive-rastliny","8":"first","9":"instock","10":"taxable","11":"shipping-taxable","12":"purchasable","13":"product-type-simple"},"aioseo_notices":[],"_links":{"self":[{"href":"https:\/\/www.biokari.sk\/hu\/wp-json\/wp\/v2\/product\/8963","targetHints":{"allow":["GET"]}}],"collection":[{"href":"https:\/\/www.biokari.sk\/hu\/wp-json\/wp\/v2\/product"}],"about":[{"href":"https:\/\/www.biokari.sk\/hu\/wp-json\/wp\/v2\/types\/product"}],"replies":[{"embeddable":true,"href":"https:\/\/www.biokari.sk\/hu\/wp-json\/wp\/v2\/comments?post=8963"}],"wp:featuredmedia":[{"embeddable":true,"href":"https:\/\/www.biokari.sk\/hu\/wp-json\/wp\/v2\/media\/10099"}],"wp:attachment":[{"href":"https:\/\/www.biokari.sk\/hu\/wp-json\/wp\/v2\/media?parent=8963"}],"wp:term":[{"taxonomy":"product_brand","embeddable":true,"href":"https:\/\/www.biokari.sk\/hu\/wp-json\/wp\/v2\/product_brand?post=8963"},{"taxonomy":"product_cat","embeddable":true,"href":"https:\/\/www.biokari.sk\/hu\/wp-json\/wp\/v2\/product_cat?post=8963"},{"taxonomy":"product_tag","embeddable":true,"href":"https:\/\/www.biokari.sk\/hu\/wp-json\/wp\/v2\/product_tag?post=8963"}],"curies":[{"name":"wp","href":"https:\/\/api.w.org\/{rel}","templated":true}]}}