{"id":8965,"date":"2025-07-01T14:36:56","date_gmt":"2025-07-01T12:36:56","guid":{"rendered":"https:\/\/www.biokari.sk\/produkt\/dia-wellness-nahrada-cukru-14-500g\/"},"modified":"2026-04-29T19:03:13","modified_gmt":"2026-04-29T17:03:13","slug":"dia-wellness-nahrada-cukru-14-500g","status":"publish","type":"product","link":"https:\/\/www.biokari.sk\/hu\/termek\/dia-wellness-nahrada-cukru-14-500g\/","title":{"rendered":"Dia-Wellness N\u00e1hrada cukru 1:4 500g"},"content":{"rendered":"<p data-start=\"99\" data-end=\"308\">Sladivos\u0165 1 kg repn\u00e9ho cukru zodpoved\u00e1 0,25 kg Dia-Wellness Sladidla 1:4.<br data-start=\"203\" data-end=\"206\" \/>S erytritolom a st\u00e9viou.<br data-start=\"230\" data-end=\"233\" \/>0 g vstrebate\u013en\u00fdch sacharidov, 0 kcal.<br data-start=\"271\" data-end=\"274\" \/>Na v\u0161eobecn\u00e9 kuchynsk\u00e9 pou\u017eitie.<\/p>\n<p data-start=\"310\" data-end=\"510\">Konzum\u00e1cia potrav\u00edn obsahuj\u00facich erytritol namiesto cukru sp\u00f4sobuje po konzum\u00e1cii men\u0161\u00ed vzostup hladiny gluk\u00f3zy v krvi ako konzum\u00e1cia potrav\u00edn obsahuj\u00facich cukor. Dbajte na vyv\u00e1\u017een\u00fa a pestr\u00fa stravu.<\/p>\n<p data-start=\"512\" data-end=\"534\"><strong data-start=\"512\" data-end=\"524\">BALENIE: <\/strong>500 g<\/p>\n<p data-start=\"536\" data-end=\"592\"><strong data-start=\"536\" data-end=\"549\">ZLO\u017dENIE: <\/strong>sladidlo: erytritol, st\u00e9via, sukral\u00f3za<\/p>\n<p data-start=\"594\" data-end=\"644\"><strong data-start=\"594\" data-end=\"642\">PRIEMERN\u00c9 V\u00dd\u017dIVOV\u00c9 HODNOTY na 100 g v\u00fdrobku:<\/strong><\/p>\n<ul data-start=\"645\" data-end=\"878\">\n<li data-start=\"645\" data-end=\"671\">\n<p data-start=\"647\" data-end=\"671\">Energia: 0 kJ \/ 0 kcal<\/p>\n<\/li>\n<li data-start=\"672\" data-end=\"729\">\n<p data-start=\"674\" data-end=\"685\">Tuky: 0 g<\/p>\n<ul data-start=\"689\" data-end=\"729\">\n<li data-start=\"689\" data-end=\"729\">\n<p data-start=\"691\" data-end=\"729\">z toho nas\u00fdten\u00e9 mastn\u00e9 kyseliny: 0 g<\/p>\n<\/li>\n<\/ul>\n<\/li>\n<li data-start=\"730\" data-end=\"777\">\n<p data-start=\"732\" data-end=\"752\">Sacharidy: 99,4 g*<\/p>\n<ul data-start=\"756\" data-end=\"777\">\n<li data-start=\"756\" data-end=\"777\">\n<p data-start=\"758\" data-end=\"777\">z toho cukry: 0 g<\/p>\n<\/li>\n<\/ul>\n<\/li>\n<li data-start=\"778\" data-end=\"795\">\n<p data-start=\"780\" data-end=\"795\">Vl\u00e1knina: 0 g<\/p>\n<\/li>\n<li data-start=\"796\" data-end=\"815\">\n<p data-start=\"798\" data-end=\"815\">Bielkoviny: 0 g<\/p>\n<\/li>\n<li data-start=\"816\" data-end=\"878\">\n<p data-start=\"818\" data-end=\"878\">So\u013e: 0,02 g<br data-start=\"829\" data-end=\"832\" \/>* v\u00fdrobok obsahuje nevstrebate\u013en\u00e9 sacharidy<\/p>\n<\/li>\n<\/ul>\n<p data-start=\"880\" data-end=\"1120\"><strong data-start=\"880\" data-end=\"902\">N\u00c1VOD NA POU\u017dITIE: <\/strong>Sladivos\u0165 je \u0161tyrikr\u00e1t vy\u0161\u0161ia ako u be\u017en\u00e9ho kry\u0161t\u00e1lov\u00e9ho cukru. T\u00fdmto sladidlom m\u00f4\u017eete ochuti\u0165 k\u00e1vu, \u010daj alebo ak\u00fdko\u013evek n\u00e1poj. V\u010faka tepelnej stabilite je vhodn\u00e9 aj na pr\u00edpravu ciest, kol\u00e1\u010dov, pe\u010denie \u010di varenie.<\/p>","protected":false},"excerpt":{"rendered":"<p>Sladivos\u0165 1 kg repn\u00e9ho cukru zodpoved\u00e1 0,25 kg Dia-Wellness Sladidla 1:4.S erytritolom a st\u00e9viou.0 g vstrebate\u013en\u00fdch sacharidov, 0 kcal.Na v\u0161eobecn\u00e9 kuchynsk\u00e9 pou\u017eitie. Konzum\u00e1cia potrav\u00edn obsahuj\u00facich erytritol namiesto cukru sp\u00f4sobuje po konzum\u00e1cii men\u0161\u00ed vzostup hladiny gluk\u00f3zy v krvi ako konzum\u00e1cia potrav\u00edn obsahuj\u00facich cukor. Dbajte na vyv\u00e1\u017een\u00fa a pestr\u00fa stravu. BALENIE: 500 g ZLO\u017dENIE: sladidlo: erytritol, st\u00e9via, [&hellip;]<\/p>","protected":false},"featured_media":10103,"comment_status":"open","ping_status":"closed","template":"","meta":{"inline_featured_image":false},"product_brand":[],"product_cat":[262,71,168],"product_tag":[],"class_list":{"0":"post-8965","1":"product","2":"type-product","3":"status-publish","4":"has-post-thumbnail","6":"product_cat-diabeticke-vyrobky","7":"product_cat-potraviny","8":"product_cat-nahradne-sladidla","10":"first","11":"instock","12":"taxable","13":"shipping-taxable","14":"purchasable","15":"product-type-simple"},"aioseo_notices":[],"_links":{"self":[{"href":"https:\/\/www.biokari.sk\/hu\/wp-json\/wp\/v2\/product\/8965","targetHints":{"allow":["GET"]}}],"collection":[{"href":"https:\/\/www.biokari.sk\/hu\/wp-json\/wp\/v2\/product"}],"about":[{"href":"https:\/\/www.biokari.sk\/hu\/wp-json\/wp\/v2\/types\/product"}],"replies":[{"embeddable":true,"href":"https:\/\/www.biokari.sk\/hu\/wp-json\/wp\/v2\/comments?post=8965"}],"wp:featuredmedia":[{"embeddable":true,"href":"https:\/\/www.biokari.sk\/hu\/wp-json\/wp\/v2\/media\/10103"}],"wp:attachment":[{"href":"https:\/\/www.biokari.sk\/hu\/wp-json\/wp\/v2\/media?parent=8965"}],"wp:term":[{"taxonomy":"product_brand","embeddable":true,"href":"https:\/\/www.biokari.sk\/hu\/wp-json\/wp\/v2\/product_brand?post=8965"},{"taxonomy":"product_cat","embeddable":true,"href":"https:\/\/www.biokari.sk\/hu\/wp-json\/wp\/v2\/product_cat?post=8965"},{"taxonomy":"product_tag","embeddable":true,"href":"https:\/\/www.biokari.sk\/hu\/wp-json\/wp\/v2\/product_tag?post=8965"}],"curies":[{"name":"wp","href":"https:\/\/api.w.org\/{rel}","templated":true}]}}