{"id":8971,"date":"2025-07-01T14:36:57","date_gmt":"2025-07-01T12:36:57","guid":{"rendered":"https:\/\/www.biokari.sk\/produkt\/dia-wellness-diabeticke-cestoviny-ryza-250g\/"},"modified":"2026-04-25T19:02:11","modified_gmt":"2026-04-25T17:02:11","slug":"dia-wellness-diabeticke-cestoviny-ryza-250g","status":"publish","type":"product","link":"https:\/\/www.biokari.sk\/hu\/termek\/dia-wellness-diabeticke-cestoviny-ryza-250g\/","title":{"rendered":"Dia-Wellness Diabetick\u00e9 cestoviny &#8211; Ry\u017ea 250g"},"content":{"rendered":"<p data-start=\"67\" data-end=\"332\"><strong data-start=\"67\" data-end=\"80\">ZLO\u017dENIE: <\/strong>TL p\u0161eni\u010dn\u00e1 m\u00faka, m\u00fa\u010dna koncentr\u00e1t (rezistentn\u00fd \u0161krob [kukurica], p\u0161eni\u010dn\u00fd prote\u00edn, rastlinn\u00e1 vl\u00e1knina, rastlinn\u00fd tuk [palma], stabiliz\u00e1tor: pekt\u00edn, guarov\u00e1 guma, maltodextr\u00edn, zlep\u0161uj\u00faca l\u00e1tka: kyselina askorbov\u00e1, enz\u00fdmy [amyl\u00e1za, lip\u00e1za]), vajce<\/p>\n<p data-start=\"334\" data-end=\"363\"><strong data-start=\"334\" data-end=\"347\">Allerg\u00e9nek:<\/strong> lepok, vajcia<\/p>\n<p data-start=\"365\" data-end=\"415\"><strong data-start=\"365\" data-end=\"413\">PRIEMERN\u00c9 V\u00dd\u017dIVOV\u00c9 HODNOTY na 100 g v\u00fdrobku:<\/strong><\/p>\n<ul data-start=\"416\" data-end=\"618\">\n<li data-start=\"416\" data-end=\"447\">\n<p data-start=\"418\" data-end=\"447\">Energia: 1141 kJ \/ 272 kcal<\/p>\n<\/li>\n<li data-start=\"448\" data-end=\"509\">\n<p data-start=\"450\" data-end=\"463\">Tuky: 3,0 g<\/p>\n<ul data-start=\"467\" data-end=\"509\">\n<li data-start=\"467\" data-end=\"509\">\n<p data-start=\"469\" data-end=\"509\">z toho nas\u00fdten\u00e9 mastn\u00e9 kyseliny: 0,6 g<\/p>\n<\/li>\n<\/ul>\n<\/li>\n<li data-start=\"510\" data-end=\"558\">\n<p data-start=\"512\" data-end=\"531\">Sacharidy: 36,0 g<\/p>\n<ul data-start=\"535\" data-end=\"558\">\n<li data-start=\"535\" data-end=\"558\">\n<p data-start=\"537\" data-end=\"558\">z toho cukry: 0,5 g<\/p>\n<\/li>\n<\/ul>\n<\/li>\n<li data-start=\"559\" data-end=\"579\">\n<p data-start=\"561\" data-end=\"579\">Vl\u00e1knina: 24,8 g<\/p>\n<\/li>\n<li data-start=\"580\" data-end=\"602\">\n<p data-start=\"582\" data-end=\"602\">Bielkoviny: 13,3 g<\/p>\n<\/li>\n<li data-start=\"603\" data-end=\"618\">\n<p data-start=\"605\" data-end=\"618\">So\u013e: 0,20 g<\/p>\n<\/li>\n<\/ul>\n<p data-start=\"620\" data-end=\"882\"><strong data-start=\"620\" data-end=\"642\">N\u00c1VOD NA POU\u017dITIE: <\/strong>Cestoviny vlo\u017e\u00edme do p\u00e4\u0165n\u00e1sobn\u00e9ho mno\u017estva vriacej osolenej vody a za ob\u010dasn\u00e9ho mie\u0161ania var\u00edme 6\u201310 min\u00fat do m\u00e4kka. Alternat\u00edvne: od op\u00e4tovn\u00e9ho zovretia var\u00edme 2 min\u00faty, potom odstav\u00edme z oh\u0148a, prikryjeme a nech\u00e1me napu\u010da\u0165 do m\u00e4kka.<\/p>\n\n\n<p><strong>BALENIE: <\/strong>250 g<\/p>","protected":false},"excerpt":{"rendered":"<p>ZLO\u017dENIE: TL p\u0161eni\u010dn\u00e1 m\u00faka, m\u00fa\u010dna koncentr\u00e1t (rezistentn\u00fd \u0161krob [kukurica], p\u0161eni\u010dn\u00fd prote\u00edn, rastlinn\u00e1 vl\u00e1knina, rastlinn\u00fd tuk [palma], stabiliz\u00e1tor: pekt\u00edn, guarov\u00e1 guma, maltodextr\u00edn, zlep\u0161uj\u00faca l\u00e1tka: kyselina askorbov\u00e1, enz\u00fdmy [amyl\u00e1za, lip\u00e1za]), vajce Alerg\u00e9ny: lepok, vajcia PRIEMERN\u00c9 V\u00dd\u017dIVOV\u00c9 HODNOTY na 100 g v\u00fdrobku: Energia: 1141 kJ \/ 272 kcal Tuky: 3,0 g z toho nas\u00fdten\u00e9 mastn\u00e9 kyseliny: 0,6 g [&hellip;]<\/p>","protected":false},"featured_media":10097,"comment_status":"open","ping_status":"closed","template":"","meta":{"inline_featured_image":false},"product_brand":[],"product_cat":[71,125],"product_tag":[],"class_list":{"0":"post-8971","1":"product","2":"type-product","3":"status-publish","4":"has-post-thumbnail","6":"product_cat-potraviny","7":"product_cat-cestoviny","9":"first","10":"instock","11":"taxable","12":"shipping-taxable","13":"purchasable","14":"product-type-simple"},"aioseo_notices":[],"_links":{"self":[{"href":"https:\/\/www.biokari.sk\/hu\/wp-json\/wp\/v2\/product\/8971","targetHints":{"allow":["GET"]}}],"collection":[{"href":"https:\/\/www.biokari.sk\/hu\/wp-json\/wp\/v2\/product"}],"about":[{"href":"https:\/\/www.biokari.sk\/hu\/wp-json\/wp\/v2\/types\/product"}],"replies":[{"embeddable":true,"href":"https:\/\/www.biokari.sk\/hu\/wp-json\/wp\/v2\/comments?post=8971"}],"wp:featuredmedia":[{"embeddable":true,"href":"https:\/\/www.biokari.sk\/hu\/wp-json\/wp\/v2\/media\/10097"}],"wp:attachment":[{"href":"https:\/\/www.biokari.sk\/hu\/wp-json\/wp\/v2\/media?parent=8971"}],"wp:term":[{"taxonomy":"product_brand","embeddable":true,"href":"https:\/\/www.biokari.sk\/hu\/wp-json\/wp\/v2\/product_brand?post=8971"},{"taxonomy":"product_cat","embeddable":true,"href":"https:\/\/www.biokari.sk\/hu\/wp-json\/wp\/v2\/product_cat?post=8971"},{"taxonomy":"product_tag","embeddable":true,"href":"https:\/\/www.biokari.sk\/hu\/wp-json\/wp\/v2\/product_tag?post=8971"}],"curies":[{"name":"wp","href":"https:\/\/api.w.org\/{rel}","templated":true}]}}