{"id":8973,"date":"2025-07-01T14:36:57","date_gmt":"2025-07-01T12:36:57","guid":{"rendered":"https:\/\/www.biokari.sk\/produkt\/dia-wellness-spagetti-cestoviny-250g\/"},"modified":"2026-05-01T19:01:07","modified_gmt":"2026-05-01T17:01:07","slug":"dia-wellness-spagetti-cestoviny-250g","status":"publish","type":"product","link":"https:\/\/www.biokari.sk\/hu\/termek\/dia-wellness-spagetti-cestoviny-250g\/","title":{"rendered":"Dia-Wellness Spagetti cestoviny 250g"},"content":{"rendered":"<p data-start=\"327\" data-end=\"650\">N\u00edzkosacharidov\u00e9 Dia-Wellness \u0160pagety s\u00fa kvalitn\u00e9, vysokoprote\u00ednov\u00e9 cestoviny navrhnut\u00e9 pre di\u00e9tne stravovanie. V\u010faka zn\u00ed\u017een\u00e9mu obsahu sacharidov m\u00f4\u017eu prispie\u0165 k zn\u00ed\u017eeniu hladiny krvn\u00e9ho cukru a podpori\u0165 celkov\u00e9 zdravie. S\u00fa \u013eahko a r\u00fdchlo pripravite\u013en\u00e9, preto ich mo\u017eno bezpe\u010dne konzumova\u0165 aj denne.<\/p>\n<p data-start=\"652\" data-end=\"1052\">V\u010faka n\u00edzkemu glykemick\u00e9mu indexu nesp\u00f4sobuj\u00fa n\u00e1hle v\u00fdkyvy hladiny cukru v krvi ani pocit hladu. Dia-Wellness \u0160pagety s vysok\u00fdm obsahom bielkov\u00edn a n\u00edzkym glykemick\u00fdm indexom s\u00fa ide\u00e1lnym rie\u0161en\u00edm pre t\u00fdch, ktor\u00ed dr\u017eia di\u00e9tu, alebo jednoducho chc\u00fa konzumova\u0165 viac bielkov\u00edn a menej sacharidov.<br data-start=\"944\" data-end=\"947\" \/>4-vaje\u010dn\u00e9 \u0161pagety so zn\u00ed\u017een\u00fdm obsahom sacharidov. Vhodn\u00e9 pre diabetikov aj pri n\u00edzkosacharidovej di\u00e9te.<\/p>\n<p data-start=\"1054\" data-end=\"1358\"><strong data-start=\"1054\" data-end=\"1067\">\u00d6sszet\u00e9tel: <\/strong>zmes m\u00faky (vl\u00e1knina \u2013 bambus, p\u0161enica; stabiliz\u00e1tor: modifikovan\u00fd kukuri\u010dn\u00fd \u0161krob; \u013eanov\u00e1 m\u00faka; p\u0161eni\u010dn\u00fd prote\u00edn; zahus\u0165ovadlo: pekt\u00edn; rastlinn\u00fd olej: repka; kyselina: kyselina mlie\u010dna; emulg\u00e1tor: E471; zlep\u0161uj\u00faca pr\u00edsada: kyselina askorbov\u00e1; enz\u00fdm), p\u0161eni\u010dn\u00e1 m\u00faka TL, slepa\u010die vajcia.<\/p>\n<p data-start=\"1360\" data-end=\"1389\"><strong data-start=\"1360\" data-end=\"1373\">Allerg\u00e9nek:<\/strong> lepok, vajcia<\/p>\n<p data-start=\"1391\" data-end=\"1637\"><strong data-start=\"1391\" data-end=\"1413\">N\u00e1vod na pr\u00edpravu: <\/strong>Cestovinu vlo\u017e\u00edme do p\u00e4\u0165n\u00e1sobn\u00e9ho mno\u017estva vriacej osolenej vody a za ob\u010dasn\u00e9ho mie\u0161ania var\u00edme 6\u201310 min\u00fat do m\u00e4kka. Alebo od op\u00e4tovn\u00e9ho zovretia var\u00edme 2 min\u00faty, odstav\u00edme z oh\u0148a, prikryjeme a nech\u00e1me napu\u010da\u0165 do m\u00e4kka.<\/p>\n<p data-start=\"1639\" data-end=\"1659\"><strong data-start=\"1639\" data-end=\"1651\">Csomagol\u00e1s:<\/strong> 250 g<\/p>\n<p data-start=\"1661\" data-end=\"1719\"><strong data-start=\"1661\" data-end=\"1717\">V\u00fd\u017eivov\u00e9 \u00fadaje \u2013 priemern\u00e9 hodnoty na 100 g v\u00fdrobku:<\/strong><\/p>\n<ul data-start=\"1720\" data-end=\"1922\">\n<li data-start=\"1720\" data-end=\"1751\">\n<p data-start=\"1722\" data-end=\"1751\">Energia: 1363 kJ \/ 327 kcal<\/p>\n<\/li>\n<li data-start=\"1752\" data-end=\"1813\">\n<p data-start=\"1754\" data-end=\"1767\">Tuky: 4,3 g<\/p>\n<ul data-start=\"1771\" data-end=\"1813\">\n<li data-start=\"1771\" data-end=\"1813\">\n<p data-start=\"1773\" data-end=\"1813\">z toho nas\u00fdten\u00e9 mastn\u00e9 kyseliny: 1,0 g<\/p>\n<\/li>\n<\/ul>\n<\/li>\n<li data-start=\"1814\" data-end=\"1862\">\n<p data-start=\"1816\" data-end=\"1835\">Sacharidy: 42,0 g<\/p>\n<ul data-start=\"1839\" data-end=\"1862\">\n<li data-start=\"1839\" data-end=\"1862\">\n<p data-start=\"1841\" data-end=\"1862\">z toho cukry: 0,6 g<\/p>\n<\/li>\n<\/ul>\n<\/li>\n<li data-start=\"1863\" data-end=\"1883\">\n<p data-start=\"1865\" data-end=\"1883\">Vl\u00e1knina: 30,1 g<\/p>\n<\/li>\n<li data-start=\"1884\" data-end=\"1906\">\n<p data-start=\"1886\" data-end=\"1906\">Bielkoviny: 15,0 g<\/p>\n<\/li>\n<li data-start=\"1907\" data-end=\"1922\">\n<p data-start=\"1909\" data-end=\"1922\">So\u013e: 0,13 g<\/p>\n<\/li>\n<\/ul>\n<p><strong>S\u00faly:<\/strong> 350g<\/p>","protected":false},"excerpt":{"rendered":"<p>N\u00edzkosacharidov\u00e9 Dia-Wellness \u0160pagety s\u00fa kvalitn\u00e9, vysokoprote\u00ednov\u00e9 cestoviny navrhnut\u00e9 pre di\u00e9tne stravovanie. V\u010faka zn\u00ed\u017een\u00e9mu obsahu sacharidov m\u00f4\u017eu prispie\u0165 k zn\u00ed\u017eeniu hladiny krvn\u00e9ho cukru a podpori\u0165 celkov\u00e9 zdravie. S\u00fa \u013eahko a r\u00fdchlo pripravite\u013en\u00e9, preto ich mo\u017eno bezpe\u010dne konzumova\u0165 aj denne. V\u010faka n\u00edzkemu glykemick\u00e9mu indexu nesp\u00f4sobuj\u00fa n\u00e1hle v\u00fdkyvy hladiny cukru v krvi ani pocit hladu. Dia-Wellness \u0160pagety s [&hellip;]<\/p>","protected":false},"featured_media":10095,"comment_status":"open","ping_status":"closed","template":"","meta":{"inline_featured_image":false},"product_brand":[],"product_cat":[71],"product_tag":[],"class_list":{"0":"post-8973","1":"product","2":"type-product","3":"status-publish","4":"has-post-thumbnail","6":"product_cat-potraviny","8":"first","9":"instock","10":"taxable","11":"shipping-taxable","12":"purchasable","13":"product-type-simple"},"aioseo_notices":[],"_links":{"self":[{"href":"https:\/\/www.biokari.sk\/hu\/wp-json\/wp\/v2\/product\/8973","targetHints":{"allow":["GET"]}}],"collection":[{"href":"https:\/\/www.biokari.sk\/hu\/wp-json\/wp\/v2\/product"}],"about":[{"href":"https:\/\/www.biokari.sk\/hu\/wp-json\/wp\/v2\/types\/product"}],"replies":[{"embeddable":true,"href":"https:\/\/www.biokari.sk\/hu\/wp-json\/wp\/v2\/comments?post=8973"}],"wp:featuredmedia":[{"embeddable":true,"href":"https:\/\/www.biokari.sk\/hu\/wp-json\/wp\/v2\/media\/10095"}],"wp:attachment":[{"href":"https:\/\/www.biokari.sk\/hu\/wp-json\/wp\/v2\/media?parent=8973"}],"wp:term":[{"taxonomy":"product_brand","embeddable":true,"href":"https:\/\/www.biokari.sk\/hu\/wp-json\/wp\/v2\/product_brand?post=8973"},{"taxonomy":"product_cat","embeddable":true,"href":"https:\/\/www.biokari.sk\/hu\/wp-json\/wp\/v2\/product_cat?post=8973"},{"taxonomy":"product_tag","embeddable":true,"href":"https:\/\/www.biokari.sk\/hu\/wp-json\/wp\/v2\/product_tag?post=8973"}],"curies":[{"name":"wp","href":"https:\/\/api.w.org\/{rel}","templated":true}]}}