{"id":8975,"date":"2025-07-01T14:36:58","date_gmt":"2025-07-01T12:36:58","guid":{"rendered":"https:\/\/www.biokari.sk\/produkt\/dia-wellness-diabeticke-cestoviny-kolienky-250g\/"},"modified":"2026-03-28T18:01:25","modified_gmt":"2026-03-28T17:01:25","slug":"dia-wellness-diabeticke-cestoviny-kolienky-250g","status":"publish","type":"product","link":"https:\/\/www.biokari.sk\/hu\/termek\/dia-wellness-diabeticke-cestoviny-kolienky-250g\/","title":{"rendered":"Dia-Wellness Diabetick\u00e9 cestoviny &#8211; Kolienky 250g"},"content":{"rendered":"<p data-start=\"46\" data-end=\"68\"><strong data-start=\"46\" data-end=\"58\">BALENIE: <\/strong>250 g<\/p>\n<p data-start=\"70\" data-end=\"335\"><strong data-start=\"70\" data-end=\"83\">ZLO\u017dENIE: <\/strong>TL p\u0161eni\u010dn\u00e1 m\u00faka, m\u00fa\u010dna koncentr\u00e1t (rezistentn\u00fd \u0161krob [kukurica], p\u0161eni\u010dn\u00fd prote\u00edn, rastlinn\u00e1 vl\u00e1knina, rastlinn\u00fd tuk [palma], stabiliz\u00e1tor: pekt\u00edn, guarov\u00e1 guma, maltodextr\u00edn, zlep\u0161uj\u00faca l\u00e1tka: kyselina askorbov\u00e1, enz\u00fdmy [amyl\u00e1za, lip\u00e1za]), vajce<\/p>\n<p data-start=\"337\" data-end=\"366\"><strong data-start=\"337\" data-end=\"350\">Allerg\u00e9nek:<\/strong> vajcia, lepok<\/p>\n<p data-start=\"368\" data-end=\"418\"><strong data-start=\"368\" data-end=\"416\">PRIEMERN\u00c9 V\u00dd\u017dIVOV\u00c9 HODNOTY na 100 g v\u00fdrobku:<\/strong><\/p>\n<ul data-start=\"419\" data-end=\"621\">\n<li data-start=\"419\" data-end=\"450\">\n<p data-start=\"421\" data-end=\"450\">Energia: 1363 kJ \/ 327 kcal<\/p>\n<\/li>\n<li data-start=\"451\" data-end=\"512\">\n<p data-start=\"453\" data-end=\"466\">Tuky: 4,3 g<\/p>\n<ul data-start=\"470\" data-end=\"512\">\n<li data-start=\"470\" data-end=\"512\">\n<p data-start=\"472\" data-end=\"512\">z toho nas\u00fdten\u00e9 mastn\u00e9 kyseliny: 1,0 g<\/p>\n<\/li>\n<\/ul>\n<\/li>\n<li data-start=\"513\" data-end=\"561\">\n<p data-start=\"515\" data-end=\"534\">Sacharidy: 42,0 g<\/p>\n<ul data-start=\"538\" data-end=\"561\">\n<li data-start=\"538\" data-end=\"561\">\n<p data-start=\"540\" data-end=\"561\">z toho cukry: 0,6 g<\/p>\n<\/li>\n<\/ul>\n<\/li>\n<li data-start=\"562\" data-end=\"582\">\n<p data-start=\"564\" data-end=\"582\">Vl\u00e1knina: 30,1 g<\/p>\n<\/li>\n<li data-start=\"583\" data-end=\"605\">\n<p data-start=\"585\" data-end=\"605\">Bielkoviny: 15,0 g<\/p>\n<\/li>\n<li data-start=\"606\" data-end=\"621\">\n<p data-start=\"608\" data-end=\"621\">So\u013e: 0,13 g<\/p>\n<\/li>\n<\/ul>\n<p data-start=\"623\" data-end=\"885\"><strong data-start=\"623\" data-end=\"645\">N\u00c1VOD NA POU\u017dITIE: <\/strong>Cestoviny vlo\u017e\u00edme do p\u00e4\u0165n\u00e1sobn\u00e9ho mno\u017estva vriacej osolenej vody a za ob\u010dasn\u00e9ho mie\u0161ania var\u00edme 6\u201310 min\u00fat do m\u00e4kka.<br data-start=\"764\" data-end=\"767\" \/>Alternat\u00edvne: od op\u00e4tovn\u00e9ho zovretia var\u00edme 2 min\u00faty, potom odstav\u00edme z oh\u0148a, prikryjeme a nech\u00e1me napu\u010da\u0165 do m\u00e4kka.<\/p>","protected":false},"excerpt":{"rendered":"<p>BALENIE: 250 g ZLO\u017dENIE: TL p\u0161eni\u010dn\u00e1 m\u00faka, m\u00fa\u010dna koncentr\u00e1t (rezistentn\u00fd \u0161krob [kukurica], p\u0161eni\u010dn\u00fd prote\u00edn, rastlinn\u00e1 vl\u00e1knina, rastlinn\u00fd tuk [palma], stabiliz\u00e1tor: pekt\u00edn, guarov\u00e1 guma, maltodextr\u00edn, zlep\u0161uj\u00faca l\u00e1tka: kyselina askorbov\u00e1, enz\u00fdmy [amyl\u00e1za, lip\u00e1za]), vajce Alerg\u00e9ny: vajcia, lepok PRIEMERN\u00c9 V\u00dd\u017dIVOV\u00c9 HODNOTY na 100 g v\u00fdrobku: Energia: 1363 kJ \/ 327 kcal Tuky: 4,3 g z toho nas\u00fdten\u00e9 mastn\u00e9 [&hellip;]<\/p>","protected":false},"featured_media":10101,"comment_status":"open","ping_status":"closed","template":"","meta":{"inline_featured_image":false},"product_brand":[],"product_cat":[71],"product_tag":[],"class_list":{"0":"post-8975","1":"product","2":"type-product","3":"status-publish","4":"has-post-thumbnail","6":"product_cat-potraviny","8":"first","9":"instock","10":"taxable","11":"shipping-taxable","12":"purchasable","13":"product-type-simple"},"aioseo_notices":[],"_links":{"self":[{"href":"https:\/\/www.biokari.sk\/hu\/wp-json\/wp\/v2\/product\/8975","targetHints":{"allow":["GET"]}}],"collection":[{"href":"https:\/\/www.biokari.sk\/hu\/wp-json\/wp\/v2\/product"}],"about":[{"href":"https:\/\/www.biokari.sk\/hu\/wp-json\/wp\/v2\/types\/product"}],"replies":[{"embeddable":true,"href":"https:\/\/www.biokari.sk\/hu\/wp-json\/wp\/v2\/comments?post=8975"}],"wp:featuredmedia":[{"embeddable":true,"href":"https:\/\/www.biokari.sk\/hu\/wp-json\/wp\/v2\/media\/10101"}],"wp:attachment":[{"href":"https:\/\/www.biokari.sk\/hu\/wp-json\/wp\/v2\/media?parent=8975"}],"wp:term":[{"taxonomy":"product_brand","embeddable":true,"href":"https:\/\/www.biokari.sk\/hu\/wp-json\/wp\/v2\/product_brand?post=8975"},{"taxonomy":"product_cat","embeddable":true,"href":"https:\/\/www.biokari.sk\/hu\/wp-json\/wp\/v2\/product_cat?post=8975"},{"taxonomy":"product_tag","embeddable":true,"href":"https:\/\/www.biokari.sk\/hu\/wp-json\/wp\/v2\/product_tag?post=8975"}],"curies":[{"name":"wp","href":"https:\/\/api.w.org\/{rel}","templated":true}]}}