{"id":8977,"date":"2025-07-01T14:36:58","date_gmt":"2025-07-01T12:36:58","guid":{"rendered":"https:\/\/www.biokari.sk\/produkt\/dia-wellness-jahodovy-lekvar-380g\/"},"modified":"2026-04-25T19:02:11","modified_gmt":"2026-04-25T17:02:11","slug":"dia-wellness-jahodovy-lekvar-380g","status":"publish","type":"product","link":"https:\/\/www.biokari.sk\/hu\/termek\/dia-wellness-jahodovy-lekvar-380g\/","title":{"rendered":"Dia-Wellness Jahodov\u00fd lekv\u00e1r 380g"},"content":{"rendered":"<p data-start=\"76\" data-end=\"257\">Vysok\u00fd obsah vl\u00e1kniny podporuje tr\u00e1venie prirodzen\u00fdm sp\u00f4sobom.<br data-start=\"191\" data-end=\"194\" \/>Obohaten\u00e9 o vitam\u00edn C \u2013 podporuje zdravie imunitn\u00e9ho syst\u00e9mu.<\/p>\n<p data-start=\"259\" data-end=\"409\">Vitam\u00edn C prispieva k zn\u00ed\u017eeniu \u00fanavy a vy\u010derpania. Dbajte na vyv\u00e1\u017een\u00fa a pestr\u00fa stravu.<br data-start=\"345\" data-end=\"348\" \/><strong data-start=\"348\" data-end=\"356\">NRV:<\/strong> Referen\u010dn\u00e9 hodnoty pr\u00edjmu vitam\u00ednov pre dospel\u00fdch.<\/p>\n<p data-start=\"411\" data-end=\"431\"><strong data-start=\"411\" data-end=\"423\">Csomagol\u00e1s:<\/strong> 380 g<\/p>\n<p data-start=\"433\" data-end=\"742\"><strong data-start=\"433\" data-end=\"446\">\u00d6sszet\u00e9tel: <\/strong>ovocie (jahoda 43 %, jablko), plnidlo: polydextr\u00f3za, pr\u00edrodn\u00fd sirup z ovocia, oligofrukt\u00f3za, zahus\u0165ovadlo: pekt\u00edn, kyselina: kyselina citr\u00f3nov\u00e1, ar\u00f3my, konzervant: sorban draseln\u00fd, farbiv\u00e1: E124, E104 (<em data-start=\"651\" data-end=\"706\">m\u00f4\u017eu nepriaznivo ovplyv\u0148ova\u0165 \u010dinnos\u0165 a pozornos\u0165 det\u00ed<\/em>), sladidlo: sukral\u00f3za, vitam\u00edn C.<\/p>\n<p data-start=\"744\" data-end=\"802\"><strong data-start=\"744\" data-end=\"800\">V\u00fd\u017eivov\u00e9 \u00fadaje \u2013 priemern\u00e9 hodnoty na 100 g v\u00fdrobku:<\/strong><\/p>\n<ul data-start=\"803\" data-end=\"1036\">\n<li data-start=\"803\" data-end=\"833\">\n<p data-start=\"805\" data-end=\"833\">Energia: 543 kJ \/ 131 kcal<\/p>\n<\/li>\n<li data-start=\"834\" data-end=\"895\">\n<p data-start=\"836\" data-end=\"849\">Tuky: 0,2 g<\/p>\n<ul data-start=\"853\" data-end=\"895\">\n<li data-start=\"853\" data-end=\"895\">\n<p data-start=\"855\" data-end=\"895\">z toho nas\u00fdten\u00e9 mastn\u00e9 kyseliny: 0,0 g<\/p>\n<\/li>\n<\/ul>\n<\/li>\n<li data-start=\"896\" data-end=\"945\">\n<p data-start=\"898\" data-end=\"917\">Sacharidy: 17,0 g<\/p>\n<ul data-start=\"921\" data-end=\"945\">\n<li data-start=\"921\" data-end=\"945\">\n<p data-start=\"923\" data-end=\"945\">z toho cukry: 15,7 g<\/p>\n<\/li>\n<\/ul>\n<\/li>\n<li data-start=\"946\" data-end=\"966\">\n<p data-start=\"948\" data-end=\"966\">Vl\u00e1knina: 30,0 g<\/p>\n<\/li>\n<li data-start=\"967\" data-end=\"988\">\n<p data-start=\"969\" data-end=\"988\">Bielkoviny: 0,4 g<\/p>\n<\/li>\n<li data-start=\"989\" data-end=\"1004\">\n<p data-start=\"991\" data-end=\"1004\">So\u013e: 0,03 g<\/p>\n<\/li>\n<li data-start=\"1005\" data-end=\"1036\">\n<p data-start=\"1007\" data-end=\"1036\">Vitam\u00edn C: 16 mg (20 % NRV)<\/p>\n<\/li>\n<\/ul>","protected":false},"excerpt":{"rendered":"<p>Vysok\u00fd obsah vl\u00e1kniny podporuje tr\u00e1venie prirodzen\u00fdm sp\u00f4sobom.Obohaten\u00e9 o vitam\u00edn C \u2013 podporuje zdravie imunitn\u00e9ho syst\u00e9mu. Vitam\u00edn C prispieva k zn\u00ed\u017eeniu \u00fanavy a vy\u010derpania. Dbajte na vyv\u00e1\u017een\u00fa a pestr\u00fa stravu.NRV: Referen\u010dn\u00e9 hodnoty pr\u00edjmu vitam\u00ednov pre dospel\u00fdch. Balenie: 380 g Zlo\u017eenie: ovocie (jahoda 43 %, jablko), plnidlo: polydextr\u00f3za, pr\u00edrodn\u00fd sirup z ovocia, oligofrukt\u00f3za, zahus\u0165ovadlo: pekt\u00edn, kyselina: kyselina [&hellip;]<\/p>","protected":false},"featured_media":10093,"comment_status":"open","ping_status":"closed","template":"","meta":{"inline_featured_image":false},"product_brand":[],"product_cat":[71],"product_tag":[],"class_list":{"0":"post-8977","1":"product","2":"type-product","3":"status-publish","4":"has-post-thumbnail","6":"product_cat-potraviny","8":"first","9":"instock","10":"taxable","11":"shipping-taxable","12":"purchasable","13":"product-type-simple"},"aioseo_notices":[],"_links":{"self":[{"href":"https:\/\/www.biokari.sk\/hu\/wp-json\/wp\/v2\/product\/8977","targetHints":{"allow":["GET"]}}],"collection":[{"href":"https:\/\/www.biokari.sk\/hu\/wp-json\/wp\/v2\/product"}],"about":[{"href":"https:\/\/www.biokari.sk\/hu\/wp-json\/wp\/v2\/types\/product"}],"replies":[{"embeddable":true,"href":"https:\/\/www.biokari.sk\/hu\/wp-json\/wp\/v2\/comments?post=8977"}],"wp:featuredmedia":[{"embeddable":true,"href":"https:\/\/www.biokari.sk\/hu\/wp-json\/wp\/v2\/media\/10093"}],"wp:attachment":[{"href":"https:\/\/www.biokari.sk\/hu\/wp-json\/wp\/v2\/media?parent=8977"}],"wp:term":[{"taxonomy":"product_brand","embeddable":true,"href":"https:\/\/www.biokari.sk\/hu\/wp-json\/wp\/v2\/product_brand?post=8977"},{"taxonomy":"product_cat","embeddable":true,"href":"https:\/\/www.biokari.sk\/hu\/wp-json\/wp\/v2\/product_cat?post=8977"},{"taxonomy":"product_tag","embeddable":true,"href":"https:\/\/www.biokari.sk\/hu\/wp-json\/wp\/v2\/product_tag?post=8977"}],"curies":[{"name":"wp","href":"https:\/\/api.w.org\/{rel}","templated":true}]}}