{"id":8979,"date":"2025-07-01T14:36:58","date_gmt":"2025-07-01T12:36:58","guid":{"rendered":"https:\/\/www.biokari.sk\/produkt\/dia-wellness-cucoriedkovy-lekvar-380g\/"},"modified":"2026-04-30T19:01:23","modified_gmt":"2026-04-30T17:01:23","slug":"dia-wellness-cucoriedkovy-lekvar-380g","status":"publish","type":"product","link":"https:\/\/www.biokari.sk\/hu\/termek\/dia-wellness-cucoriedkovy-lekvar-380g\/","title":{"rendered":"Dia-Wellness \u010cu\u010doriedkov\u00fd lekv\u00e1r 380g"},"content":{"rendered":"<p data-start=\"76\" data-end=\"198\"><strong data-start=\"76\" data-end=\"142\">D\u017eem s vysok\u00fdm obsahom ovocia a so zn\u00ed\u017een\u00fdm obsahom sacharidov<\/strong><br data-start=\"142\" data-end=\"145\" \/><strong data-start=\"145\" data-end=\"174\">Nie je vhodn\u00fd na pe\u010denie.<\/strong><br data-start=\"174\" data-end=\"177\" \/><strong data-start=\"177\" data-end=\"190\">S\u00faly:<\/strong> 380 g<\/p>\n<p data-start=\"200\" data-end=\"462\"><strong data-start=\"200\" data-end=\"213\">\u00d6sszet\u00e9tel: <\/strong>\u010du\u010doriedky (45 %), vl\u00e1knina (\u010dakanka, oligofrukt\u00f3za), pr\u00edrodn\u00fd cukor a sirup z ovocia, polydextr\u00f3za, jablko, zahus\u0165ovadlo: pekt\u00edny; kyseliny: kyselina citr\u00f3nov\u00e1, kyselina L-askorbov\u00e1; so\u013e, konzervant: sorban draseln\u00fd; ar\u00f3ma, sladidlo: sukral\u00f3za<\/p>\n<p data-start=\"464\" data-end=\"514\"><strong data-start=\"464\" data-end=\"512\">\u00c1tlagos t\u00e1p\u00e9rt\u00e9kek 100 g term\u00e9kre vet\u00edtve:<\/strong><\/p>\n<ul data-start=\"515\" data-end=\"715\">\n<li data-start=\"515\" data-end=\"545\">\n<p data-start=\"517\" data-end=\"545\">Energia: 615 kJ \/ 149 kcal<\/p>\n<\/li>\n<li data-start=\"546\" data-end=\"607\">\n<p data-start=\"548\" data-end=\"561\">Tuky: 0,0 g<\/p>\n<ul data-start=\"565\" data-end=\"607\">\n<li data-start=\"565\" data-end=\"607\">\n<p data-start=\"567\" data-end=\"607\">z toho nas\u00fdten\u00e9 mastn\u00e9 kyseliny: 0,0 g<\/p>\n<\/li>\n<\/ul>\n<\/li>\n<li data-start=\"608\" data-end=\"657\">\n<p data-start=\"610\" data-end=\"629\">Sacharidy: 18,0 g<\/p>\n<ul data-start=\"633\" data-end=\"657\">\n<li data-start=\"633\" data-end=\"657\">\n<p data-start=\"635\" data-end=\"657\">z toho cukry: 14,0 g<\/p>\n<\/li>\n<\/ul>\n<\/li>\n<li data-start=\"658\" data-end=\"678\">\n<p data-start=\"660\" data-end=\"678\">Vl\u00e1knina: 39,0 g<\/p>\n<\/li>\n<li data-start=\"679\" data-end=\"700\">\n<p data-start=\"681\" data-end=\"700\">Bielkoviny: 0,0 g<\/p>\n<\/li>\n<li data-start=\"701\" data-end=\"715\">\n<p data-start=\"703\" data-end=\"715\">So\u013e: 0,1 g<\/p>\n<\/li>\n<\/ul>\n<p data-start=\"717\" data-end=\"749\"><em data-start=\"717\" data-end=\"747\">\u00dadaje s\u00fa vypo\u010d\u00edtan\u00e9 hodnoty.<\/em><\/p>\n<p data-start=\"751\" data-end=\"835\"><strong data-start=\"751\" data-end=\"764\">Alkalmaz\u00e1s: <\/strong>Samostatne, alebo k z\u00e1kuskom a m\u00e4su. <strong data-start=\"804\" data-end=\"833\">Nie je vhodn\u00fd na pe\u010denie.<\/strong><\/p>\n<p data-start=\"837\" data-end=\"893\"><strong data-start=\"837\" data-end=\"891\">Vitam\u00edn C prispieva k zn\u00ed\u017eeniu \u00fanavy a vy\u010derpania.<\/strong><\/p>","protected":false},"excerpt":{"rendered":"<p>D\u017eem s vysok\u00fdm obsahom ovocia a so zn\u00ed\u017een\u00fdm obsahom sacharidovNie je vhodn\u00fd na pe\u010denie.Hmotnos\u0165: 380 g Zlo\u017eenie: \u010du\u010doriedky (45 %), vl\u00e1knina (\u010dakanka, oligofrukt\u00f3za), pr\u00edrodn\u00fd cukor a sirup z ovocia, polydextr\u00f3za, jablko, zahus\u0165ovadlo: pekt\u00edny; kyseliny: kyselina citr\u00f3nov\u00e1, kyselina L-askorbov\u00e1; so\u013e, konzervant: sorban draseln\u00fd; ar\u00f3ma, sladidlo: sukral\u00f3za Priemern\u00e9 v\u00fd\u017eivov\u00e9 hodnoty na 100 g v\u00fdrobku: Energia: 615 kJ [&hellip;]<\/p>","protected":false},"featured_media":10091,"comment_status":"open","ping_status":"closed","template":"","meta":{"inline_featured_image":false},"product_brand":[],"product_cat":[71,170],"product_tag":[],"class_list":{"0":"post-8979","1":"product","2":"type-product","3":"status-publish","4":"has-post-thumbnail","6":"product_cat-potraviny","7":"product_cat-dzemy","9":"first","10":"instock","11":"taxable","12":"shipping-taxable","13":"purchasable","14":"product-type-simple"},"aioseo_notices":[],"_links":{"self":[{"href":"https:\/\/www.biokari.sk\/hu\/wp-json\/wp\/v2\/product\/8979","targetHints":{"allow":["GET"]}}],"collection":[{"href":"https:\/\/www.biokari.sk\/hu\/wp-json\/wp\/v2\/product"}],"about":[{"href":"https:\/\/www.biokari.sk\/hu\/wp-json\/wp\/v2\/types\/product"}],"replies":[{"embeddable":true,"href":"https:\/\/www.biokari.sk\/hu\/wp-json\/wp\/v2\/comments?post=8979"}],"wp:featuredmedia":[{"embeddable":true,"href":"https:\/\/www.biokari.sk\/hu\/wp-json\/wp\/v2\/media\/10091"}],"wp:attachment":[{"href":"https:\/\/www.biokari.sk\/hu\/wp-json\/wp\/v2\/media?parent=8979"}],"wp:term":[{"taxonomy":"product_brand","embeddable":true,"href":"https:\/\/www.biokari.sk\/hu\/wp-json\/wp\/v2\/product_brand?post=8979"},{"taxonomy":"product_cat","embeddable":true,"href":"https:\/\/www.biokari.sk\/hu\/wp-json\/wp\/v2\/product_cat?post=8979"},{"taxonomy":"product_tag","embeddable":true,"href":"https:\/\/www.biokari.sk\/hu\/wp-json\/wp\/v2\/product_tag?post=8979"}],"curies":[{"name":"wp","href":"https:\/\/api.w.org\/{rel}","templated":true}]}}