{"id":8991,"date":"2025-07-01T14:37:00","date_gmt":"2025-07-01T12:37:00","guid":{"rendered":"https:\/\/www.biokari.sk\/produkt\/bioco-gingko-biloba-tabletky-90ks\/"},"modified":"2026-04-27T19:02:07","modified_gmt":"2026-04-27T17:02:07","slug":"bioco-gingko-biloba-tabletky-90ks","status":"publish","type":"product","link":"https:\/\/www.biokari.sk\/hu\/termek\/bioco-gingko-biloba-tabletky-90ks\/","title":{"rendered":"Bioco Gingko biloba tabletky 90ks"},"content":{"rendered":"<p data-start=\"165\" data-end=\"248\"><strong data-start=\"165\" data-end=\"180\">Adagol\u00e1s: <\/strong>Dospel\u00ed: 1 tableta denne, zapi\u0165 dostato\u010dn\u00fdm mno\u017estvom tekutiny.<\/p>\n<p data-start=\"250\" data-end=\"281\"><strong data-start=\"250\" data-end=\"279\">\u00da\u010dinn\u00e9 l\u00e1tky v 1 tablete:<\/strong><\/p>\n<ul data-start=\"282\" data-end=\"400\">\n<li data-start=\"282\" data-end=\"400\">\n<p data-start=\"284\" data-end=\"317\">Extrakt z Ginkgo biloba: 120 mg<\/p>\n<ul data-start=\"321\" data-end=\"400\">\n<li data-start=\"321\" data-end=\"360\">\n<p data-start=\"323\" data-end=\"360\">z toho flav\u00f3nov\u00e9 glykozidy: 28,8 mg<\/p>\n<\/li>\n<li data-start=\"364\" data-end=\"400\">\n<p data-start=\"366\" data-end=\"400\">z toho terp\u00e9nov\u00e9 laktony: 7,2 mg<\/p>\n<\/li>\n<\/ul>\n<\/li>\n<\/ul>\n<p data-start=\"402\" data-end=\"608\"><strong data-start=\"402\" data-end=\"415\">\u00d6sszet\u00e9tel: <\/strong>plnidlo (mikrokry\u0161talick\u00e1 celul\u00f3za), extrakt z Ginkgo biloba (120 mg\/tableta), povlakov\u00e1 l\u00e1tka (mastn\u00e9 kyseliny), protihrudkuj\u00face l\u00e1tky (oxid kremi\u010dit\u00fd, soli mastn\u00fdch kysel\u00edn hore\u010dnat\u00fdch).<\/p>\n<p data-start=\"610\" data-end=\"685\"><strong data-start=\"610\" data-end=\"623\">S\u00faly:<\/strong> 27 g \/ 90 tabliet<\/p>\n<p data-start=\"687\" data-end=\"818\"><strong data-start=\"687\" data-end=\"703\">T\u00e1rol\u00e1s:<\/strong> Uchov\u00e1vajte mimo dosahu det\u00ed, na suchom mieste, chr\u00e1nen\u00e9 pred slne\u010dn\u00fdm \u017eiaren\u00edm, pri izbovej teplote (15\u201325 \u00b0C).<\/p>\n<p data-start=\"820\" data-end=\"894\"><strong data-start=\"820\" data-end=\"849\">Minim\u00e1lis eltarthat\u00f3s\u00e1gi id\u0151:<\/strong> vi\u010f d\u00e1tum uveden\u00fd na spodnej strane obalu.<\/p>\n<p data-start=\"896\" data-end=\"1474\"><strong data-start=\"896\" data-end=\"912\">Figyelmeztet\u00e9s: <\/strong>U\u017e\u00edvanie pr\u00edpravku sa neodpor\u00fa\u010da tehotn\u00fdm a doj\u010diacim \u017een\u00e1m ani de\u0165om. Osoby u\u017e\u00edvaj\u00face lieky na riedenie krvi alebo \u010dakaj\u00face na chirurgick\u00fd z\u00e1krok by sa mali pred u\u017e\u00edvan\u00edm poradi\u0165 s lek\u00e1rom, preto\u017ee Ginkgo biloba m\u00f4\u017ee pred\u013a\u017ei\u0165 \u010das zr\u00e1\u017eania krvi. M\u00f4\u017ee ovplyvni\u0165 hladinu krvn\u00e9ho cukru, preto diabetici m\u00f4\u017eu pr\u00edpravok u\u017e\u00edva\u0165 iba so s\u00fahlasom lek\u00e1ra. V\u00fd\u017eivov\u00fd doplnok nie je n\u00e1hradou vyv\u00e1\u017eenej, pestrej stravy a zdrav\u00e9ho \u017eivotn\u00e9ho \u0161t\u00fdlu. Odpor\u00fa\u010dan\u00e1 denn\u00e1 d\u00e1vka sa nesmie prekro\u010di\u0165! Neu\u017e\u00edvajte pr\u00edpravok, ak ste alergick\u00ed alebo precitliven\u00ed na ktor\u00fako\u013evek zlo\u017eku.<\/p>\n<p data-start=\"1476\" data-end=\"1561\"><strong data-start=\"1476\" data-end=\"1559\">\u201eBioCo\u201c je registrovan\u00fd n\u00e1zov spolo\u010dnosti a neozna\u010duje ekologick\u00fa certifik\u00e1ciu.<\/strong><\/p>\n<p data-start=\"1563\" data-end=\"1729\"><strong data-start=\"1563\" data-end=\"1575\">V\u00fdrobca:<\/strong> BioCo Magyarorsz\u00e1g Kft.<\/p>","protected":false},"excerpt":{"rendered":"<p>D\u00e1vkovanie: Dospel\u00ed: 1 tableta denne, zapi\u0165 dostato\u010dn\u00fdm mno\u017estvom tekutiny. \u00da\u010dinn\u00e9 l\u00e1tky v 1 tablete: Extrakt z Ginkgo biloba: 120 mg z toho flav\u00f3nov\u00e9 glykozidy: 28,8 mg z toho terp\u00e9nov\u00e9 laktony: 7,2 mg Zlo\u017eenie: plnidlo (mikrokry\u0161talick\u00e1 celul\u00f3za), extrakt z Ginkgo biloba (120 mg\/tableta), povlakov\u00e1 l\u00e1tka (mastn\u00e9 kyseliny), protihrudkuj\u00face l\u00e1tky (oxid kremi\u010dit\u00fd, soli mastn\u00fdch kysel\u00edn hore\u010dnat\u00fdch). Hmotnos\u0165: [&hellip;]<\/p>","protected":false},"featured_media":10081,"comment_status":"open","ping_status":"closed","template":"","meta":{"inline_featured_image":false},"product_brand":[],"product_cat":[69],"product_tag":[],"class_list":{"0":"post-8991","1":"product","2":"type-product","3":"status-publish","4":"has-post-thumbnail","6":"product_cat-vyzivove-doplnky","8":"first","9":"instock","10":"taxable","11":"shipping-taxable","12":"purchasable","13":"product-type-simple"},"aioseo_notices":[],"_links":{"self":[{"href":"https:\/\/www.biokari.sk\/hu\/wp-json\/wp\/v2\/product\/8991","targetHints":{"allow":["GET"]}}],"collection":[{"href":"https:\/\/www.biokari.sk\/hu\/wp-json\/wp\/v2\/product"}],"about":[{"href":"https:\/\/www.biokari.sk\/hu\/wp-json\/wp\/v2\/types\/product"}],"replies":[{"embeddable":true,"href":"https:\/\/www.biokari.sk\/hu\/wp-json\/wp\/v2\/comments?post=8991"}],"wp:featuredmedia":[{"embeddable":true,"href":"https:\/\/www.biokari.sk\/hu\/wp-json\/wp\/v2\/media\/10081"}],"wp:attachment":[{"href":"https:\/\/www.biokari.sk\/hu\/wp-json\/wp\/v2\/media?parent=8991"}],"wp:term":[{"taxonomy":"product_brand","embeddable":true,"href":"https:\/\/www.biokari.sk\/hu\/wp-json\/wp\/v2\/product_brand?post=8991"},{"taxonomy":"product_cat","embeddable":true,"href":"https:\/\/www.biokari.sk\/hu\/wp-json\/wp\/v2\/product_cat?post=8991"},{"taxonomy":"product_tag","embeddable":true,"href":"https:\/\/www.biokari.sk\/hu\/wp-json\/wp\/v2\/product_tag?post=8991"}],"curies":[{"name":"wp","href":"https:\/\/api.w.org\/{rel}","templated":true}]}}