{"id":8993,"date":"2025-07-01T14:37:01","date_gmt":"2025-07-01T12:37:01","guid":{"rendered":"https:\/\/www.biokari.sk\/produkt\/gyorgytea-caj-pre-diabetikov-filtrovy-40ks\/"},"modified":"2026-04-28T19:01:55","modified_gmt":"2026-04-28T17:01:55","slug":"gyorgytea-caj-pre-diabetikov-filtrovy-40ks","status":"publish","type":"product","link":"https:\/\/www.biokari.sk\/hu\/termek\/gyorgytea-caj-pre-diabetikov-filtrovy-40ks\/","title":{"rendered":"Gy\u00f6rgytea \u010caj pre diabetikov filtrov\u00fd 40ks"},"content":{"rendered":"<p data-start=\"121\" data-end=\"452\">Diabess \u2013 Gy\u00f6rgytea zmier\u0148uje alebo odstra\u0148uje mnoh\u00e9 nepr\u00edjemn\u00e9 sprievodn\u00e9 pr\u00edznaky cukrovky (mrav\u010denie a necitlivos\u0165 kon\u010dat\u00edn, kol\u00edsanie telesnej hmotnosti, neuropatia a pod.) a z\u00e1rove\u0148 spoma\u013euje vznik z\u00e1va\u017en\u00fdch komplik\u00e1ci\u00ed, ako s\u00fa vysok\u00fd krvn\u00fd tlak, art\u00e9rioskler\u00f3za, zlyhanie obli\u010diek \u010di probl\u00e9my s krvn\u00fdm obehom.<\/p>\n<p data-start=\"454\" data-end=\"573\"><strong data-start=\"454\" data-end=\"468\">Indik\u00e1cie: <\/strong>Pri n\u00e1chylnosti na cukrovku, na udr\u017eanie a podporu rovnov\u00e1\u017eneho stavu v kombin\u00e1cii s \u00fapravou stravy.<\/p>\n<p data-start=\"575\" data-end=\"804\">Diabess \u2013 Gy\u00f6rgytea je zmes lie\u010div\u00fdch rastl\u00edn, ktorej priazniv\u00fd \u00fa\u010dinok pri cukrovke je zn\u00e1my u\u017e dlhodobo. Recept poch\u00e1dza z dedi\u010dstva lie\u010dite\u013eskej rodiny a v s\u00fa\u010dasnosti je jeho priazniv\u00fd \u00fa\u010dinok potvrden\u00fd po\u010detn\u00fdmi sk\u00fasenos\u0165ami.<\/p>\n<p data-start=\"806\" data-end=\"1226\"><strong data-start=\"806\" data-end=\"826\">Ellenjavallatok: <\/strong>Neodpor\u00fa\u010da sa pacientom so \u017el\u010dov\u00fdmi kame\u0148mi, po\u010das tehotenstva a doj\u010denia a de\u0165om do 12 rokov. Tie\u017e sa neodpor\u00fa\u010da jeho u\u017e\u00edvanie spolu so siln\u00fdmi liekmi na riedenie krvi (napr. Syncumar, Marfarin). Nie s\u00fa zn\u00e1me \u017eiadne ved\u013eaj\u0161ie \u00fa\u010dinky. Lieky na tlak a srdce sa odpor\u00fa\u010da u\u017ei\u0165 2 hodiny pred alebo po vypit\u00ed \u010daju. Deti do 12 rokov a tehotn\u00e9\/doj\u010diace \u017eeny by \u010daj nemali pi\u0165 bez konzult\u00e1cie s lek\u00e1rom.<\/p>\n<p data-start=\"1228\" data-end=\"1563\"><strong data-start=\"1228\" data-end=\"1241\">Haszn\u00e1lat: <\/strong>Odpor\u00fa\u010da sa ako doplnkov\u00e1 lie\u010dba popri predp\u00edsanej terapii. V pr\u00edpade, \u017ee sa hladina krvn\u00e9ho cukru v\u00fdrazne zn\u00ed\u017ei, je potrebn\u00e9 kontaktova\u0165 o\u0161etruj\u00faceho lek\u00e1ra. \u010caj spoma\u013euje vstreb\u00e1vanie sacharidov, preto je d\u00f4le\u017eit\u00e9 pi\u0165 ho <strong data-start=\"1467\" data-end=\"1501\">bezprostredne po hlavnom jedle<\/strong>, ke\u010f sa do organizmu dost\u00e1va najv\u00e4\u010d\u0161ie mno\u017estvo sacharidov.<\/p>\n<p data-start=\"1565\" data-end=\"1629\">Odpor\u00fa\u010dan\u00e9 d\u00e1vkovanie v z\u00e1vislosti od hladiny gluk\u00f3zy nala\u010dno:<\/p>\n<ul data-start=\"1630\" data-end=\"1812\">\n<li data-start=\"1630\" data-end=\"1693\">\n<p data-start=\"1632\" data-end=\"1693\">do 8 mmol\/l: ka\u017ed\u00fd druh\u00fd de\u0148 po obede alebo ve\u010deri 1 d\u00e1vka,<\/p>\n<\/li>\n<li data-start=\"1694\" data-end=\"1752\">\n<p data-start=\"1696\" data-end=\"1752\">do 12 mmol\/l: ka\u017ed\u00fd de\u0148 po obede alebo ve\u010deri 1 d\u00e1vka,<\/p>\n<\/li>\n<li data-start=\"1753\" data-end=\"1812\">\n<p data-start=\"1755\" data-end=\"1812\">nad 12 mmol\/l: ka\u017ed\u00fd de\u0148 po obede aj po ve\u010deri 1 d\u00e1vka.<\/p>\n<\/li>\n<\/ul>\n<p data-start=\"1814\" data-end=\"1829\"><strong data-start=\"1814\" data-end=\"1827\">\u00d6sszet\u00e9tel: <\/strong>kore\u0148 p\u00fapavy (Taraxacum officinale radix),\u00a0\u00a0list \u017eih\u013eavy (Urtica dioica L., Urtica urens L.; folium), v\u0148a\u0165 \u013eubovn\u00edka bodkovan\u00e9ho (Hypericum perforatum L.; herba), list \u010du\u010doriedky oby\u010dajnej (Vaccinium myrtillus L.; folium), kore\u0148 \u010dakanky oby\u010dajnej (Cichorium intybus L.; radix)<\/p>\n<p data-start=\"1814\" data-end=\"1829\"><strong>Minim\u00e1lis eltarthat\u00f3s\u00e1gi id\u0151:<\/strong> pozri d\u00e1tum uveden\u00fd na obale.<br data-start=\"2200\" data-end=\"2203\" \/><strong>T\u00e1rol\u00e1s:<\/strong> Po otvoren\u00ed uchov\u00e1va\u0165 mimo dosahu det\u00ed, na suchom a chladnom mieste, dobre uzavret\u00e9.<\/p>\n\n\n<p><strong>Csomagol\u00e1s:<\/strong> 40ks  <\/p>","protected":false},"excerpt":{"rendered":"<p>Diabess \u2013 Gy\u00f6rgytea zmier\u0148uje alebo odstra\u0148uje mnoh\u00e9 nepr\u00edjemn\u00e9 sprievodn\u00e9 pr\u00edznaky cukrovky (mrav\u010denie a necitlivos\u0165 kon\u010dat\u00edn, kol\u00edsanie telesnej hmotnosti, neuropatia a pod.) a z\u00e1rove\u0148 spoma\u013euje vznik z\u00e1va\u017en\u00fdch komplik\u00e1ci\u00ed, ako s\u00fa vysok\u00fd krvn\u00fd tlak, art\u00e9rioskler\u00f3za, zlyhanie obli\u010diek \u010di probl\u00e9my s krvn\u00fdm obehom. Indik\u00e1cie: Pri n\u00e1chylnosti na cukrovku, na udr\u017eanie a podporu rovnov\u00e1\u017eneho stavu v kombin\u00e1cii s \u00fapravou [&hellip;]<\/p>","protected":false},"featured_media":10075,"comment_status":"open","ping_status":"closed","template":"","meta":{"inline_featured_image":false},"product_brand":[],"product_cat":[148],"product_tag":[],"class_list":{"0":"post-8993","1":"product","2":"type-product","3":"status-publish","4":"has-post-thumbnail","6":"product_cat-liecive-rastliny","8":"first","9":"instock","10":"taxable","11":"shipping-taxable","12":"purchasable","13":"product-type-simple"},"aioseo_notices":[],"_links":{"self":[{"href":"https:\/\/www.biokari.sk\/hu\/wp-json\/wp\/v2\/product\/8993","targetHints":{"allow":["GET"]}}],"collection":[{"href":"https:\/\/www.biokari.sk\/hu\/wp-json\/wp\/v2\/product"}],"about":[{"href":"https:\/\/www.biokari.sk\/hu\/wp-json\/wp\/v2\/types\/product"}],"replies":[{"embeddable":true,"href":"https:\/\/www.biokari.sk\/hu\/wp-json\/wp\/v2\/comments?post=8993"}],"wp:featuredmedia":[{"embeddable":true,"href":"https:\/\/www.biokari.sk\/hu\/wp-json\/wp\/v2\/media\/10075"}],"wp:attachment":[{"href":"https:\/\/www.biokari.sk\/hu\/wp-json\/wp\/v2\/media?parent=8993"}],"wp:term":[{"taxonomy":"product_brand","embeddable":true,"href":"https:\/\/www.biokari.sk\/hu\/wp-json\/wp\/v2\/product_brand?post=8993"},{"taxonomy":"product_cat","embeddable":true,"href":"https:\/\/www.biokari.sk\/hu\/wp-json\/wp\/v2\/product_cat?post=8993"},{"taxonomy":"product_tag","embeddable":true,"href":"https:\/\/www.biokari.sk\/hu\/wp-json\/wp\/v2\/product_tag?post=8993"}],"curies":[{"name":"wp","href":"https:\/\/api.w.org\/{rel}","templated":true}]}}