{"id":8999,"date":"2025-07-01T14:37:02","date_gmt":"2025-07-01T12:37:02","guid":{"rendered":"https:\/\/www.biokari.sk\/produkt\/gyorgytea-cajova-zmes-praslicka-rolna-100g\/"},"modified":"2026-05-03T19:01:36","modified_gmt":"2026-05-03T17:01:36","slug":"gyorgytea-cajova-zmes-praslicka-rolna-100g","status":"publish","type":"product","link":"https:\/\/www.biokari.sk\/hu\/termek\/gyorgytea-cajova-zmes-praslicka-rolna-100g\/","title":{"rendered":"Gy\u00f6rgytea \u010cajov\u00e1 zmes &#8211; Prasli\u010dka ro\u013en\u00e1 100g"},"content":{"rendered":"<p data-start=\"89\" data-end=\"647\">Odvar z prasli\u010dky ro\u013enej m\u00e1 mo\u010dopudn\u00e9 a obli\u010dky \u010distiace \u00fa\u010dinky. Pom\u00e1ha rozp\u00fa\u0161\u0165a\u0165 obli\u010dkov\u00fd piesok a men\u0161ie kamene pri dennej konzum\u00e1cii 2\u20133 \u0161\u00e1lok \u010daju. Je v\u0161eobecn\u00fdm regul\u00e1torom l\u00e1tkovej premeny, zvy\u0161uje odolnos\u0165 spojivov\u00e9ho tkaniva. P\u00f4sob\u00ed priaznivo pri bakteri\u00e1lnych infekci\u00e1ch a z\u00e1paloch obli\u010dkovej panvi\u010dky. M\u00e1 krv\u00e1canie zastavuj\u00face a mo\u010dov\u00e9 z\u00e1paly zmier\u0148uj\u00face \u00fa\u010dinky. Pri obli\u010dkov\u00fdch cyst\u00e1ch sa odpor\u00fa\u010da popri pit\u00ed \u010daju priklada\u0165 bylinu aj zvonka vo forme obkladu na oblas\u0165 obli\u010diek. \u00da\u010dinn\u00fd je aj proti v\u00e1penat\u00fdm usadenin\u00e1m v organizme.<\/p>\n<p data-start=\"649\" data-end=\"940\">Pri k\u013abov\u00fdch probl\u00e9moch a zv\u00fd\u0161enej hladine kyseliny mo\u010dovej je vhodn\u00fd ako doplnkov\u00e1 lie\u010dba. \u010caj sa pripravuje kr\u00e1tkym (2\u20133 min\u00fatov\u00fdm) varen\u00edm. Pre obsah kyseliny kremi\u010ditej sa odpor\u00fa\u010da pi\u0165 najviac 6 t\u00fd\u017ed\u0148ov nepretr\u017eite. Pri srdcovom zlyhan\u00ed sa neodpor\u00fa\u010da! Zbiera sa steriln\u00fd letn\u00fd v\u00fdhonok.<\/p>\n<p data-start=\"942\" data-end=\"1241\"><strong data-start=\"942\" data-end=\"955\">Alkalmaz\u00e1s: <\/strong>1 zarovnan\u00fa polievkov\u00fa ly\u017eicu (3 g) byliny zalia\u0165 2,5 dl vriacej vody, necha\u0165 l\u00fahova\u0165 10 min\u00fat, potom scedi\u0165. <em data-start=\"1068\" data-end=\"1096\">Nepou\u017e\u00edvajte kovov\u00e9 sitko.<\/em> \u010caj sa pije r\u00e1no nala\u010dno, najlep\u0161ie bez pr\u00edchute. Odpor\u00fa\u010dan\u00e1 denn\u00e1 d\u00e1vka je 1\u20132 \u0161\u00e1lky po\u010das 6 t\u00fd\u017ed\u0148ov, potom je potrebn\u00e1 4-t\u00fd\u017ed\u0148ov\u00e1 prest\u00e1vka.<\/p>\n<p data-start=\"1243\" data-end=\"1438\"><strong data-start=\"1243\" data-end=\"1263\">Ellenjavallatok: <\/strong>Po\u010das tehotenstva, doj\u010denia a do 18 rokov sa neodpor\u00fa\u010da. Nevhodn\u00fd pre osoby so srdcov\u00fdm zlyhan\u00edm, ani pri opuchoch sp\u00f4soben\u00fdch srdcovou alebo obli\u010dkovou nedostato\u010dnos\u0165ou.<\/p>\n<p data-start=\"1440\" data-end=\"1455\"><strong data-start=\"1440\" data-end=\"1453\">\u00d6sszet\u00e9tel: <\/strong>v\u0148a\u0165 zlatobyle, v\u0148a\u0165 lipkavca prav\u00e9ho, v\u0148a\u0165 prasli\u010dky ro\u013enej (15 %), v\u0148a\u0165 vrbovky malokvetej<\/p>\n<p data-start=\"1440\" data-end=\"1455\"><strong>Skladovanie<\/strong>: Po otvoren\u00ed uchov\u00e1va\u0165 mimo dosahu det\u00ed, na suchom a chladnom mieste, dobre uzavret\u00e9.<\/p>\n<p data-start=\"1440\" data-end=\"1455\"><strong>S\u00faly:<\/strong> 100g<\/p>","protected":false},"excerpt":{"rendered":"<p>Odvar z prasli\u010dky ro\u013enej m\u00e1 mo\u010dopudn\u00e9 a obli\u010dky \u010distiace \u00fa\u010dinky. Pom\u00e1ha rozp\u00fa\u0161\u0165a\u0165 obli\u010dkov\u00fd piesok a men\u0161ie kamene pri dennej konzum\u00e1cii 2\u20133 \u0161\u00e1lok \u010daju. Je v\u0161eobecn\u00fdm regul\u00e1torom l\u00e1tkovej premeny, zvy\u0161uje odolnos\u0165 spojivov\u00e9ho tkaniva. P\u00f4sob\u00ed priaznivo pri bakteri\u00e1lnych infekci\u00e1ch a z\u00e1paloch obli\u010dkovej panvi\u010dky. M\u00e1 krv\u00e1canie zastavuj\u00face a mo\u010dov\u00e9 z\u00e1paly zmier\u0148uj\u00face \u00fa\u010dinky. Pri obli\u010dkov\u00fdch cyst\u00e1ch sa odpor\u00fa\u010da popri [&hellip;]<\/p>","protected":false},"featured_media":10071,"comment_status":"open","ping_status":"closed","template":"","meta":{"inline_featured_image":false},"product_brand":[],"product_cat":[148],"product_tag":[],"class_list":{"0":"post-8999","1":"product","2":"type-product","3":"status-publish","4":"has-post-thumbnail","6":"product_cat-liecive-rastliny","8":"first","9":"instock","10":"taxable","11":"shipping-taxable","12":"purchasable","13":"product-type-simple"},"aioseo_notices":[],"_links":{"self":[{"href":"https:\/\/www.biokari.sk\/hu\/wp-json\/wp\/v2\/product\/8999","targetHints":{"allow":["GET"]}}],"collection":[{"href":"https:\/\/www.biokari.sk\/hu\/wp-json\/wp\/v2\/product"}],"about":[{"href":"https:\/\/www.biokari.sk\/hu\/wp-json\/wp\/v2\/types\/product"}],"replies":[{"embeddable":true,"href":"https:\/\/www.biokari.sk\/hu\/wp-json\/wp\/v2\/comments?post=8999"}],"wp:featuredmedia":[{"embeddable":true,"href":"https:\/\/www.biokari.sk\/hu\/wp-json\/wp\/v2\/media\/10071"}],"wp:attachment":[{"href":"https:\/\/www.biokari.sk\/hu\/wp-json\/wp\/v2\/media?parent=8999"}],"wp:term":[{"taxonomy":"product_brand","embeddable":true,"href":"https:\/\/www.biokari.sk\/hu\/wp-json\/wp\/v2\/product_brand?post=8999"},{"taxonomy":"product_cat","embeddable":true,"href":"https:\/\/www.biokari.sk\/hu\/wp-json\/wp\/v2\/product_cat?post=8999"},{"taxonomy":"product_tag","embeddable":true,"href":"https:\/\/www.biokari.sk\/hu\/wp-json\/wp\/v2\/product_tag?post=8999"}],"curies":[{"name":"wp","href":"https:\/\/api.w.org\/{rel}","templated":true}]}}