{"id":9005,"date":"2025-07-01T14:37:03","date_gmt":"2025-07-01T12:37:03","guid":{"rendered":"https:\/\/www.biokari.sk\/produkt\/greenmark-bio-cervena-ryza-500g\/"},"modified":"2026-04-12T19:01:50","modified_gmt":"2026-04-12T17:01:50","slug":"greenmark-bio-cervena-ryza-500g","status":"publish","type":"product","link":"https:\/\/www.biokari.sk\/hu\/termek\/greenmark-bio-cervena-ryza-500g\/","title":{"rendered":"Greenmark Bio \u010cerven\u00e1 ry\u017ea 500g"},"content":{"rendered":"<ul class=\"wp-block-list\">\n<li><strong>Zni\u017euje hladinu cholesterolu v krvi<\/strong>, zlep\u0161uje krvn\u00fd obeh a podporuje tr\u00e1venie.<\/li>\n\n\n\n<li>\u010cerven\u00e1 ry\u017ea sa konzumuje u\u017e viac ako <strong>800 rokov<\/strong> na podporu zdravia a pri r\u00f4znych ochoreniach.<\/li>\n\n\n\n<li>Pod\u013ea testov m\u00f4\u017ee jej pravideln\u00e1 konzum\u00e1cia po\u010das pol roka zn\u00ed\u017ei\u0165 hladinu cholesterolu a\u017e o <strong>20 %<\/strong>.<\/li>\n<\/ul>\n\n\n\n<p>Jednou z \u00fa\u010dinn\u00fdch l\u00e1tok \u010dervenej ry\u017ee je <strong>monakol\u00edn K<\/strong>, ktor\u00fd je v podstate pr\u00edrodnou, rastlinnou formou jedn\u00e9ho z naj\u010dastej\u0161ie pou\u017e\u00edvan\u00fdch stat\u00ednov\u00fdch liekov na zn\u00ed\u017eenie cholesterolu<\/p>\n\n\n\n<h4 class=\"wp-block-heading\"><strong>Pou\u017eitie<\/strong>: V\u00fdborne chut\u00ed v kombin\u00e1cii s jazm\u00ednovou alebo hnedou ry\u017eou, vhodn\u00e1 do \u0161al\u00e1tov alebo ako pr\u00edloha k m\u00e4su.<\/h4>\n\n\n\n<p><strong>Doba varenia:<\/strong> 35\u201340 min\u00fat<\/p>\n\n\n\n<h4 class=\"wp-block-heading\"><strong>Krajina p\u00f4vodu<\/strong>: Taliansko<\/h4>\n\n\n\n<h4 class=\"wp-block-heading\"><strong>V\u00fd\u017eivov\u00e9 hodnoty na 100 g<\/strong><\/h4>\n\n\n\n<ul class=\"wp-block-list\">\n<li>Energia: 1463 kJ \/ 349 kcal<\/li>\n\n\n\n<li>Bielkoviny: 7,2 g<\/li>\n\n\n\n<li>Sacharidy: 74,1 g<br>\u00a0\u00a0z toho cukry: 1,7 g<\/li>\n\n\n\n<li>Tuky: 2,2 g<br>\u00a0\u00a0z toho nas\u00fdten\u00e9 mastn\u00e9 kyseliny: 0,3 g<\/li>\n\n\n\n<li>Vl\u00e1knina: 3 g<\/li>\n\n\n\n<li>Sod\u00edk: 0,4 mg<\/li>\n<\/ul>\n\n\n\n<p><strong>S\u00faly: <\/strong>500g<\/p>","protected":false},"excerpt":{"rendered":"<p>&#8230; <a class=\"more-link\" href=\"#tab-description\">B\u0151vebben<\/a><\/p>","protected":false},"featured_media":10065,"comment_status":"open","ping_status":"closed","template":"","meta":{"inline_featured_image":false},"product_brand":[],"product_cat":[71],"product_tag":[],"class_list":{"0":"post-9005","1":"product","2":"type-product","3":"status-publish","4":"has-post-thumbnail","6":"product_cat-potraviny","8":"first","9":"instock","10":"taxable","11":"shipping-taxable","12":"purchasable","13":"product-type-simple"},"aioseo_notices":[],"_links":{"self":[{"href":"https:\/\/www.biokari.sk\/hu\/wp-json\/wp\/v2\/product\/9005","targetHints":{"allow":["GET"]}}],"collection":[{"href":"https:\/\/www.biokari.sk\/hu\/wp-json\/wp\/v2\/product"}],"about":[{"href":"https:\/\/www.biokari.sk\/hu\/wp-json\/wp\/v2\/types\/product"}],"replies":[{"embeddable":true,"href":"https:\/\/www.biokari.sk\/hu\/wp-json\/wp\/v2\/comments?post=9005"}],"wp:featuredmedia":[{"embeddable":true,"href":"https:\/\/www.biokari.sk\/hu\/wp-json\/wp\/v2\/media\/10065"}],"wp:attachment":[{"href":"https:\/\/www.biokari.sk\/hu\/wp-json\/wp\/v2\/media?parent=9005"}],"wp:term":[{"taxonomy":"product_brand","embeddable":true,"href":"https:\/\/www.biokari.sk\/hu\/wp-json\/wp\/v2\/product_brand?post=9005"},{"taxonomy":"product_cat","embeddable":true,"href":"https:\/\/www.biokari.sk\/hu\/wp-json\/wp\/v2\/product_cat?post=9005"},{"taxonomy":"product_tag","embeddable":true,"href":"https:\/\/www.biokari.sk\/hu\/wp-json\/wp\/v2\/product_tag?post=9005"}],"curies":[{"name":"wp","href":"https:\/\/api.w.org\/{rel}","templated":true}]}}