{"id":9012,"date":"2025-07-01T14:37:04","date_gmt":"2025-07-01T12:37:04","guid":{"rendered":"https:\/\/www.biokari.sk\/produkt\/natur-tanya-lipo-napoj-500ml\/"},"modified":"2026-05-02T19:01:06","modified_gmt":"2026-05-02T17:01:06","slug":"natur-tanya-lipo-napoj-500ml","status":"publish","type":"product","link":"https:\/\/www.biokari.sk\/hu\/termek\/natur-tanya-lipo-napoj-500ml\/","title":{"rendered":"Natur Tanya Lipo+ n\u00e1poj 500ml"},"content":{"rendered":"<h4 data-start=\"254\" data-end=\"293\"><strong data-start=\"257\" data-end=\"293\">5 d\u00f4vodov pre Natur Tanya Lipo+:<\/strong><\/h4>\n<ul data-start=\"294\" data-end=\"542\">\n<li data-start=\"294\" data-end=\"348\">\n<h4 data-start=\"296\" data-end=\"348\">obsahuje vysok\u00e9 mno\u017estvo <strong data-start=\"321\" data-end=\"346\">prebiotickej vl\u00e1kniny<\/strong><\/h4>\n<\/li>\n<li data-start=\"349\" data-end=\"399\">\n<h4 data-start=\"351\" data-end=\"399\">12 druhov lie\u010div\u00fdch rastl\u00edn podporuje tr\u00e1venie<\/h4>\n<\/li>\n<li data-start=\"400\" data-end=\"449\">\n<h4 data-start=\"402\" data-end=\"449\">zvy\u0161uje vlastn\u00fa detoxika\u010dn\u00fa \u010dinnos\u0165 organizmu<\/h4>\n<\/li>\n<li data-start=\"450\" data-end=\"500\">\n<h4 data-start=\"452\" data-end=\"500\">prispieva k <strong data-start=\"464\" data-end=\"498\">zn\u00ed\u017eeniu objemu brucha a bokov<\/strong><\/h4>\n<\/li>\n<li data-start=\"501\" data-end=\"542\">\n<h4 data-start=\"503\" data-end=\"542\">pom\u00e1ha odstra\u0148ova\u0165 pr\u00edznaky nad\u00favania<\/h4>\n<\/li>\n<\/ul>\n<h4 data-start=\"549\" data-end=\"593\"><strong data-start=\"552\" data-end=\"591\">Ako dosiahnu\u0165 e\u0161te lep\u0161ie v\u00fdsledky?<\/strong><\/h4>\n<h4 data-start=\"594\" data-end=\"629\">Dodr\u017ete 5 jednoduch\u00fdch pravidiel:<\/h4>\n<ol data-start=\"630\" data-end=\"1037\">\n<li data-start=\"630\" data-end=\"704\">\n<h4 data-start=\"633\" data-end=\"704\">Zv\u00fd\u0161te denn\u00fd pr\u00edjem tekut\u00edn (na ka\u017ed\u00fdch 20 kg hmotnosti 1 liter vody)<\/h4>\n<\/li>\n<li data-start=\"705\" data-end=\"788\">\n<h4 data-start=\"708\" data-end=\"788\">Jedzte viackr\u00e1t denne (5\u20136 jed\u00e1l, ale v\u017edy len porciu ve\u013ekosti zovretej p\u00e4ste)<\/h4>\n<\/li>\n<li data-start=\"789\" data-end=\"835\">\n<h4 data-start=\"792\" data-end=\"835\">D\u00f4kladne \u017eujte \u2013 tr\u00e1venie za\u010d\u00edna v \u00fastach<\/h4>\n<\/li>\n<li data-start=\"836\" data-end=\"907\">\n<h4 data-start=\"839\" data-end=\"907\">H\u00fdbte sa \u2013 aspo\u0148 3\u00d7 t\u00fd\u017edenne po 1 hodine (r\u00fdchla ch\u00f4dza posta\u010duje)<\/h4>\n<\/li>\n<li data-start=\"908\" data-end=\"1037\">\n<h4 data-start=\"911\" data-end=\"1037\">Vyva\u017eujte stres \u2013 negat\u00edvne em\u00f3cie sp\u00fa\u0161\u0165aj\u00fa stovky biochemick\u00fdch procesov v tele, \u010do sa prejavuje aj zv\u00e4\u010d\u0161en\u00edm obvodu brucha<\/h4>\n<\/li>\n<\/ol>\n<h4 data-start=\"1044\" data-end=\"1081\"><strong data-start=\"1047\" data-end=\"1081\">Pou\u017eitie \u2013 3 jednoduch\u00e9 kroky:<\/strong><\/h4>\n<ol data-start=\"1082\" data-end=\"1221\">\n<li data-start=\"1082\" data-end=\"1154\">\n<h4 data-start=\"1085\" data-end=\"1154\">Nalejte 25 ml koncentr\u00e1tu Lipo+ do 1,5 l neperlivej miner\u00e1lnej vody<\/h4>\n<\/li>\n<li data-start=\"1155\" data-end=\"1175\">\n<h4 data-start=\"1158\" data-end=\"1175\">Dobre pretrepte<\/h4>\n<\/li>\n<li data-start=\"1176\" data-end=\"1221\">\n<h4 data-start=\"1179\" data-end=\"1221\">Pop\u00edjajte po\u010das d\u0148a rovnomerne rozdelen\u00e9<\/h4>\n<\/li>\n<\/ol>\n<h4 data-start=\"1228\" data-end=\"1256\"><strong data-start=\"1231\" data-end=\"1256\">Aj\u00e1nlott adagol\u00e1s:\u00a0<\/strong>Napi adag: <strong data-start=\"1270\" data-end=\"1279\">25 ml<\/strong> koncentr\u00e1tu, zrieden\u00e1 v \u013eubovo\u013enom mno\u017estve neperlivej vody<br data-start=\"1339\" data-end=\"1342\" \/>(odpor\u00fa\u010danie: 25 ml v 1,5 l vody, vypi\u0165 po\u010das d\u0148a aspo\u0148 v 5 d\u00e1vkach)<\/h4>\n<h4 data-start=\"1414\" data-end=\"1472\"><strong data-start=\"1414\" data-end=\"1433\">Minim\u00e1lna k\u00fara:<\/strong> 60 dn\u00ed<br data-start=\"1440\" data-end=\"1443\" \/><strong data-start=\"1443\" data-end=\"1462\">Maxim\u00e1lna k\u00fara:<\/strong> 120 dn\u00ed<\/h4>\n<h4 data-start=\"1479\" data-end=\"1494\"><strong data-start=\"1482\" data-end=\"1494\">\u00d6sszet\u00e9tel:\u00a0<\/strong>\u010disten\u00e1 voda, glycer\u00edn, prebiotikum (fruktooligosacharidy \u2013 FOS), extrakt zo stonky anan\u00e1su (250 GDU\/g, 50 mg), extrakt z plodu pap\u00e1je (4:1, 50 mg), extrakt zo sladk\u00e9ho drievka (30 mg \u2013 19 % kyselina glycyriz\u00ednov\u00e1), extrakt z listov arti\u010doky (20 mg \u2013 3 % kyselina chlorog\u00e9nov\u00e1), extrakt z kvetu harman\u010deka (15 mg \u2013 0,3 % apigen\u00edn), extrakt z kvetu chme\u013eu (15 mg \u2013 0,1 % rut\u00edn), extrakt z plodu feniklu (10 mg \u2013 0,5 % silice), extrakt z plodu zelen\u00e9ho an\u00edzu (4:1, 10 mg), extrakt zo \u0161koricovej k\u00f4ry (4:1, 10 mg), extrakt z medovky lek\u00e1rskej (3 mg \u2013 4 % kyselina rozmar\u00ednov\u00e1), extrakt z kore\u0148a z\u00e1zvoru (2 mg \u2013 5 % gingerol), extrakt z plodu pestreca mari\u00e1nskeho (30 % sylimar\u00edn, 1,34 mg), regul\u00e1tor kyslosti: kyselina citr\u00f3nov\u00e1; konzerva\u010dn\u00e9 l\u00e1tky: sorban draseln\u00fd, benzoan sodn\u00fd<\/h4>\n<h4 data-start=\"2280\" data-end=\"2324\"><strong data-start=\"2283\" data-end=\"2324\">Akt\u00edvne l\u00e1tky v dennej d\u00e1vke (25 ml):<\/strong><\/h4>\n<ul data-start=\"2325\" data-end=\"3065\">\n<li data-start=\"2325\" data-end=\"2356\">\n<h4 data-start=\"2327\" data-end=\"2356\">Fruktooligosacharidy: 50 mg<\/h4>\n<\/li>\n<li data-start=\"2357\" data-end=\"2395\">\n<h4 data-start=\"2359\" data-end=\"2395\">Anan\u00e1s \u2013 stonka (250 GDU\/g): 50 mg<\/h4>\n<\/li>\n<li data-start=\"2396\" data-end=\"2430\">\n<h4 data-start=\"2398\" data-end=\"2430\">Pap\u00e1ja \u2013 plod (D:E 4:1): 50 mg<\/h4>\n<\/li>\n<li data-start=\"2431\" data-end=\"2516\">\n<h4 data-start=\"2433\" data-end=\"2516\">Sladk\u00e9 drievko \u2013 kore\u0148: 30 mg<br data-start=\"2462\" data-end=\"2465\" \/>\u00a0\u00a0\u2022 19 % kyselina glycyriz\u00ednov\u00e1: 5,7 mg<\/h4>\n<\/li>\n<li data-start=\"2517\" data-end=\"2593\">\n<h4 data-start=\"2519\" data-end=\"2593\">Arti\u010doka \u2013 list: 20 mg<br data-start=\"2541\" data-end=\"2544\" \/>\u00a0\u00a0\u2022 3 % kyselina chlorog\u00e9nov\u00e1: 0,6 mg<\/h4>\n<\/li>\n<li data-start=\"2594\" data-end=\"2659\">\n<h4 data-start=\"2596\" data-end=\"2659\">Harman\u010dek \u2013 kvet: 15 mg<br data-start=\"2619\" data-end=\"2622\" \/>\u00a0\u00a0\u2022 0,3 % apigen\u00edn: 45 \u00b5g<\/h4>\n<\/li>\n<li data-start=\"2660\" data-end=\"2718\">\n<h4 data-start=\"2662\" data-end=\"2718\">Chme\u013e \u2013 kvet: 15 mg<br data-start=\"2681\" data-end=\"2684\" \/>\u00a0\u00a0\u2022 0,1 % rut\u00edn: 15 \u00b5g<\/h4>\n<\/li>\n<li data-start=\"2719\" data-end=\"2780\">\n<h4 data-start=\"2721\" data-end=\"2780\">Fenikel \u2013 plod: 10 mg<br data-start=\"2742\" data-end=\"2745\" \/>\u00a0\u00a0\u2022 0,5 % silice: 50 \u00b5g<\/h4>\n<\/li>\n<li data-start=\"2781\" data-end=\"2820\">\n<h4 data-start=\"2783\" data-end=\"2820\">Zelen\u00fd an\u00edz \u2013 plod (D:E 4:1): 10 mg<\/h4>\n<\/li>\n<li data-start=\"2821\" data-end=\"2852\">\n<h4 data-start=\"2823\" data-end=\"2852\">\u0160korica \u2013 k\u00f4ra (4:1): 10 mg<\/h4>\n<\/li>\n<li data-start=\"2853\" data-end=\"2926\">\n<h4 data-start=\"2855\" data-end=\"2926\">Medovka \u2013 v\u0148a\u0165: 3 mg<br data-start=\"2875\" data-end=\"2878\" \/>\u00a0\u00a0\u2022 4 % kyselina rozmar\u00ednov\u00e1: 120 \u00b5g<\/h4>\n<\/li>\n<li data-start=\"2927\" data-end=\"2988\">\n<h4 data-start=\"2929\" data-end=\"2988\">Z\u00e1zvor \u2013 kore\u0148: 2 mg<br data-start=\"2949\" data-end=\"2952\" \/>\u00a0\u00a0\u2022 5 % gingerol: 0,1 mg<\/h4>\n<\/li>\n<li data-start=\"2989\" data-end=\"3065\">\n<h4 data-start=\"2991\" data-end=\"3065\">Pestrec mari\u00e1nsky \u2013 plod: 1,34 mg<br data-start=\"3024\" data-end=\"3027\" \/>\u00a0\u00a0\u2022 30 % sylimar\u00edn: 0,4 mg<\/h4>\n<\/li>\n<\/ul>\n<h4 data-start=\"3072\" data-end=\"3241\"><strong data-start=\"3075\" data-end=\"3091\">Figyelmeztet\u00e9s: <\/strong>Neprekra\u010dujte odpor\u00fa\u010dan\u00fa denn\u00fa d\u00e1vku. V\u00fd\u017eivov\u00fd doplnok nenahr\u00e1dza pestr\u00fa a vyv\u00e1\u017een\u00fa stravu ani zdrav\u00fd \u017eivotn\u00fd \u0161t\u00fdl. Uchov\u00e1vajte mimo dosahu det\u00ed.<\/h4>","protected":false},"excerpt":{"rendered":"<p>5 d\u00f4vodov pre Natur Tanya Lipo+:<\/p>","protected":false},"featured_media":10060,"comment_status":"open","ping_status":"closed","template":"","meta":{"inline_featured_image":false},"product_brand":[306],"product_cat":[69,143],"product_tag":[309,311],"class_list":{"0":"post-9012","1":"product","2":"type-product","3":"status-publish","4":"has-post-thumbnail","6":"product_brand-natur-tanya","7":"product_cat-vyzivove-doplnky","8":"product_cat-zaludok-a-crevna-cinnost","9":"product_tag-novinky","10":"product_tag-top-vyzivove-doplnky","12":"first","13":"instock","14":"taxable","15":"shipping-taxable","16":"purchasable","17":"product-type-simple"},"aioseo_notices":[],"_links":{"self":[{"href":"https:\/\/www.biokari.sk\/hu\/wp-json\/wp\/v2\/product\/9012","targetHints":{"allow":["GET"]}}],"collection":[{"href":"https:\/\/www.biokari.sk\/hu\/wp-json\/wp\/v2\/product"}],"about":[{"href":"https:\/\/www.biokari.sk\/hu\/wp-json\/wp\/v2\/types\/product"}],"replies":[{"embeddable":true,"href":"https:\/\/www.biokari.sk\/hu\/wp-json\/wp\/v2\/comments?post=9012"}],"wp:featuredmedia":[{"embeddable":true,"href":"https:\/\/www.biokari.sk\/hu\/wp-json\/wp\/v2\/media\/10060"}],"wp:attachment":[{"href":"https:\/\/www.biokari.sk\/hu\/wp-json\/wp\/v2\/media?parent=9012"}],"wp:term":[{"taxonomy":"product_brand","embeddable":true,"href":"https:\/\/www.biokari.sk\/hu\/wp-json\/wp\/v2\/product_brand?post=9012"},{"taxonomy":"product_cat","embeddable":true,"href":"https:\/\/www.biokari.sk\/hu\/wp-json\/wp\/v2\/product_cat?post=9012"},{"taxonomy":"product_tag","embeddable":true,"href":"https:\/\/www.biokari.sk\/hu\/wp-json\/wp\/v2\/product_tag?post=9012"}],"curies":[{"name":"wp","href":"https:\/\/api.w.org\/{rel}","templated":true}]}}